{"id":18027,"date":"2022-02-05T06:42:22","date_gmt":"2022-02-05T06:42:22","guid":{"rendered":"https:\/\/caficon.info\/?page_id=18027"},"modified":"2022-02-23T03:17:34","modified_gmt":"2022-02-23T03:17:34","slug":"declaracion-anual-de-personas-morales-con-cedulas-de-trabajo-2","status":"publish","type":"page","link":"https:\/\/caficon.info\/index.php\/declaracion-anual-de-personas-morales-con-cedulas-de-trabajo-2\/","title":{"rendered":"Declaraci\u00f3n Anual de Personas Morales (Con C\u00e9dulas de Trabajo)"},"content":{"rendered":"\t\t<div data-elementor-type=\"wp-page\" data-elementor-id=\"18027\" class=\"elementor elementor-18027\" data-elementor-post-type=\"page\">\n\t\t\t\t\t\t<section class=\"elementor-section elementor-top-section elementor-element elementor-element-ac6bd68 elementor-section-full_width elementor-section-height-default elementor-section-height-default\" data-id=\"ac6bd68\" data-element_type=\"section\">\n\t\t\t\t\t\t<div class=\"elementor-container elementor-column-gap-default\">\n\t\t\t\t\t<div class=\"elementor-column elementor-col-100 elementor-top-column elementor-element elementor-element-f33ae78\" data-id=\"f33ae78\" data-element_type=\"column\">\n\t\t\t<div class=\"elementor-widget-wrap elementor-element-populated\">\n\t\t\t\t\t\t<div class=\"elementor-element elementor-element-57cc124 elementor-widget elementor-widget-heading\" data-id=\"57cc124\" data-element_type=\"widget\" data-widget_type=\"heading.default\">\n\t\t\t\t<div class=\"elementor-widget-container\">\n\t\t\t\t\t<h2 class=\"elementor-heading-title elementor-size-default\">\u00bfQuien Impartir\u00e1 este Curso?<\/h2>\t\t\t\t<\/div>\n\t\t\t\t<\/div>\n\t\t\t\t\t<\/div>\n\t\t<\/div>\n\t\t\t\t\t<\/div>\n\t\t<\/section>\n\t\t\t\t<section class=\"elementor-section elementor-top-section elementor-element elementor-element-3355e67 elementor-section-full_width elementor-section-height-default elementor-section-height-default\" data-id=\"3355e67\" data-element_type=\"section\">\n\t\t\t\t\t\t<div class=\"elementor-container elementor-column-gap-default\">\n\t\t\t\t\t<div class=\"elementor-column elementor-col-33 elementor-top-column elementor-element elementor-element-7efb248\" data-id=\"7efb248\" data-element_type=\"column\">\n\t\t\t<div class=\"elementor-widget-wrap elementor-element-populated\">\n\t\t\t\t\t\t\t<\/div>\n\t\t<\/div>\n\t\t\t\t<div class=\"elementor-column elementor-col-33 elementor-top-column elementor-element elementor-element-0b84479\" data-id=\"0b84479\" data-element_type=\"column\">\n\t\t\t<div class=\"elementor-widget-wrap elementor-element-populated\">\n\t\t\t\t\t\t<div class=\"elementor-element elementor-element-f76b40f elementor-widget elementor-widget-text-editor\" data-id=\"f76b40f\" data-element_type=\"widget\" data-widget_type=\"text-editor.default\">\n\t\t\t\t<div class=\"elementor-widget-container\">\n\t\t\t\t\t\t\t\t\t<h5><span style=\"color: #ff6600;\">Temario:<\/span><\/h5><ul><li><span style=\"color: #000000;\">Tareas previas al llenado de la Declaraci\u00f3n Anual<\/span><\/li><li><span style=\"color: #000000;\">Obligaciones de presentar la Declaraci\u00f3n Anual<\/span><\/li><li><span style=\"color: #000000;\">Determinaci\u00f3n del ISR<\/span><\/li><li><span style=\"color: #000000;\">Pagos Provisionales.<\/span><\/li><li><span style=\"color: #000000;\">Ingresos Acumulables<\/span><\/li><li><span style=\"color: #000000;\">Momento de Acumulaci\u00f3n<\/span><\/li><li><span style=\"color: #000000;\">Deducciones Autorizadas<\/span><\/li><li><span style=\"color: #000000;\">Devoluciones, descuentos y rebajas sobre ventas<\/span><\/li><li><span style=\"color: #000000;\">Gastos<\/span><\/li><li><span style=\"color: #000000;\">Perdida o Ganancia en Venta de Activo Fijo<\/span><\/li><li><span style=\"color: #000000;\">Deducci\u00f3n de Inversiones.<\/span><\/li><li><span style=\"color: #000000;\">P\u00e9rdidas por caso fortuito o fuerza mayor.<\/span><\/li><li><span style=\"color: #000000;\">Papeles de Trabajo<\/span><\/li><\/ul>\t\t\t\t\t\t\t\t<\/div>\n\t\t\t\t<\/div>\n\t\t\t\t\t<\/div>\n\t\t<\/div>\n\t\t\t\t<div class=\"elementor-column elementor-col-33 elementor-top-column elementor-element elementor-element-dee4e30\" data-id=\"dee4e30\" data-element_type=\"column\">\n\t\t\t<div class=\"elementor-widget-wrap\">\n\t\t\t\t\t\t\t<\/div>\n\t\t<\/div>\n\t\t\t\t\t<\/div>\n\t\t<\/section>\n\t\t\t\t<section class=\"elementor-section elementor-top-section elementor-element elementor-element-b8ca627 elementor-section-full_width elementor-section-height-default elementor-section-height-default\" data-id=\"b8ca627\" data-element_type=\"section\">\n\t\t\t\t\t\t<div class=\"elementor-container elementor-column-gap-default\">\n\t\t\t\t\t<div class=\"elementor-column elementor-col-100 elementor-top-column elementor-element elementor-element-b1581ab\" data-id=\"b1581ab\" data-element_type=\"column\">\n\t\t\t<div class=\"elementor-widget-wrap elementor-element-populated\">\n\t\t\t\t\t\t<div class=\"elementor-element elementor-element-f4430b2 elementor-widget elementor-widget-spacer\" data-id=\"f4430b2\" data-element_type=\"widget\" data-widget_type=\"spacer.default\">\n\t\t\t\t<div class=\"elementor-widget-container\">\n\t\t\t\t\t\t\t<div class=\"elementor-spacer\">\n\t\t\t<div class=\"elementor-spacer-inner\"><\/div>\n\t\t<\/div>\n\t\t\t\t\t\t<\/div>\n\t\t\t\t<\/div>\n\t\t\t\t<div class=\"elementor-element elementor-element-41f2389 elementor-widget elementor-widget-heading\" data-id=\"41f2389\" data-element_type=\"widget\" data-widget_type=\"heading.default\">\n\t\t\t\t<div class=\"elementor-widget-container\">\n\t\t\t\t\t<h2 class=\"elementor-heading-title elementor-size-default\">\u00bfQuien Impartir\u00e1 este Curso?<\/h2>\t\t\t\t<\/div>\n\t\t\t\t<\/div>\n\t\t\t\t\t<\/div>\n\t\t<\/div>\n\t\t\t\t\t<\/div>\n\t\t<\/section>\n\t\t\t\t<section class=\"elementor-section elementor-top-section elementor-element elementor-element-0e4d6bf elementor-section-full_width elementor-section-height-default elementor-section-height-default\" data-id=\"0e4d6bf\" data-element_type=\"section\">\n\t\t\t\t\t\t<div class=\"elementor-container elementor-column-gap-default\">\n\t\t\t\t\t<div class=\"elementor-column elementor-col-50 elementor-top-column elementor-element elementor-element-30aca75\" data-id=\"30aca75\" data-element_type=\"column\">\n\t\t\t<div class=\"elementor-widget-wrap elementor-element-populated\">\n\t\t\t\t\t\t<div class=\"elementor-element elementor-element-e3581bb elementor-widget elementor-widget-image\" data-id=\"e3581bb\" data-element_type=\"widget\" data-widget_type=\"image.default\">\n\t\t\t\t<div class=\"elementor-widget-container\">\n\t\t\t\t\t\t\t\t\t\t\t\t\t\t\t<img decoding=\"async\" src=\"https:\/\/caficon.info\/wp-content\/uploads\/2021\/02\/caficon-18.png\" title=\"caficon-18\" alt=\"caficon-18\" loading=\"lazy\" \/>\t\t\t\t\t\t\t\t\t\t\t\t\t\t\t<\/div>\n\t\t\t\t<\/div>\n\t\t\t\t<div class=\"elementor-element elementor-element-e489a06 elementor-widget elementor-widget-html\" data-id=\"e489a06\" data-element_type=\"widget\" data-widget_type=\"html.default\">\n\t\t\t\t<div class=\"elementor-widget-container\">\n\t\t\t\t\t<h4 style=\"text-align: center;\"><span style=\"color: #ff6600;\">C.P.C. Luis Antonio Escalante Pelcastre<\/span><\/h4>\t\t\t\t<\/div>\n\t\t\t\t<\/div>\n\t\t\t\t\t<\/div>\n\t\t<\/div>\n\t\t\t\t<div class=\"elementor-column elementor-col-50 elementor-top-column elementor-element elementor-element-1aa8f03\" data-id=\"1aa8f03\" data-element_type=\"column\">\n\t\t\t<div class=\"elementor-widget-wrap elementor-element-populated\">\n\t\t\t\t\t\t<div class=\"elementor-element elementor-element-4ec659b elementor-widget elementor-widget-spacer\" data-id=\"4ec659b\" data-element_type=\"widget\" data-widget_type=\"spacer.default\">\n\t\t\t\t<div class=\"elementor-widget-container\">\n\t\t\t\t\t\t\t<div class=\"elementor-spacer\">\n\t\t\t<div class=\"elementor-spacer-inner\"><\/div>\n\t\t<\/div>\n\t\t\t\t\t\t<\/div>\n\t\t\t\t<\/div>\n\t\t\t\t<div class=\"elementor-element elementor-element-a7b79cb elementor-widget elementor-widget-heading\" data-id=\"a7b79cb\" data-element_type=\"widget\" data-widget_type=\"heading.default\">\n\t\t\t\t<div class=\"elementor-widget-container\">\n\t\t\t\t\t<h2 class=\"elementor-heading-title elementor-size-default\">CV:<\/h2>\t\t\t\t<\/div>\n\t\t\t\t<\/div>\n\t\t\t\t<div class=\"elementor-element elementor-element-467fec0 elementor-widget elementor-widget-text-editor\" data-id=\"467fec0\" data-element_type=\"widget\" data-widget_type=\"text-editor.default\">\n\t\t\t\t<div class=\"elementor-widget-container\">\n\t\t\t\t\t\t\t\t\t<p>\u27a2 1980\u20131992 direcci\u00f3n general de auditor\u00eda fiscal federal sh y cp<br \/>\u2022 Departamento de auditor\u00edas directas revisi\u00f3n de obligaciones fiscales a<br \/>diversos tipos de contribuyentes.<br \/>\u27a2 1992-1995 centro comercial plaza Lindavista<br \/>\u2022 Gerencia a nivel corporativo planeaci\u00f3n fiscal, financiera y contable,<br \/>declaraci\u00f3n de impuestos.<br \/>\u27a2 1996-1997 Anaya editores, S.A. de C.V.<br \/>\u2022 Contador general jefe del departamento de contabilidad, declaraciones<br \/>de impuestos.<br \/>\u27a2 1997 a 2001 Escalante M\u00e9ndez y Asociados, S.C.<br \/>\u2022 Director socio-fundador asesor\u00eda fiscal y contable. 2001 a la fecha syl<br \/>contadores y abogados sc socio \u2013 fundador y capacitador.<br \/>\u27a2 Expositor en temas fiscales en:<br \/>\u2022 Canacintra estado de M\u00e9xico canirac estado de M\u00e9xico visi\u00f3n humana,<br \/>ac capacitaci\u00f3n sil contadores.<br \/>\u27a2 Docencia<br \/>\u2022 1985-1999 centro universitario \u201cgrupo sol\u201d<br \/>\u27a2 Catedr\u00e1tico<br \/>\u2022 Asignaturas impartidas: 5\u00b0, 6\u00b0 7\u00b0 8\u00b0 semestres a nivel profesional<br \/>\u2022 Legislaci\u00f3n fiscal i y di<br \/>\u2022 Estudio contable de los impuestos<br \/>\u2022 Seminario de impuestos estrategia fiscal \u2013financiera<br \/>\u2022 Auditoria i y ii<br \/>\u2022 Contabilidad de sociedades<br \/>\u2022 Seminario de contabilidad<br \/>\u27a2 2002 a 2009 universidad insurgentes plantel sur, a.c.<br \/>\u27a2 Catedr\u00e1tico<br \/>\u2022 Asignaturas impartidas: 5\u00b0, 6\u00b0 7\u00b0 8\u00b0 semestres profesional<\/p>\t\t\t\t\t\t\t\t<\/div>\n\t\t\t\t<\/div>\n\t\t\t\t<div class=\"elementor-element elementor-element-74d268a elementor-widget elementor-widget-spacer\" data-id=\"74d268a\" data-element_type=\"widget\" data-widget_type=\"spacer.default\">\n\t\t\t\t<div class=\"elementor-widget-container\">\n\t\t\t\t\t\t\t<div class=\"elementor-spacer\">\n\t\t\t<div class=\"elementor-spacer-inner\"><\/div>\n\t\t<\/div>\n\t\t\t\t\t\t<\/div>\n\t\t\t\t<\/div>\n\t\t\t\t\t<\/div>\n\t\t<\/div>\n\t\t\t\t\t<\/div>\n\t\t<\/section>\n\t\t\t\t<\/div>\n\t\t","protected":false},"excerpt":{"rendered":"<p>\u00bfQuien Impartir\u00e1 este Curso? Temario: Tareas previas al llenado de la Declaraci\u00f3n Anual Obligaciones de presentar la Declaraci\u00f3n Anual Determinaci\u00f3n del ISR Pagos Provisionales. Ingresos Acumulables Momento de Acumulaci\u00f3n Deducciones Autorizadas Devoluciones, descuentos y rebajas sobre ventas Gastos Perdida o Ganancia en Venta de Activo Fijo Deducci\u00f3n de Inversiones. P\u00e9rdidas por caso fortuito o fuerza [&hellip;]<\/p>\n","protected":false},"author":1,"featured_media":0,"parent":0,"menu_order":0,"comment_status":"closed","ping_status":"closed","template":"","meta":{"footnotes":""},"class_list":["post-18027","page","type-page","status-publish","hentry"],"_links":{"self":[{"href":"https:\/\/caficon.info\/index.php\/wp-json\/wp\/v2\/pages\/18027","targetHints":{"allow":["GET"]}}],"collection":[{"href":"https:\/\/caficon.info\/index.php\/wp-json\/wp\/v2\/pages"}],"about":[{"href":"https:\/\/caficon.info\/index.php\/wp-json\/wp\/v2\/types\/page"}],"author":[{"embeddable":true,"href":"https:\/\/caficon.info\/index.php\/wp-json\/wp\/v2\/users\/1"}],"replies":[{"embeddable":true,"href":"https:\/\/caficon.info\/index.php\/wp-json\/wp\/v2\/comments?post=18027"}],"version-history":[{"count":7,"href":"https:\/\/caficon.info\/index.php\/wp-json\/wp\/v2\/pages\/18027\/revisions"}],"predecessor-version":[{"id":20831,"href":"https:\/\/caficon.info\/index.php\/wp-json\/wp\/v2\/pages\/18027\/revisions\/20831"}],"wp:attachment":[{"href":"https:\/\/caficon.info\/index.php\/wp-json\/wp\/v2\/media?parent=18027"}],"curies":[{"name":"wp","href":"https:\/\/api.w.org\/{rel}","templated":true}]}}