{"id":20874,"date":"2022-02-24T00:52:39","date_gmt":"2022-02-24T00:52:39","guid":{"rendered":"https:\/\/caficon.info\/?page_id=20874"},"modified":"2022-05-04T16:35:43","modified_gmt":"2022-05-04T16:35:43","slug":"miguel-angel-vela-gomez","status":"publish","type":"page","link":"https:\/\/caficon.info\/index.php\/miguel-angel-vela-gomez\/","title":{"rendered":"Miguel \u00c1ngel Vela G\u00f3mez"},"content":{"rendered":"\t\t<div data-elementor-type=\"wp-page\" data-elementor-id=\"20874\" class=\"elementor elementor-20874\" data-elementor-post-type=\"page\">\n\t\t\t\t\t\t<section class=\"elementor-section elementor-top-section elementor-element elementor-element-07b146b elementor-section-boxed elementor-section-height-default elementor-section-height-default\" data-id=\"07b146b\" data-element_type=\"section\">\n\t\t\t\t\t\t<div class=\"elementor-container elementor-column-gap-default\">\n\t\t\t\t\t<div class=\"elementor-column elementor-col-50 elementor-top-column elementor-element elementor-element-3b57bea\" data-id=\"3b57bea\" data-element_type=\"column\">\n\t\t\t<div class=\"elementor-widget-wrap elementor-element-populated\">\n\t\t\t\t\t\t<div class=\"elementor-element elementor-element-9115170 elementor-widget elementor-widget-image\" data-id=\"9115170\" data-element_type=\"widget\" data-widget_type=\"image.default\">\n\t\t\t\t<div class=\"elementor-widget-container\">\n\t\t\t\t\t\t\t\t\t\t\t\t\t\t\t<img decoding=\"async\" src=\"https:\/\/caficon.info\/wp-content\/uploads\/2022\/04\/fredy.jpeg\" title=\"fredy\" alt=\"fredy\" loading=\"lazy\" \/>\t\t\t\t\t\t\t\t\t\t\t\t\t\t\t<\/div>\n\t\t\t\t<\/div>\n\t\t\t\t<section class=\"elementor-section elementor-inner-section elementor-element elementor-element-9da0081 elementor-section-boxed elementor-section-height-default elementor-section-height-default\" data-id=\"9da0081\" data-element_type=\"section\">\n\t\t\t\t\t\t<div class=\"elementor-container elementor-column-gap-default\">\n\t\t\t\t\t<div class=\"elementor-column elementor-col-33 elementor-inner-column elementor-element elementor-element-47cbade\" data-id=\"47cbade\" data-element_type=\"column\">\n\t\t\t<div class=\"elementor-widget-wrap\">\n\t\t\t\t\t\t\t<\/div>\n\t\t<\/div>\n\t\t\t\t<div class=\"elementor-column elementor-col-33 elementor-inner-column elementor-element elementor-element-bbf760c\" data-id=\"bbf760c\" data-element_type=\"column\">\n\t\t\t<div class=\"elementor-widget-wrap elementor-element-populated\">\n\t\t\t\t\t\t<div class=\"elementor-element elementor-element-2f6a46b elementor-widget-divider--view-line_icon elementor-view-default elementor-widget-divider--element-align-center elementor-widget elementor-widget-divider\" data-id=\"2f6a46b\" data-element_type=\"widget\" data-widget_type=\"divider.default\">\n\t\t\t\t<div class=\"elementor-widget-container\">\n\t\t\t\t\t\t\t<div class=\"elementor-divider\">\n\t\t\t<span class=\"elementor-divider-separator\">\n\t\t\t\t\t\t\t<div class=\"elementor-icon elementor-divider__element\">\n\t\t\t\t\t<i aria-hidden=\"true\" class=\"far fa-building\"><\/i><\/div>\n\t\t\t\t\t\t<\/span>\n\t\t<\/div>\n\t\t\t\t\t\t<\/div>\n\t\t\t\t<\/div>\n\t\t\t\t\t<\/div>\n\t\t<\/div>\n\t\t\t\t<div class=\"elementor-column elementor-col-33 elementor-inner-column elementor-element elementor-element-45130b7\" data-id=\"45130b7\" data-element_type=\"column\">\n\t\t\t<div class=\"elementor-widget-wrap\">\n\t\t\t\t\t\t\t<\/div>\n\t\t<\/div>\n\t\t\t\t\t<\/div>\n\t\t<\/section>\n\t\t\t\t<div class=\"elementor-element elementor-element-7034917 elementor-widget elementor-widget-heading\" data-id=\"7034917\" data-element_type=\"widget\" data-widget_type=\"heading.default\">\n\t\t\t\t<div class=\"elementor-widget-container\">\n\t\t\t\t\t<h2 class=\"elementor-heading-title elementor-size-default\">Miguel \u00c1ngel Vela G\u00f3mez<\/h2>\t\t\t\t<\/div>\n\t\t\t\t<\/div>\n\t\t\t\t<div class=\"elementor-element elementor-element-db8ccef elementor-icon-list--layout-traditional elementor-list-item-link-full_width elementor-widget elementor-widget-icon-list\" data-id=\"db8ccef\" data-element_type=\"widget\" data-widget_type=\"icon-list.default\">\n\t\t\t\t<div class=\"elementor-widget-container\">\n\t\t\t\t\t\t\t<ul class=\"elementor-icon-list-items\">\n\t\t\t\t\t\t\t<li class=\"elementor-icon-list-item\">\n\t\t\t\t\t\t\t\t\t\t\t<span class=\"elementor-icon-list-icon\">\n\t\t\t\t\t\t\t<i aria-hidden=\"true\" class=\"fas fa-certificate\"><\/i>\t\t\t\t\t\t<\/span>\n\t\t\t\t\t\t\t\t\t\t<span class=\"elementor-icon-list-text\">C\u00e9dula profesional: 9\u00b4290,301.<\/span>\n\t\t\t\t\t\t\t\t\t<\/li>\n\t\t\t\t\t\t\t\t<li class=\"elementor-icon-list-item\">\n\t\t\t\t\t\t\t\t\t\t\t<a href=\"https:\/\/caficon.com\/wp-content\/CURRICULUM-VITAE-MAVG.docx\">\n\n\t\t\t\t\t\t\t\t\t\t\t\t<span class=\"elementor-icon-list-icon\">\n\t\t\t\t\t\t\t<i aria-hidden=\"true\" class=\"fas fa-file-pdf\"><\/i>\t\t\t\t\t\t<\/span>\n\t\t\t\t\t\t\t\t\t\t<span class=\"elementor-icon-list-text\">CV<\/span>\n\t\t\t\t\t\t\t\t\t\t\t<\/a>\n\t\t\t\t\t\t\t\t\t<\/li>\n\t\t\t\t\t\t<\/ul>\n\t\t\t\t\t\t<\/div>\n\t\t\t\t<\/div>\n\t\t\t\t\t<\/div>\n\t\t<\/div>\n\t\t\t\t<div class=\"elementor-column elementor-col-50 elementor-top-column elementor-element elementor-element-aea4292\" data-id=\"aea4292\" data-element_type=\"column\">\n\t\t\t<div class=\"elementor-widget-wrap elementor-element-populated\">\n\t\t\t\t\t\t<div class=\"elementor-element elementor-element-c623f0c elementor-widget elementor-widget-heading\" data-id=\"c623f0c\" data-element_type=\"widget\" data-widget_type=\"heading.default\">\n\t\t\t\t<div class=\"elementor-widget-container\">\n\t\t\t\t\t<h2 class=\"elementor-heading-title elementor-size-default\">Perfil y Habilidades<\/h2>\t\t\t\t<\/div>\n\t\t\t\t<\/div>\n\t\t\t\t<div class=\"elementor-element elementor-element-8a45d87 elementor-widget elementor-widget-text-editor\" data-id=\"8a45d87\" data-element_type=\"widget\" data-widget_type=\"text-editor.default\">\n\t\t\t\t<div class=\"elementor-widget-container\">\n\t\t\t\t\t\t\t\t\t<ul><li><span style=\"color: #000000;\">Soy una persona que posee pensamiento cr\u00edtico, con actitud proactiva; tambi\u00e9n me caracterizo por realizar an\u00e1lisis cuidadosos y precisos de las problem\u00e1ticas y actividades que se me encomiendan.<\/span><\/li><li><span style=\"color: #000000;\">La constancia y la responsabilidad son valores que considero importantes dentro de un grupo de trabajo, y por ello me mi desempe\u00f1o lo oriento a la realizaci\u00f3n de valor.<\/span><\/li><li><span style=\"color: #000000;\">Me considero una persona diligente, por lo que el desarrollo de las actividades que se me encomiendan son resueltas con prontitud y orientadas a objetivos espec\u00edficos.<\/span><\/li><li><span style=\"color: #000000;\">Poseo una gran facilidad para adaptarme inmediatamente a nuevos grupos de trabajo, puesto que poseo la capacidad de desarrollar un ambiente emp\u00e1tico.<\/span><\/li><\/ul>\t\t\t\t\t\t\t\t<\/div>\n\t\t\t\t<\/div>\n\t\t\t\t<div class=\"elementor-element elementor-element-657bf6c elementor-widget elementor-widget-heading\" data-id=\"657bf6c\" data-element_type=\"widget\" data-widget_type=\"heading.default\">\n\t\t\t\t<div class=\"elementor-widget-container\">\n\t\t\t\t\t<h2 class=\"elementor-heading-title elementor-size-default\">Formaci\u00f3n Acad\u00e9mica<\/h2>\t\t\t\t<\/div>\n\t\t\t\t<\/div>\n\t\t\t\t<div class=\"elementor-element elementor-element-3cede66 elementor-widget elementor-widget-text-editor\" data-id=\"3cede66\" data-element_type=\"widget\" data-widget_type=\"text-editor.default\">\n\t\t\t\t<div class=\"elementor-widget-container\">\n\t\t\t\t\t\t\t\t\t<ul><li><h2><span style=\"color: #000000;\">LICENCIATURA EN DERECHO<\/span><\/h2><p><span style=\"color: #000000;\"><strong>Instituci\u00f3n: <em><u>Facultad de Derecho,<\/u> <\/em><\/strong>Universidad Nacional Aut\u00f3noma de M\u00e9xico<\/span><\/p><p><span style=\"color: #000000;\"><strong>Periodo en que se curs\u00f3: <\/strong>2006 \u2013 2011 <strong>Titulo obtenido: <em><u>Licenciado en derecho.<\/u> <\/em>Cedula profesional: <em><u>9\u00b4290,301<\/u><\/em><\/strong><\/span><\/p><h2><span style=\"color: #000000;\">ESPECIALIDAD EN DERECHO EMPRESARIAL<\/span><\/h2><p><span style=\"color: #000000;\"><strong>Instituci\u00f3n: <em><u>Facultad de Derecho,<\/u> <\/em><\/strong>Universidad Nacional Aut\u00f3noma de M\u00e9xico<\/span><\/p><p><span style=\"color: #000000;\"><strong>Periodo en que se curs\u00f3: <\/strong>2016 \u2013 2017.<\/span><\/p><p><span style=\"color: #000000;\"><strong>Titulo obtenido: <em><u>Especialista en derecho empresarial.<\/u><\/em><\/strong><\/span><\/p><h2><span style=\"color: #000000;\">DIPLOMADO EN DERECHO PROCESAL CIVIL Y FAMILIAR<\/span><\/h2><p><span style=\"color: #000000;\">Instituci\u00f3n: Facultad de derecho Universidad Nacional Aut\u00f3noma de M\u00e9xico. Periodo en que se curs\u00f3: Febrero de 2013 \u2013 Octubre de 2014.<\/span><\/p><p><span style=\"color: #000000;\">Constancia obtenida: Diploma.<\/span><\/p><\/li><\/ul>\t\t\t\t\t\t\t\t<\/div>\n\t\t\t\t<\/div>\n\t\t\t\t\t<\/div>\n\t\t<\/div>\n\t\t\t\t\t<\/div>\n\t\t<\/section>\n\t\t\t\t<\/div>\n\t\t","protected":false},"excerpt":{"rendered":"<p>Miguel \u00c1ngel Vela G\u00f3mez C\u00e9dula profesional: 9\u00b4290,301. CV Perfil y Habilidades Soy una persona que posee pensamiento cr\u00edtico, con actitud proactiva; tambi\u00e9n me caracterizo por realizar an\u00e1lisis cuidadosos y precisos de las problem\u00e1ticas y actividades que se me encomiendan. La constancia y la responsabilidad son valores que considero importantes dentro de un grupo de trabajo, [&hellip;]<\/p>\n","protected":false},"author":1,"featured_media":0,"parent":0,"menu_order":0,"comment_status":"closed","ping_status":"closed","template":"","meta":{"footnotes":""},"class_list":["post-20874","page","type-page","status-publish","hentry"],"_links":{"self":[{"href":"https:\/\/caficon.info\/index.php\/wp-json\/wp\/v2\/pages\/20874","targetHints":{"allow":["GET"]}}],"collection":[{"href":"https:\/\/caficon.info\/index.php\/wp-json\/wp\/v2\/pages"}],"about":[{"href":"https:\/\/caficon.info\/index.php\/wp-json\/wp\/v2\/types\/page"}],"author":[{"embeddable":true,"href":"https:\/\/caficon.info\/index.php\/wp-json\/wp\/v2\/users\/1"}],"replies":[{"embeddable":true,"href":"https:\/\/caficon.info\/index.php\/wp-json\/wp\/v2\/comments?post=20874"}],"version-history":[{"count":19,"href":"https:\/\/caficon.info\/index.php\/wp-json\/wp\/v2\/pages\/20874\/revisions"}],"predecessor-version":[{"id":23119,"href":"https:\/\/caficon.info\/index.php\/wp-json\/wp\/v2\/pages\/20874\/revisions\/23119"}],"wp:attachment":[{"href":"https:\/\/caficon.info\/index.php\/wp-json\/wp\/v2\/media?parent=20874"}],"curies":[{"name":"wp","href":"https:\/\/api.w.org\/{rel}","templated":true}]}}