{"id":20892,"date":"2022-02-24T01:32:37","date_gmt":"2022-02-24T01:32:37","guid":{"rendered":"https:\/\/caficon.info\/?page_id=20892"},"modified":"2022-08-16T21:30:13","modified_gmt":"2022-08-16T21:30:13","slug":"ramon-cereceda-avila","status":"publish","type":"page","link":"https:\/\/caficon.info\/index.php\/ramon-cereceda-avila\/","title":{"rendered":"Ram\u00f3n Cereceda Avila"},"content":{"rendered":"\t\t<div data-elementor-type=\"wp-page\" data-elementor-id=\"20892\" class=\"elementor elementor-20892\" data-elementor-post-type=\"page\">\n\t\t\t\t\t\t<section class=\"elementor-section elementor-top-section elementor-element elementor-element-07b146b elementor-section-boxed elementor-section-height-default elementor-section-height-default\" data-id=\"07b146b\" data-element_type=\"section\">\n\t\t\t\t\t\t<div class=\"elementor-container elementor-column-gap-default\">\n\t\t\t\t\t<div class=\"elementor-column elementor-col-50 elementor-top-column elementor-element elementor-element-3b57bea\" data-id=\"3b57bea\" data-element_type=\"column\">\n\t\t\t<div class=\"elementor-widget-wrap elementor-element-populated\">\n\t\t\t\t\t\t<div class=\"elementor-element elementor-element-9115170 elementor-widget elementor-widget-image\" data-id=\"9115170\" data-element_type=\"widget\" data-widget_type=\"image.default\">\n\t\t\t\t<div class=\"elementor-widget-container\">\n\t\t\t\t\t\t\t\t\t\t\t\t\t\t\t<img fetchpriority=\"high\" decoding=\"async\" width=\"230\" height=\"300\" src=\"https:\/\/caficon.info\/wp-content\/uploads\/2022\/02\/WhatsApp-Image-2022-02-14-at-11.21.56-AM-230x300.jpeg\" class=\"attachment-medium size-medium wp-image-20819\" alt=\"\" srcset=\"https:\/\/caficon.info\/wp-content\/uploads\/2022\/02\/WhatsApp-Image-2022-02-14-at-11.21.56-AM-230x300.jpeg 230w, https:\/\/caficon.info\/wp-content\/uploads\/2022\/02\/WhatsApp-Image-2022-02-14-at-11.21.56-AM-768x1002.jpeg 768w, https:\/\/caficon.info\/wp-content\/uploads\/2022\/02\/WhatsApp-Image-2022-02-14-at-11.21.56-AM-600x783.jpeg 600w, https:\/\/caficon.info\/wp-content\/uploads\/2022\/02\/WhatsApp-Image-2022-02-14-at-11.21.56-AM.jpeg 785w\" sizes=\"(max-width: 230px) 100vw, 230px\" \/>\t\t\t\t\t\t\t\t\t\t\t\t\t\t\t<\/div>\n\t\t\t\t<\/div>\n\t\t\t\t<section class=\"elementor-section elementor-inner-section elementor-element elementor-element-9da0081 elementor-section-boxed elementor-section-height-default elementor-section-height-default\" data-id=\"9da0081\" data-element_type=\"section\">\n\t\t\t\t\t\t<div class=\"elementor-container elementor-column-gap-default\">\n\t\t\t\t\t<div class=\"elementor-column elementor-col-33 elementor-inner-column elementor-element elementor-element-47cbade\" data-id=\"47cbade\" data-element_type=\"column\">\n\t\t\t<div class=\"elementor-widget-wrap\">\n\t\t\t\t\t\t\t<\/div>\n\t\t<\/div>\n\t\t\t\t<div class=\"elementor-column elementor-col-33 elementor-inner-column elementor-element elementor-element-bbf760c\" data-id=\"bbf760c\" data-element_type=\"column\">\n\t\t\t<div class=\"elementor-widget-wrap elementor-element-populated\">\n\t\t\t\t\t\t<div class=\"elementor-element elementor-element-2f6a46b elementor-widget-divider--view-line_icon elementor-view-default elementor-widget-divider--element-align-center elementor-widget elementor-widget-divider\" data-id=\"2f6a46b\" data-element_type=\"widget\" data-widget_type=\"divider.default\">\n\t\t\t\t<div class=\"elementor-widget-container\">\n\t\t\t\t\t\t\t<div class=\"elementor-divider\">\n\t\t\t<span class=\"elementor-divider-separator\">\n\t\t\t\t\t\t\t<div class=\"elementor-icon elementor-divider__element\">\n\t\t\t\t\t<i aria-hidden=\"true\" class=\"far fa-building\"><\/i><\/div>\n\t\t\t\t\t\t<\/span>\n\t\t<\/div>\n\t\t\t\t\t\t<\/div>\n\t\t\t\t<\/div>\n\t\t\t\t\t<\/div>\n\t\t<\/div>\n\t\t\t\t<div class=\"elementor-column elementor-col-33 elementor-inner-column elementor-element elementor-element-45130b7\" data-id=\"45130b7\" data-element_type=\"column\">\n\t\t\t<div class=\"elementor-widget-wrap\">\n\t\t\t\t\t\t\t<\/div>\n\t\t<\/div>\n\t\t\t\t\t<\/div>\n\t\t<\/section>\n\t\t\t\t<div class=\"elementor-element elementor-element-7034917 elementor-widget elementor-widget-heading\" data-id=\"7034917\" data-element_type=\"widget\" data-widget_type=\"heading.default\">\n\t\t\t\t<div class=\"elementor-widget-container\">\n\t\t\t\t\t<h2 class=\"elementor-heading-title elementor-size-default\">Ram\u00f3n Cereceda Avila<\/h2>\t\t\t\t<\/div>\n\t\t\t\t<\/div>\n\t\t\t\t<div class=\"elementor-element elementor-element-db8ccef elementor-icon-list--layout-traditional elementor-list-item-link-full_width elementor-widget elementor-widget-icon-list\" data-id=\"db8ccef\" data-element_type=\"widget\" data-widget_type=\"icon-list.default\">\n\t\t\t\t<div class=\"elementor-widget-container\">\n\t\t\t\t\t\t\t<ul class=\"elementor-icon-list-items\">\n\t\t\t\t\t\t\t<li class=\"elementor-icon-list-item\">\n\t\t\t\t\t\t\t\t\t\t\t<span class=\"elementor-icon-list-icon\">\n\t\t\t\t\t\t\t<i aria-hidden=\"true\" class=\"fas fa-certificate\"><\/i>\t\t\t\t\t\t<\/span>\n\t\t\t\t\t\t\t\t\t\t<span class=\"elementor-icon-list-text\">C\u00e9dula profesional: xxxxxx<\/span>\n\t\t\t\t\t\t\t\t\t<\/li>\n\t\t\t\t\t\t\t\t<li class=\"elementor-icon-list-item\">\n\t\t\t\t\t\t\t\t\t\t\t<a href=\"https:\/\/caficon.info\/wp-content\/Ram\u00f3n-Cereceda-Avila.docx\">\n\n\t\t\t\t\t\t\t\t\t\t\t\t<span class=\"elementor-icon-list-icon\">\n\t\t\t\t\t\t\t<i aria-hidden=\"true\" class=\"fas fa-file-pdf\"><\/i>\t\t\t\t\t\t<\/span>\n\t\t\t\t\t\t\t\t\t\t<span class=\"elementor-icon-list-text\">CV<\/span>\n\t\t\t\t\t\t\t\t\t\t\t<\/a>\n\t\t\t\t\t\t\t\t\t<\/li>\n\t\t\t\t\t\t<\/ul>\n\t\t\t\t\t\t<\/div>\n\t\t\t\t<\/div>\n\t\t\t\t\t<\/div>\n\t\t<\/div>\n\t\t\t\t<div class=\"elementor-column elementor-col-50 elementor-top-column elementor-element elementor-element-aea4292\" data-id=\"aea4292\" data-element_type=\"column\">\n\t\t\t<div class=\"elementor-widget-wrap elementor-element-populated\">\n\t\t\t\t\t\t<div class=\"elementor-element elementor-element-c623f0c elementor-widget elementor-widget-heading\" data-id=\"c623f0c\" data-element_type=\"widget\" data-widget_type=\"heading.default\">\n\t\t\t\t<div class=\"elementor-widget-container\">\n\t\t\t\t\t<h2 class=\"elementor-heading-title elementor-size-default\">Educaci\u00f3n y formaci\u00f3n<\/h2>\t\t\t\t<\/div>\n\t\t\t\t<\/div>\n\t\t\t\t<div class=\"elementor-element elementor-element-8a45d87 elementor-widget elementor-widget-text-editor\" data-id=\"8a45d87\" data-element_type=\"widget\" data-widget_type=\"text-editor.default\">\n\t\t\t\t<div class=\"elementor-widget-container\">\n\t\t\t\t\t\t\t\t\t<p><span style=\"color: #000000;\"><strong>Maestr\u00eda en Maestr\u00eda en Derecho Penal y Criminolog\u00eda Universidad de Angel\u00f3polis &#8211; Puebla, Pue.<\/strong><\/span><\/p><p><span style=\"color: #000000;\"><strong>agosto 2018 &#8211; junio 2020<\/strong>.<\/span><\/p><p><span style=\"color: #000000;\"><strong>Diploma en JORNADAS DE DERECHOS HUMANOS<\/strong><\/span><\/p><p><span style=\"color: #000000;\"><strong>SUPREMA CORTE DE JUSTICIA DE LA NACI\u00d3N<\/strong> &#8211; Puebla, Pue.<\/span><\/p><p><span style=\"color: #000000;\">julio 2020 &#8211; diciembre 2020.<\/span><\/p><p><span style=\"color: #000000;\"><strong>Diploma en NUEVA NORMALIDAD LABORAL<\/strong><\/span><\/p><p><span style=\"color: #000000;\">Capac\u00edtate, Fundaci\u00f3n SLIM &#8211; Puebla, Pue. noviembre 2020 &#8211; noviembre 2020{<\/span><\/p><p><span style=\"color: #000000;\"><strong>Diploma en CRIMINOLOG\u00cdA FORENSE<\/strong><\/span><\/p><p><span style=\"color: #000000;\"><strong>ABR CRIMINAL\u00cdSTICA<\/strong> &#8211; Puebla, Pue.<\/span><\/p><p><span style=\"color: #000000;\">octubre 2020 &#8211; octubre 2020.<\/span><\/p><p><span style=\"color: #000000;\"><strong>Diploma en DERECHOS DE AUTOR EN ENTORNO DIGITALES<\/strong><\/span><\/p><p><span style=\"color: #000000;\"><strong>UDEMY<\/strong> &#8211; Puebla, Pue. octubre 2020 &#8211; octubre 2020.<\/span><\/p><p><span style=\"color: #000000;\"><strong>Diploma en CRIMINOLOG\u00cdA CORPORATIVA<\/strong><\/span><\/p>\t\t\t\t\t\t\t\t<\/div>\n\t\t\t\t<\/div>\n\t\t\t\t\t<\/div>\n\t\t<\/div>\n\t\t\t\t\t<\/div>\n\t\t<\/section>\n\t\t\t\t<\/div>\n\t\t","protected":false},"excerpt":{"rendered":"<p>Ram\u00f3n Cereceda Avila C\u00e9dula profesional: xxxxxx CV Educaci\u00f3n y formaci\u00f3n Maestr\u00eda en Maestr\u00eda en Derecho Penal y Criminolog\u00eda Universidad de Angel\u00f3polis &#8211; Puebla, Pue. agosto 2018 &#8211; junio 2020. Diploma en JORNADAS DE DERECHOS HUMANOS SUPREMA CORTE DE JUSTICIA DE LA NACI\u00d3N &#8211; Puebla, Pue. julio 2020 &#8211; diciembre 2020. Diploma en NUEVA NORMALIDAD LABORAL [&hellip;]<\/p>\n","protected":false},"author":1,"featured_media":0,"parent":0,"menu_order":0,"comment_status":"closed","ping_status":"closed","template":"","meta":{"footnotes":""},"class_list":["post-20892","page","type-page","status-publish","hentry"],"_links":{"self":[{"href":"https:\/\/caficon.info\/index.php\/wp-json\/wp\/v2\/pages\/20892","targetHints":{"allow":["GET"]}}],"collection":[{"href":"https:\/\/caficon.info\/index.php\/wp-json\/wp\/v2\/pages"}],"about":[{"href":"https:\/\/caficon.info\/index.php\/wp-json\/wp\/v2\/types\/page"}],"author":[{"embeddable":true,"href":"https:\/\/caficon.info\/index.php\/wp-json\/wp\/v2\/users\/1"}],"replies":[{"embeddable":true,"href":"https:\/\/caficon.info\/index.php\/wp-json\/wp\/v2\/comments?post=20892"}],"version-history":[{"count":22,"href":"https:\/\/caficon.info\/index.php\/wp-json\/wp\/v2\/pages\/20892\/revisions"}],"predecessor-version":[{"id":25368,"href":"https:\/\/caficon.info\/index.php\/wp-json\/wp\/v2\/pages\/20892\/revisions\/25368"}],"wp:attachment":[{"href":"https:\/\/caficon.info\/index.php\/wp-json\/wp\/v2\/media?parent=20892"}],"curies":[{"name":"wp","href":"https:\/\/api.w.org\/{rel}","templated":true}]}}