{"id":20946,"date":"2022-02-24T20:36:27","date_gmt":"2022-02-24T20:36:27","guid":{"rendered":"https:\/\/caficon.info\/?page_id=20946"},"modified":"2022-04-13T18:11:15","modified_gmt":"2022-04-13T18:11:15","slug":"formulario","status":"publish","type":"page","link":"https:\/\/caficon.info\/index.php\/formulario\/","title":{"rendered":""},"content":{"rendered":"\t\t<div data-elementor-type=\"wp-page\" data-elementor-id=\"20946\" class=\"elementor elementor-20946\" data-elementor-post-type=\"page\">\n\t\t\t\t\t\t<section class=\"elementor-section elementor-top-section elementor-element elementor-element-c057fea elementor-section-boxed elementor-section-height-default elementor-section-height-default\" data-id=\"c057fea\" data-element_type=\"section\">\n\t\t\t\t\t\t<div class=\"elementor-container elementor-column-gap-default\">\n\t\t\t\t\t<div class=\"elementor-column elementor-col-50 elementor-top-column elementor-element elementor-element-ba1442b\" data-id=\"ba1442b\" data-element_type=\"column\">\n\t\t\t<div class=\"elementor-widget-wrap elementor-element-populated\">\n\t\t\t\t\t\t<div class=\"elementor-element elementor-element-9500c3c elementor-widget elementor-widget-text-editor\" data-id=\"9500c3c\" data-element_type=\"widget\" data-widget_type=\"text-editor.default\">\n\t\t\t\t<div class=\"elementor-widget-container\">\n\t\t\t\t\t\t\t\t\t<p>Membres\u00eda Master<\/p>\t\t\t\t\t\t\t\t<\/div>\n\t\t\t\t<\/div>\n\t\t\t\t<div class=\"elementor-element elementor-element-b32c4ab elementor-widget elementor-widget-text-editor\" data-id=\"b32c4ab\" data-element_type=\"widget\" data-widget_type=\"text-editor.default\">\n\t\t\t\t<div class=\"elementor-widget-container\">\n\t\t\t\t\t\t\t\t\t<p>Obt\u00e9n los beneficios que CAFICON tiene para ti<\/p>\t\t\t\t\t\t\t\t<\/div>\n\t\t\t\t<\/div>\n\t\t\t\t<div class=\"elementor-element elementor-element-eaf3de8 elementor-widget elementor-widget-text-editor\" data-id=\"eaf3de8\" data-element_type=\"widget\" data-widget_type=\"text-editor.default\">\n\t\t\t\t<div class=\"elementor-widget-container\">\n\t\t\t\t\t\t\t\t\t<ul><li>M\u00e1s de 150 cursos impartidos<\/li><li>Calculadoras<\/li><li>Revistas<\/li><li>Y m\u00e1s beneficios adicionales<\/li><\/ul>\t\t\t\t\t\t\t\t<\/div>\n\t\t\t\t<\/div>\n\t\t\t\t<div class=\"elementor-element elementor-element-4f976c5 elementor-widget elementor-widget-text-editor\" data-id=\"4f976c5\" data-element_type=\"widget\" data-widget_type=\"text-editor.default\">\n\t\t\t\t<div class=\"elementor-widget-container\">\n\t\t\t\t\t\t\t\t\t<p>Accesa a todos nuestros seminarios, talleres y Diplomados ya realizados y que est\u00e9n por realizarse <em>(esto en caso de adquirirla por un a\u00f1o)<\/em><\/p>\t\t\t\t\t\t\t\t<\/div>\n\t\t\t\t<\/div>\n\t\t\t\t\t<\/div>\n\t\t<\/div>\n\t\t\t\t<div class=\"elementor-column elementor-col-50 elementor-top-column elementor-element elementor-element-c80d476\" data-id=\"c80d476\" data-element_type=\"column\">\n\t\t\t<div class=\"elementor-widget-wrap elementor-element-populated\">\n\t\t\t\t\t\t<div class=\"elementor-element elementor-element-d0e98e4 elementor-widget elementor-widget-text-editor\" data-id=\"d0e98e4\" data-element_type=\"widget\" data-widget_type=\"text-editor.default\">\n\t\t\t\t<div class=\"elementor-widget-container\">\n\t\t\t\t\t\t\t\t\t<p>Cortes\u00eda por 3 d\u00edas<\/p>\t\t\t\t\t\t\t\t<\/div>\n\t\t\t\t<\/div>\n\t\t\t\t<div class=\"elementor-element elementor-element-68de540 elementor-button-align-stretch elementor-widget elementor-widget-form\" data-id=\"68de540\" data-element_type=\"widget\" data-settings=\"{&quot;step_next_label&quot;:&quot;Next&quot;,&quot;step_previous_label&quot;:&quot;Previous&quot;,&quot;button_width&quot;:&quot;100&quot;,&quot;step_type&quot;:&quot;number_text&quot;,&quot;step_icon_shape&quot;:&quot;circle&quot;}\" data-widget_type=\"form.default\">\n\t\t\t\t<div class=\"elementor-widget-container\">\n\t\t\t\t\t\t\t<form class=\"elementor-form\" method=\"post\" name=\"New Form\" aria-label=\"New Form\">\n\t\t\t<input type=\"hidden\" name=\"post_id\" value=\"20946\"\/>\n\t\t\t<input type=\"hidden\" name=\"form_id\" value=\"68de540\"\/>\n\t\t\t<input type=\"hidden\" name=\"referer_title\" value=\"\" \/>\n\n\t\t\t\n\t\t\t<div class=\"elementor-form-fields-wrapper elementor-labels-above\">\n\t\t\t\t\t\t\t\t<div class=\"elementor-field-type-text elementor-field-group elementor-column elementor-field-group-name elementor-col-100\">\n\t\t\t\t\t\t\t\t\t\t\t\t<label for=\"form-field-name\" class=\"elementor-field-label\">\n\t\t\t\t\t\t\t\tNombre\t\t\t\t\t\t\t<\/label>\n\t\t\t\t\t\t\t\t\t\t\t\t\t\t<input size=\"1\" type=\"text\" name=\"form_fields[name]\" id=\"form-field-name\" class=\"elementor-field elementor-size-sm  elementor-field-textual\">\n\t\t\t\t\t\t\t\t\t\t\t<\/div>\n\t\t\t\t\t\t\t\t<div class=\"elementor-field-type-email elementor-field-group elementor-column elementor-field-group-email elementor-col-100 elementor-field-required\">\n\t\t\t\t\t\t\t\t\t\t\t\t<label for=\"form-field-email\" class=\"elementor-field-label\">\n\t\t\t\t\t\t\t\tEmail\t\t\t\t\t\t\t<\/label>\n\t\t\t\t\t\t\t\t\t\t\t\t\t\t<input size=\"1\" type=\"email\" name=\"form_fields[email]\" id=\"form-field-email\" class=\"elementor-field elementor-size-sm  elementor-field-textual\" required=\"required\">\n\t\t\t\t\t\t\t\t\t\t\t<\/div>\n\t\t\t\t\t\t\t\t<div class=\"elementor-field-type-tel elementor-field-group elementor-column elementor-field-group-field_fad60bc elementor-col-100\">\n\t\t\t\t\t\t\t\t\t\t\t\t<label for=\"form-field-field_fad60bc\" class=\"elementor-field-label\">\n\t\t\t\t\t\t\t\tTel\t\t\t\t\t\t\t<\/label>\n\t\t\t\t\t\t\t\t<input size=\"1\" type=\"tel\" name=\"form_fields[field_fad60bc]\" id=\"form-field-field_fad60bc\" class=\"elementor-field elementor-size-sm  elementor-field-textual\" pattern=\"[0-9()#&amp;+*-=.]+\" title=\"Only numbers and phone characters (#, -, *, etc) are accepted.\">\n\n\t\t\t\t\t\t<\/div>\n\t\t\t\t\t\t\t\t<div class=\"elementor-field-type-select elementor-field-group elementor-column elementor-field-group-field_5e5c0e2 elementor-col-100\">\n\t\t\t\t\t\t\t\t\t\t\t\t<label for=\"form-field-field_5e5c0e2\" class=\"elementor-field-label\">\n\t\t\t\t\t\t\t\tEstado\t\t\t\t\t\t\t<\/label>\n\t\t\t\t\t\t\t\t<div class=\"elementor-field elementor-select-wrapper remove-before \">\n\t\t\t<div class=\"select-caret-down-wrapper\">\n\t\t\t\t<i aria-hidden=\"true\" class=\"eicon-caret-down\"><\/i>\t\t\t<\/div>\n\t\t\t<select name=\"form_fields[field_5e5c0e2]\" id=\"form-field-field_5e5c0e2\" class=\"elementor-field-textual elementor-size-sm\">\n\t\t\t\t\t\t\t\t\t<option value=\"Aguascalientes\">Aguascalientes<\/option>\n\t\t\t\t\t\t\t\t\t<option value=\"Baja California\">Baja California<\/option>\n\t\t\t\t\t\t\t\t\t<option value=\"Baja California Sur\">Baja California Sur<\/option>\n\t\t\t\t\t\t\t\t\t<option value=\"Campeche\">Campeche<\/option>\n\t\t\t\t\t\t\t\t\t<option value=\"Chihuahua\">Chihuahua<\/option>\n\t\t\t\t\t\t\t\t\t<option value=\"Chiapas\">Chiapas<\/option>\n\t\t\t\t\t\t\t\t\t<option value=\"Ciudad de M\u00e9xico\">Ciudad de M\u00e9xico<\/option>\n\t\t\t\t\t\t\t\t\t<option value=\"Coahuila\">Coahuila<\/option>\n\t\t\t\t\t\t\t\t\t<option value=\"Colima\">Colima<\/option>\n\t\t\t\t\t\t\t\t\t<option value=\"Durango\">Durango<\/option>\n\t\t\t\t\t\t\t\t\t<option value=\"Guanajuato\">Guanajuato<\/option>\n\t\t\t\t\t\t\t\t\t<option value=\"Guerrero\">Guerrero<\/option>\n\t\t\t\t\t\t\t\t\t<option value=\"Hidalgo, Pachuca de Soto\">Hidalgo, Pachuca de Soto<\/option>\n\t\t\t\t\t\t\t\t\t<option value=\"Jalisco\">Jalisco<\/option>\n\t\t\t\t\t\t\t\t\t<option value=\"M\u00e9xico\">M\u00e9xico<\/option>\n\t\t\t\t\t\t\t\t\t<option value=\"Michoac\u00e1n\">Michoac\u00e1n<\/option>\n\t\t\t\t\t\t\t\t\t<option value=\"Morelos\">Morelos<\/option>\n\t\t\t\t\t\t\t\t\t<option value=\"Nayarit\">Nayarit<\/option>\n\t\t\t\t\t\t\t\t\t<option value=\"Nuevo Le\u00f3n\">Nuevo Le\u00f3n<\/option>\n\t\t\t\t\t\t\t\t\t<option value=\"Oaxaca\">Oaxaca<\/option>\n\t\t\t\t\t\t\t\t\t<option value=\"Puebla\">Puebla<\/option>\n\t\t\t\t\t\t\t\t\t<option value=\"Quer\u00e9taro\">Quer\u00e9taro<\/option>\n\t\t\t\t\t\t\t\t\t<option value=\"Quintana Roo\">Quintana Roo<\/option>\n\t\t\t\t\t\t\t\t\t<option value=\"San Luis Potos\u00ed\">San Luis Potos\u00ed<\/option>\n\t\t\t\t\t\t\t\t\t<option value=\"Sinaloa\">Sinaloa<\/option>\n\t\t\t\t\t\t\t\t\t<option value=\"Sonora\">Sonora<\/option>\n\t\t\t\t\t\t\t\t\t<option value=\"Tabasco\">Tabasco<\/option>\n\t\t\t\t\t\t\t\t\t<option value=\"Tamaulipas\">Tamaulipas<\/option>\n\t\t\t\t\t\t\t\t\t<option value=\"Tlaxcala\">Tlaxcala<\/option>\n\t\t\t\t\t\t\t\t\t<option value=\"Veracruz\">Veracruz<\/option>\n\t\t\t\t\t\t\t\t\t<option value=\"Yucat\u00e1n\">Yucat\u00e1n<\/option>\n\t\t\t\t\t\t\t\t\t<option value=\"Zacatecas\">Zacatecas<\/option>\n\t\t\t\t\t\t\t<\/select>\n\t\t<\/div>\n\t\t\t\t\t\t<\/div>\n\t\t\t\t\t\t\t\t<div class=\"elementor-field-group elementor-column elementor-field-type-submit elementor-col-100 e-form__buttons\">\n\t\t\t\t\t<button class=\"elementor-button elementor-size-sm\" type=\"submit\">\n\t\t\t\t\t\t<span class=\"elementor-button-content-wrapper\">\n\t\t\t\t\t\t\t\t\t\t\t\t\t\t\t\t\t\t\t\t\t\t<span class=\"elementor-button-text\">Enviar<\/span>\n\t\t\t\t\t\t\t\t\t\t\t\t\t<\/span>\n\t\t\t\t\t<\/button>\n\t\t\t\t<\/div>\n\t\t\t<\/div>\n\t\t<\/form>\n\t\t\t\t\t\t<\/div>\n\t\t\t\t<\/div>\n\t\t\t\t\t<\/div>\n\t\t<\/div>\n\t\t\t\t\t<\/div>\n\t\t<\/section>\n\t\t\t\t<\/div>\n\t\t","protected":false},"excerpt":{"rendered":"<p>Membres\u00eda Master Obt\u00e9n los beneficios que CAFICON tiene para ti M\u00e1s de 150 cursos impartidos Calculadoras Revistas Y m\u00e1s beneficios adicionales Accesa a todos nuestros seminarios, talleres y Diplomados ya realizados y que est\u00e9n por realizarse (esto en caso de adquirirla por un a\u00f1o) Cortes\u00eda por 3 d\u00edas<\/p>\n","protected":false},"author":3956,"featured_media":0,"parent":0,"menu_order":0,"comment_status":"closed","ping_status":"closed","template":"","meta":{"footnotes":""},"class_list":["post-20946","page","type-page","status-publish","hentry"],"_links":{"self":[{"href":"https:\/\/caficon.info\/index.php\/wp-json\/wp\/v2\/pages\/20946","targetHints":{"allow":["GET"]}}],"collection":[{"href":"https:\/\/caficon.info\/index.php\/wp-json\/wp\/v2\/pages"}],"about":[{"href":"https:\/\/caficon.info\/index.php\/wp-json\/wp\/v2\/types\/page"}],"author":[{"embeddable":true,"href":"https:\/\/caficon.info\/index.php\/wp-json\/wp\/v2\/users\/3956"}],"replies":[{"embeddable":true,"href":"https:\/\/caficon.info\/index.php\/wp-json\/wp\/v2\/comments?post=20946"}],"version-history":[{"count":33,"href":"https:\/\/caficon.info\/index.php\/wp-json\/wp\/v2\/pages\/20946\/revisions"}],"predecessor-version":[{"id":22723,"href":"https:\/\/caficon.info\/index.php\/wp-json\/wp\/v2\/pages\/20946\/revisions\/22723"}],"wp:attachment":[{"href":"https:\/\/caficon.info\/index.php\/wp-json\/wp\/v2\/media?parent=20946"}],"curies":[{"name":"wp","href":"https:\/\/api.w.org\/{rel}","templated":true}]}}