{"id":21024,"date":"2022-02-26T08:33:58","date_gmt":"2022-02-26T08:33:58","guid":{"rendered":"https:\/\/caficon.info\/?page_id=21024"},"modified":"2022-03-04T16:38:00","modified_gmt":"2022-03-04T16:38:00","slug":"seminario-integral-de-impuestos-2022-modulo-l","status":"publish","type":"page","link":"https:\/\/caficon.info\/index.php\/seminario-integral-de-impuestos-2022-modulo-l\/","title":{"rendered":"Seminario Integral de Impuestos 2022 (Modulo l)"},"content":{"rendered":"\t\t<div data-elementor-type=\"wp-page\" data-elementor-id=\"21024\" class=\"elementor elementor-21024\" data-elementor-post-type=\"page\">\n\t\t\t\t\t\t<section class=\"elementor-section elementor-top-section elementor-element elementor-element-8b7b74d elementor-section-full_width elementor-section-height-default elementor-section-height-default\" data-id=\"8b7b74d\" data-element_type=\"section\">\n\t\t\t\t\t\t<div class=\"elementor-container elementor-column-gap-default\">\n\t\t\t\t\t<div class=\"elementor-column elementor-col-100 elementor-top-column elementor-element elementor-element-96afaee\" data-id=\"96afaee\" data-element_type=\"column\">\n\t\t\t<div class=\"elementor-widget-wrap elementor-element-populated\">\n\t\t\t\t\t\t<div class=\"elementor-element elementor-element-e0b5d9f elementor-widget elementor-widget-heading\" data-id=\"e0b5d9f\" data-element_type=\"widget\" data-widget_type=\"heading.default\">\n\t\t\t\t<div class=\"elementor-widget-container\">\n\t\t\t\t\t<h2 class=\"elementor-heading-title elementor-size-default\">\u00bfQuien Impartir\u00e1 este Curso?<\/h2>\t\t\t\t<\/div>\n\t\t\t\t<\/div>\n\t\t\t\t\t<\/div>\n\t\t<\/div>\n\t\t\t\t\t<\/div>\n\t\t<\/section>\n\t\t\t\t<section class=\"elementor-section elementor-top-section elementor-element elementor-element-1dd2f14 elementor-section-full_width elementor-section-height-default elementor-section-height-default\" data-id=\"1dd2f14\" data-element_type=\"section\">\n\t\t\t\t\t\t<div class=\"elementor-container elementor-column-gap-default\">\n\t\t\t\t\t<div class=\"elementor-column elementor-col-33 elementor-top-column elementor-element elementor-element-175ca6a\" data-id=\"175ca6a\" data-element_type=\"column\">\n\t\t\t<div class=\"elementor-widget-wrap elementor-element-populated\">\n\t\t\t\t\t\t\t<\/div>\n\t\t<\/div>\n\t\t\t\t<div class=\"elementor-column elementor-col-33 elementor-top-column elementor-element elementor-element-e54d8b3\" data-id=\"e54d8b3\" data-element_type=\"column\">\n\t\t\t<div class=\"elementor-widget-wrap elementor-element-populated\">\n\t\t\t\t\t\t<div class=\"elementor-element elementor-element-ba0f3a6 elementor-widget elementor-widget-text-editor\" data-id=\"ba0f3a6\" data-element_type=\"widget\" data-widget_type=\"text-editor.default\">\n\t\t\t\t<div class=\"elementor-widget-container\">\n\t\t\t\t\t\t\t\t\t<p style=\"text-align: left;\"><span style=\"color: #ff6600;\"><strong>DIRIGIDO A:<\/strong><\/span> Contadores, Abogados, Administradores, Empresarios y p\u00fablico en general interesados en conocer con precisi\u00f3n las disposiciones fiscales aplicables en este tema.\u00a0<\/p><p style=\"text-align: left;\"><span style=\"color: #ff6600;\"><strong>OBJETIVO:<\/strong><\/span> Una de las acciones que el SAT incrementar\u00e1 en 2018 para provocar que el contribuyente cumpla voluntariamente con el pago oportuno y correcto de sus contribuciones ser\u00e1 el ejercer la PRESUNCI\u00d3N DE OPERACIONES INEXISTENTES, considerando al contribuyente como PROVEEDOR de CFDI de operaciones simuladas o como CLIENTE que deduce esos CFDI.<\/p><p style=\"text-align: left;\">Esta acci\u00f3n no es una facultad de comprobaci\u00f3n, sino un medio de PRUEBA, por lo que no se sujeta a los plazos de PRESCRIPCI\u00d3N o CADUCIDAD, y con el apoyo de las JURISPRUDENCIAS vigentes, el SAT puede revisar comprobantes de m\u00e1s de 5 a\u00f1os de emisi\u00f3n para PRESUMI que desde su emisi\u00f3n no ten\u00edan sustancia o materialidad.<\/p>\t\t\t\t\t\t\t\t<\/div>\n\t\t\t\t<\/div>\n\t\t\t\t<div class=\"elementor-element elementor-element-c6d3dbf elementor-widget elementor-widget-text-editor\" data-id=\"c6d3dbf\" data-element_type=\"widget\" data-widget_type=\"text-editor.default\">\n\t\t\t\t<div class=\"elementor-widget-container\">\n\t\t\t\t\t\t\t\t\t<h5><strong><span style=\"color: #ff6600;\"><br \/>Temario:<\/span><\/strong><\/h5><ol><li><span style=\"color: #000000;\">Evidencias fiscales legales<\/span><\/li><li><span style=\"color: #000000;\">Los alcances ilegales que el SAT le da al Art. 69-B del CFF.<\/span><\/li><\/ol><p><span style=\"color: #000000;\">III. Valor probatorio de los documentos contables<\/span><\/p><ol><li><span style=\"color: #000000;\">Activos, arrendamientos, comodatos, mutuos.<\/span><\/li><li><span style=\"color: #000000;\">Personal, outsorcing, Socios como empleados, asimilados a salarios.<\/span><\/li><li><span style=\"color: #000000;\">Evidencias fehaciente de los CFDI y elementos probatorios.<\/span><\/li><\/ol><p><span style=\"color: #000000;\">VII. Revision y an\u00e1lisis de los diferentes contratos para demostrar operaciones fiscales.<\/span><\/p><p><span style=\"color: #000000;\">VIII. Procedimiento para demostrar la materialidad<\/span><\/p><ol><li><span style=\"color: #000000;\">Como desvirtuar la Condici\u00f3n de los efectos del Art. 69-B del CFF<\/span><\/li><li><span style=\"color: #000000;\">Como evitar caer en operaciones inexistentes, medidas de prevenci\u00f3n.<\/span><\/li><\/ol><p><span style=\"color: #000000;\">XI.Como evitar ser clasificado como un EFOS y EDOS para las autoridades fiscales.<\/span><\/p>\t\t\t\t\t\t\t\t<\/div>\n\t\t\t\t<\/div>\n\t\t\t\t\t<\/div>\n\t\t<\/div>\n\t\t\t\t<div class=\"elementor-column elementor-col-33 elementor-top-column elementor-element elementor-element-cb04292\" data-id=\"cb04292\" data-element_type=\"column\">\n\t\t\t<div class=\"elementor-widget-wrap\">\n\t\t\t\t\t\t\t<\/div>\n\t\t<\/div>\n\t\t\t\t\t<\/div>\n\t\t<\/section>\n\t\t\t\t<section class=\"elementor-section elementor-top-section elementor-element elementor-element-217fb34 elementor-section-full_width elementor-section-height-default elementor-section-height-default\" data-id=\"217fb34\" data-element_type=\"section\">\n\t\t\t\t\t\t<div class=\"elementor-container elementor-column-gap-default\">\n\t\t\t\t\t<div class=\"elementor-column elementor-col-100 elementor-top-column elementor-element elementor-element-cae6954\" data-id=\"cae6954\" data-element_type=\"column\">\n\t\t\t<div class=\"elementor-widget-wrap elementor-element-populated\">\n\t\t\t\t\t\t<div class=\"elementor-element elementor-element-59e5f76 elementor-widget elementor-widget-spacer\" data-id=\"59e5f76\" data-element_type=\"widget\" data-widget_type=\"spacer.default\">\n\t\t\t\t<div class=\"elementor-widget-container\">\n\t\t\t\t\t\t\t<div class=\"elementor-spacer\">\n\t\t\t<div class=\"elementor-spacer-inner\"><\/div>\n\t\t<\/div>\n\t\t\t\t\t\t<\/div>\n\t\t\t\t<\/div>\n\t\t\t\t<div class=\"elementor-element elementor-element-9417700 elementor-widget elementor-widget-heading\" data-id=\"9417700\" data-element_type=\"widget\" data-widget_type=\"heading.default\">\n\t\t\t\t<div class=\"elementor-widget-container\">\n\t\t\t\t\t<h2 class=\"elementor-heading-title elementor-size-default\">\u00bfQuien Impartir\u00e1 este Curso?<\/h2>\t\t\t\t<\/div>\n\t\t\t\t<\/div>\n\t\t\t\t\t<\/div>\n\t\t<\/div>\n\t\t\t\t\t<\/div>\n\t\t<\/section>\n\t\t\t\t<section class=\"elementor-section elementor-top-section elementor-element elementor-element-cbcca21 elementor-section-full_width elementor-section-height-default elementor-section-height-default\" data-id=\"cbcca21\" data-element_type=\"section\">\n\t\t\t\t\t\t<div class=\"elementor-container elementor-column-gap-default\">\n\t\t\t\t\t<div class=\"elementor-column elementor-col-50 elementor-top-column elementor-element elementor-element-b533a85\" data-id=\"b533a85\" data-element_type=\"column\">\n\t\t\t<div class=\"elementor-widget-wrap elementor-element-populated\">\n\t\t\t\t\t\t<div class=\"elementor-element elementor-element-a9e873a elementor-widget elementor-widget-image\" data-id=\"a9e873a\" data-element_type=\"widget\" data-widget_type=\"image.default\">\n\t\t\t\t<div class=\"elementor-widget-container\">\n\t\t\t\t\t\t\t\t\t\t\t\t\t\t\t<img decoding=\"async\" src=\"https:\/\/caficon.info\/wp-content\/uploads\/2021\/03\/da255185-8ca0-4496-8322-50429dfe0c88-2.jpg\" title=\"caficon\" alt=\"caficon\" loading=\"lazy\" \/>\t\t\t\t\t\t\t\t\t\t\t\t\t\t\t<\/div>\n\t\t\t\t<\/div>\n\t\t\t\t<div class=\"elementor-element elementor-element-7dcdaac elementor-widget elementor-widget-html\" data-id=\"7dcdaac\" data-element_type=\"widget\" data-widget_type=\"html.default\">\n\t\t\t\t<div class=\"elementor-widget-container\">\n\t\t\t\t\t<h4 style=\"text-align: center;\"><span style=\"color: #ff6600;\">L.C.P. y M.F. Miguel alarcon Diaz<\/span><\/h4>\t\t\t\t<\/div>\n\t\t\t\t<\/div>\n\t\t\t\t\t<\/div>\n\t\t<\/div>\n\t\t\t\t<div class=\"elementor-column elementor-col-50 elementor-top-column elementor-element elementor-element-1cb3a79\" data-id=\"1cb3a79\" data-element_type=\"column\">\n\t\t\t<div class=\"elementor-widget-wrap elementor-element-populated\">\n\t\t\t\t\t\t<div class=\"elementor-element elementor-element-4dc3985 elementor-widget elementor-widget-spacer\" data-id=\"4dc3985\" data-element_type=\"widget\" data-widget_type=\"spacer.default\">\n\t\t\t\t<div class=\"elementor-widget-container\">\n\t\t\t\t\t\t\t<div class=\"elementor-spacer\">\n\t\t\t<div class=\"elementor-spacer-inner\"><\/div>\n\t\t<\/div>\n\t\t\t\t\t\t<\/div>\n\t\t\t\t<\/div>\n\t\t\t\t<div class=\"elementor-element elementor-element-a1918de elementor-widget elementor-widget-heading\" data-id=\"a1918de\" data-element_type=\"widget\" data-widget_type=\"heading.default\">\n\t\t\t\t<div class=\"elementor-widget-container\">\n\t\t\t\t\t<h2 class=\"elementor-heading-title elementor-size-default\">CV:<\/h2>\t\t\t\t<\/div>\n\t\t\t\t<\/div>\n\t\t\t\t<div class=\"elementor-element elementor-element-4b53c34 elementor-widget elementor-widget-text-editor\" data-id=\"4b53c34\" data-element_type=\"widget\" data-widget_type=\"text-editor.default\">\n\t\t\t\t<div class=\"elementor-widget-container\">\n\t\t\t\t\t\t\t\t\t<p><span style=\"color: #000000;\">MAESTR\u00cdA EN DERECHO FISCAL: <\/span><br \/><span style=\"color: #000000;\">\uf0b7 An\u00e1lisis de las Contribuciones Federales, Estatales y Municipales, UTEGRA, CEO <\/span><br \/><span style=\"color: #000000;\">Guadalajara.<\/span><br \/><span style=\"color: #000000;\">\uf0b7 Los Desaf\u00edos del Derecho Mexicano Frente a la Globalizaci\u00f3n, UTEGRA, <\/span><br \/><span style=\"color: #000000;\">Guadalajara, <\/span><br \/><span style=\"color: #000000;\">MAESTR\u00cdA EN FISCAL:<\/span><br \/><span style=\"color: #000000;\">\uf0b7 Seminario de Planeaci\u00f3n Fiscal, CEO Guadalajara, Hermosillo, Guaymas<\/span><br \/><span style=\"color: #000000;\">\uf0b7 Normas de Informaci\u00f3n Financiera Ceo Hermosillo, Guaymas<\/span><br \/><span style=\"color: #000000;\">\uf0b7 Derecho Fiscal y Financiero, Universidad Vizcaya de las Americas \u2013 Tepic y <\/span><br \/><span style=\"color: #000000;\">Manzanillo, Col.<\/span><br \/><span style=\"color: #000000;\">\uf0b7 Contribuciones Estatales y Municipales, CEO Guadalajara<\/span><br \/><span style=\"color: #000000;\">\uf0b7 Seminario de Investigaci\u00f3n, UNIVA Colima. <\/span><br \/><span style=\"color: #000000;\">MAESTR\u00cdA EN DERECHO CORPORATIVO:<\/span><br \/><span style=\"color: #000000;\">\uf0b7 Derecho Fiscal, Ceo CD Guzman Jalisco<\/span><br \/><span style=\"color: #000000;\">\uf0b7 Derecho Financiero UNIVA Guadalajara.<\/span><br \/><span style=\"color: #000000;\">\uf0b7 Proyectos de investigaci\u00f3n, Universidad Enrique D\u00edaz de Le\u00f3n -Guadalajara<\/span><br \/><span style=\"color: #000000;\">\uf0b7 Seminario de Investigaci\u00f3n, UTEGRA<\/span><br \/><span style=\"color: #000000;\">\uf0b7 Metodolog\u00eda de la Investigaci\u00f3n, UNIVA Guadalajara<\/span><br \/><span style=\"color: #000000;\">\uf0b7 Legislaci\u00f3n Empresarial. Universidad Vizcaya de las Am\u00e9ricas Tepic<\/span><br \/><span style=\"color: #000000;\">MAESTR\u00cdA EN ADMINISTRACI\u00d3N:<\/span><br \/><span style=\"color: #000000;\">\uf0b7 Proyectos de Inversi\u00f3n, Universidad Enrique D\u00edaz de Le\u00f3n Guadalajara<\/span><br \/><span style=\"color: #000000;\">\uf0b7 Proyectos de Inversi\u00f3n. Universidad Cuauhtemoc Guadalajara<\/span><br \/><span style=\"color: #000000;\">\uf0b7 Planeaci\u00f3n estrat\u00e9gica, Universidad Vizcaya de las Americas Campus Tepic y <\/span><br \/><span style=\"color: #000000;\">Manzanillo<\/span><br \/><span style=\"color: #000000;\">MAESTR\u00cdA EN ADMINISTRACI\u00d3N FINANCIERA:<\/span><br \/><span style=\"color: #000000;\">\uf0b7 Matem\u00e1ticas Financieras, UTEGRA<\/span><br \/><span style=\"color: #000000;\">\uf0b7 Planeaci\u00f3n estrat\u00e9gica, UNIVA, Guadalajara.<\/span><br \/><span style=\"color: #000000;\">\uf0b7 Investigaci\u00f3n de Operaciones UTEGRA Guadalajara, Morelia<\/span><br \/><span style=\"color: #000000;\">MAESTR\u00cdA EN VALUACI\u00d3N:<\/span><br \/><span style=\"color: #000000;\">\uf0b7 Joint Venture Centro de Valores Guadalajara.<\/span><br \/><span style=\"color: #000000;\">\uf0b7 Emisi\u00f3n de Deuda y Capital, Centro de Valores Guadalajara.<\/span><br \/><span style=\"color: #000000;\">\uf0b7 Metodolog\u00eda de la Investigaci\u00f3n, Centro de Valores Guadalajara.<\/span><br \/><span style=\"color: #000000;\">MAESTR\u00cdA EN IMPUESTOS:<\/span><br \/><span style=\"color: #000000;\">\uf0b7 Planeaci\u00f3n Fiscal, Universidad Vizcaya de las Americas &#8211; Manzanillo<\/span><br \/><span style=\"color: #000000;\">\uf0b7 T\u00edtulos y Operaciones de Cr\u00e9dito, CEO, Guadalajara, Cd. Guzm\u00e1n, Cd. Obreg\u00f3n, <\/span><br \/><span style=\"color: #000000;\">Hermosillo, Morelia, Tepatitl\u00e1n, Toluca y Manzanillo.<\/span><br \/><span style=\"color: #000000;\">\uf0b7 Metodolog\u00eda de la Investigaci\u00f3n, CEO, Guadalajara, Cd. Guzm\u00e1n, Cd. Obreg\u00f3n, <\/span><br \/><span style=\"color: #000000;\">Hermosillo, Morelia, Tepatitl\u00e1n, Toluca y Manzanillo.<\/span><br \/><span style=\"color: #000000;\">\uf0b7 Seminario de Tesis, CEO, Guadalajara, Cd. Guzm\u00e1n, Cd. Obreg\u00f3n, Hermosillo, <\/span><br \/><span style=\"color: #000000;\">Morelia, Tepatitl\u00e1n, Toluca y Manzanillo.<\/span><br \/><span style=\"color: #000000;\">\uf0b7 Finanzas P\u00fablicas y Corporativas, CEO, Guadalajara, Cd. Guzm\u00e1n, Cd. Obreg\u00f3n, <\/span><br \/><span style=\"color: #000000;\">Hermosillo, Morelia, Tepatitl\u00e1n, Toluca y Manzanillo.<\/span><\/p>\t\t\t\t\t\t\t\t<\/div>\n\t\t\t\t<\/div>\n\t\t\t\t<div class=\"elementor-element elementor-element-8b8b0ec elementor-widget elementor-widget-spacer\" data-id=\"8b8b0ec\" data-element_type=\"widget\" data-widget_type=\"spacer.default\">\n\t\t\t\t<div class=\"elementor-widget-container\">\n\t\t\t\t\t\t\t<div class=\"elementor-spacer\">\n\t\t\t<div class=\"elementor-spacer-inner\"><\/div>\n\t\t<\/div>\n\t\t\t\t\t\t<\/div>\n\t\t\t\t<\/div>\n\t\t\t\t\t<\/div>\n\t\t<\/div>\n\t\t\t\t\t<\/div>\n\t\t<\/section>\n\t\t\t\t<\/div>\n\t\t","protected":false},"excerpt":{"rendered":"<p>\u00bfQuien Impartir\u00e1 este Curso? DIRIGIDO A: Contadores, Abogados, Administradores, Empresarios y p\u00fablico en general interesados en conocer con precisi\u00f3n las disposiciones fiscales aplicables en este tema.\u00a0 OBJETIVO: Una de las acciones que el SAT incrementar\u00e1 en 2018 para provocar que el contribuyente cumpla voluntariamente con el pago oportuno y correcto de sus contribuciones ser\u00e1 el [&hellip;]<\/p>\n","protected":false},"author":1,"featured_media":0,"parent":0,"menu_order":0,"comment_status":"closed","ping_status":"closed","template":"","meta":{"footnotes":""},"class_list":["post-21024","page","type-page","status-publish","hentry"],"_links":{"self":[{"href":"https:\/\/caficon.info\/index.php\/wp-json\/wp\/v2\/pages\/21024","targetHints":{"allow":["GET"]}}],"collection":[{"href":"https:\/\/caficon.info\/index.php\/wp-json\/wp\/v2\/pages"}],"about":[{"href":"https:\/\/caficon.info\/index.php\/wp-json\/wp\/v2\/types\/page"}],"author":[{"embeddable":true,"href":"https:\/\/caficon.info\/index.php\/wp-json\/wp\/v2\/users\/1"}],"replies":[{"embeddable":true,"href":"https:\/\/caficon.info\/index.php\/wp-json\/wp\/v2\/comments?post=21024"}],"version-history":[{"count":10,"href":"https:\/\/caficon.info\/index.php\/wp-json\/wp\/v2\/pages\/21024\/revisions"}],"predecessor-version":[{"id":21284,"href":"https:\/\/caficon.info\/index.php\/wp-json\/wp\/v2\/pages\/21024\/revisions\/21284"}],"wp:attachment":[{"href":"https:\/\/caficon.info\/index.php\/wp-json\/wp\/v2\/media?parent=21024"}],"curies":[{"name":"wp","href":"https:\/\/api.w.org\/{rel}","templated":true}]}}