{"id":21025,"date":"2022-02-26T08:34:43","date_gmt":"2022-02-26T08:34:43","guid":{"rendered":"https:\/\/caficon.info\/?page_id=21025"},"modified":"2022-02-26T09:05:31","modified_gmt":"2022-02-26T09:05:31","slug":"seguridad-social-en-empresas-incluye-siroc-y-satic","status":"publish","type":"page","link":"https:\/\/caficon.info\/index.php\/seguridad-social-en-empresas-incluye-siroc-y-satic\/","title":{"rendered":"Seguridad Social en Empresas (Incluye SIROC y SATIC)"},"content":{"rendered":"\t\t<div data-elementor-type=\"wp-page\" data-elementor-id=\"21025\" class=\"elementor elementor-21025\" data-elementor-post-type=\"page\">\n\t\t\t\t\t\t<section class=\"elementor-section elementor-top-section elementor-element elementor-element-8f8ff1f elementor-section-full_width elementor-hidden-desktop elementor-hidden-tablet elementor-hidden-mobile elementor-section-height-default elementor-section-height-default\" data-id=\"8f8ff1f\" data-element_type=\"section\">\n\t\t\t\t\t\t<div class=\"elementor-container elementor-column-gap-default\">\n\t\t\t\t\t<div class=\"elementor-column elementor-col-100 elementor-top-column elementor-element elementor-element-3bf9365\" data-id=\"3bf9365\" data-element_type=\"column\">\n\t\t\t<div class=\"elementor-widget-wrap elementor-element-populated\">\n\t\t\t\t\t\t<div class=\"elementor-element elementor-element-4856a7f elementor-widget elementor-widget-heading\" data-id=\"4856a7f\" data-element_type=\"widget\" data-widget_type=\"heading.default\">\n\t\t\t\t<div class=\"elementor-widget-container\">\n\t\t\t\t\t<h2 class=\"elementor-heading-title elementor-size-default\">\u00bfQuien Impartir\u00e1 este Curso?<\/h2>\t\t\t\t<\/div>\n\t\t\t\t<\/div>\n\t\t\t\t\t<\/div>\n\t\t<\/div>\n\t\t\t\t\t<\/div>\n\t\t<\/section>\n\t\t\t\t<section class=\"elementor-section elementor-top-section elementor-element elementor-element-b485eb4 elementor-section-full_width elementor-hidden-desktop elementor-hidden-tablet elementor-hidden-mobile elementor-section-height-default elementor-section-height-default\" data-id=\"b485eb4\" data-element_type=\"section\">\n\t\t\t\t\t\t<div class=\"elementor-container elementor-column-gap-default\">\n\t\t\t\t\t<div class=\"elementor-column elementor-col-33 elementor-top-column elementor-element elementor-element-f3c4ca3\" data-id=\"f3c4ca3\" data-element_type=\"column\">\n\t\t\t<div class=\"elementor-widget-wrap elementor-element-populated\">\n\t\t\t\t\t\t\t<\/div>\n\t\t<\/div>\n\t\t\t\t<div class=\"elementor-column elementor-col-33 elementor-top-column elementor-element elementor-element-7cd45b7\" data-id=\"7cd45b7\" data-element_type=\"column\">\n\t\t\t<div class=\"elementor-widget-wrap elementor-element-populated\">\n\t\t\t\t\t\t<div class=\"elementor-element elementor-element-fce5476 elementor-widget elementor-widget-text-editor\" data-id=\"fce5476\" data-element_type=\"widget\" data-widget_type=\"text-editor.default\">\n\t\t\t\t<div class=\"elementor-widget-container\">\n\t\t\t\t\t\t\t\t\t<h5><span style=\"color: #ff6600;\">Temario:<\/span><\/h5><ul><li><span style=\"color: #000000;\">Tareas previas al llenado de la Declaraci\u00f3n Anual<\/span><\/li><li><span style=\"color: #000000;\">Obligaciones de presentar la Declaraci\u00f3n Anual<\/span><\/li><li><span style=\"color: #000000;\">Determinaci\u00f3n del ISR<\/span><\/li><li><span style=\"color: #000000;\">Pagos Provisionales.<\/span><\/li><li><span style=\"color: #000000;\">Ingresos Acumulables<\/span><\/li><li><span style=\"color: #000000;\">Momento de Acumulaci\u00f3n<\/span><\/li><li><span style=\"color: #000000;\">Deducciones Autorizadas<\/span><\/li><li><span style=\"color: #000000;\">Devoluciones, descuentos y rebajas sobre ventas<\/span><\/li><li><span style=\"color: #000000;\">Gastos<\/span><\/li><li><span style=\"color: #000000;\">Perdida o Ganancia en Venta de Activo Fijo<\/span><\/li><li><span style=\"color: #000000;\">Deducci\u00f3n de Inversiones.<\/span><\/li><li><span style=\"color: #000000;\">P\u00e9rdidas por caso fortuito o fuerza mayor.<\/span><\/li><li><span style=\"color: #000000;\">Papeles de Trabajo<\/span><\/li><\/ul>\t\t\t\t\t\t\t\t<\/div>\n\t\t\t\t<\/div>\n\t\t\t\t\t<\/div>\n\t\t<\/div>\n\t\t\t\t<div class=\"elementor-column elementor-col-33 elementor-top-column elementor-element elementor-element-b32b306\" data-id=\"b32b306\" data-element_type=\"column\">\n\t\t\t<div class=\"elementor-widget-wrap\">\n\t\t\t\t\t\t\t<\/div>\n\t\t<\/div>\n\t\t\t\t\t<\/div>\n\t\t<\/section>\n\t\t\t\t<section class=\"elementor-section elementor-top-section elementor-element elementor-element-66265a9 elementor-section-full_width elementor-section-height-default elementor-section-height-default\" data-id=\"66265a9\" data-element_type=\"section\">\n\t\t\t\t\t\t<div class=\"elementor-container elementor-column-gap-default\">\n\t\t\t\t\t<div class=\"elementor-column elementor-col-100 elementor-top-column elementor-element elementor-element-5b255bc\" data-id=\"5b255bc\" data-element_type=\"column\">\n\t\t\t<div class=\"elementor-widget-wrap elementor-element-populated\">\n\t\t\t\t\t\t<div class=\"elementor-element elementor-element-8bba956 elementor-widget elementor-widget-spacer\" data-id=\"8bba956\" data-element_type=\"widget\" data-widget_type=\"spacer.default\">\n\t\t\t\t<div class=\"elementor-widget-container\">\n\t\t\t\t\t\t\t<div class=\"elementor-spacer\">\n\t\t\t<div class=\"elementor-spacer-inner\"><\/div>\n\t\t<\/div>\n\t\t\t\t\t\t<\/div>\n\t\t\t\t<\/div>\n\t\t\t\t<div class=\"elementor-element elementor-element-0d6ad1b elementor-widget elementor-widget-heading\" data-id=\"0d6ad1b\" data-element_type=\"widget\" data-widget_type=\"heading.default\">\n\t\t\t\t<div class=\"elementor-widget-container\">\n\t\t\t\t\t<h2 class=\"elementor-heading-title elementor-size-default\">\u00bfQuien Impartir\u00e1 este Curso?<\/h2>\t\t\t\t<\/div>\n\t\t\t\t<\/div>\n\t\t\t\t\t<\/div>\n\t\t<\/div>\n\t\t\t\t\t<\/div>\n\t\t<\/section>\n\t\t\t\t<section class=\"elementor-section elementor-top-section elementor-element elementor-element-9d71afd elementor-section-full_width elementor-section-height-default elementor-section-height-default\" data-id=\"9d71afd\" data-element_type=\"section\">\n\t\t\t\t\t\t<div class=\"elementor-container elementor-column-gap-default\">\n\t\t\t\t\t<div class=\"elementor-column elementor-col-50 elementor-top-column elementor-element elementor-element-0881552\" data-id=\"0881552\" data-element_type=\"column\">\n\t\t\t<div class=\"elementor-widget-wrap elementor-element-populated\">\n\t\t\t\t\t\t<div class=\"elementor-element elementor-element-13165e3 elementor-widget elementor-widget-image\" data-id=\"13165e3\" data-element_type=\"widget\" data-widget_type=\"image.default\">\n\t\t\t\t<div class=\"elementor-widget-container\">\n\t\t\t\t\t\t\t\t\t\t\t\t\t\t\t<img decoding=\"async\" src=\"https:\/\/caficon.info\/wp-content\/uploads\/2021\/03\/da255185-8ca0-4496-8322-50429dfe0c88-2.jpg\" title=\"caficon\" alt=\"caficon\" loading=\"lazy\" \/>\t\t\t\t\t\t\t\t\t\t\t\t\t\t\t<\/div>\n\t\t\t\t<\/div>\n\t\t\t\t<div class=\"elementor-element elementor-element-b29d635 elementor-widget elementor-widget-html\" data-id=\"b29d635\" data-element_type=\"widget\" data-widget_type=\"html.default\">\n\t\t\t\t<div class=\"elementor-widget-container\">\n\t\t\t\t\t<h4 style=\"text-align: center;\"><span style=\"color: #ff6600;\">L.C.P. y M.F. Miguel alarcon Diaz<\/span><\/h4>\t\t\t\t<\/div>\n\t\t\t\t<\/div>\n\t\t\t\t\t<\/div>\n\t\t<\/div>\n\t\t\t\t<div class=\"elementor-column elementor-col-50 elementor-top-column elementor-element elementor-element-37e6fb2\" data-id=\"37e6fb2\" data-element_type=\"column\">\n\t\t\t<div class=\"elementor-widget-wrap elementor-element-populated\">\n\t\t\t\t\t\t<div class=\"elementor-element elementor-element-1d7a853 elementor-widget elementor-widget-spacer\" data-id=\"1d7a853\" data-element_type=\"widget\" data-widget_type=\"spacer.default\">\n\t\t\t\t<div class=\"elementor-widget-container\">\n\t\t\t\t\t\t\t<div class=\"elementor-spacer\">\n\t\t\t<div class=\"elementor-spacer-inner\"><\/div>\n\t\t<\/div>\n\t\t\t\t\t\t<\/div>\n\t\t\t\t<\/div>\n\t\t\t\t<div class=\"elementor-element elementor-element-ca63a7c elementor-widget elementor-widget-heading\" data-id=\"ca63a7c\" data-element_type=\"widget\" data-widget_type=\"heading.default\">\n\t\t\t\t<div class=\"elementor-widget-container\">\n\t\t\t\t\t<h2 class=\"elementor-heading-title elementor-size-default\">CV:<\/h2>\t\t\t\t<\/div>\n\t\t\t\t<\/div>\n\t\t\t\t<div class=\"elementor-element elementor-element-41817d2 elementor-widget elementor-widget-text-editor\" data-id=\"41817d2\" data-element_type=\"widget\" data-widget_type=\"text-editor.default\">\n\t\t\t\t<div class=\"elementor-widget-container\">\n\t\t\t\t\t\t\t\t\t<p><span style=\"color: #000000;\">MAESTR\u00cdA EN DERECHO FISCAL: <\/span><br \/><span style=\"color: #000000;\">\uf0b7 An\u00e1lisis de las Contribuciones Federales, Estatales y Municipales, UTEGRA, CEO <\/span><br \/><span style=\"color: #000000;\">Guadalajara.<\/span><br \/><span style=\"color: #000000;\">\uf0b7 Los Desaf\u00edos del Derecho Mexicano Frente a la Globalizaci\u00f3n, UTEGRA, <\/span><br \/><span style=\"color: #000000;\">Guadalajara, <\/span><br \/><span style=\"color: #000000;\">MAESTR\u00cdA EN FISCAL:<\/span><br \/><span style=\"color: #000000;\">\uf0b7 Seminario de Planeaci\u00f3n Fiscal, CEO Guadalajara, Hermosillo, Guaymas<\/span><br \/><span style=\"color: #000000;\">\uf0b7 Normas de Informaci\u00f3n Financiera Ceo Hermosillo, Guaymas<\/span><br \/><span style=\"color: #000000;\">\uf0b7 Derecho Fiscal y Financiero, Universidad Vizcaya de las Americas \u2013 Tepic y <\/span><br \/><span style=\"color: #000000;\">Manzanillo, Col.<\/span><br \/><span style=\"color: #000000;\">\uf0b7 Contribuciones Estatales y Municipales, CEO Guadalajara<\/span><br \/><span style=\"color: #000000;\">\uf0b7 Seminario de Investigaci\u00f3n, UNIVA Colima. <\/span><br \/><span style=\"color: #000000;\">MAESTR\u00cdA EN DERECHO CORPORATIVO:<\/span><br \/><span style=\"color: #000000;\">\uf0b7 Derecho Fiscal, Ceo CD Guzman Jalisco<\/span><br \/><span style=\"color: #000000;\">\uf0b7 Derecho Financiero UNIVA Guadalajara.<\/span><br \/><span style=\"color: #000000;\">\uf0b7 Proyectos de investigaci\u00f3n, Universidad Enrique D\u00edaz de Le\u00f3n -Guadalajara<\/span><br \/><span style=\"color: #000000;\">\uf0b7 Seminario de Investigaci\u00f3n, UTEGRA<\/span><br \/><span style=\"color: #000000;\">\uf0b7 Metodolog\u00eda de la Investigaci\u00f3n, UNIVA Guadalajara<\/span><br \/><span style=\"color: #000000;\">\uf0b7 Legislaci\u00f3n Empresarial. Universidad Vizcaya de las Am\u00e9ricas Tepic<\/span><br \/><span style=\"color: #000000;\">MAESTR\u00cdA EN ADMINISTRACI\u00d3N:<\/span><br \/><span style=\"color: #000000;\">\uf0b7 Proyectos de Inversi\u00f3n, Universidad Enrique D\u00edaz de Le\u00f3n Guadalajara<\/span><br \/><span style=\"color: #000000;\">\uf0b7 Proyectos de Inversi\u00f3n. Universidad Cuauhtemoc Guadalajara<\/span><br \/><span style=\"color: #000000;\">\uf0b7 Planeaci\u00f3n estrat\u00e9gica, Universidad Vizcaya de las Americas Campus Tepic y <\/span><br \/><span style=\"color: #000000;\">Manzanillo<\/span><br \/><span style=\"color: #000000;\">MAESTR\u00cdA EN ADMINISTRACI\u00d3N FINANCIERA:<\/span><br \/><span style=\"color: #000000;\">\uf0b7 Matem\u00e1ticas Financieras, UTEGRA<\/span><br \/><span style=\"color: #000000;\">\uf0b7 Planeaci\u00f3n estrat\u00e9gica, UNIVA, Guadalajara.<\/span><br \/><span style=\"color: #000000;\">\uf0b7 Investigaci\u00f3n de Operaciones UTEGRA Guadalajara, Morelia<\/span><br \/><span style=\"color: #000000;\">MAESTR\u00cdA EN VALUACI\u00d3N:<\/span><br \/><span style=\"color: #000000;\">\uf0b7 Joint Venture Centro de Valores Guadalajara.<\/span><br \/><span style=\"color: #000000;\">\uf0b7 Emisi\u00f3n de Deuda y Capital, Centro de Valores Guadalajara.<\/span><br \/><span style=\"color: #000000;\">\uf0b7 Metodolog\u00eda de la Investigaci\u00f3n, Centro de Valores Guadalajara.<\/span><br \/><span style=\"color: #000000;\">MAESTR\u00cdA EN IMPUESTOS:<\/span><br \/><span style=\"color: #000000;\">\uf0b7 Planeaci\u00f3n Fiscal, Universidad Vizcaya de las Americas &#8211; Manzanillo<\/span><br \/><span style=\"color: #000000;\">\uf0b7 T\u00edtulos y Operaciones de Cr\u00e9dito, CEO, Guadalajara, Cd. Guzm\u00e1n, Cd. Obreg\u00f3n, <\/span><br \/><span style=\"color: #000000;\">Hermosillo, Morelia, Tepatitl\u00e1n, Toluca y Manzanillo.<\/span><br \/><span style=\"color: #000000;\">\uf0b7 Metodolog\u00eda de la Investigaci\u00f3n, CEO, Guadalajara, Cd. Guzm\u00e1n, Cd. Obreg\u00f3n, <\/span><br \/><span style=\"color: #000000;\">Hermosillo, Morelia, Tepatitl\u00e1n, Toluca y Manzanillo.<\/span><br \/><span style=\"color: #000000;\">\uf0b7 Seminario de Tesis, CEO, Guadalajara, Cd. Guzm\u00e1n, Cd. Obreg\u00f3n, Hermosillo, <\/span><br \/><span style=\"color: #000000;\">Morelia, Tepatitl\u00e1n, Toluca y Manzanillo.<\/span><br \/><span style=\"color: #000000;\">\uf0b7 Finanzas P\u00fablicas y Corporativas, CEO, Guadalajara, Cd. Guzm\u00e1n, Cd. Obreg\u00f3n, <\/span><br \/><span style=\"color: #000000;\">Hermosillo, Morelia, Tepatitl\u00e1n, Toluca y Manzanillo.<\/span><\/p>\t\t\t\t\t\t\t\t<\/div>\n\t\t\t\t<\/div>\n\t\t\t\t<div class=\"elementor-element elementor-element-189a8b2 elementor-widget elementor-widget-spacer\" data-id=\"189a8b2\" data-element_type=\"widget\" data-widget_type=\"spacer.default\">\n\t\t\t\t<div class=\"elementor-widget-container\">\n\t\t\t\t\t\t\t<div class=\"elementor-spacer\">\n\t\t\t<div class=\"elementor-spacer-inner\"><\/div>\n\t\t<\/div>\n\t\t\t\t\t\t<\/div>\n\t\t\t\t<\/div>\n\t\t\t\t\t<\/div>\n\t\t<\/div>\n\t\t\t\t\t<\/div>\n\t\t<\/section>\n\t\t\t\t<\/div>\n\t\t","protected":false},"excerpt":{"rendered":"<p>\u00bfQuien Impartir\u00e1 este Curso? Temario: Tareas previas al llenado de la Declaraci\u00f3n Anual Obligaciones de presentar la Declaraci\u00f3n Anual Determinaci\u00f3n del ISR Pagos Provisionales. Ingresos Acumulables Momento de Acumulaci\u00f3n Deducciones Autorizadas Devoluciones, descuentos y rebajas sobre ventas Gastos Perdida o Ganancia en Venta de Activo Fijo Deducci\u00f3n de Inversiones. P\u00e9rdidas por caso fortuito o fuerza [&hellip;]<\/p>\n","protected":false},"author":1,"featured_media":0,"parent":0,"menu_order":0,"comment_status":"closed","ping_status":"closed","template":"","meta":{"footnotes":""},"class_list":["post-21025","page","type-page","status-publish","hentry"],"_links":{"self":[{"href":"https:\/\/caficon.info\/index.php\/wp-json\/wp\/v2\/pages\/21025","targetHints":{"allow":["GET"]}}],"collection":[{"href":"https:\/\/caficon.info\/index.php\/wp-json\/wp\/v2\/pages"}],"about":[{"href":"https:\/\/caficon.info\/index.php\/wp-json\/wp\/v2\/types\/page"}],"author":[{"embeddable":true,"href":"https:\/\/caficon.info\/index.php\/wp-json\/wp\/v2\/users\/1"}],"replies":[{"embeddable":true,"href":"https:\/\/caficon.info\/index.php\/wp-json\/wp\/v2\/comments?post=21025"}],"version-history":[{"count":7,"href":"https:\/\/caficon.info\/index.php\/wp-json\/wp\/v2\/pages\/21025\/revisions"}],"predecessor-version":[{"id":21057,"href":"https:\/\/caficon.info\/index.php\/wp-json\/wp\/v2\/pages\/21025\/revisions\/21057"}],"wp:attachment":[{"href":"https:\/\/caficon.info\/index.php\/wp-json\/wp\/v2\/media?parent=21025"}],"curies":[{"name":"wp","href":"https:\/\/api.w.org\/{rel}","templated":true}]}}