{"id":21130,"date":"2022-02-28T22:36:38","date_gmt":"2022-02-28T22:36:38","guid":{"rendered":"https:\/\/caficon.info\/?page_id=21130"},"modified":"2022-02-28T22:52:20","modified_gmt":"2022-02-28T22:52:20","slug":"emiliano-vazquez-maldonado","status":"publish","type":"page","link":"https:\/\/caficon.info\/index.php\/emiliano-vazquez-maldonado\/","title":{"rendered":"Emiliano Vazquez Maldonado"},"content":{"rendered":"\t\t<div data-elementor-type=\"wp-page\" data-elementor-id=\"21130\" class=\"elementor elementor-21130\" data-elementor-post-type=\"page\">\n\t\t\t\t\t\t<section class=\"elementor-section elementor-top-section elementor-element elementor-element-9eb4ee7 elementor-section-boxed elementor-section-height-default elementor-section-height-default\" data-id=\"9eb4ee7\" data-element_type=\"section\">\n\t\t\t\t\t\t<div class=\"elementor-container elementor-column-gap-default\">\n\t\t\t\t\t<div class=\"elementor-column elementor-col-50 elementor-top-column elementor-element elementor-element-b2ec283\" data-id=\"b2ec283\" data-element_type=\"column\">\n\t\t\t<div class=\"elementor-widget-wrap elementor-element-populated\">\n\t\t\t\t\t\t<div class=\"elementor-element elementor-element-fcfad1a elementor-widget elementor-widget-image\" data-id=\"fcfad1a\" data-element_type=\"widget\" data-widget_type=\"image.default\">\n\t\t\t\t<div class=\"elementor-widget-container\">\n\t\t\t\t\t\t\t\t\t\t\t\t\t\t\t<img fetchpriority=\"high\" decoding=\"async\" width=\"300\" height=\"300\" src=\"https:\/\/caficon.info\/wp-content\/uploads\/2022\/02\/WhatsApp-Image-2022-02-17-at-6.34.18-PM-300x300.jpeg\" class=\"attachment-medium size-medium wp-image-21146\" alt=\"\" srcset=\"https:\/\/caficon.info\/wp-content\/uploads\/2022\/02\/WhatsApp-Image-2022-02-17-at-6.34.18-PM-300x300.jpeg 300w, https:\/\/caficon.info\/wp-content\/uploads\/2022\/02\/WhatsApp-Image-2022-02-17-at-6.34.18-PM.jpeg 1024w, https:\/\/caficon.info\/wp-content\/uploads\/2022\/02\/WhatsApp-Image-2022-02-17-at-6.34.18-PM-150x150.jpeg 150w, https:\/\/caficon.info\/wp-content\/uploads\/2022\/02\/WhatsApp-Image-2022-02-17-at-6.34.18-PM-768x768.jpeg 768w, https:\/\/caficon.info\/wp-content\/uploads\/2022\/02\/WhatsApp-Image-2022-02-17-at-6.34.18-PM-600x600.jpeg 600w, https:\/\/caficon.info\/wp-content\/uploads\/2022\/02\/WhatsApp-Image-2022-02-17-at-6.34.18-PM-100x100.jpeg 100w\" sizes=\"(max-width: 300px) 100vw, 300px\" \/>\t\t\t\t\t\t\t\t\t\t\t\t\t\t\t<\/div>\n\t\t\t\t<\/div>\n\t\t\t\t<section class=\"elementor-section elementor-inner-section elementor-element elementor-element-684f1c4 elementor-section-boxed elementor-section-height-default elementor-section-height-default\" data-id=\"684f1c4\" data-element_type=\"section\">\n\t\t\t\t\t\t<div class=\"elementor-container elementor-column-gap-default\">\n\t\t\t\t\t<div class=\"elementor-column elementor-col-33 elementor-inner-column elementor-element elementor-element-a6870c6\" data-id=\"a6870c6\" data-element_type=\"column\">\n\t\t\t<div class=\"elementor-widget-wrap\">\n\t\t\t\t\t\t\t<\/div>\n\t\t<\/div>\n\t\t\t\t<div class=\"elementor-column elementor-col-33 elementor-inner-column elementor-element elementor-element-8478c69\" data-id=\"8478c69\" data-element_type=\"column\">\n\t\t\t<div class=\"elementor-widget-wrap elementor-element-populated\">\n\t\t\t\t\t\t<div class=\"elementor-element elementor-element-7e17d2b elementor-widget-divider--view-line_icon elementor-view-default elementor-widget-divider--element-align-center elementor-widget elementor-widget-divider\" data-id=\"7e17d2b\" data-element_type=\"widget\" data-widget_type=\"divider.default\">\n\t\t\t\t<div class=\"elementor-widget-container\">\n\t\t\t\t\t\t\t<div class=\"elementor-divider\">\n\t\t\t<span class=\"elementor-divider-separator\">\n\t\t\t\t\t\t\t<div class=\"elementor-icon elementor-divider__element\">\n\t\t\t\t\t<i aria-hidden=\"true\" class=\"far fa-building\"><\/i><\/div>\n\t\t\t\t\t\t<\/span>\n\t\t<\/div>\n\t\t\t\t\t\t<\/div>\n\t\t\t\t<\/div>\n\t\t\t\t\t<\/div>\n\t\t<\/div>\n\t\t\t\t<div class=\"elementor-column elementor-col-33 elementor-inner-column elementor-element elementor-element-b0b7aa9\" data-id=\"b0b7aa9\" data-element_type=\"column\">\n\t\t\t<div class=\"elementor-widget-wrap\">\n\t\t\t\t\t\t\t<\/div>\n\t\t<\/div>\n\t\t\t\t\t<\/div>\n\t\t<\/section>\n\t\t\t\t<div class=\"elementor-element elementor-element-842b349 elementor-widget elementor-widget-heading\" data-id=\"842b349\" data-element_type=\"widget\" data-widget_type=\"heading.default\">\n\t\t\t\t<div class=\"elementor-widget-container\">\n\t\t\t\t\t<h2 class=\"elementor-heading-title elementor-size-default\">Emiliano Vazquez Maldonado<\/h2>\t\t\t\t<\/div>\n\t\t\t\t<\/div>\n\t\t\t\t<div class=\"elementor-element elementor-element-9ded115 elementor-icon-list--layout-traditional elementor-list-item-link-full_width elementor-widget elementor-widget-icon-list\" data-id=\"9ded115\" data-element_type=\"widget\" data-widget_type=\"icon-list.default\">\n\t\t\t\t<div class=\"elementor-widget-container\">\n\t\t\t\t\t\t\t<ul class=\"elementor-icon-list-items\">\n\t\t\t\t\t\t\t<li class=\"elementor-icon-list-item\">\n\t\t\t\t\t\t\t\t\t\t\t<span class=\"elementor-icon-list-icon\">\n\t\t\t\t\t\t\t<i aria-hidden=\"true\" class=\"fas fa-certificate\"><\/i>\t\t\t\t\t\t<\/span>\n\t\t\t\t\t\t\t\t\t\t<span class=\"elementor-icon-list-text\">C\u00e9dula profesional: xxxxxx<\/span>\n\t\t\t\t\t\t\t\t\t<\/li>\n\t\t\t\t\t\t\t\t<li class=\"elementor-icon-list-item\">\n\t\t\t\t\t\t\t\t\t\t\t<a href=\"https:\/\/caficon.info\/wp-content\/emiliano-vazquez.docx\">\n\n\t\t\t\t\t\t\t\t\t\t\t\t<span class=\"elementor-icon-list-icon\">\n\t\t\t\t\t\t\t<i aria-hidden=\"true\" class=\"fas fa-file-pdf\"><\/i>\t\t\t\t\t\t<\/span>\n\t\t\t\t\t\t\t\t\t\t<span class=\"elementor-icon-list-text\">CV<\/span>\n\t\t\t\t\t\t\t\t\t\t\t<\/a>\n\t\t\t\t\t\t\t\t\t<\/li>\n\t\t\t\t\t\t<\/ul>\n\t\t\t\t\t\t<\/div>\n\t\t\t\t<\/div>\n\t\t\t\t\t<\/div>\n\t\t<\/div>\n\t\t\t\t<div class=\"elementor-column elementor-col-50 elementor-top-column elementor-element elementor-element-825eb53\" data-id=\"825eb53\" data-element_type=\"column\">\n\t\t\t<div class=\"elementor-widget-wrap elementor-element-populated\">\n\t\t\t\t\t\t<div class=\"elementor-element elementor-element-9455531 elementor-widget elementor-widget-heading\" data-id=\"9455531\" data-element_type=\"widget\" data-widget_type=\"heading.default\">\n\t\t\t\t<div class=\"elementor-widget-container\">\n\t\t\t\t\t<h2 class=\"elementor-heading-title elementor-size-default\">Objetivos\u200b<\/h2>\t\t\t\t<\/div>\n\t\t\t\t<\/div>\n\t\t\t\t<div class=\"elementor-element elementor-element-fb6023d elementor-widget elementor-widget-text-editor\" data-id=\"fb6023d\" data-element_type=\"widget\" data-widget_type=\"text-editor.default\">\n\t\t\t\t<div class=\"elementor-widget-container\">\n\t\t\t\t\t\t\t\t\t<ul><li>Participar en una empresa que me permita mi desarrollo personal y profesional, con un continuo crecimiento y aprendizaje concatenado a la misi\u00f3n y visi\u00f3n de la misma.<\/li><\/ul>\t\t\t\t\t\t\t\t<\/div>\n\t\t\t\t<\/div>\n\t\t\t\t<div class=\"elementor-element elementor-element-e2d86f1 elementor-widget elementor-widget-heading\" data-id=\"e2d86f1\" data-element_type=\"widget\" data-widget_type=\"heading.default\">\n\t\t\t\t<div class=\"elementor-widget-container\">\n\t\t\t\t\t<h2 class=\"elementor-heading-title elementor-size-default\">Formaci\u00f3n Acad\u00e9mica<\/h2>\t\t\t\t<\/div>\n\t\t\t\t<\/div>\n\t\t\t\t<div class=\"elementor-element elementor-element-1d89220 elementor-widget elementor-widget-text-editor\" data-id=\"1d89220\" data-element_type=\"widget\" data-widget_type=\"text-editor.default\">\n\t\t\t\t<div class=\"elementor-widget-container\">\n\t\t\t\t\t\t\t\t\t<p><strong><span style=\"color: #000000;\">Licenciatura en Derecho<\/span><\/strong><\/p><p><span style=\"color: #000000;\">Universidad Aztl\u00e1n S.C. (2004-2008)<\/span><\/p><p><span style=\"color: #000000;\">Titulo<\/span><\/p><p><span style=\"color: #000000;\">C\u00e9dula Profesional n\u00famero 5985362<\/span><\/p><p><span style=\"color: #000000;\">experiencia<\/span><\/p><p>\u00a0<\/p><p><span style=\"color: #000000;\">Catedr\u00e1tico| Universidad Aztl\u00e1n S.C.<\/span><\/p><p><span style=\"color: #000000;\">Marzo 2010\u2013 Agosto 2010<\/span><\/p><p><span style=\"color: #000000;\">Impartiendo las materias de Derecho Mercantil, Derecho Laboral, Seguridad Social.<\/span><\/p><p>\u00a0<\/p><p><span style=\"color: #000000;\">Catedr\u00e1tico| Universidad de la Cuenca de Morelos.<\/span><\/p><p><span style=\"color: #000000;\">Agosto 2011\u2013 Agosto 2016.<\/span><\/p><p><span style=\"color: #000000;\">Impartiendo las materias de Metodolog\u00eda Jur\u00eddica u Argumentaci\u00f3n, Derecho Civil I, Derecho de la Seguridad Social, Derecho Notarial y Registral, Deontolog\u00eda Jur\u00eddica, Sistemas Jur\u00eddicos Contempor\u00e1neos, Derecho Penal I, Derecho Internacional P\u00fablico, Derecho Civil IV.<\/span><\/p><p><span style=\"color: #000000;\">Catedr\u00e1tico| Instituto Bonampak.<\/span><\/p><p><span style=\"color: #000000;\">Enero 2013\u2013 Enero 2014.<\/span><\/p><p><span style=\"color: #000000;\">Impartiendo las materias de Delitos Especiales, Derecho Internacional P\u00fablico, Derecho Agrario y Derecho y Turismo.<\/span><\/p><p>\u00a0<\/p><p><span style=\"color: #000000;\">Catedr\u00e1tico| Centro Internacional de Estudios Superiores.<\/span><\/p><p><span style=\"color: #000000;\">Junio 2013\u2013 Agosto 2018.<\/span><\/p><p><span style=\"color: #000000;\">Impartiendo las materias de Sucesiones, Teor\u00eda Pol\u00edtica, Introducci\u00f3n al Estudio del Derecho, Oratoria, Derecho Municipal, Derecho Mercantil II, Liderazgo Empresarial, Derecho Administrativo, Derecho Procesal Administrativo, Derecho Procesal Civil, Derecho Civil I.<\/span><\/p><p><span style=\"color: #000000;\">Docente| Universidad de Ciencias Jur\u00eddicas de Morelos.<\/span><\/p><p><span style=\"color: #000000;\">Agosto 2015\u2013 Agosto 2018.<\/span><\/p><p><span style=\"color: #000000;\">Impartiendo las materias de M\u00e9todos de Investigaci\u00f3n y Sistemas Jur\u00eddicos Contempor\u00e1neos.<\/span><\/p><p><span style=\"color: #000000;\">Coordinador de Litigio| Corporativo Jur\u00eddico Avil\u00e9s, S.C.<\/span><\/p><p><span style=\"color: #000000;\">Mayo 2018 \u2013 A la fecha<\/span><\/p><p>\u00a0<\/p><p><span style=\"color: #000000;\">Cursos adicionales.<\/span><\/p><p>\u00a0<\/p><ul><li><span style=\"color: #000000;\"><strong>Premio a la Excelencia Educativa como Docente<\/strong><\/span><\/li><\/ul><p><span style=\"color: #000000;\">Otorgado por la Alianza para la Educaci\u00f3n Superior<\/span><\/p><p><span style=\"color: #000000;\">Octubre 2013.<\/span><\/p><p><span style=\"color: #000000;\">Reconocimiento y Estatuilla Jos\u00e9 Vasconcelos.<\/span><\/p><p><span style=\"color: #000000;\">.<\/span><\/p><ul><li><span style=\"color: #000000;\"><strong>Maestrante<\/strong><\/span><\/li><\/ul><p><span style=\"color: #000000;\">Maestr\u00eda en Derecho y Especialidad en Derecho Corporativo<\/span><\/p><p><span style=\"color: #000000;\">Universidad Tecnol\u00f3gica de M\u00e9xico<\/span><\/p><p><span style=\"color: #000000;\">Agosto 2019 a la fecha.<\/span><\/p><p><span style=\"color: #000000;\">Ciudad de M\u00e9xico.<\/span><\/p>\t\t\t\t\t\t\t\t<\/div>\n\t\t\t\t<\/div>\n\t\t\t\t\t<\/div>\n\t\t<\/div>\n\t\t\t\t\t<\/div>\n\t\t<\/section>\n\t\t\t\t<\/div>\n\t\t","protected":false},"excerpt":{"rendered":"<p>Emiliano Vazquez Maldonado C\u00e9dula profesional: xxxxxx CV Objetivos\u200b Participar en una empresa que me permita mi desarrollo personal y profesional, con un continuo crecimiento y aprendizaje concatenado a la misi\u00f3n y visi\u00f3n de la misma. Formaci\u00f3n Acad\u00e9mica Licenciatura en Derecho Universidad Aztl\u00e1n S.C. (2004-2008) Titulo C\u00e9dula Profesional n\u00famero 5985362 experiencia \u00a0 Catedr\u00e1tico| Universidad Aztl\u00e1n S.C. [&hellip;]<\/p>\n","protected":false},"author":1,"featured_media":0,"parent":0,"menu_order":0,"comment_status":"closed","ping_status":"closed","template":"","meta":{"footnotes":""},"class_list":["post-21130","page","type-page","status-publish","hentry"],"_links":{"self":[{"href":"https:\/\/caficon.info\/index.php\/wp-json\/wp\/v2\/pages\/21130","targetHints":{"allow":["GET"]}}],"collection":[{"href":"https:\/\/caficon.info\/index.php\/wp-json\/wp\/v2\/pages"}],"about":[{"href":"https:\/\/caficon.info\/index.php\/wp-json\/wp\/v2\/types\/page"}],"author":[{"embeddable":true,"href":"https:\/\/caficon.info\/index.php\/wp-json\/wp\/v2\/users\/1"}],"replies":[{"embeddable":true,"href":"https:\/\/caficon.info\/index.php\/wp-json\/wp\/v2\/comments?post=21130"}],"version-history":[{"count":16,"href":"https:\/\/caficon.info\/index.php\/wp-json\/wp\/v2\/pages\/21130\/revisions"}],"predecessor-version":[{"id":21149,"href":"https:\/\/caficon.info\/index.php\/wp-json\/wp\/v2\/pages\/21130\/revisions\/21149"}],"wp:attachment":[{"href":"https:\/\/caficon.info\/index.php\/wp-json\/wp\/v2\/media?parent=21130"}],"curies":[{"name":"wp","href":"https:\/\/api.w.org\/{rel}","templated":true}]}}