{"id":21861,"date":"2022-03-17T23:26:58","date_gmt":"2022-03-17T23:26:58","guid":{"rendered":"https:\/\/caficon.info\/?page_id=21861"},"modified":"2023-05-15T16:30:09","modified_gmt":"2023-05-15T16:30:09","slug":"mas-asesores","status":"publish","type":"page","link":"https:\/\/caficon.info\/index.php\/mas-asesores\/","title":{"rendered":"Mas Asesores"},"content":{"rendered":"\t\t<div data-elementor-type=\"wp-page\" data-elementor-id=\"21861\" class=\"elementor elementor-21861\" data-elementor-post-type=\"page\">\n\t\t\t\t\t\t<section class=\"elementor-section elementor-top-section elementor-element elementor-element-919ba7d elementor-hidden-mobile elementor-hidden-tablet elementor-section-boxed elementor-section-height-default elementor-section-height-default\" data-id=\"919ba7d\" data-element_type=\"section\">\n\t\t\t\t\t\t<div class=\"elementor-container elementor-column-gap-default\">\n\t\t\t\t\t<div class=\"elementor-column elementor-col-50 elementor-top-column elementor-element elementor-element-62a192e\" data-id=\"62a192e\" data-element_type=\"column\">\n\t\t\t<div class=\"elementor-widget-wrap elementor-element-populated\">\n\t\t\t\t\t\t<div class=\"elementor-element elementor-element-d79946f elementor-widget elementor-widget-spacer\" data-id=\"d79946f\" data-element_type=\"widget\" data-widget_type=\"spacer.default\">\n\t\t\t\t<div class=\"elementor-widget-container\">\n\t\t\t\t\t\t\t<div class=\"elementor-spacer\">\n\t\t\t<div class=\"elementor-spacer-inner\"><\/div>\n\t\t<\/div>\n\t\t\t\t\t\t<\/div>\n\t\t\t\t<\/div>\n\t\t\t\t<div class=\"elementor-element elementor-element-9893505 elementor-widget elementor-widget-image\" data-id=\"9893505\" data-element_type=\"widget\" data-widget_type=\"image.default\">\n\t\t\t\t<div class=\"elementor-widget-container\">\n\t\t\t\t\t\t\t\t\t\t\t\t\t\t\t<img decoding=\"async\" src=\"https:\/\/caficon.info\/wp-content\/uploads\/2022\/02\/legales.png\" title=\"legales\" alt=\"legales\" class=\"elementor-animation-shrink\" loading=\"lazy\" \/>\t\t\t\t\t\t\t\t\t\t\t\t\t\t\t<\/div>\n\t\t\t\t<\/div>\n\t\t\t\t<div class=\"elementor-element elementor-element-ce75850 elementor-widget elementor-widget-heading\" data-id=\"ce75850\" data-element_type=\"widget\" data-widget_type=\"heading.default\">\n\t\t\t\t<div class=\"elementor-widget-container\">\n\t\t\t\t\t<h6 class=\"elementor-heading-title elementor-size-default\">Licenciado en Derecho y Maestro en Derecho Penal y Criminolog\u00eda<\/h6>\t\t\t\t<\/div>\n\t\t\t\t<\/div>\n\t\t\t\t<div class=\"elementor-element elementor-element-5451620 elementor-widget elementor-widget-heading\" data-id=\"5451620\" data-element_type=\"widget\" data-widget_type=\"heading.default\">\n\t\t\t\t<div class=\"elementor-widget-container\">\n\t\t\t\t\t<h2 class=\"elementor-heading-title elementor-size-default\">Ram\u00f3n Cereceda Avila<\/h2>\t\t\t\t<\/div>\n\t\t\t\t<\/div>\n\t\t\t\t<div class=\"elementor-element elementor-element-a8132e6 elementor-widget elementor-widget-heading\" data-id=\"a8132e6\" data-element_type=\"widget\" data-widget_type=\"heading.default\">\n\t\t\t\t<div class=\"elementor-widget-container\">\n\t\t\t\t\t<span class=\"elementor-heading-title elementor-size-default\"><a href=\"https:\/\/caficon.info\/index.php\/ramon-cereceda-avila\/\">ver perfil <\/a><\/span>\t\t\t\t<\/div>\n\t\t\t\t<\/div>\n\t\t\t\t\t<\/div>\n\t\t<\/div>\n\t\t\t\t<div class=\"elementor-column elementor-col-50 elementor-top-column elementor-element elementor-element-7534ccf\" data-id=\"7534ccf\" data-element_type=\"column\">\n\t\t\t<div class=\"elementor-widget-wrap elementor-element-populated\">\n\t\t\t\t\t\t<div class=\"elementor-element elementor-element-68ffe08 elementor-widget elementor-widget-spacer\" data-id=\"68ffe08\" data-element_type=\"widget\" data-widget_type=\"spacer.default\">\n\t\t\t\t<div class=\"elementor-widget-container\">\n\t\t\t\t\t\t\t<div class=\"elementor-spacer\">\n\t\t\t<div class=\"elementor-spacer-inner\"><\/div>\n\t\t<\/div>\n\t\t\t\t\t\t<\/div>\n\t\t\t\t<\/div>\n\t\t\t\t<div class=\"elementor-element elementor-element-39569a4 elementor-widget elementor-widget-image\" data-id=\"39569a4\" data-element_type=\"widget\" data-widget_type=\"image.default\">\n\t\t\t\t<div class=\"elementor-widget-container\">\n\t\t\t\t\t\t\t\t\t\t\t\t\t\t\t<img fetchpriority=\"high\" decoding=\"async\" width=\"750\" height=\"750\" src=\"https:\/\/caficon.info\/wp-content\/uploads\/2022\/01\/Logo-1-2.png\" class=\"elementor-animation-shrink attachment-large size-large wp-image-17850\" alt=\"\" srcset=\"https:\/\/caficon.info\/wp-content\/uploads\/2022\/01\/Logo-1-2.png 750w, https:\/\/caficon.info\/wp-content\/uploads\/2022\/01\/Logo-1-2-300x300.png 300w, https:\/\/caficon.info\/wp-content\/uploads\/2022\/01\/Logo-1-2-150x150.png 150w, https:\/\/caficon.info\/wp-content\/uploads\/2022\/01\/Logo-1-2-600x600.png 600w, https:\/\/caficon.info\/wp-content\/uploads\/2022\/01\/Logo-1-2-100x100.png 100w\" sizes=\"(max-width: 750px) 100vw, 750px\" \/>\t\t\t\t\t\t\t\t\t\t\t\t\t\t\t<\/div>\n\t\t\t\t<\/div>\n\t\t\t\t<div class=\"elementor-element elementor-element-4b10743 elementor-widget elementor-widget-heading\" data-id=\"4b10743\" data-element_type=\"widget\" data-widget_type=\"heading.default\">\n\t\t\t\t<div class=\"elementor-widget-container\">\n\t\t\t\t\t<h6 class=\"elementor-heading-title elementor-size-default\">Licenciado en derecho.<\/h6>\t\t\t\t<\/div>\n\t\t\t\t<\/div>\n\t\t\t\t<div class=\"elementor-element elementor-element-5ed7945 elementor-widget elementor-widget-heading\" data-id=\"5ed7945\" data-element_type=\"widget\" data-widget_type=\"heading.default\">\n\t\t\t\t<div class=\"elementor-widget-container\">\n\t\t\t\t\t<h2 class=\"elementor-heading-title elementor-size-default\">Antonio Hinojosa V\u00e1zquez<\/h2>\t\t\t\t<\/div>\n\t\t\t\t<\/div>\n\t\t\t\t<div class=\"elementor-element elementor-element-829d5b2 elementor-widget elementor-widget-heading\" data-id=\"829d5b2\" data-element_type=\"widget\" data-widget_type=\"heading.default\">\n\t\t\t\t<div class=\"elementor-widget-container\">\n\t\t\t\t\t<span class=\"elementor-heading-title elementor-size-default\"><a href=\"https:\/\/caficon.info\/index.php\/antonio-hinojoza-vazquez\/\">ver perfil <\/a><\/span>\t\t\t\t<\/div>\n\t\t\t\t<\/div>\n\t\t\t\t\t<\/div>\n\t\t<\/div>\n\t\t\t\t\t<\/div>\n\t\t<\/section>\n\t\t\t\t<section class=\"elementor-section elementor-top-section elementor-element elementor-element-583f314 elementor-hidden-mobile elementor-hidden-tablet elementor-section-boxed elementor-section-height-default elementor-section-height-default\" data-id=\"583f314\" data-element_type=\"section\">\n\t\t\t\t\t\t<div class=\"elementor-container elementor-column-gap-default\">\n\t\t\t\t\t<div class=\"elementor-column elementor-col-50 elementor-top-column elementor-element elementor-element-caa0242\" data-id=\"caa0242\" data-element_type=\"column\">\n\t\t\t<div class=\"elementor-widget-wrap elementor-element-populated\">\n\t\t\t\t\t\t<div class=\"elementor-element elementor-element-0564209 elementor-widget elementor-widget-spacer\" data-id=\"0564209\" data-element_type=\"widget\" data-widget_type=\"spacer.default\">\n\t\t\t\t<div class=\"elementor-widget-container\">\n\t\t\t\t\t\t\t<div class=\"elementor-spacer\">\n\t\t\t<div class=\"elementor-spacer-inner\"><\/div>\n\t\t<\/div>\n\t\t\t\t\t\t<\/div>\n\t\t\t\t<\/div>\n\t\t\t\t<div class=\"elementor-element elementor-element-98b20ca elementor-widget elementor-widget-image\" data-id=\"98b20ca\" data-element_type=\"widget\" data-widget_type=\"image.default\">\n\t\t\t\t<div class=\"elementor-widget-container\">\n\t\t\t\t\t\t\t\t\t\t\t\t\t\t\t<img decoding=\"async\" width=\"720\" height=\"720\" src=\"https:\/\/caficon.info\/wp-content\/uploads\/2022\/02\/legales3.png\" class=\"elementor-animation-shrink attachment-large size-large wp-image-21145\" alt=\"\" srcset=\"https:\/\/caficon.info\/wp-content\/uploads\/2022\/02\/legales3.png 720w, https:\/\/caficon.info\/wp-content\/uploads\/2022\/02\/legales3-300x300.png 300w, https:\/\/caficon.info\/wp-content\/uploads\/2022\/02\/legales3-150x150.png 150w, https:\/\/caficon.info\/wp-content\/uploads\/2022\/02\/legales3-600x600.png 600w, https:\/\/caficon.info\/wp-content\/uploads\/2022\/02\/legales3-100x100.png 100w\" sizes=\"(max-width: 720px) 100vw, 720px\" \/>\t\t\t\t\t\t\t\t\t\t\t\t\t\t\t<\/div>\n\t\t\t\t<\/div>\n\t\t\t\t<div class=\"elementor-element elementor-element-2479c97 elementor-widget elementor-widget-heading\" data-id=\"2479c97\" data-element_type=\"widget\" data-widget_type=\"heading.default\">\n\t\t\t\t<div class=\"elementor-widget-container\">\n\t\t\t\t\t<h6 class=\"elementor-heading-title elementor-size-default\">Licenciado en derecho.<\/h6>\t\t\t\t<\/div>\n\t\t\t\t<\/div>\n\t\t\t\t<div class=\"elementor-element elementor-element-e7358ab elementor-widget elementor-widget-heading\" data-id=\"e7358ab\" data-element_type=\"widget\" data-widget_type=\"heading.default\">\n\t\t\t\t<div class=\"elementor-widget-container\">\n\t\t\t\t\t<h2 class=\"elementor-heading-title elementor-size-default\">Emiliano V\u00e1zquez Maldonado<\/h2>\t\t\t\t<\/div>\n\t\t\t\t<\/div>\n\t\t\t\t<div class=\"elementor-element elementor-element-6c2b7f5 elementor-widget elementor-widget-heading\" data-id=\"6c2b7f5\" data-element_type=\"widget\" data-widget_type=\"heading.default\">\n\t\t\t\t<div class=\"elementor-widget-container\">\n\t\t\t\t\t<span class=\"elementor-heading-title elementor-size-default\"><a href=\"https:\/\/caficon.info\/index.php\/emiliano-vazquez-maldonado\/\">ver perfil <\/a><\/span>\t\t\t\t<\/div>\n\t\t\t\t<\/div>\n\t\t\t\t\t<\/div>\n\t\t<\/div>\n\t\t\t\t<div class=\"elementor-column elementor-col-50 elementor-top-column elementor-element elementor-element-c909b12\" data-id=\"c909b12\" data-element_type=\"column\">\n\t\t\t<div class=\"elementor-widget-wrap elementor-element-populated\">\n\t\t\t\t\t\t<div class=\"elementor-element elementor-element-abfd653 elementor-widget elementor-widget-spacer\" data-id=\"abfd653\" data-element_type=\"widget\" data-widget_type=\"spacer.default\">\n\t\t\t\t<div class=\"elementor-widget-container\">\n\t\t\t\t\t\t\t<div class=\"elementor-spacer\">\n\t\t\t<div class=\"elementor-spacer-inner\"><\/div>\n\t\t<\/div>\n\t\t\t\t\t\t<\/div>\n\t\t\t\t<\/div>\n\t\t\t\t<div class=\"elementor-element elementor-element-7690299 elementor-widget elementor-widget-image\" data-id=\"7690299\" data-element_type=\"widget\" data-widget_type=\"image.default\">\n\t\t\t\t<div class=\"elementor-widget-container\">\n\t\t\t\t\t\t\t\t\t\t\t\t\t\t\t<img decoding=\"async\" src=\"https:\/\/caficon.info\/wp-content\/uploads\/2022\/08\/arturo.png\" title=\"arturo\" alt=\"arturo\" class=\"elementor-animation-shrink\" loading=\"lazy\" \/>\t\t\t\t\t\t\t\t\t\t\t\t\t\t\t<\/div>\n\t\t\t\t<\/div>\n\t\t\t\t<div class=\"elementor-element elementor-element-2b6c68e elementor-widget elementor-widget-heading\" data-id=\"2b6c68e\" data-element_type=\"widget\" data-widget_type=\"heading.default\">\n\t\t\t\t<div class=\"elementor-widget-container\">\n\t\t\t\t\t<h6 class=\"elementor-heading-title elementor-size-default\">Licenciado en Derecho y Maestro en Derecho Penal y Criminolog\u00eda<\/h6>\t\t\t\t<\/div>\n\t\t\t\t<\/div>\n\t\t\t\t<div class=\"elementor-element elementor-element-4e5ced6 elementor-widget elementor-widget-heading\" data-id=\"4e5ced6\" data-element_type=\"widget\" data-widget_type=\"heading.default\">\n\t\t\t\t<div class=\"elementor-widget-container\">\n\t\t\t\t\t<h2 class=\"elementor-heading-title elementor-size-default\">Arturo Trujillo Rayon<\/h2>\t\t\t\t<\/div>\n\t\t\t\t<\/div>\n\t\t\t\t<div class=\"elementor-element elementor-element-b9ca2a8 elementor-widget elementor-widget-heading\" data-id=\"b9ca2a8\" data-element_type=\"widget\" data-widget_type=\"heading.default\">\n\t\t\t\t<div class=\"elementor-widget-container\">\n\t\t\t\t\t<span class=\"elementor-heading-title elementor-size-default\"><a href=\"https:\/\/caficon.info\/index.php\/arturo-trujillo-rayon\/\">ver perfil <\/a><\/span>\t\t\t\t<\/div>\n\t\t\t\t<\/div>\n\t\t\t\t\t<\/div>\n\t\t<\/div>\n\t\t\t\t\t<\/div>\n\t\t<\/section>\n\t\t\t\t<section class=\"elementor-section elementor-top-section elementor-element elementor-element-1753251 elementor-hidden-mobile elementor-hidden-tablet elementor-section-boxed elementor-section-height-default elementor-section-height-default\" data-id=\"1753251\" data-element_type=\"section\">\n\t\t\t\t\t\t<div class=\"elementor-container elementor-column-gap-default\">\n\t\t\t\t\t<div class=\"elementor-column elementor-col-50 elementor-top-column elementor-element elementor-element-e88ab45\" data-id=\"e88ab45\" data-element_type=\"column\">\n\t\t\t<div class=\"elementor-widget-wrap elementor-element-populated\">\n\t\t\t\t\t\t<div class=\"elementor-element elementor-element-53284f5 elementor-widget elementor-widget-spacer\" data-id=\"53284f5\" data-element_type=\"widget\" data-widget_type=\"spacer.default\">\n\t\t\t\t<div class=\"elementor-widget-container\">\n\t\t\t\t\t\t\t<div class=\"elementor-spacer\">\n\t\t\t<div class=\"elementor-spacer-inner\"><\/div>\n\t\t<\/div>\n\t\t\t\t\t\t<\/div>\n\t\t\t\t<\/div>\n\t\t\t\t<div class=\"elementor-element elementor-element-f303007 elementor-widget elementor-widget-image\" data-id=\"f303007\" data-element_type=\"widget\" data-widget_type=\"image.default\">\n\t\t\t\t<div class=\"elementor-widget-container\">\n\t\t\t\t\t\t\t\t\t\t\t\t\t\t\t<img decoding=\"async\" width=\"720\" height=\"720\" src=\"https:\/\/caficon.info\/wp-content\/uploads\/2022\/08\/OSCAR-JAIRO-ZALDIVAR-ZAMORANO.jpg\" class=\"elementor-animation-shrink attachment-large size-large wp-image-25383\" alt=\"\" srcset=\"https:\/\/caficon.info\/wp-content\/uploads\/2022\/08\/OSCAR-JAIRO-ZALDIVAR-ZAMORANO.jpg 720w, https:\/\/caficon.info\/wp-content\/uploads\/2022\/08\/OSCAR-JAIRO-ZALDIVAR-ZAMORANO-300x300.jpg 300w, https:\/\/caficon.info\/wp-content\/uploads\/2022\/08\/OSCAR-JAIRO-ZALDIVAR-ZAMORANO-150x150.jpg 150w, https:\/\/caficon.info\/wp-content\/uploads\/2022\/08\/OSCAR-JAIRO-ZALDIVAR-ZAMORANO-600x600.jpg 600w, https:\/\/caficon.info\/wp-content\/uploads\/2022\/08\/OSCAR-JAIRO-ZALDIVAR-ZAMORANO-100x100.jpg 100w\" sizes=\"(max-width: 720px) 100vw, 720px\" \/>\t\t\t\t\t\t\t\t\t\t\t\t\t\t\t<\/div>\n\t\t\t\t<\/div>\n\t\t\t\t<div class=\"elementor-element elementor-element-f79c030 elementor-widget elementor-widget-heading\" data-id=\"f79c030\" data-element_type=\"widget\" data-widget_type=\"heading.default\">\n\t\t\t\t<div class=\"elementor-widget-container\">\n\t\t\t\t\t<h6 class=\"elementor-heading-title elementor-size-default\">Licenciado en derecho.<\/h6>\t\t\t\t<\/div>\n\t\t\t\t<\/div>\n\t\t\t\t<div class=\"elementor-element elementor-element-ff42868 elementor-widget elementor-widget-heading\" data-id=\"ff42868\" data-element_type=\"widget\" data-widget_type=\"heading.default\">\n\t\t\t\t<div class=\"elementor-widget-container\">\n\t\t\t\t\t<h2 class=\"elementor-heading-title elementor-size-default\">\u00d3scar Jairo Zaldivar Zamorano<\/h2>\t\t\t\t<\/div>\n\t\t\t\t<\/div>\n\t\t\t\t<div class=\"elementor-element elementor-element-539f4c9 elementor-widget elementor-widget-heading\" data-id=\"539f4c9\" data-element_type=\"widget\" data-widget_type=\"heading.default\">\n\t\t\t\t<div class=\"elementor-widget-container\">\n\t\t\t\t\t<span class=\"elementor-heading-title elementor-size-default\"><a href=\"https:\/\/caficon.info\/index.php\/oscar-jairo-zaldivar-zamorano\/\">ver perfil <\/a><\/span>\t\t\t\t<\/div>\n\t\t\t\t<\/div>\n\t\t\t\t\t<\/div>\n\t\t<\/div>\n\t\t\t\t<div class=\"elementor-column elementor-col-50 elementor-top-column elementor-element elementor-element-bda1e71\" data-id=\"bda1e71\" data-element_type=\"column\">\n\t\t\t<div class=\"elementor-widget-wrap elementor-element-populated\">\n\t\t\t\t\t\t<div class=\"elementor-element elementor-element-923c4f2 elementor-widget elementor-widget-spacer\" data-id=\"923c4f2\" data-element_type=\"widget\" data-widget_type=\"spacer.default\">\n\t\t\t\t<div class=\"elementor-widget-container\">\n\t\t\t\t\t\t\t<div class=\"elementor-spacer\">\n\t\t\t<div class=\"elementor-spacer-inner\"><\/div>\n\t\t<\/div>\n\t\t\t\t\t\t<\/div>\n\t\t\t\t<\/div>\n\t\t\t\t<div class=\"elementor-element elementor-element-42e914d elementor-widget elementor-widget-image\" data-id=\"42e914d\" data-element_type=\"widget\" data-widget_type=\"image.default\">\n\t\t\t\t<div class=\"elementor-widget-container\">\n\t\t\t\t\t\t\t\t\t\t\t\t\t\t\t<img loading=\"lazy\" decoding=\"async\" width=\"720\" height=\"720\" src=\"https:\/\/caficon.info\/wp-content\/uploads\/2022\/08\/Espinoza-Caballero-Pablo-Adrian.png\" class=\"elementor-animation-shrink attachment-large size-large wp-image-25384\" alt=\"\" srcset=\"https:\/\/caficon.info\/wp-content\/uploads\/2022\/08\/Espinoza-Caballero-Pablo-Adrian.png 720w, https:\/\/caficon.info\/wp-content\/uploads\/2022\/08\/Espinoza-Caballero-Pablo-Adrian-300x300.png 300w, https:\/\/caficon.info\/wp-content\/uploads\/2022\/08\/Espinoza-Caballero-Pablo-Adrian-150x150.png 150w, https:\/\/caficon.info\/wp-content\/uploads\/2022\/08\/Espinoza-Caballero-Pablo-Adrian-600x600.png 600w, https:\/\/caficon.info\/wp-content\/uploads\/2022\/08\/Espinoza-Caballero-Pablo-Adrian-100x100.png 100w\" sizes=\"(max-width: 720px) 100vw, 720px\" \/>\t\t\t\t\t\t\t\t\t\t\t\t\t\t\t<\/div>\n\t\t\t\t<\/div>\n\t\t\t\t<div class=\"elementor-element elementor-element-c21ffc2 elementor-widget elementor-widget-heading\" data-id=\"c21ffc2\" data-element_type=\"widget\" data-widget_type=\"heading.default\">\n\t\t\t\t<div class=\"elementor-widget-container\">\n\t\t\t\t\t<h6 class=\"elementor-heading-title elementor-size-default\">Licenciado en derecho.<\/h6>\t\t\t\t<\/div>\n\t\t\t\t<\/div>\n\t\t\t\t<div class=\"elementor-element elementor-element-df259eb elementor-widget elementor-widget-heading\" data-id=\"df259eb\" data-element_type=\"widget\" data-widget_type=\"heading.default\">\n\t\t\t\t<div class=\"elementor-widget-container\">\n\t\t\t\t\t<h2 class=\"elementor-heading-title elementor-size-default\">Pablo Adri\u00e1n Espinoza Caballero.<\/h2>\t\t\t\t<\/div>\n\t\t\t\t<\/div>\n\t\t\t\t<div class=\"elementor-element elementor-element-27602a7 elementor-widget elementor-widget-heading\" data-id=\"27602a7\" data-element_type=\"widget\" data-widget_type=\"heading.default\">\n\t\t\t\t<div class=\"elementor-widget-container\">\n\t\t\t\t\t<span class=\"elementor-heading-title elementor-size-default\"><a href=\"https:\/\/caficon.info\/index.php\/pablo-adrian-espinoza-caballero\/\">ver perfil <\/a><\/span>\t\t\t\t<\/div>\n\t\t\t\t<\/div>\n\t\t\t\t\t<\/div>\n\t\t<\/div>\n\t\t\t\t\t<\/div>\n\t\t<\/section>\n\t\t\t\t<\/div>\n\t\t","protected":false},"excerpt":{"rendered":"<p>Licenciado en Derecho y Maestro en Derecho Penal y Criminolog\u00eda Ram\u00f3n Cereceda Avila ver perfil Licenciado en derecho. Antonio Hinojosa V\u00e1zquez ver perfil Licenciado en derecho. Emiliano V\u00e1zquez Maldonado ver perfil Licenciado en Derecho y Maestro en Derecho Penal y Criminolog\u00eda Arturo Trujillo Rayon ver perfil Licenciado en derecho. \u00d3scar Jairo Zaldivar Zamorano ver perfil [&hellip;]<\/p>\n","protected":false},"author":1,"featured_media":0,"parent":0,"menu_order":0,"comment_status":"closed","ping_status":"closed","template":"","meta":{"footnotes":""},"class_list":["post-21861","page","type-page","status-publish","hentry"],"_links":{"self":[{"href":"https:\/\/caficon.info\/index.php\/wp-json\/wp\/v2\/pages\/21861","targetHints":{"allow":["GET"]}}],"collection":[{"href":"https:\/\/caficon.info\/index.php\/wp-json\/wp\/v2\/pages"}],"about":[{"href":"https:\/\/caficon.info\/index.php\/wp-json\/wp\/v2\/types\/page"}],"author":[{"embeddable":true,"href":"https:\/\/caficon.info\/index.php\/wp-json\/wp\/v2\/users\/1"}],"replies":[{"embeddable":true,"href":"https:\/\/caficon.info\/index.php\/wp-json\/wp\/v2\/comments?post=21861"}],"version-history":[{"count":22,"href":"https:\/\/caficon.info\/index.php\/wp-json\/wp\/v2\/pages\/21861\/revisions"}],"predecessor-version":[{"id":31021,"href":"https:\/\/caficon.info\/index.php\/wp-json\/wp\/v2\/pages\/21861\/revisions\/31021"}],"wp:attachment":[{"href":"https:\/\/caficon.info\/index.php\/wp-json\/wp\/v2\/media?parent=21861"}],"curies":[{"name":"wp","href":"https:\/\/api.w.org\/{rel}","templated":true}]}}