{"id":22123,"date":"2022-03-29T19:52:12","date_gmt":"2022-03-29T19:52:12","guid":{"rendered":"https:\/\/caficon.info\/?page_id=22123"},"modified":"2022-03-29T21:46:53","modified_gmt":"2022-03-29T21:46:53","slug":"panorama-y-defensa-efos-y-edos-2022","status":"publish","type":"page","link":"https:\/\/caficon.info\/index.php\/panorama-y-defensa-efos-y-edos-2022\/","title":{"rendered":"Panorama y Defensa Efos y Edos 2022"},"content":{"rendered":"\t\t<div data-elementor-type=\"wp-page\" data-elementor-id=\"22123\" class=\"elementor elementor-22123\" data-elementor-post-type=\"page\">\n\t\t\t\t\t\t<section class=\"elementor-section elementor-top-section elementor-element elementor-element-86c3f04 elementor-section-boxed elementor-section-height-default elementor-section-height-default\" data-id=\"86c3f04\" data-element_type=\"section\">\n\t\t\t\t\t\t<div class=\"elementor-container elementor-column-gap-default\">\n\t\t\t\t\t<div class=\"elementor-column elementor-col-100 elementor-top-column elementor-element elementor-element-5afb14e\" data-id=\"5afb14e\" data-element_type=\"column\">\n\t\t\t<div class=\"elementor-widget-wrap\">\n\t\t\t\t\t\t\t<\/div>\n\t\t<\/div>\n\t\t\t\t\t<\/div>\n\t\t<\/section>\n\t\t\t\t<section class=\"elementor-section elementor-top-section elementor-element elementor-element-19dc22f elementor-section-full_width elementor-section-height-default elementor-section-height-default\" data-id=\"19dc22f\" data-element_type=\"section\">\n\t\t\t\t\t\t<div class=\"elementor-container elementor-column-gap-default\">\n\t\t\t\t\t<div class=\"elementor-column elementor-col-100 elementor-top-column elementor-element elementor-element-6ac28ba\" data-id=\"6ac28ba\" data-element_type=\"column\">\n\t\t\t<div class=\"elementor-widget-wrap elementor-element-populated\">\n\t\t\t\t\t\t<div class=\"elementor-element elementor-element-e8f8893 elementor-widget elementor-widget-heading\" data-id=\"e8f8893\" data-element_type=\"widget\" data-widget_type=\"heading.default\">\n\t\t\t\t<div class=\"elementor-widget-container\">\n\t\t\t\t\t<h2 class=\"elementor-heading-title elementor-size-default\">Que encontraras en el Temario<\/h2>\t\t\t\t<\/div>\n\t\t\t\t<\/div>\n\t\t\t\t\t<\/div>\n\t\t<\/div>\n\t\t\t\t\t<\/div>\n\t\t<\/section>\n\t\t\t\t<section class=\"elementor-section elementor-top-section elementor-element elementor-element-fdcc4db elementor-section-full_width elementor-section-height-default elementor-section-height-default\" data-id=\"fdcc4db\" data-element_type=\"section\">\n\t\t\t\t\t\t<div class=\"elementor-container elementor-column-gap-default\">\n\t\t\t\t\t<div class=\"elementor-column elementor-col-25 elementor-top-column elementor-element elementor-element-5551915\" data-id=\"5551915\" data-element_type=\"column\">\n\t\t\t<div class=\"elementor-widget-wrap elementor-element-populated\">\n\t\t\t\t\t\t\t<\/div>\n\t\t<\/div>\n\t\t\t\t<div class=\"elementor-column elementor-col-25 elementor-top-column elementor-element elementor-element-0e42adf\" data-id=\"0e42adf\" data-element_type=\"column\">\n\t\t\t<div class=\"elementor-widget-wrap elementor-element-populated\">\n\t\t\t\t\t\t<div class=\"elementor-element elementor-element-58040fe elementor-widget elementor-widget-text-editor\" data-id=\"58040fe\" data-element_type=\"widget\" data-widget_type=\"text-editor.default\">\n\t\t\t\t<div class=\"elementor-widget-container\">\n\t\t\t\t\t\t\t\t\t<p><span style=\"color: #ff6600;\"><strong>Objetivo<\/strong><\/span><\/p><p>El participante podr\u00e1:<\/p><ul><li>Identificar e implementar las estrategias de recuperaci\u00f3n de la recaudaci\u00f3n perdida, derivado de las operaciones inexistentes o venta de facturas.<\/li><li>Determinar\u00e1s el grado de vulnerabilidad en el que se encuentra tu empresa.<\/li><li>Alejar a tu empresa de acciones invasivas que pudieran afectarle con las autoridades fiscales y penales.<\/li><\/ul><p><span style=\"color: #ff6600;\"><strong>Dirigido<\/strong><\/span><\/p><ul><li>Contadores<\/li><li>Abogados<\/li><li>Administradores<\/li><li>Empresarios<\/li><li>P\u00fablico en general interesado en el tema<\/li><\/ul>\t\t\t\t\t\t\t\t<\/div>\n\t\t\t\t<\/div>\n\t\t\t\t\t<\/div>\n\t\t<\/div>\n\t\t\t\t<div class=\"elementor-column elementor-col-25 elementor-top-column elementor-element elementor-element-4885f03\" data-id=\"4885f03\" data-element_type=\"column\">\n\t\t\t<div class=\"elementor-widget-wrap elementor-element-populated\">\n\t\t\t\t\t\t<div class=\"elementor-element elementor-element-b50f5d4 elementor-widget elementor-widget-text-editor\" data-id=\"b50f5d4\" data-element_type=\"widget\" data-widget_type=\"text-editor.default\">\n\t\t\t\t<div class=\"elementor-widget-container\">\n\t\t\t\t\t\t\t\t\t<h5><span style=\"color: #ff6600;\">Temario:<\/span><\/h5><p>\u00a0 \u00a0<\/p><p><strong>Origen de las presunciones en materia fiscal<\/strong><\/p><ul><li>Cambio de paradigma<\/li><li>Art\u00edculo 69-B<\/li><li>Alcance<\/li><li>Resultados de la aplicaci\u00f3n del art\u00edculo 69-B<\/li><\/ul><p><strong>Operaciones inexistentes<\/strong><\/p><ul><li>Fundamento legal<\/li><li>Procedimiento<\/li><li>Implicaciones<\/li><li>Listados que se publican como consecuencia del art\u00edculo 69-B CFF<\/li><li>\u00bfY el listado de las EDOS 2020?<\/li><li>Consecuencias fiscales<\/li><li>Consecuencias penales<ul><li>Delitos que se configuran<\/li><li>Ausencia de beneficios penales<\/li><li>Delincuencia organizada<\/li><li>Prisi\u00f3n preventiva<\/li><li>Extinci\u00f3n de dominio<\/li><\/ul><\/li><li>Tipos de EDOS<ul><li>\u00a0Inocentes<ul><li>Conocen el CFDI<\/li><li>No conocen el CFDI<\/li><\/ul><\/li><li>Culpables<\/li><\/ul><\/li><\/ul><p><strong>Plan de la autoridad ante operaciones inexistentes<\/strong><\/p><ul><li>Primera parte: 69-B EFOS<\/li><li>Segunda parte: Recuperar de las EDOS Acciones de la autoridad hacia las EDOS<ul><li>Facultades de gesti\u00f3n.\u00a0Cartas invitaci\u00f3n en materia de operaciones simuladas.<ul><li>Origen de la informaci\u00f3n que puede motivar una\u00a0carta invitaci\u00f3n<\/li><li>Art\u00edculo 63 CFF.<\/li><li>Destinatarios de cartas invitaci\u00f3n EFOS o\u00a0EDOS.<\/li><li>Consecuencias de no atender la carta invitaci\u00f3n<\/li><li>CSD y cartas invitaci\u00f3n<\/li><li>Defensa, Jurisprudencia y qu\u00e9 esperar en\u00a0tribunales.<\/li><li>Restricci\u00f3n de CSD despu\u00e9s del listado de EDOS<\/li><\/ul><\/li><li>Procedimientos de Fiscalizaci\u00f3n<ul><li>Visita domiciliaria, revisi\u00f3n de gabinete o revisi\u00f3n electr\u00f3nica<\/li><li>Acuerdos conclusivos como acci\u00f3n obligada<\/li><li>Defensa administrativa y Jurisprudencia del TFJA<\/li><li>Defensa en amparo indispensable por inconstitucionalidad\/interpretaci\u00f3n conforme.<\/li><\/ul><\/li><li>Restricci\u00f3n y cancelaci\u00f3n CSD<ul><li>Aclaraci\u00f3n<\/li><li>Amparo<\/li><\/ul><\/li><li>Facultades adicionales<ul><li>Responsabilidad solidaria<\/li><li>Imposibilidad para cancelar RFC<\/li><\/ul><\/li><\/ul><\/li><li>Procesos penales<ul><li>EFOS<\/li><li>EDOS.<ul><li>Posibles modalidades:<ul><li>Imputado<\/li><li>Testigo<\/li><li>Recaracterizaci\u00f3n<\/li><\/ul><\/li><\/ul><\/li><\/ul><\/li><\/ul>\t\t\t\t\t\t\t\t<\/div>\n\t\t\t\t<\/div>\n\t\t\t\t\t<\/div>\n\t\t<\/div>\n\t\t\t\t<div class=\"elementor-column elementor-col-25 elementor-top-column elementor-element elementor-element-de3d8c4\" data-id=\"de3d8c4\" data-element_type=\"column\">\n\t\t\t<div class=\"elementor-widget-wrap\">\n\t\t\t\t\t\t\t<\/div>\n\t\t<\/div>\n\t\t\t\t\t<\/div>\n\t\t<\/section>\n\t\t\t\t<section class=\"elementor-section elementor-top-section elementor-element elementor-element-83e5d83 elementor-section-full_width elementor-section-height-default elementor-section-height-default\" data-id=\"83e5d83\" data-element_type=\"section\">\n\t\t\t\t\t\t<div class=\"elementor-container elementor-column-gap-default\">\n\t\t\t\t\t<div class=\"elementor-column elementor-col-100 elementor-top-column elementor-element elementor-element-f8c585d\" data-id=\"f8c585d\" data-element_type=\"column\">\n\t\t\t<div class=\"elementor-widget-wrap elementor-element-populated\">\n\t\t\t\t\t\t<div class=\"elementor-element elementor-element-2a3336a elementor-widget elementor-widget-spacer\" data-id=\"2a3336a\" data-element_type=\"widget\" data-widget_type=\"spacer.default\">\n\t\t\t\t<div class=\"elementor-widget-container\">\n\t\t\t\t\t\t\t<div class=\"elementor-spacer\">\n\t\t\t<div class=\"elementor-spacer-inner\"><\/div>\n\t\t<\/div>\n\t\t\t\t\t\t<\/div>\n\t\t\t\t<\/div>\n\t\t\t\t<div class=\"elementor-element elementor-element-5af1071 elementor-widget elementor-widget-heading\" data-id=\"5af1071\" data-element_type=\"widget\" data-widget_type=\"heading.default\">\n\t\t\t\t<div class=\"elementor-widget-container\">\n\t\t\t\t\t<h2 class=\"elementor-heading-title elementor-size-default\">\u00bfQuien Impartir\u00e1 este Curso?<\/h2>\t\t\t\t<\/div>\n\t\t\t\t<\/div>\n\t\t\t\t\t<\/div>\n\t\t<\/div>\n\t\t\t\t\t<\/div>\n\t\t<\/section>\n\t\t\t\t<section class=\"elementor-section elementor-top-section elementor-element elementor-element-d840585 elementor-section-full_width elementor-section-height-default elementor-section-height-default\" data-id=\"d840585\" data-element_type=\"section\">\n\t\t\t\t\t\t<div class=\"elementor-container elementor-column-gap-default\">\n\t\t\t\t\t<div class=\"elementor-column elementor-col-50 elementor-top-column elementor-element elementor-element-b0973f8\" data-id=\"b0973f8\" data-element_type=\"column\">\n\t\t\t<div class=\"elementor-widget-wrap elementor-element-populated\">\n\t\t\t\t\t\t<div class=\"elementor-element elementor-element-dd4ca96 elementor-widget elementor-widget-image\" data-id=\"dd4ca96\" data-element_type=\"widget\" data-widget_type=\"image.default\">\n\t\t\t\t<div class=\"elementor-widget-container\">\n\t\t\t\t\t\t\t\t\t\t\t\t\t\t\t<img fetchpriority=\"high\" decoding=\"async\" width=\"240\" height=\"300\" src=\"https:\/\/caficon.info\/wp-content\/uploads\/2022\/01\/2-240x300.jpeg\" class=\"attachment-medium size-medium wp-image-17837\" alt=\"\" srcset=\"https:\/\/caficon.info\/wp-content\/uploads\/2022\/01\/2-240x300.jpeg 240w, https:\/\/caficon.info\/wp-content\/uploads\/2022\/01\/2-819x1024.jpeg 819w, https:\/\/caficon.info\/wp-content\/uploads\/2022\/01\/2-768x960.jpeg 768w, https:\/\/caficon.info\/wp-content\/uploads\/2022\/01\/2-600x750.jpeg 600w, https:\/\/caficon.info\/wp-content\/uploads\/2022\/01\/2.jpeg 1024w\" sizes=\"(max-width: 240px) 100vw, 240px\" \/>\t\t\t\t\t\t\t\t\t\t\t\t\t\t\t<\/div>\n\t\t\t\t<\/div>\n\t\t\t\t<div class=\"elementor-element elementor-element-a5a5cf9 elementor-widget elementor-widget-html\" data-id=\"a5a5cf9\" data-element_type=\"widget\" data-widget_type=\"html.default\">\n\t\t\t\t<div class=\"elementor-widget-container\">\n\t\t\t\t\t<h4 style=\"text-align: center;\"><span style=\"color: #ff6600;\">L.N.I. Rocio Elizabeth Leyva Valdes<\/span><\/h4>\t\t\t\t<\/div>\n\t\t\t\t<\/div>\n\t\t\t\t\t<\/div>\n\t\t<\/div>\n\t\t\t\t<div class=\"elementor-column elementor-col-50 elementor-top-column elementor-element elementor-element-b9e85f8\" data-id=\"b9e85f8\" data-element_type=\"column\">\n\t\t\t<div class=\"elementor-widget-wrap elementor-element-populated\">\n\t\t\t\t\t\t<div class=\"elementor-element elementor-element-e4e4b9f elementor-widget elementor-widget-spacer\" data-id=\"e4e4b9f\" data-element_type=\"widget\" data-widget_type=\"spacer.default\">\n\t\t\t\t<div class=\"elementor-widget-container\">\n\t\t\t\t\t\t\t<div class=\"elementor-spacer\">\n\t\t\t<div class=\"elementor-spacer-inner\"><\/div>\n\t\t<\/div>\n\t\t\t\t\t\t<\/div>\n\t\t\t\t<\/div>\n\t\t\t\t<div class=\"elementor-element elementor-element-42348e3 elementor-widget elementor-widget-heading\" data-id=\"42348e3\" data-element_type=\"widget\" data-widget_type=\"heading.default\">\n\t\t\t\t<div class=\"elementor-widget-container\">\n\t\t\t\t\t<h2 class=\"elementor-heading-title elementor-size-default\">CV:<\/h2>\t\t\t\t<\/div>\n\t\t\t\t<\/div>\n\t\t\t\t<div class=\"elementor-element elementor-element-61fcf98 elementor-hidden-desktop elementor-hidden-tablet elementor-hidden-mobile elementor-widget elementor-widget-text-editor\" data-id=\"61fcf98\" data-element_type=\"widget\" data-widget_type=\"text-editor.default\">\n\t\t\t\t<div class=\"elementor-widget-container\">\n\t\t\t\t\t\t\t\t\t<p><span style=\"color: #000000;\">MAESTR\u00cdA EN DERECHO FISCAL: <\/span><br \/><span style=\"color: #000000;\">\uf0b7 An\u00e1lisis de las Contribuciones Federales, Estatales y Municipales, UTEGRA, CEO <\/span><br \/><span style=\"color: #000000;\">Guadalajara.<\/span><br \/><span style=\"color: #000000;\">\uf0b7 Los Desaf\u00edos del Derecho Mexicano Frente a la Globalizaci\u00f3n, UTEGRA, <\/span><br \/><span style=\"color: #000000;\">Guadalajara, <\/span><br \/><span style=\"color: #000000;\">MAESTR\u00cdA EN FISCAL:<\/span><br \/><span style=\"color: #000000;\">\uf0b7 Seminario de Planeaci\u00f3n Fiscal, CEO Guadalajara, Hermosillo, Guaymas<\/span><br \/><span style=\"color: #000000;\">\uf0b7 Normas de Informaci\u00f3n Financiera Ceo Hermosillo, Guaymas<\/span><br \/><span style=\"color: #000000;\">\uf0b7 Derecho Fiscal y Financiero, Universidad Vizcaya de las Americas \u2013 Tepic y <\/span><br \/><span style=\"color: #000000;\">Manzanillo, Col.<\/span><br \/><span style=\"color: #000000;\">\uf0b7 Contribuciones Estatales y Municipales, CEO Guadalajara<\/span><br \/><span style=\"color: #000000;\">\uf0b7 Seminario de Investigaci\u00f3n, UNIVA Colima. <\/span><br \/><span style=\"color: #000000;\">MAESTR\u00cdA EN DERECHO CORPORATIVO:<\/span><br \/><span style=\"color: #000000;\">\uf0b7 Derecho Fiscal, Ceo CD Guzman Jalisco<\/span><br \/><span style=\"color: #000000;\">\uf0b7 Derecho Financiero UNIVA Guadalajara.<\/span><br \/><span style=\"color: #000000;\">\uf0b7 Proyectos de investigaci\u00f3n, Universidad Enrique D\u00edaz de Le\u00f3n -Guadalajara<\/span><br \/><span style=\"color: #000000;\">\uf0b7 Seminario de Investigaci\u00f3n, UTEGRA<\/span><br \/><span style=\"color: #000000;\">\uf0b7 Metodolog\u00eda de la Investigaci\u00f3n, UNIVA Guadalajara<\/span><br \/><span style=\"color: #000000;\">\uf0b7 Legislaci\u00f3n Empresarial. Universidad Vizcaya de las Am\u00e9ricas Tepic<\/span><br \/><span style=\"color: #000000;\">MAESTR\u00cdA EN ADMINISTRACI\u00d3N:<\/span><br \/><span style=\"color: #000000;\">\uf0b7 Proyectos de Inversi\u00f3n, Universidad Enrique D\u00edaz de Le\u00f3n Guadalajara<\/span><br \/><span style=\"color: #000000;\">\uf0b7 Proyectos de Inversi\u00f3n. Universidad Cuauhtemoc Guadalajara<\/span><br \/><span style=\"color: #000000;\">\uf0b7 Planeaci\u00f3n estrat\u00e9gica, Universidad Vizcaya de las Americas Campus Tepic y <\/span><br \/><span style=\"color: #000000;\">Manzanillo<\/span><br \/><span style=\"color: #000000;\">MAESTR\u00cdA EN ADMINISTRACI\u00d3N FINANCIERA:<\/span><br \/><span style=\"color: #000000;\">\uf0b7 Matem\u00e1ticas Financieras, UTEGRA<\/span><br \/><span style=\"color: #000000;\">\uf0b7 Planeaci\u00f3n estrat\u00e9gica, UNIVA, Guadalajara.<\/span><br \/><span style=\"color: #000000;\">\uf0b7 Investigaci\u00f3n de Operaciones UTEGRA Guadalajara, Morelia<\/span><br \/><span style=\"color: #000000;\">MAESTR\u00cdA EN VALUACI\u00d3N:<\/span><br \/><span style=\"color: #000000;\">\uf0b7 Joint Venture Centro de Valores Guadalajara.<\/span><br \/><span style=\"color: #000000;\">\uf0b7 Emisi\u00f3n de Deuda y Capital, Centro de Valores Guadalajara.<\/span><br \/><span style=\"color: #000000;\">\uf0b7 Metodolog\u00eda de la Investigaci\u00f3n, Centro de Valores Guadalajara.<\/span><br \/><span style=\"color: #000000;\">MAESTR\u00cdA EN IMPUESTOS:<\/span><br \/><span style=\"color: #000000;\">\uf0b7 Planeaci\u00f3n Fiscal, Universidad Vizcaya de las Americas &#8211; Manzanillo<\/span><br \/><span style=\"color: #000000;\">\uf0b7 T\u00edtulos y Operaciones de Cr\u00e9dito, CEO, Guadalajara, Cd. Guzm\u00e1n, Cd. Obreg\u00f3n, <\/span><br \/><span style=\"color: #000000;\">Hermosillo, Morelia, Tepatitl\u00e1n, Toluca y Manzanillo.<\/span><br \/><span style=\"color: #000000;\">\uf0b7 Metodolog\u00eda de la Investigaci\u00f3n, CEO, Guadalajara, Cd. Guzm\u00e1n, Cd. Obreg\u00f3n, <\/span><br \/><span style=\"color: #000000;\">Hermosillo, Morelia, Tepatitl\u00e1n, Toluca y Manzanillo.<\/span><br \/><span style=\"color: #000000;\">\uf0b7 Seminario de Tesis, CEO, Guadalajara, Cd. Guzm\u00e1n, Cd. Obreg\u00f3n, Hermosillo, <\/span><br \/><span style=\"color: #000000;\">Morelia, Tepatitl\u00e1n, Toluca y Manzanillo.<\/span><br \/><span style=\"color: #000000;\">\uf0b7 Finanzas P\u00fablicas y Corporativas, CEO, Guadalajara, Cd. Guzm\u00e1n, Cd. Obreg\u00f3n, <\/span><br \/><span style=\"color: #000000;\">Hermosillo, Morelia, Tepatitl\u00e1n, Toluca y Manzanillo.<\/span><\/p>\t\t\t\t\t\t\t\t<\/div>\n\t\t\t\t<\/div>\n\t\t\t\t<div class=\"elementor-element elementor-element-f47671a elementor-widget elementor-widget-spacer\" data-id=\"f47671a\" data-element_type=\"widget\" data-widget_type=\"spacer.default\">\n\t\t\t\t<div class=\"elementor-widget-container\">\n\t\t\t\t\t\t\t<div class=\"elementor-spacer\">\n\t\t\t<div class=\"elementor-spacer-inner\"><\/div>\n\t\t<\/div>\n\t\t\t\t\t\t<\/div>\n\t\t\t\t<\/div>\n\t\t\t\t\t<\/div>\n\t\t<\/div>\n\t\t\t\t\t<\/div>\n\t\t<\/section>\n\t\t\t\t<\/div>\n\t\t","protected":false},"excerpt":{"rendered":"<p>Que encontraras en el Temario Objetivo El participante podr\u00e1: Identificar e implementar las estrategias de recuperaci\u00f3n de la recaudaci\u00f3n perdida, derivado de las operaciones inexistentes o venta de facturas. Determinar\u00e1s el grado de vulnerabilidad en el que se encuentra tu empresa. Alejar a tu empresa de acciones invasivas que pudieran afectarle con las autoridades fiscales [&hellip;]<\/p>\n","protected":false},"author":1,"featured_media":0,"parent":0,"menu_order":0,"comment_status":"closed","ping_status":"closed","template":"","meta":{"footnotes":""},"class_list":["post-22123","page","type-page","status-publish","hentry"],"_links":{"self":[{"href":"https:\/\/caficon.info\/index.php\/wp-json\/wp\/v2\/pages\/22123","targetHints":{"allow":["GET"]}}],"collection":[{"href":"https:\/\/caficon.info\/index.php\/wp-json\/wp\/v2\/pages"}],"about":[{"href":"https:\/\/caficon.info\/index.php\/wp-json\/wp\/v2\/types\/page"}],"author":[{"embeddable":true,"href":"https:\/\/caficon.info\/index.php\/wp-json\/wp\/v2\/users\/1"}],"replies":[{"embeddable":true,"href":"https:\/\/caficon.info\/index.php\/wp-json\/wp\/v2\/comments?post=22123"}],"version-history":[{"count":22,"href":"https:\/\/caficon.info\/index.php\/wp-json\/wp\/v2\/pages\/22123\/revisions"}],"predecessor-version":[{"id":22184,"href":"https:\/\/caficon.info\/index.php\/wp-json\/wp\/v2\/pages\/22123\/revisions\/22184"}],"wp:attachment":[{"href":"https:\/\/caficon.info\/index.php\/wp-json\/wp\/v2\/media?parent=22123"}],"curies":[{"name":"wp","href":"https:\/\/api.w.org\/{rel}","templated":true}]}}