{"id":22213,"date":"2022-03-31T18:00:49","date_gmt":"2022-03-31T18:00:49","guid":{"rendered":"https:\/\/caficon.info\/?page_id=22213"},"modified":"2022-04-05T22:25:46","modified_gmt":"2022-04-05T22:25:46","slug":"tema-pendiente","status":"publish","type":"page","link":"https:\/\/caficon.info\/index.php\/tema-pendiente\/","title":{"rendered":"Taller Practico de la Determinacion de la PTU  del Ejercicio 2021"},"content":{"rendered":"\t\t<div data-elementor-type=\"wp-page\" data-elementor-id=\"22213\" class=\"elementor elementor-22213\" data-elementor-post-type=\"page\">\n\t\t\t\t\t\t<section class=\"elementor-section elementor-top-section elementor-element elementor-element-1b1146d elementor-section-boxed elementor-section-height-default elementor-section-height-default\" data-id=\"1b1146d\" data-element_type=\"section\">\n\t\t\t\t\t\t<div class=\"elementor-container elementor-column-gap-default\">\n\t\t\t\t\t<div class=\"elementor-column elementor-col-100 elementor-top-column elementor-element elementor-element-66effe7\" data-id=\"66effe7\" data-element_type=\"column\">\n\t\t\t<div class=\"elementor-widget-wrap\">\n\t\t\t\t\t\t\t<\/div>\n\t\t<\/div>\n\t\t\t\t\t<\/div>\n\t\t<\/section>\n\t\t\t\t<section class=\"elementor-section elementor-top-section elementor-element elementor-element-f06790f elementor-section-full_width elementor-section-height-default elementor-section-height-default\" data-id=\"f06790f\" data-element_type=\"section\">\n\t\t\t\t\t\t<div class=\"elementor-container elementor-column-gap-default\">\n\t\t\t\t\t<div class=\"elementor-column elementor-col-100 elementor-top-column elementor-element elementor-element-0816780\" data-id=\"0816780\" data-element_type=\"column\">\n\t\t\t<div class=\"elementor-widget-wrap elementor-element-populated\">\n\t\t\t\t\t\t<div class=\"elementor-element elementor-element-a1ba46b elementor-widget elementor-widget-heading\" data-id=\"a1ba46b\" data-element_type=\"widget\" data-widget_type=\"heading.default\">\n\t\t\t\t<div class=\"elementor-widget-container\">\n\t\t\t\t\t<h2 class=\"elementor-heading-title elementor-size-default\">Que encontraras en el Temario<\/h2>\t\t\t\t<\/div>\n\t\t\t\t<\/div>\n\t\t\t\t\t<\/div>\n\t\t<\/div>\n\t\t\t\t\t<\/div>\n\t\t<\/section>\n\t\t\t\t<section class=\"elementor-section elementor-top-section elementor-element elementor-element-cdbd9c1 elementor-section-full_width elementor-section-height-default elementor-section-height-default\" data-id=\"cdbd9c1\" data-element_type=\"section\">\n\t\t\t\t\t\t<div class=\"elementor-container elementor-column-gap-default\">\n\t\t\t\t\t<div class=\"elementor-column elementor-col-100 elementor-top-column elementor-element elementor-element-7b51f52\" data-id=\"7b51f52\" data-element_type=\"column\">\n\t\t\t<div class=\"elementor-widget-wrap elementor-element-populated\">\n\t\t\t\t\t\t<div class=\"elementor-element elementor-element-d7842ec elementor-widget elementor-widget-spacer\" data-id=\"d7842ec\" data-element_type=\"widget\" data-widget_type=\"spacer.default\">\n\t\t\t\t<div class=\"elementor-widget-container\">\n\t\t\t\t\t\t\t<div class=\"elementor-spacer\">\n\t\t\t<div class=\"elementor-spacer-inner\"><\/div>\n\t\t<\/div>\n\t\t\t\t\t\t<\/div>\n\t\t\t\t<\/div>\n\t\t\t\t<div class=\"elementor-element elementor-element-8731d85 elementor-widget elementor-widget-heading\" data-id=\"8731d85\" data-element_type=\"widget\" data-widget_type=\"heading.default\">\n\t\t\t\t<div class=\"elementor-widget-container\">\n\t\t\t\t\t<h2 class=\"elementor-heading-title elementor-size-default\">\u00bfQuien Impartir\u00e1 este Curso?<\/h2>\t\t\t\t<\/div>\n\t\t\t\t<\/div>\n\t\t\t\t\t<\/div>\n\t\t<\/div>\n\t\t\t\t\t<\/div>\n\t\t<\/section>\n\t\t\t\t<section class=\"elementor-section elementor-top-section elementor-element elementor-element-2ddb0f0 elementor-section-full_width elementor-section-height-default elementor-section-height-default\" data-id=\"2ddb0f0\" data-element_type=\"section\">\n\t\t\t\t\t\t<div class=\"elementor-container elementor-column-gap-default\">\n\t\t\t\t\t<div class=\"elementor-column elementor-col-25 elementor-top-column elementor-element elementor-element-adbf871\" data-id=\"adbf871\" data-element_type=\"column\">\n\t\t\t<div class=\"elementor-widget-wrap elementor-element-populated\">\n\t\t\t\t\t\t\t<\/div>\n\t\t<\/div>\n\t\t\t\t<div class=\"elementor-column elementor-col-25 elementor-top-column elementor-element elementor-element-45536de\" data-id=\"45536de\" data-element_type=\"column\">\n\t\t\t<div class=\"elementor-widget-wrap elementor-element-populated\">\n\t\t\t\t\t\t<div class=\"elementor-element elementor-element-aa24e5e elementor-widget elementor-widget-text-editor\" data-id=\"aa24e5e\" data-element_type=\"widget\" data-widget_type=\"text-editor.default\">\n\t\t\t\t<div class=\"elementor-widget-container\">\n\t\t\t\t\t\t\t\t\t<p><span style=\"color: #ff6600;\"><strong>Objetivo<\/strong><\/span><\/p><p>Analizar y comentar los aspectos integrales relacionados la PTU y la reforma laboral del a\u00f1o 2021 y su efecto y trascendencia en materia laboral, fiscal y de seguridad social.<\/p><p><span style=\"color: #ff6600;\"><strong>Dirigido<\/strong><\/span><\/p><ul><li><p>Contadores, auxiliares contables, administradores, encargados de recursos humanos de empresas, empresarios y p\u00fablico en general interesado en el tema.<\/p><\/li><\/ul>\t\t\t\t\t\t\t\t<\/div>\n\t\t\t\t<\/div>\n\t\t\t\t\t<\/div>\n\t\t<\/div>\n\t\t\t\t<div class=\"elementor-column elementor-col-25 elementor-top-column elementor-element elementor-element-fd9ed22\" data-id=\"fd9ed22\" data-element_type=\"column\">\n\t\t\t<div class=\"elementor-widget-wrap elementor-element-populated\">\n\t\t\t\t\t\t<div class=\"elementor-element elementor-element-5597780 elementor-widget elementor-widget-text-editor\" data-id=\"5597780\" data-element_type=\"widget\" data-widget_type=\"text-editor.default\">\n\t\t\t\t<div class=\"elementor-widget-container\">\n\t\t\t\t\t\t\t\t\t<h5><span style=\"color: #ff6600;\">Temario:<\/span><\/h5><ol><li><strong>Antecedentes constitucionales, laborales y fiscales del reparto de utilidades a los trabajadores<\/strong><ol><li>Qu\u00e9 es empresa para efectos de PTU<\/li><li>Empresas obligadas y empresas exentas del pago<\/li><li>La interrelaci\u00f3n fiscal y laboral en la PTU<\/li><li>Las bases conforme a la disposici\u00f3n fiscal de LISR<\/li><li>Efecto de la Reforma laboral de 2019 en el reparto de las utilidades a los trabajadores<\/li><li>Efecto de la Reforma laboral de 2021 en el reparto de las utilidades a los trabajadores<\/li><\/ol><\/li><li><strong>Procedimiento de determinaci\u00f3n de PTU, conforme a la Ley Federal del Trabajo y el Reglamento de los art\u00edculos 121 y 122 de la Ley Federal del Trabajo<\/strong><ol><li>Determinaci\u00f3n de la renta gravable<\/li><li>Limitaci\u00f3n del reparto de utilidades derivado de la reforma laboral 2021<\/li><li>Procedimiento legal para el reparto<\/li><li>C\u00e1lculo del factor d\u00eda trabajado<\/li><li>C\u00e1lculo del factor salario devengado<\/li><li>Creaci\u00f3n de la Comisi\u00f3n para el reparto de utilidades en la empresa<\/li><\/ol><\/li><li><strong>Efecto fiscal de la PTU<\/strong><ol><li>Para la empresa<ol><li>Tratamiento fiscal correcto de las cantidades pagadas<\/li><li>La fecha de pago y lo establecido en la gu\u00eda de llenado<\/li><li>CFDI de n\u00f3mina en el pago de la PTU (Trabajadores y ex colaboradores)<\/li><li>Personas f\u00edsicas obligadas al reparto de utilidades<ol><li>Actividad empresarial y profesional y RIF<\/li><li>Arrendamiento<\/li><\/ol><\/li><\/ol><\/li><li>Para el trabajador<ol><li>Determinaci\u00f3n del importe gravado y exento de PTU<\/li><li>C\u00e1lculo del ISR con procedimiento de la LISR<\/li><li>C\u00e1lculo del ISR con procedimiento de Reglamento de la LISR<\/li><li>C\u00e1lculo del ISR de la PTU de ex colaboradores<\/li><\/ol><\/li><\/ol><\/li><li><strong>PTU y su efecto en la Ley del Seguro Social y las contribuciones locales<\/strong><ol><li>El SBC y sus aspectos de integraci\u00f3n<\/li><li>Aspectos de revisi\u00f3n del IMSS<\/li><li>La preparaci\u00f3n de los papeles de trabajo para enfrentar una revisi\u00f3n<\/li><li>Comentarios al impuesto sobre n\u00f3minas<\/li><\/ol><\/li><li><strong>Ejemplo pr\u00e1ctico<\/strong><\/li><li><strong>Comentarios finales y conclusiones<\/strong><\/li><\/ol>\t\t\t\t\t\t\t\t<\/div>\n\t\t\t\t<\/div>\n\t\t\t\t\t<\/div>\n\t\t<\/div>\n\t\t\t\t<div class=\"elementor-column elementor-col-25 elementor-top-column elementor-element elementor-element-fff2d4a\" data-id=\"fff2d4a\" data-element_type=\"column\">\n\t\t\t<div class=\"elementor-widget-wrap\">\n\t\t\t\t\t\t\t<\/div>\n\t\t<\/div>\n\t\t\t\t\t<\/div>\n\t\t<\/section>\n\t\t\t\t<section class=\"elementor-section elementor-top-section elementor-element elementor-element-905231c elementor-section-full_width elementor-section-height-default elementor-section-height-default\" data-id=\"905231c\" data-element_type=\"section\">\n\t\t\t\t\t\t<div class=\"elementor-container elementor-column-gap-default\">\n\t\t\t\t\t<div class=\"elementor-column elementor-col-50 elementor-top-column elementor-element elementor-element-07d3910\" data-id=\"07d3910\" data-element_type=\"column\">\n\t\t\t<div class=\"elementor-widget-wrap elementor-element-populated\">\n\t\t\t\t\t\t<div class=\"elementor-element elementor-element-6fa9cdf elementor-widget elementor-widget-image\" data-id=\"6fa9cdf\" data-element_type=\"widget\" data-widget_type=\"image.default\">\n\t\t\t\t<div class=\"elementor-widget-container\">\n\t\t\t\t\t\t\t\t\t\t\t\t\t\t\t<img fetchpriority=\"high\" decoding=\"async\" width=\"240\" height=\"300\" src=\"https:\/\/caficon.info\/wp-content\/uploads\/2022\/03\/3-819x1024-2-240x300.jpg\" class=\"attachment-medium size-medium wp-image-21620\" alt=\"\" srcset=\"https:\/\/caficon.info\/wp-content\/uploads\/2022\/03\/3-819x1024-2-240x300.jpg 240w, https:\/\/caficon.info\/wp-content\/uploads\/2022\/03\/3-819x1024-2-768x960.jpg 768w, https:\/\/caficon.info\/wp-content\/uploads\/2022\/03\/3-819x1024-2-600x750.jpg 600w, https:\/\/caficon.info\/wp-content\/uploads\/2022\/03\/3-819x1024-2.jpg 819w\" sizes=\"(max-width: 240px) 100vw, 240px\" \/>\t\t\t\t\t\t\t\t\t\t\t\t\t\t\t<\/div>\n\t\t\t\t<\/div>\n\t\t\t\t<div class=\"elementor-element elementor-element-99cbf3e elementor-widget elementor-widget-html\" data-id=\"99cbf3e\" data-element_type=\"widget\" data-widget_type=\"html.default\">\n\t\t\t\t<div class=\"elementor-widget-container\">\n\t\t\t\t\t<h4 style=\"text-align: center;\"><span style=\"color: #ff6600;\">L.C. y L.I. Ruben Torres Benitez<\/span><\/h4>\t\t\t\t<\/div>\n\t\t\t\t<\/div>\n\t\t\t\t\t<\/div>\n\t\t<\/div>\n\t\t\t\t<div class=\"elementor-column elementor-col-50 elementor-top-column elementor-element elementor-element-22e4c7a\" data-id=\"22e4c7a\" data-element_type=\"column\">\n\t\t\t<div class=\"elementor-widget-wrap elementor-element-populated\">\n\t\t\t\t\t\t<div class=\"elementor-element elementor-element-4cb15de elementor-widget elementor-widget-spacer\" data-id=\"4cb15de\" data-element_type=\"widget\" data-widget_type=\"spacer.default\">\n\t\t\t\t<div class=\"elementor-widget-container\">\n\t\t\t\t\t\t\t<div class=\"elementor-spacer\">\n\t\t\t<div class=\"elementor-spacer-inner\"><\/div>\n\t\t<\/div>\n\t\t\t\t\t\t<\/div>\n\t\t\t\t<\/div>\n\t\t\t\t<div class=\"elementor-element elementor-element-bdabefa elementor-widget elementor-widget-heading\" data-id=\"bdabefa\" data-element_type=\"widget\" data-widget_type=\"heading.default\">\n\t\t\t\t<div class=\"elementor-widget-container\">\n\t\t\t\t\t<h2 class=\"elementor-heading-title elementor-size-default\">CV:<\/h2>\t\t\t\t<\/div>\n\t\t\t\t<\/div>\n\t\t\t\t<div class=\"elementor-element elementor-element-56dabb4 elementor-widget elementor-widget-text-editor\" data-id=\"56dabb4\" data-element_type=\"widget\" data-widget_type=\"text-editor.default\">\n\t\t\t\t<div class=\"elementor-widget-container\">\n\t\t\t\t\t\t\t\t\t<p>Lic. En Contadur\u00eda<\/p><p>FCA \u2013 UNAM<\/p><p>LIc. En Inform\u00e1tica<\/p><p>FCA \u2013 UNAM<\/p><p>DESEMPE\u00d1O PROFESIONAL<\/p><p>Despacho Ra\u00fal Am\u00e9zquita y Asoc. S.C. Contadores P\u00fablicos Consultores en Impuestos Septiembre de 1993 a MARZO 2015<\/p><p>en el \u00c1rea de Inform\u00e1tica Fiscal y Automatizaci\u00f3n de procesos<\/p><p>DOCENCIA, EXPOSITOR Y CAPACITADOR PRIVADO ACTIVIDAD DOCENTE<\/p><p>REVISTA DEFENSA FISCAL 2021<\/p><p>Incluido como uno de los fiscalistas m\u00e1s importantes de M\u00e9xico Edici\u00f3n Especial enero 2021<\/p><p>UNIVERSIDAD NACIONAL AUTONOMA DE MEXICO<\/p><p>A\u00f1o 2005 a la fecha<\/p><p>\uf0a7\u00a0\u00a0\u00a0\u00a0\u00a0\u00a0\u00a0 Profesor de Licenciatura en Las Coordinaciones de FISCAL, INFORMATICA y RECURSOS HUMANOS EN LAS SIGUIENTES ASIGNATURAS<\/p><p>\uf0a7\u00a0\u00a0\u00a0\u00a0\u00a0\u00a0\u00a0 Inform\u00e1tica fiscal, R\u00e9gimen simplificado, Taller de nomina, Seguridad Social, derecho fiscal, R\u00e9gimen General de Empresas II, ISR e IETU, Formaci\u00f3n e Informaci\u00f3n\u00a0 Tributaria,\u00a0 Tecnolog\u00edas\u00a0 de\u00a0 Informaci\u00f3n\u00a0 y\u00a0 Comunicaci\u00f3n\u00a0 I\u00a0 y\u00a0 II, Inform\u00e1tica I e Inform\u00e1tica II, Taller de Nominas<\/p><p>\u00a0<\/p><p>\u00a0<\/p>\t\t\t\t\t\t\t\t<\/div>\n\t\t\t\t<\/div>\n\t\t\t\t<div class=\"elementor-element elementor-element-e8d5140 elementor-widget elementor-widget-spacer\" data-id=\"e8d5140\" data-element_type=\"widget\" data-widget_type=\"spacer.default\">\n\t\t\t\t<div class=\"elementor-widget-container\">\n\t\t\t\t\t\t\t<div class=\"elementor-spacer\">\n\t\t\t<div class=\"elementor-spacer-inner\"><\/div>\n\t\t<\/div>\n\t\t\t\t\t\t<\/div>\n\t\t\t\t<\/div>\n\t\t\t\t\t<\/div>\n\t\t<\/div>\n\t\t\t\t\t<\/div>\n\t\t<\/section>\n\t\t\t\t<\/div>\n\t\t","protected":false},"excerpt":{"rendered":"<p>Que encontraras en el Temario \u00bfQuien Impartir\u00e1 este Curso? Objetivo Analizar y comentar los aspectos integrales relacionados la PTU y la reforma laboral del a\u00f1o 2021 y su efecto y trascendencia en materia laboral, fiscal y de seguridad social. Dirigido Contadores, auxiliares contables, administradores, encargados de recursos humanos de empresas, empresarios y p\u00fablico en general [&hellip;]<\/p>\n","protected":false},"author":1,"featured_media":0,"parent":0,"menu_order":0,"comment_status":"closed","ping_status":"closed","template":"","meta":{"footnotes":""},"class_list":["post-22213","page","type-page","status-publish","hentry"],"_links":{"self":[{"href":"https:\/\/caficon.info\/index.php\/wp-json\/wp\/v2\/pages\/22213","targetHints":{"allow":["GET"]}}],"collection":[{"href":"https:\/\/caficon.info\/index.php\/wp-json\/wp\/v2\/pages"}],"about":[{"href":"https:\/\/caficon.info\/index.php\/wp-json\/wp\/v2\/types\/page"}],"author":[{"embeddable":true,"href":"https:\/\/caficon.info\/index.php\/wp-json\/wp\/v2\/users\/1"}],"replies":[{"embeddable":true,"href":"https:\/\/caficon.info\/index.php\/wp-json\/wp\/v2\/comments?post=22213"}],"version-history":[{"count":35,"href":"https:\/\/caficon.info\/index.php\/wp-json\/wp\/v2\/pages\/22213\/revisions"}],"predecessor-version":[{"id":22466,"href":"https:\/\/caficon.info\/index.php\/wp-json\/wp\/v2\/pages\/22213\/revisions\/22466"}],"wp:attachment":[{"href":"https:\/\/caficon.info\/index.php\/wp-json\/wp\/v2\/media?parent=22213"}],"curies":[{"name":"wp","href":"https:\/\/api.w.org\/{rel}","templated":true}]}}