{"id":23451,"date":"2022-05-13T21:00:38","date_gmt":"2022-05-13T21:00:38","guid":{"rendered":"https:\/\/caficon.info\/?page_id=23451"},"modified":"2022-05-17T15:38:15","modified_gmt":"2022-05-17T15:38:15","slug":"beneficiario-controlador","status":"publish","type":"page","link":"https:\/\/caficon.info\/index.php\/beneficiario-controlador\/","title":{"rendered":"Beneficiario Controlador"},"content":{"rendered":"\t\t<div data-elementor-type=\"wp-page\" data-elementor-id=\"23451\" class=\"elementor elementor-23451\" data-elementor-post-type=\"page\">\n\t\t\t\t\t\t<section class=\"elementor-section elementor-top-section elementor-element elementor-element-84b00d9 elementor-section-boxed elementor-section-height-default elementor-section-height-default\" data-id=\"84b00d9\" data-element_type=\"section\">\n\t\t\t\t\t\t<div class=\"elementor-container elementor-column-gap-default\">\n\t\t\t\t\t<div class=\"elementor-column elementor-col-100 elementor-top-column elementor-element elementor-element-585704e\" data-id=\"585704e\" data-element_type=\"column\">\n\t\t\t<div class=\"elementor-widget-wrap\">\n\t\t\t\t\t\t\t<\/div>\n\t\t<\/div>\n\t\t\t\t\t<\/div>\n\t\t<\/section>\n\t\t\t\t<section class=\"elementor-section elementor-top-section elementor-element elementor-element-191d257 elementor-section-full_width elementor-section-height-default elementor-section-height-default\" data-id=\"191d257\" data-element_type=\"section\">\n\t\t\t\t\t\t<div class=\"elementor-container elementor-column-gap-default\">\n\t\t\t\t\t<div class=\"elementor-column elementor-col-100 elementor-top-column elementor-element elementor-element-b760a6a\" data-id=\"b760a6a\" data-element_type=\"column\">\n\t\t\t<div class=\"elementor-widget-wrap elementor-element-populated\">\n\t\t\t\t\t\t<div class=\"elementor-element elementor-element-64fef19 elementor-widget elementor-widget-heading\" data-id=\"64fef19\" data-element_type=\"widget\" data-widget_type=\"heading.default\">\n\t\t\t\t<div class=\"elementor-widget-container\">\n\t\t\t\t\t<h2 class=\"elementor-heading-title elementor-size-default\">Que encontraras en el Temario<\/h2>\t\t\t\t<\/div>\n\t\t\t\t<\/div>\n\t\t\t\t\t<\/div>\n\t\t<\/div>\n\t\t\t\t\t<\/div>\n\t\t<\/section>\n\t\t\t\t<section class=\"elementor-section elementor-top-section elementor-element elementor-element-2b5b081 elementor-section-full_width elementor-section-height-default elementor-section-height-default\" data-id=\"2b5b081\" data-element_type=\"section\">\n\t\t\t\t\t\t<div class=\"elementor-container elementor-column-gap-default\">\n\t\t\t\t\t<div class=\"elementor-column elementor-col-25 elementor-top-column elementor-element elementor-element-3a63f63\" data-id=\"3a63f63\" data-element_type=\"column\">\n\t\t\t<div class=\"elementor-widget-wrap elementor-element-populated\">\n\t\t\t\t\t\t\t<\/div>\n\t\t<\/div>\n\t\t\t\t<div class=\"elementor-column elementor-col-25 elementor-top-column elementor-element elementor-element-da77e1b\" data-id=\"da77e1b\" data-element_type=\"column\">\n\t\t\t<div class=\"elementor-widget-wrap elementor-element-populated\">\n\t\t\t\t\t\t<div class=\"elementor-element elementor-element-649a130 elementor-widget elementor-widget-text-editor\" data-id=\"649a130\" data-element_type=\"widget\" data-widget_type=\"text-editor.default\">\n\t\t\t\t<div class=\"elementor-widget-container\">\n\t\t\t\t\t\t\t\t\t<p><span style=\"color: #ff6600;\"><strong>Objetivo<\/strong><\/span><\/p><p>\u00a0<\/p><p><span style=\"color: #ff6600;\"><strong>Dirigido<\/strong><\/span><\/p>\t\t\t\t\t\t\t\t<\/div>\n\t\t\t\t<\/div>\n\t\t\t\t\t<\/div>\n\t\t<\/div>\n\t\t\t\t<div class=\"elementor-column elementor-col-25 elementor-top-column elementor-element elementor-element-a0ac0e3\" data-id=\"a0ac0e3\" data-element_type=\"column\">\n\t\t\t<div class=\"elementor-widget-wrap elementor-element-populated\">\n\t\t\t\t\t\t<div class=\"elementor-element elementor-element-e96bd85 elementor-widget elementor-widget-text-editor\" data-id=\"e96bd85\" data-element_type=\"widget\" data-widget_type=\"text-editor.default\">\n\t\t\t\t<div class=\"elementor-widget-container\">\n\t\t\t\t\t\t\t\t\t<h5><span style=\"color: #ff6600;\">Temario:<\/span><\/h5><ul><li style=\"list-style-type: none;\"><ol><li><ol><li>Papel de Gafi en el control del blanqueo de activos<ol><li>\u00bfQu\u00e9 es Gafi?<\/li><li>Acciones internacionales<\/li><\/ol><\/li><li>La UIF y la ley antilavado<ol><li>La ley antilavado<\/li><li>Beneficiario Controlador en la ley antilavado<\/li><li>Que es beneficio<\/li><\/ol><\/li><li>Normas de cumplimiento para instituciones financiera<ol><li>Lineamientos de la CNBV en materia de Propietario Real<\/li><\/ol><\/li><li>Caracteristicas del concepto de los tres preceptos: Gafi, Ley Antilavado y Lineamientos de la CNBV<\/li><li>C\u00f3digo Fiscal de la Federaci\u00f3n (CFF)<ol><li>Caracter\u00edsticas del CFF<\/li><li>Nuevas figuras en el CFF<\/li><li>Caracter\u00edsticas de la Informaci\u00f3n de los Beneficiarios Controladores con la que se debe contar<\/li><li>Facultad del SAT para requerir<ol><li>Procedimiento<\/li><li>Plazo<\/li><\/ol><\/li><\/ol><\/li><\/ol><ul><li>Prorroga<\/li><\/ul><ol><li>Informaci\u00f3n que deber\u00e1n proveer los fedatarios p\u00fablicos<\/li><li>Criterios para identificar al Beneficiario Controlador<\/li><li>Definici\u00f3n de Beneficiario Controlador<\/li><li>Orden de identificaci\u00f3n<\/li><li>Alcance del t\u00e9rmino Beneficiario Controlador<\/li><li>Cadena de control por titularidad<\/li><li>Quien debe asumir el cargo de Beneficiario Controlador en caso de ser identificado<\/li><li>Informaci\u00f3n necesaria para la identificaci\u00f3n<\/li><li>Obligaciones del informante<\/li><li>Facultades de notarios y otros<\/li><li>Sanciones y multas<\/li><\/ol><\/li><\/ol><\/li><\/ul>\t\t\t\t\t\t\t\t<\/div>\n\t\t\t\t<\/div>\n\t\t\t\t\t<\/div>\n\t\t<\/div>\n\t\t\t\t<div class=\"elementor-column elementor-col-25 elementor-top-column elementor-element elementor-element-3afee2e\" data-id=\"3afee2e\" data-element_type=\"column\">\n\t\t\t<div class=\"elementor-widget-wrap\">\n\t\t\t\t\t\t\t<\/div>\n\t\t<\/div>\n\t\t\t\t\t<\/div>\n\t\t<\/section>\n\t\t\t\t<section class=\"elementor-section elementor-top-section elementor-element elementor-element-2848a79 elementor-section-full_width elementor-section-height-default elementor-section-height-default\" data-id=\"2848a79\" data-element_type=\"section\">\n\t\t\t\t\t\t<div class=\"elementor-container elementor-column-gap-default\">\n\t\t\t\t\t<div class=\"elementor-column elementor-col-100 elementor-top-column elementor-element elementor-element-8b5edcf\" data-id=\"8b5edcf\" data-element_type=\"column\">\n\t\t\t<div class=\"elementor-widget-wrap elementor-element-populated\">\n\t\t\t\t\t\t<div class=\"elementor-element elementor-element-e138348 elementor-widget elementor-widget-spacer\" data-id=\"e138348\" data-element_type=\"widget\" data-widget_type=\"spacer.default\">\n\t\t\t\t<div class=\"elementor-widget-container\">\n\t\t\t\t\t\t\t<div class=\"elementor-spacer\">\n\t\t\t<div class=\"elementor-spacer-inner\"><\/div>\n\t\t<\/div>\n\t\t\t\t\t\t<\/div>\n\t\t\t\t<\/div>\n\t\t\t\t<div class=\"elementor-element elementor-element-3efebea elementor-widget elementor-widget-heading\" data-id=\"3efebea\" data-element_type=\"widget\" data-widget_type=\"heading.default\">\n\t\t\t\t<div class=\"elementor-widget-container\">\n\t\t\t\t\t<h2 class=\"elementor-heading-title elementor-size-default\">\u00bfQuien Impartir\u00e1 este Curso?<\/h2>\t\t\t\t<\/div>\n\t\t\t\t<\/div>\n\t\t\t\t\t<\/div>\n\t\t<\/div>\n\t\t\t\t\t<\/div>\n\t\t<\/section>\n\t\t\t\t<section class=\"elementor-section elementor-top-section elementor-element elementor-element-835892d elementor-section-full_width elementor-section-height-default elementor-section-height-default\" data-id=\"835892d\" data-element_type=\"section\">\n\t\t\t\t\t\t<div class=\"elementor-container elementor-column-gap-default\">\n\t\t\t\t\t<div class=\"elementor-column elementor-col-50 elementor-top-column elementor-element elementor-element-866df63\" data-id=\"866df63\" data-element_type=\"column\">\n\t\t\t<div class=\"elementor-widget-wrap elementor-element-populated\">\n\t\t\t\t\t\t<div class=\"elementor-element elementor-element-87b46f0 elementor-widget elementor-widget-image\" data-id=\"87b46f0\" data-element_type=\"widget\" data-widget_type=\"image.default\">\n\t\t\t\t<div class=\"elementor-widget-container\">\n\t\t\t\t\t\t\t\t\t\t\t\t\t\t\t<img decoding=\"async\" src=\"https:\/\/caficon.info\/wp-content\/uploads\/2022\/03\/3-819x1024-5.jpg\" title=\"3-819&#215;1024\" alt=\"3-819x1024\" loading=\"lazy\" \/>\t\t\t\t\t\t\t\t\t\t\t\t\t\t\t<\/div>\n\t\t\t\t<\/div>\n\t\t\t\t<div class=\"elementor-element elementor-element-006cce0 elementor-widget elementor-widget-html\" data-id=\"006cce0\" data-element_type=\"widget\" data-widget_type=\"html.default\">\n\t\t\t\t<div class=\"elementor-widget-container\">\n\t\t\t\t\t<h4 style=\"text-align: center;\"><span style=\"color: #ff6600;\">C.P.C. y M.C.F. Roberto Efrain Cabrera Monroy<\/span><\/h4>\t\t\t\t<\/div>\n\t\t\t\t<\/div>\n\t\t\t\t\t<\/div>\n\t\t<\/div>\n\t\t\t\t<div class=\"elementor-column elementor-col-50 elementor-top-column elementor-element elementor-element-0424df0\" data-id=\"0424df0\" data-element_type=\"column\">\n\t\t\t<div class=\"elementor-widget-wrap elementor-element-populated\">\n\t\t\t\t\t\t<div class=\"elementor-element elementor-element-5f4f6ab elementor-widget elementor-widget-spacer\" data-id=\"5f4f6ab\" data-element_type=\"widget\" data-widget_type=\"spacer.default\">\n\t\t\t\t<div class=\"elementor-widget-container\">\n\t\t\t\t\t\t\t<div class=\"elementor-spacer\">\n\t\t\t<div class=\"elementor-spacer-inner\"><\/div>\n\t\t<\/div>\n\t\t\t\t\t\t<\/div>\n\t\t\t\t<\/div>\n\t\t\t\t<div class=\"elementor-element elementor-element-b9e7b5c elementor-widget elementor-widget-heading\" data-id=\"b9e7b5c\" data-element_type=\"widget\" data-widget_type=\"heading.default\">\n\t\t\t\t<div class=\"elementor-widget-container\">\n\t\t\t\t\t<h2 class=\"elementor-heading-title elementor-size-default\">CV:<\/h2>\t\t\t\t<\/div>\n\t\t\t\t<\/div>\n\t\t\t\t<div class=\"elementor-element elementor-element-b9fb4cb elementor-widget elementor-widget-text-editor\" data-id=\"b9fb4cb\" data-element_type=\"widget\" data-widget_type=\"text-editor.default\">\n\t\t\t\t<div class=\"elementor-widget-container\">\n\t\t\t\t\t\t\t\t\t<p><strong>\u00a0<\/strong><\/p><ul><li><strong>Contador P\u00fablico Certificado. <\/strong><\/li><li><strong>Maestr\u00eda en Contribuciones Fiscales.<\/strong><\/li><li><strong>Especializado en Impuestos. <\/strong><\/li><li><strong>Diplomado en contribuciones fiscales.<\/strong><\/li><li><strong>EXPERIENCIA PROFESIONAL<\/strong><\/li><li><strong>Socio Director Cabrera Torres y Asociados, S.C. <\/strong><\/li><li><strong>Miembro de la Comisi\u00f3n de Investigaci\u00f3n Fiscal del Colegio de Contadores P\u00fablicos de M\u00e9xico, A.C. <\/strong><\/li><li><strong>Contador P\u00fablico Certificado. <\/strong><\/li><li><strong>Docente de la Escuela Bancaria y Comercial. <\/strong><\/li><li><strong>Instructor en el Colegio Fiscal de M\u00e9xico. <\/strong><\/li><li><strong>Miembro del Pool de Fiscalistas. <\/strong><\/li><li><strong>Certificado en Disciplinas Fiscal <\/strong><\/li><li><strong>Instituto Mexicano de Contadores P\u00fablicos <\/strong><\/li><li><strong>CERTIFICADO COMO CONTADOR POR EL INSTITUTO MEXICANO DE CONTADORES P\u00daBLICOS<\/strong><\/li><li><strong>EXPERTO EN ESTRATEGIA EMPRESARIAL, PLANIFICACI\u00d3N ESTRAT\u00c9GICA<\/strong><\/li><\/ul>\t\t\t\t\t\t\t\t<\/div>\n\t\t\t\t<\/div>\n\t\t\t\t<div class=\"elementor-element elementor-element-a1230b4 elementor-widget elementor-widget-spacer\" data-id=\"a1230b4\" data-element_type=\"widget\" data-widget_type=\"spacer.default\">\n\t\t\t\t<div class=\"elementor-widget-container\">\n\t\t\t\t\t\t\t<div class=\"elementor-spacer\">\n\t\t\t<div class=\"elementor-spacer-inner\"><\/div>\n\t\t<\/div>\n\t\t\t\t\t\t<\/div>\n\t\t\t\t<\/div>\n\t\t\t\t\t<\/div>\n\t\t<\/div>\n\t\t\t\t\t<\/div>\n\t\t<\/section>\n\t\t\t\t<\/div>\n\t\t","protected":false},"excerpt":{"rendered":"<p>Que encontraras en el Temario Objetivo \u00a0 Dirigido Temario: Papel de Gafi en el control del blanqueo de activos \u00bfQu\u00e9 es Gafi? Acciones internacionales La UIF y la ley antilavado La ley antilavado Beneficiario Controlador en la ley antilavado Que es beneficio Normas de cumplimiento para instituciones financiera Lineamientos de la CNBV en materia de [&hellip;]<\/p>\n","protected":false},"author":1,"featured_media":0,"parent":0,"menu_order":0,"comment_status":"closed","ping_status":"closed","template":"","meta":{"footnotes":""},"class_list":["post-23451","page","type-page","status-publish","hentry"],"_links":{"self":[{"href":"https:\/\/caficon.info\/index.php\/wp-json\/wp\/v2\/pages\/23451","targetHints":{"allow":["GET"]}}],"collection":[{"href":"https:\/\/caficon.info\/index.php\/wp-json\/wp\/v2\/pages"}],"about":[{"href":"https:\/\/caficon.info\/index.php\/wp-json\/wp\/v2\/types\/page"}],"author":[{"embeddable":true,"href":"https:\/\/caficon.info\/index.php\/wp-json\/wp\/v2\/users\/1"}],"replies":[{"embeddable":true,"href":"https:\/\/caficon.info\/index.php\/wp-json\/wp\/v2\/comments?post=23451"}],"version-history":[{"count":19,"href":"https:\/\/caficon.info\/index.php\/wp-json\/wp\/v2\/pages\/23451\/revisions"}],"predecessor-version":[{"id":23600,"href":"https:\/\/caficon.info\/index.php\/wp-json\/wp\/v2\/pages\/23451\/revisions\/23600"}],"wp:attachment":[{"href":"https:\/\/caficon.info\/index.php\/wp-json\/wp\/v2\/media?parent=23451"}],"curies":[{"name":"wp","href":"https:\/\/api.w.org\/{rel}","templated":true}]}}