{"id":23533,"date":"2022-05-13T21:34:42","date_gmt":"2022-05-13T21:34:42","guid":{"rendered":"https:\/\/caficon.info\/?page_id=23533"},"modified":"2022-06-13T16:59:24","modified_gmt":"2022-06-13T16:59:24","slug":"cfdi-version-4-0-y-carta-porte","status":"publish","type":"page","link":"https:\/\/caficon.info\/index.php\/cfdi-version-4-0-y-carta-porte\/","title":{"rendered":"RESICO"},"content":{"rendered":"\t\t<div data-elementor-type=\"wp-page\" data-elementor-id=\"23533\" class=\"elementor elementor-23533\" data-elementor-post-type=\"page\">\n\t\t\t\t\t\t<section class=\"elementor-section elementor-top-section elementor-element elementor-element-eb2ce9a elementor-section-boxed elementor-section-height-default elementor-section-height-default\" data-id=\"eb2ce9a\" data-element_type=\"section\">\n\t\t\t\t\t\t<div class=\"elementor-container elementor-column-gap-default\">\n\t\t\t\t\t<div class=\"elementor-column elementor-col-100 elementor-top-column elementor-element elementor-element-553cade\" data-id=\"553cade\" data-element_type=\"column\">\n\t\t\t<div class=\"elementor-widget-wrap\">\n\t\t\t\t\t\t\t<\/div>\n\t\t<\/div>\n\t\t\t\t\t<\/div>\n\t\t<\/section>\n\t\t\t\t<section class=\"elementor-section elementor-top-section elementor-element elementor-element-aca1bca elementor-section-full_width elementor-hidden-desktop elementor-hidden-tablet elementor-hidden-mobile elementor-section-height-default elementor-section-height-default\" data-id=\"aca1bca\" data-element_type=\"section\">\n\t\t\t\t\t\t<div class=\"elementor-container elementor-column-gap-default\">\n\t\t\t\t\t<div class=\"elementor-column elementor-col-100 elementor-top-column elementor-element elementor-element-d8a347b\" data-id=\"d8a347b\" data-element_type=\"column\">\n\t\t\t<div class=\"elementor-widget-wrap elementor-element-populated\">\n\t\t\t\t\t\t<div class=\"elementor-element elementor-element-5beb345 elementor-widget elementor-widget-heading\" data-id=\"5beb345\" data-element_type=\"widget\" data-widget_type=\"heading.default\">\n\t\t\t\t<div class=\"elementor-widget-container\">\n\t\t\t\t\t<h2 class=\"elementor-heading-title elementor-size-default\">Que encontraras en el Temario<\/h2>\t\t\t\t<\/div>\n\t\t\t\t<\/div>\n\t\t\t\t\t<\/div>\n\t\t<\/div>\n\t\t\t\t\t<\/div>\n\t\t<\/section>\n\t\t\t\t<section class=\"elementor-section elementor-top-section elementor-element elementor-element-ebfb93c elementor-section-full_width elementor-hidden-desktop elementor-hidden-tablet elementor-hidden-mobile elementor-section-height-default elementor-section-height-default\" data-id=\"ebfb93c\" data-element_type=\"section\">\n\t\t\t\t\t\t<div class=\"elementor-container elementor-column-gap-default\">\n\t\t\t\t\t<div class=\"elementor-column elementor-col-25 elementor-top-column elementor-element elementor-element-1663cd5\" data-id=\"1663cd5\" data-element_type=\"column\">\n\t\t\t<div class=\"elementor-widget-wrap elementor-element-populated\">\n\t\t\t\t\t\t\t<\/div>\n\t\t<\/div>\n\t\t\t\t<div class=\"elementor-column elementor-col-25 elementor-top-column elementor-element elementor-element-5cf79d1\" data-id=\"5cf79d1\" data-element_type=\"column\">\n\t\t\t<div class=\"elementor-widget-wrap elementor-element-populated\">\n\t\t\t\t\t\t<div class=\"elementor-element elementor-element-24245d7 elementor-widget elementor-widget-text-editor\" data-id=\"24245d7\" data-element_type=\"widget\" data-widget_type=\"text-editor.default\">\n\t\t\t\t<div class=\"elementor-widget-container\">\n\t\t\t\t\t\t\t\t\t<p><span style=\"color: #ff6600;\"><strong>Objetivo<\/strong><\/span><\/p><p>Dar a conocer en forma sencilla y pr\u00e1ctica, los papeles de trabajo respecto de los c\u00e1lculos que las personas morales deber\u00e1n realizar para cumplir de manera correcta con sus obligaciones fiscales, en materia de pagos provisionales y la declaraci\u00f3n anual del ISR. La finalidad es dar a conocer cu\u00e1les son los procedimientos que las disposiciones fiscales establecen para realizar los c\u00e1lculos de diversos conceptos tales como: Cuenta de Utilidad Fiscal Neta, Cuenta de Capital de Aportaci\u00f3n, pago de dividendos, coeficiente de utilidad, entre muchos otros.<\/p><p><span style=\"color: #ff6600;\"><strong>Dirigido<\/strong><\/span><\/p><p>\u00a0<\/p>\t\t\t\t\t\t\t\t<\/div>\n\t\t\t\t<\/div>\n\t\t\t\t\t<\/div>\n\t\t<\/div>\n\t\t\t\t<div class=\"elementor-column elementor-col-25 elementor-top-column elementor-element elementor-element-8257c3f\" data-id=\"8257c3f\" data-element_type=\"column\">\n\t\t\t<div class=\"elementor-widget-wrap elementor-element-populated\">\n\t\t\t\t\t\t<div class=\"elementor-element elementor-element-2d4b8f1 elementor-widget elementor-widget-text-editor\" data-id=\"2d4b8f1\" data-element_type=\"widget\" data-widget_type=\"text-editor.default\">\n\t\t\t\t<div class=\"elementor-widget-container\">\n\t\t\t\t\t\t\t\t\t<h5><span style=\"color: #ff6600;\">Temario:<\/span><\/h5><ul><li style=\"list-style-type: none;\"><ol><li>C\u00e1lculo de la actualizaci\u00f3n fiscal de cantidades<\/li><li>C\u00e1lculo del coeficiente de utilidad<\/li><li>C\u00e1lculo de anticipos recibidos<\/li><li>C\u00e1lculo de la ganancia y p\u00e9rdida cambiaria<\/li><li>C\u00e1lculo de la ganancia por enajenaci\u00f3n de activos fijos y terrenos<\/li><li>C\u00e1lculo de la Utilidad Fiscal Neta<\/li><li>C\u00e1lculo de la Cuenta de Utilidad Fiscal Neta<\/li><li>C\u00e1lculo de la Cuenta de Capital de Aportaci\u00f3n<\/li><li>C\u00e1lculo del pago de dividendos a socios o accionistas<\/li><li>C\u00e1lculo de la deducci\u00f3n de inversiones<\/li><li>C\u00e1lculo de intereses devengados a cargo y a favor, as\u00ed como los que derivan de capitalizaci\u00f3n delgada<\/li><li>C\u00e1lculo de las p\u00e9rdidas fiscales para pagos provisionales y del ejercicio<\/li><li>C\u00e1lculo de los pagos provisionales del ejercicio<\/li><li>C\u00e1lculo del resultado fiscal y del ISR del ejercicio<\/li><li>C\u00e1lculo de las retenciones de ISR por prestaci\u00f3n de servicios, arrendamiento y salarios<\/li><li>C\u00e1lculo de algunas prestaciones de previsi\u00f3n social<\/li><li>C\u00e1lculo de algunos de los ingresos exentos para los trabajadores<\/li><\/ol><\/li><\/ul>\t\t\t\t\t\t\t\t<\/div>\n\t\t\t\t<\/div>\n\t\t\t\t\t<\/div>\n\t\t<\/div>\n\t\t\t\t<div class=\"elementor-column elementor-col-25 elementor-top-column elementor-element elementor-element-92a04e7\" data-id=\"92a04e7\" data-element_type=\"column\">\n\t\t\t<div class=\"elementor-widget-wrap\">\n\t\t\t\t\t\t\t<\/div>\n\t\t<\/div>\n\t\t\t\t\t<\/div>\n\t\t<\/section>\n\t\t\t\t<section class=\"elementor-section elementor-top-section elementor-element elementor-element-22bb361 elementor-section-full_width elementor-section-height-default elementor-section-height-default\" data-id=\"22bb361\" data-element_type=\"section\">\n\t\t\t\t\t\t<div class=\"elementor-container elementor-column-gap-default\">\n\t\t\t\t\t<div class=\"elementor-column elementor-col-100 elementor-top-column elementor-element elementor-element-299e9c1\" data-id=\"299e9c1\" data-element_type=\"column\">\n\t\t\t<div class=\"elementor-widget-wrap elementor-element-populated\">\n\t\t\t\t\t\t<div class=\"elementor-element elementor-element-bf2e6f6 elementor-widget elementor-widget-spacer\" data-id=\"bf2e6f6\" data-element_type=\"widget\" data-widget_type=\"spacer.default\">\n\t\t\t\t<div class=\"elementor-widget-container\">\n\t\t\t\t\t\t\t<div class=\"elementor-spacer\">\n\t\t\t<div class=\"elementor-spacer-inner\"><\/div>\n\t\t<\/div>\n\t\t\t\t\t\t<\/div>\n\t\t\t\t<\/div>\n\t\t\t\t<div class=\"elementor-element elementor-element-99e60e1 elementor-widget elementor-widget-heading\" data-id=\"99e60e1\" data-element_type=\"widget\" data-widget_type=\"heading.default\">\n\t\t\t\t<div class=\"elementor-widget-container\">\n\t\t\t\t\t<h2 class=\"elementor-heading-title elementor-size-default\">\u00bfQuien Impartir\u00e1 este Curso?<\/h2>\t\t\t\t<\/div>\n\t\t\t\t<\/div>\n\t\t\t\t\t<\/div>\n\t\t<\/div>\n\t\t\t\t\t<\/div>\n\t\t<\/section>\n\t\t\t\t<section class=\"elementor-section elementor-top-section elementor-element elementor-element-7a650fa elementor-section-full_width elementor-section-height-default elementor-section-height-default\" data-id=\"7a650fa\" data-element_type=\"section\">\n\t\t\t\t\t\t<div class=\"elementor-container elementor-column-gap-default\">\n\t\t\t\t\t<div class=\"elementor-column elementor-col-50 elementor-top-column elementor-element elementor-element-1d8f86a\" data-id=\"1d8f86a\" data-element_type=\"column\">\n\t\t\t<div class=\"elementor-widget-wrap elementor-element-populated\">\n\t\t\t\t\t\t<div class=\"elementor-element elementor-element-98b94df elementor-widget elementor-widget-image\" data-id=\"98b94df\" data-element_type=\"widget\" data-widget_type=\"image.default\">\n\t\t\t\t<div class=\"elementor-widget-container\">\n\t\t\t\t\t\t\t\t\t\t\t\t\t\t\t<img decoding=\"async\" src=\"https:\/\/caficon.info\/wp-content\/uploads\/2022\/01\/3.jpeg\" title=\"3\" alt=\"3\" loading=\"lazy\" \/>\t\t\t\t\t\t\t\t\t\t\t\t\t\t\t<\/div>\n\t\t\t\t<\/div>\n\t\t\t\t<div class=\"elementor-element elementor-element-a950c85 elementor-widget elementor-widget-html\" data-id=\"a950c85\" data-element_type=\"widget\" data-widget_type=\"html.default\">\n\t\t\t\t<div class=\"elementor-widget-container\">\n\t\t\t\t\t<h4 style=\"text-align: center;\"><span style=\"color: #ff6600;\">D.R.H.C. Juan Alarcon Ruiz<\/span><\/h4>\t\t\t\t<\/div>\n\t\t\t\t<\/div>\n\t\t\t\t\t<\/div>\n\t\t<\/div>\n\t\t\t\t<div class=\"elementor-column elementor-col-50 elementor-top-column elementor-element elementor-element-4a37acf\" data-id=\"4a37acf\" data-element_type=\"column\">\n\t\t\t<div class=\"elementor-widget-wrap elementor-element-populated\">\n\t\t\t\t\t\t<div class=\"elementor-element elementor-element-7c43533 elementor-widget elementor-widget-spacer\" data-id=\"7c43533\" data-element_type=\"widget\" data-widget_type=\"spacer.default\">\n\t\t\t\t<div class=\"elementor-widget-container\">\n\t\t\t\t\t\t\t<div class=\"elementor-spacer\">\n\t\t\t<div class=\"elementor-spacer-inner\"><\/div>\n\t\t<\/div>\n\t\t\t\t\t\t<\/div>\n\t\t\t\t<\/div>\n\t\t\t\t<div class=\"elementor-element elementor-element-3eab821 elementor-widget elementor-widget-heading\" data-id=\"3eab821\" data-element_type=\"widget\" data-widget_type=\"heading.default\">\n\t\t\t\t<div class=\"elementor-widget-container\">\n\t\t\t\t\t<h2 class=\"elementor-heading-title elementor-size-default\">CV:<\/h2>\t\t\t\t<\/div>\n\t\t\t\t<\/div>\n\t\t\t\t<div class=\"elementor-element elementor-element-abfbf5d elementor-widget elementor-widget-text-editor\" data-id=\"abfbf5d\" data-element_type=\"widget\" data-widget_type=\"text-editor.default\">\n\t\t\t\t<div class=\"elementor-widget-container\">\n\t\t\t\t\t\t\t\t\t<ul><li><strong>Tecnol\u00f3gico de Estudios Superiores de Cuautitl\u00e1n Izcalli 2002 \u2013 2007<\/strong><\/li><li><strong>Titulo Como Licenciado en Contabilidad Cedula No. 5564571<\/strong><\/li><li><strong>Maestro en Impuestos En el Colegio de Posgrado de la Ciudad de M\u00e9xico Cedula No. 09093099<\/strong><\/li><li><strong>Doctorante en Derecho Civil<\/strong><\/li><li><strong>Centro de Estudios Superiores en Ciencias Jur\u00eddicas y Criminol\u00f3gicas<\/strong><\/li><li><strong>Doctor Honoris Causa Recibido en el 2018, por el Claustro Iberoamericano<\/strong><\/li><li><strong>Socio Activo del Colegio de Contadores P\u00fablicos de la Ciudad de M\u00e9xico Numero 018561<\/strong><\/li><li><strong>Maestro en la Universidad de Cuautitl\u00e1n Izcalli (UCI)<\/strong><\/li><li><strong>Maestro desde 2011 en la Universidad Mexicana en las Licenciaturas Administraci\u00f3n y Contadur\u00eda un seminario en Impuestos en la Maestr\u00eda de Derecho Fiscal.<\/strong><\/li><li><strong>Maestro en El Tecnol\u00f3gico de Estudios Superiores de Cuautitl\u00e1n Izcalli (TESCI)<\/strong><\/li><li><strong>Cursos en el Tecnol\u00f3gico de Estudios Superiores de Cuautitl\u00e1n Izcalli, dirigido a Estudiantes de 7mo y 8vo. Semestre. Facturaci\u00f3n Electr\u00f3nica y Perfil del Egresado en la Semana de la contadur\u00eda<\/strong><\/li><li><strong>Asociaci\u00f3n Nacional de Fiscalistas (ANAFINET, Socio y Ponente de Cursos en l\u00ednea)<\/strong><\/li><\/ul>\t\t\t\t\t\t\t\t<\/div>\n\t\t\t\t<\/div>\n\t\t\t\t<div class=\"elementor-element elementor-element-fa4870d elementor-widget elementor-widget-spacer\" data-id=\"fa4870d\" data-element_type=\"widget\" data-widget_type=\"spacer.default\">\n\t\t\t\t<div class=\"elementor-widget-container\">\n\t\t\t\t\t\t\t<div class=\"elementor-spacer\">\n\t\t\t<div class=\"elementor-spacer-inner\"><\/div>\n\t\t<\/div>\n\t\t\t\t\t\t<\/div>\n\t\t\t\t<\/div>\n\t\t\t\t\t<\/div>\n\t\t<\/div>\n\t\t\t\t\t<\/div>\n\t\t<\/section>\n\t\t\t\t<\/div>\n\t\t","protected":false},"excerpt":{"rendered":"<p>Que encontraras en el Temario Objetivo Dar a conocer en forma sencilla y pr\u00e1ctica, los papeles de trabajo respecto de los c\u00e1lculos que las personas morales deber\u00e1n realizar para cumplir de manera correcta con sus obligaciones fiscales, en materia de pagos provisionales y la declaraci\u00f3n anual del ISR. La finalidad es dar a conocer cu\u00e1les [&hellip;]<\/p>\n","protected":false},"author":1,"featured_media":0,"parent":0,"menu_order":0,"comment_status":"closed","ping_status":"closed","template":"","meta":{"footnotes":""},"class_list":["post-23533","page","type-page","status-publish","hentry"],"_links":{"self":[{"href":"https:\/\/caficon.info\/index.php\/wp-json\/wp\/v2\/pages\/23533","targetHints":{"allow":["GET"]}}],"collection":[{"href":"https:\/\/caficon.info\/index.php\/wp-json\/wp\/v2\/pages"}],"about":[{"href":"https:\/\/caficon.info\/index.php\/wp-json\/wp\/v2\/types\/page"}],"author":[{"embeddable":true,"href":"https:\/\/caficon.info\/index.php\/wp-json\/wp\/v2\/users\/1"}],"replies":[{"embeddable":true,"href":"https:\/\/caficon.info\/index.php\/wp-json\/wp\/v2\/comments?post=23533"}],"version-history":[{"count":17,"href":"https:\/\/caficon.info\/index.php\/wp-json\/wp\/v2\/pages\/23533\/revisions"}],"predecessor-version":[{"id":24239,"href":"https:\/\/caficon.info\/index.php\/wp-json\/wp\/v2\/pages\/23533\/revisions\/24239"}],"wp:attachment":[{"href":"https:\/\/caficon.info\/index.php\/wp-json\/wp\/v2\/media?parent=23533"}],"curies":[{"name":"wp","href":"https:\/\/api.w.org\/{rel}","templated":true}]}}