{"id":23875,"date":"2022-05-31T20:49:49","date_gmt":"2022-05-31T20:49:49","guid":{"rendered":"https:\/\/caficon.info\/?page_id=23875"},"modified":"2022-07-07T18:33:23","modified_gmt":"2022-07-07T18:33:23","slug":"tema-pendiente-2","status":"publish","type":"page","link":"https:\/\/caficon.info\/index.php\/tema-pendiente-2\/","title":{"rendered":"Cartas Invitaci\u00f3n del SAT, y su Debido Cumplimiento"},"content":{"rendered":"\t\t<div data-elementor-type=\"wp-page\" data-elementor-id=\"23875\" class=\"elementor elementor-23875\" data-elementor-post-type=\"page\">\n\t\t\t\t\t\t<section class=\"elementor-section elementor-top-section elementor-element elementor-element-ca47c19 elementor-section-boxed elementor-section-height-default elementor-section-height-default\" data-id=\"ca47c19\" data-element_type=\"section\">\n\t\t\t\t\t\t<div class=\"elementor-container elementor-column-gap-default\">\n\t\t\t\t\t<div class=\"elementor-column elementor-col-100 elementor-top-column elementor-element elementor-element-76def40\" data-id=\"76def40\" data-element_type=\"column\">\n\t\t\t<div class=\"elementor-widget-wrap\">\n\t\t\t\t\t\t\t<\/div>\n\t\t<\/div>\n\t\t\t\t\t<\/div>\n\t\t<\/section>\n\t\t\t\t<section class=\"elementor-section elementor-top-section elementor-element elementor-element-89ba3c0 elementor-section-full_width elementor-section-height-default elementor-section-height-default\" data-id=\"89ba3c0\" data-element_type=\"section\">\n\t\t\t\t\t\t<div class=\"elementor-container elementor-column-gap-default\">\n\t\t\t\t\t<div class=\"elementor-column elementor-col-100 elementor-top-column elementor-element elementor-element-4ebcebc\" data-id=\"4ebcebc\" data-element_type=\"column\">\n\t\t\t<div class=\"elementor-widget-wrap elementor-element-populated\">\n\t\t\t\t\t\t<div class=\"elementor-element elementor-element-198cd7b elementor-widget elementor-widget-heading\" data-id=\"198cd7b\" data-element_type=\"widget\" data-widget_type=\"heading.default\">\n\t\t\t\t<div class=\"elementor-widget-container\">\n\t\t\t\t\t<h2 class=\"elementor-heading-title elementor-size-default\">Que encontraras en el Temario<\/h2>\t\t\t\t<\/div>\n\t\t\t\t<\/div>\n\t\t\t\t\t<\/div>\n\t\t<\/div>\n\t\t\t\t\t<\/div>\n\t\t<\/section>\n\t\t\t\t<section class=\"elementor-section elementor-top-section elementor-element elementor-element-538584c elementor-section-full_width elementor-section-height-default elementor-section-height-default\" data-id=\"538584c\" data-element_type=\"section\">\n\t\t\t\t\t\t<div class=\"elementor-container elementor-column-gap-default\">\n\t\t\t\t\t<div class=\"elementor-column elementor-col-25 elementor-top-column elementor-element elementor-element-9a9a0fc\" data-id=\"9a9a0fc\" data-element_type=\"column\">\n\t\t\t<div class=\"elementor-widget-wrap elementor-element-populated\">\n\t\t\t\t\t\t\t<\/div>\n\t\t<\/div>\n\t\t\t\t<div class=\"elementor-column elementor-col-25 elementor-top-column elementor-element elementor-element-6224dc8\" data-id=\"6224dc8\" data-element_type=\"column\">\n\t\t\t<div class=\"elementor-widget-wrap elementor-element-populated\">\n\t\t\t\t\t\t<div class=\"elementor-element elementor-element-5dc07d0 elementor-widget elementor-widget-text-editor\" data-id=\"5dc07d0\" data-element_type=\"widget\" data-widget_type=\"text-editor.default\">\n\t\t\t\t<div class=\"elementor-widget-container\">\n\t\t\t\t\t\t\t\t\t<p><span style=\"color: #ff6600;\"><strong>Objetivo<\/strong><\/span><\/p><p>\u00a0<\/p><p><span style=\"color: #ff6600;\"><strong>Dirigido<\/strong><\/span><\/p>\t\t\t\t\t\t\t\t<\/div>\n\t\t\t\t<\/div>\n\t\t\t\t\t<\/div>\n\t\t<\/div>\n\t\t\t\t<div class=\"elementor-column elementor-col-25 elementor-top-column elementor-element elementor-element-fc08258\" data-id=\"fc08258\" data-element_type=\"column\">\n\t\t\t<div class=\"elementor-widget-wrap elementor-element-populated\">\n\t\t\t\t\t\t<div class=\"elementor-element elementor-element-77e3f7a elementor-widget elementor-widget-text-editor\" data-id=\"77e3f7a\" data-element_type=\"widget\" data-widget_type=\"text-editor.default\">\n\t\t\t\t<div class=\"elementor-widget-container\">\n\t\t\t\t\t\t\t\t\t<h5><span style=\"color: #ff6600;\">Temario:<\/span><\/h5><p>1.- Introducci\u00f3n <br \/>2.-Qu\u00e9 es una Carta invitaci\u00f3n.<br \/>3.- Fundamento Legal de la Carta Invitaci\u00f3n.<br \/>4.- Tipos de Carta Invitaci\u00f3n. <br \/>5.- Consideraciones al recibir una Carta Invitaci\u00f3n.<br \/>6.- Atender o no una Carta Invitaci\u00f3n. <br \/>7.- C\u00f3mo atender una Carta Invitaci\u00f3n. <br \/>8.- Consecuencias. <br \/>9.- Conclusiones. <\/p>\t\t\t\t\t\t\t\t<\/div>\n\t\t\t\t<\/div>\n\t\t\t\t\t<\/div>\n\t\t<\/div>\n\t\t\t\t<div class=\"elementor-column elementor-col-25 elementor-top-column elementor-element elementor-element-680bfdc\" data-id=\"680bfdc\" data-element_type=\"column\">\n\t\t\t<div class=\"elementor-widget-wrap\">\n\t\t\t\t\t\t\t<\/div>\n\t\t<\/div>\n\t\t\t\t\t<\/div>\n\t\t<\/section>\n\t\t\t\t<section class=\"elementor-section elementor-top-section elementor-element elementor-element-21cc300 elementor-section-full_width elementor-section-height-default elementor-section-height-default\" data-id=\"21cc300\" data-element_type=\"section\">\n\t\t\t\t\t\t<div class=\"elementor-container elementor-column-gap-default\">\n\t\t\t\t\t<div class=\"elementor-column elementor-col-100 elementor-top-column elementor-element elementor-element-1ec058e\" data-id=\"1ec058e\" data-element_type=\"column\">\n\t\t\t<div class=\"elementor-widget-wrap elementor-element-populated\">\n\t\t\t\t\t\t<div class=\"elementor-element elementor-element-6cbba6a elementor-widget elementor-widget-spacer\" data-id=\"6cbba6a\" data-element_type=\"widget\" data-widget_type=\"spacer.default\">\n\t\t\t\t<div class=\"elementor-widget-container\">\n\t\t\t\t\t\t\t<div class=\"elementor-spacer\">\n\t\t\t<div class=\"elementor-spacer-inner\"><\/div>\n\t\t<\/div>\n\t\t\t\t\t\t<\/div>\n\t\t\t\t<\/div>\n\t\t\t\t<div class=\"elementor-element elementor-element-eb3a2b3 elementor-widget elementor-widget-heading\" data-id=\"eb3a2b3\" data-element_type=\"widget\" data-widget_type=\"heading.default\">\n\t\t\t\t<div class=\"elementor-widget-container\">\n\t\t\t\t\t<h2 class=\"elementor-heading-title elementor-size-default\">\u00bfQuien Impartir\u00e1 este Curso?<\/h2>\t\t\t\t<\/div>\n\t\t\t\t<\/div>\n\t\t\t\t\t<\/div>\n\t\t<\/div>\n\t\t\t\t\t<\/div>\n\t\t<\/section>\n\t\t\t\t<section class=\"elementor-section elementor-top-section elementor-element elementor-element-82ae34b elementor-section-full_width elementor-section-height-default elementor-section-height-default\" data-id=\"82ae34b\" data-element_type=\"section\">\n\t\t\t\t\t\t<div class=\"elementor-container elementor-column-gap-default\">\n\t\t\t\t\t<div class=\"elementor-column elementor-col-50 elementor-top-column elementor-element elementor-element-b7f4960\" data-id=\"b7f4960\" data-element_type=\"column\">\n\t\t\t<div class=\"elementor-widget-wrap elementor-element-populated\">\n\t\t\t\t\t\t<div class=\"elementor-element elementor-element-819bad6 elementor-widget elementor-widget-image\" data-id=\"819bad6\" data-element_type=\"widget\" data-widget_type=\"image.default\">\n\t\t\t\t<div class=\"elementor-widget-container\">\n\t\t\t\t\t\t\t\t\t\t\t\t\t\t\t<img decoding=\"async\" src=\"https:\/\/caficon.info\/wp-content\/uploads\/2022\/01\/1.jpeg\" title=\"1\" alt=\"1\" loading=\"lazy\" \/>\t\t\t\t\t\t\t\t\t\t\t\t\t\t\t<\/div>\n\t\t\t\t<\/div>\n\t\t\t\t<div class=\"elementor-element elementor-element-ba68cb1 elementor-widget elementor-widget-html\" data-id=\"ba68cb1\" data-element_type=\"widget\" data-widget_type=\"html.default\">\n\t\t\t\t<div class=\"elementor-widget-container\">\n\t\t\t\t\t<h4 style=\"text-align: center;\"><span style=\"color: #ff6600;\">L.C.E.F. y E.D.F. Miguel Angel Martinez Uc<\/span><\/h4>\t\t\t\t<\/div>\n\t\t\t\t<\/div>\n\t\t\t\t\t<\/div>\n\t\t<\/div>\n\t\t\t\t<div class=\"elementor-column elementor-col-50 elementor-top-column elementor-element elementor-element-9268755\" data-id=\"9268755\" data-element_type=\"column\">\n\t\t\t<div class=\"elementor-widget-wrap elementor-element-populated\">\n\t\t\t\t\t\t<div class=\"elementor-element elementor-element-7888daa elementor-widget elementor-widget-spacer\" data-id=\"7888daa\" data-element_type=\"widget\" data-widget_type=\"spacer.default\">\n\t\t\t\t<div class=\"elementor-widget-container\">\n\t\t\t\t\t\t\t<div class=\"elementor-spacer\">\n\t\t\t<div class=\"elementor-spacer-inner\"><\/div>\n\t\t<\/div>\n\t\t\t\t\t\t<\/div>\n\t\t\t\t<\/div>\n\t\t\t\t<div class=\"elementor-element elementor-element-9e4898e elementor-widget elementor-widget-heading\" data-id=\"9e4898e\" data-element_type=\"widget\" data-widget_type=\"heading.default\">\n\t\t\t\t<div class=\"elementor-widget-container\">\n\t\t\t\t\t<h2 class=\"elementor-heading-title elementor-size-default\">CV:<\/h2>\t\t\t\t<\/div>\n\t\t\t\t<\/div>\n\t\t\t\t<div class=\"elementor-element elementor-element-4b07535 elementor-widget elementor-widget-text-editor\" data-id=\"4b07535\" data-element_type=\"widget\" data-widget_type=\"text-editor.default\">\n\t\t\t\t<div class=\"elementor-widget-container\">\n\t\t\t\t\t\t\t\t\t<p><strong>\u00a0<\/strong><\/p><ul><li><strong>Licenciado en Contadur\u00eda egresado de la Facultad de Contadur\u00eda y Administraci\u00f3n de la UNAM<\/strong><\/li><li><strong>Especialista en Fiscal egresado de la Divisi\u00f3n de Estudios de Posgrado de la misma Instituci\u00f3n <\/strong><\/li><li><strong>Especialista en Derecho Fiscal egresado de la Divisi\u00f3n de Estudios de Posgrado de la Facultad de Derecho de la UNAM<\/strong><\/li><li><strong>DESARROLLO PROFESIONAL EN EL \u00c1REA DOCENTE:<\/strong><\/li><li><strong>Profesor de Posgrado, Licenciatura, Seminarios y Diplomados de Titulaci\u00f3n, Ex\u00e1menes Profesionales y \u2013<\/strong><\/li><li><strong>Diplomados de Actualizaci\u00f3n en la Facultad de Contadur\u00eda y Administraci\u00f3n de la UNAM, desde 1995.<\/strong><\/li><li><strong>PROFESOR EN DIPLOMADOS, ESPECIALIDADES Y MAESTR\u00cdAS EN VARIAS INSTITUCIONES EDUCATIVAS LA REP\u00daBLICA COMO SON:<\/strong><\/li><li><strong>Facultad de Contadur\u00eda y Administraci\u00f3n de la UNAM., en varios estados. <\/strong><\/li><li><strong>Universidad Aut\u00f3noma del Estado de Morelos. <\/strong><\/li><li><strong>Universidad Aut\u00f3noma de Yucat\u00e1n. <\/strong><\/li><li><strong>Universidad An\u00e1huac, A.C. <\/strong><\/li><li><strong>Universidad Mexicana de Educaci\u00f3n a Distancia, A.C. <\/strong><\/li><li><strong>Universidad Internacional, S.C. <\/strong><\/li><li><strong>Instituto de Estudios Superiores Juan Ruiz de Alarc\u00f3n, A.C. <\/strong><\/li><li><strong>Universidad Crist\u00f3bal Col\u00f3n, A.C. <\/strong><\/li><li><strong>Instituto de Especializaci\u00f3n para Ejecutivos, A.C.<\/strong><\/li><li><strong>EXPOSITOR DEL PROGRAMA TELEVISIVO Y RADIO \u201cCONSULTORIO FISCAL\u201d Y VIDEOCONFERENCIAS EN LA DIVISI\u00d3N DE EDUCACI\u00d3N CONTINUA DE LA FACULTAD DE CONTADUR\u00cdA Y ADMINISTRACI\u00d3N DE LA UNAM:<\/strong><\/li><li><strong>Conductor del programa Televisivo y Radio \u201cCONSULTORIO FISCAL\u201d de la Facultad de Contadur\u00eda y Administraci\u00f3n de la UNAM. <\/strong><\/li><li><strong>Expositor de temas fiscales en el Instituto de Investigaciones Jur\u00eddicas de la UNAM. &#8211; Conferencista de temas fiscales en diversas C\u00e1maras, Colegios de Contadores, Agrupaciones Empresariales y Agrupaciones Profesionales del pa\u00eds. <\/strong><\/li><li><strong>Coordinador fiscal del Instituto de Capacitaci\u00f3n y Especializaci\u00f3n, S.C. en Celaya, Gto. &#8211; Capacitador de la SHCP-SAT. \u2013<\/strong><\/li><li><strong>Expositor en la implementaci\u00f3n del R\u00e9gimen Simplificado en la D.E.I., Tegucigalpa, Honduras. <\/strong><\/li><li><strong>Miembro de la Comisi\u00f3n Dictaminadora de T\u00e9cnicos Acad\u00e9micos de la Facultad de Contadur\u00eda y Administraci\u00f3n del UNAM. <\/strong><\/li><li><strong>Miembro del Cuerpo Arbitral desde hace 7 a\u00f1os en el Congreso Internacional de Contadur\u00eda, Administraci\u00f3n e Inform\u00e1tica.<\/strong><\/li><li><strong>EN EL SECTOR INDEPENDIENTE:<\/strong><\/li><li><strong>Activo desde 1992, como Consultor y Asesor en las \u00e1reas de Contabilidad, Impuestos, Estructuras Corporativas y <\/strong><\/li><li><strong>Protecci\u00f3n Patrimonial en: &#8211; RAUL AMEZQUITA Y ASOCIADOS, S.C., Asociado Consultor con la firma. <\/strong><\/li><li><strong>OROZCO FELGUERES Y ASOCIADOS, S.C., Asociado Consultor con la firma. <\/strong><\/li><li><strong>DESARROLLO FISCAL EMPRESARIAL, S.C., Socio Director de la firma. <\/strong><\/li><li><strong>Miembro de la Comisi\u00f3n Fiscal de la Zona Centro del IMCP. <\/strong><\/li><li><strong>Asesor del Congreso de la Uni\u00f3n para la Reforma Fiscal. <\/strong><\/li><li><strong>Asesor de la Direcci\u00f3n Jur\u00eddica del INFONAVIT. <\/strong><\/li><li><strong>Asesor del Corporativo PARRES en Colombia, Ecuador y Per\u00fa. <\/strong><\/li><li><strong>Asesor del Corporativo Concepto M\u00f3vil en toda Latinoam\u00e9rica. <\/strong><\/li><li><strong>Asesor del Corporativo Hotelero Aquaria, en Madrid Espa\u00f1a.<\/strong><\/li><li><strong>Asesor del corporativo Met Atl\u00e1ntica en Europa y en M\u00e9xico.<\/strong><\/li><li>\u00a0<\/li><\/ul>\t\t\t\t\t\t\t\t<\/div>\n\t\t\t\t<\/div>\n\t\t\t\t<div class=\"elementor-element elementor-element-8a4caab elementor-widget elementor-widget-spacer\" data-id=\"8a4caab\" data-element_type=\"widget\" data-widget_type=\"spacer.default\">\n\t\t\t\t<div class=\"elementor-widget-container\">\n\t\t\t\t\t\t\t<div class=\"elementor-spacer\">\n\t\t\t<div class=\"elementor-spacer-inner\"><\/div>\n\t\t<\/div>\n\t\t\t\t\t\t<\/div>\n\t\t\t\t<\/div>\n\t\t\t\t\t<\/div>\n\t\t<\/div>\n\t\t\t\t\t<\/div>\n\t\t<\/section>\n\t\t\t\t<\/div>\n\t\t","protected":false},"excerpt":{"rendered":"<p>Que encontraras en el Temario Objetivo \u00a0 Dirigido Temario: 1.- Introducci\u00f3n 2.-Qu\u00e9 es una Carta invitaci\u00f3n.3.- Fundamento Legal de la Carta Invitaci\u00f3n.4.- Tipos de Carta Invitaci\u00f3n. 5.- Consideraciones al recibir una Carta Invitaci\u00f3n.6.- Atender o no una Carta Invitaci\u00f3n. 7.- C\u00f3mo atender una Carta Invitaci\u00f3n. 8.- Consecuencias. 9.- Conclusiones. \u00bfQuien Impartir\u00e1 este Curso? L.C.E.F. y [&hellip;]<\/p>\n","protected":false},"author":1,"featured_media":0,"parent":0,"menu_order":0,"comment_status":"closed","ping_status":"closed","template":"","meta":{"footnotes":""},"class_list":["post-23875","page","type-page","status-publish","hentry"],"_links":{"self":[{"href":"https:\/\/caficon.info\/index.php\/wp-json\/wp\/v2\/pages\/23875","targetHints":{"allow":["GET"]}}],"collection":[{"href":"https:\/\/caficon.info\/index.php\/wp-json\/wp\/v2\/pages"}],"about":[{"href":"https:\/\/caficon.info\/index.php\/wp-json\/wp\/v2\/types\/page"}],"author":[{"embeddable":true,"href":"https:\/\/caficon.info\/index.php\/wp-json\/wp\/v2\/users\/1"}],"replies":[{"embeddable":true,"href":"https:\/\/caficon.info\/index.php\/wp-json\/wp\/v2\/comments?post=23875"}],"version-history":[{"count":22,"href":"https:\/\/caficon.info\/index.php\/wp-json\/wp\/v2\/pages\/23875\/revisions"}],"predecessor-version":[{"id":24754,"href":"https:\/\/caficon.info\/index.php\/wp-json\/wp\/v2\/pages\/23875\/revisions\/24754"}],"wp:attachment":[{"href":"https:\/\/caficon.info\/index.php\/wp-json\/wp\/v2\/media?parent=23875"}],"curies":[{"name":"wp","href":"https:\/\/api.w.org\/{rel}","templated":true}]}}