{"id":23975,"date":"2022-06-02T21:37:38","date_gmt":"2022-06-02T21:37:38","guid":{"rendered":"https:\/\/caficon.info\/?page_id=23975"},"modified":"2022-06-03T18:01:55","modified_gmt":"2022-06-03T18:01:55","slug":"taller-100-practico-facturando-desde-cero-version-cfdi-4-0-desde-plataforma-aspel","status":"publish","type":"page","link":"https:\/\/caficon.info\/index.php\/taller-100-practico-facturando-desde-cero-version-cfdi-4-0-desde-plataforma-aspel\/","title":{"rendered":"Taller 100% Practico Facturando Desde Cero Version CFDI 4.0 (Desde Plataforma ASPEL)"},"content":{"rendered":"\t\t<div data-elementor-type=\"wp-page\" data-elementor-id=\"23975\" class=\"elementor elementor-23975\" data-elementor-post-type=\"page\">\n\t\t\t\t\t\t<section class=\"elementor-section elementor-top-section elementor-element elementor-element-e0fe73f elementor-section-boxed elementor-section-height-default elementor-section-height-default\" data-id=\"e0fe73f\" data-element_type=\"section\">\n\t\t\t\t\t\t<div class=\"elementor-container elementor-column-gap-default\">\n\t\t\t\t\t<div class=\"elementor-column elementor-col-100 elementor-top-column elementor-element elementor-element-59f2e76\" data-id=\"59f2e76\" data-element_type=\"column\">\n\t\t\t<div class=\"elementor-widget-wrap\">\n\t\t\t\t\t\t\t<\/div>\n\t\t<\/div>\n\t\t\t\t\t<\/div>\n\t\t<\/section>\n\t\t\t\t<section class=\"elementor-section elementor-top-section elementor-element elementor-element-7ed29f9 elementor-section-full_width elementor-section-height-default elementor-section-height-default\" data-id=\"7ed29f9\" data-element_type=\"section\">\n\t\t\t\t\t\t<div class=\"elementor-container elementor-column-gap-default\">\n\t\t\t\t\t<div class=\"elementor-column elementor-col-100 elementor-top-column elementor-element elementor-element-4248202\" data-id=\"4248202\" data-element_type=\"column\">\n\t\t\t<div class=\"elementor-widget-wrap elementor-element-populated\">\n\t\t\t\t\t\t<div class=\"elementor-element elementor-element-9e7ae54 elementor-widget elementor-widget-heading\" data-id=\"9e7ae54\" data-element_type=\"widget\" data-widget_type=\"heading.default\">\n\t\t\t\t<div class=\"elementor-widget-container\">\n\t\t\t\t\t<h2 class=\"elementor-heading-title elementor-size-default\">Que encontraras en el Temario<\/h2>\t\t\t\t<\/div>\n\t\t\t\t<\/div>\n\t\t\t\t\t<\/div>\n\t\t<\/div>\n\t\t\t\t\t<\/div>\n\t\t<\/section>\n\t\t\t\t<section class=\"elementor-section elementor-top-section elementor-element elementor-element-e93adf7 elementor-section-full_width elementor-section-height-default elementor-section-height-default\" data-id=\"e93adf7\" data-element_type=\"section\">\n\t\t\t\t\t\t<div class=\"elementor-container elementor-column-gap-default\">\n\t\t\t\t\t<div class=\"elementor-column elementor-col-25 elementor-top-column elementor-element elementor-element-026ba64\" data-id=\"026ba64\" data-element_type=\"column\">\n\t\t\t<div class=\"elementor-widget-wrap elementor-element-populated\">\n\t\t\t\t\t\t\t<\/div>\n\t\t<\/div>\n\t\t\t\t<div class=\"elementor-column elementor-col-25 elementor-top-column elementor-element elementor-element-4d19fdb\" data-id=\"4d19fdb\" data-element_type=\"column\">\n\t\t\t<div class=\"elementor-widget-wrap elementor-element-populated\">\n\t\t\t\t\t\t<div class=\"elementor-element elementor-element-89b1a8a elementor-widget elementor-widget-text-editor\" data-id=\"89b1a8a\" data-element_type=\"widget\" data-widget_type=\"text-editor.default\">\n\t\t\t\t<div class=\"elementor-widget-container\">\n\t\t\t\t\t\t\t\t\t<p><span style=\"color: #ff6600;\"><strong>Objetivo<\/strong><\/span><\/p><p>Conocer los cambios en los principales sistemas Aspel que incluyen los alcances para la emisi\u00f3n y cancelaci\u00f3n de Comprobantes Fiscales Digitales por Internet versi\u00f3n 4.0.<\/p><p><span style=\"color: #ff6600;\"><strong>Dirigido<\/strong><\/span><\/p>\t\t\t\t\t\t\t\t<\/div>\n\t\t\t\t<\/div>\n\t\t\t\t\t<\/div>\n\t\t<\/div>\n\t\t\t\t<div class=\"elementor-column elementor-col-25 elementor-top-column elementor-element elementor-element-7310b36\" data-id=\"7310b36\" data-element_type=\"column\">\n\t\t\t<div class=\"elementor-widget-wrap elementor-element-populated\">\n\t\t\t\t\t\t<div class=\"elementor-element elementor-element-7baac90 elementor-widget elementor-widget-text-editor\" data-id=\"7baac90\" data-element_type=\"widget\" data-widget_type=\"text-editor.default\">\n\t\t\t\t<div class=\"elementor-widget-container\">\n\t\t\t\t\t\t\t\t\t<h5><span style=\"color: #ff6600;\">Temario:<\/span><\/h5><ol start=\"4\"><li>Introducci\u00f3n a la nueva versi\u00f3n de CFDI 4.0 en los sistemas Aspel.<ol start=\"20\"><li>Principales cambios en el anexo 20.<\/li><li>Incluyendo a CFDI 4.0 en los sistemas Aspel.<\/li><\/ol><\/li><li>Consideraciones iniciales para la emisi\u00f3n.<ol><li>Requisitos de configuraci\u00f3n en los principales sistemas Aspel.<\/li><li>Validaci\u00f3n de informaci\u00f3n.<\/li><\/ol><\/li><\/ol><ul><li>Emisi\u00f3n de CFDI de Ingreso, Egreso y Traslado.<ol><li>Emisi\u00f3n desde Aspel-SAE.<\/li><li>Emisi\u00f3n desde Aspel-FACTURe.<\/li><li>Emisi\u00f3n desde Aspel-ADM.<\/li><\/ol><\/li><\/ul><ol><li>Emisi\u00f3n de CFDI de Pagos.<ol><li>Emisi\u00f3n de pagos desde Aspel-SAE.<\/li><li>Emisi\u00f3n de pagos desde Aspel-FACTURe.<\/li><li>Emisi\u00f3n de pagos desde Aspel-ADM.<\/li><\/ol><\/li><li>Emisi\u00f3n de CFDI de N\u00f3mina.<ol><li>Emisi\u00f3n de CFDI de N\u00f3mina desde Aspel-NOI.<\/li><\/ol><\/li><li>Emisi\u00f3n de CFDI de N\u00f3mina para vi\u00e1ticos y CFDI de retenciones.<ol><li>Emisi\u00f3n desde Aspel-FACTURe.<\/li><\/ol><\/li><\/ol><h5>Cancelaci\u00f3n de comprobantes.<\/h5>\t\t\t\t\t\t\t\t<\/div>\n\t\t\t\t<\/div>\n\t\t\t\t\t<\/div>\n\t\t<\/div>\n\t\t\t\t<div class=\"elementor-column elementor-col-25 elementor-top-column elementor-element elementor-element-9c9f472\" data-id=\"9c9f472\" data-element_type=\"column\">\n\t\t\t<div class=\"elementor-widget-wrap\">\n\t\t\t\t\t\t\t<\/div>\n\t\t<\/div>\n\t\t\t\t\t<\/div>\n\t\t<\/section>\n\t\t\t\t<section class=\"elementor-section elementor-top-section elementor-element elementor-element-86eb2be elementor-section-full_width elementor-section-height-default elementor-section-height-default\" data-id=\"86eb2be\" data-element_type=\"section\">\n\t\t\t\t\t\t<div class=\"elementor-container elementor-column-gap-default\">\n\t\t\t\t\t<div class=\"elementor-column elementor-col-100 elementor-top-column elementor-element elementor-element-f814612\" data-id=\"f814612\" data-element_type=\"column\">\n\t\t\t<div class=\"elementor-widget-wrap elementor-element-populated\">\n\t\t\t\t\t\t<div class=\"elementor-element elementor-element-28a9b0a elementor-widget elementor-widget-spacer\" data-id=\"28a9b0a\" data-element_type=\"widget\" data-widget_type=\"spacer.default\">\n\t\t\t\t<div class=\"elementor-widget-container\">\n\t\t\t\t\t\t\t<div class=\"elementor-spacer\">\n\t\t\t<div class=\"elementor-spacer-inner\"><\/div>\n\t\t<\/div>\n\t\t\t\t\t\t<\/div>\n\t\t\t\t<\/div>\n\t\t\t\t<div class=\"elementor-element elementor-element-d7bd240 elementor-widget elementor-widget-heading\" data-id=\"d7bd240\" data-element_type=\"widget\" data-widget_type=\"heading.default\">\n\t\t\t\t<div class=\"elementor-widget-container\">\n\t\t\t\t\t<h2 class=\"elementor-heading-title elementor-size-default\">\u00bfQuien Impartir\u00e1 este Curso?<\/h2>\t\t\t\t<\/div>\n\t\t\t\t<\/div>\n\t\t\t\t\t<\/div>\n\t\t<\/div>\n\t\t\t\t\t<\/div>\n\t\t<\/section>\n\t\t\t\t<section class=\"elementor-section elementor-top-section elementor-element elementor-element-28a09e2 elementor-section-full_width elementor-section-height-default elementor-section-height-default\" data-id=\"28a09e2\" data-element_type=\"section\">\n\t\t\t\t\t\t<div class=\"elementor-container elementor-column-gap-default\">\n\t\t\t\t\t<div class=\"elementor-column elementor-col-50 elementor-top-column elementor-element elementor-element-0227558\" data-id=\"0227558\" data-element_type=\"column\">\n\t\t\t<div class=\"elementor-widget-wrap elementor-element-populated\">\n\t\t\t\t\t\t<div class=\"elementor-element elementor-element-11c9007 elementor-widget elementor-widget-image\" data-id=\"11c9007\" data-element_type=\"widget\" data-widget_type=\"image.default\">\n\t\t\t\t<div class=\"elementor-widget-container\">\n\t\t\t\t\t\t\t\t\t\t\t\t\t\t\t<img decoding=\"async\" src=\"https:\/\/caficon.info\/wp-content\/uploads\/2021\/05\/WhatsApp-Image-2021-05-25-at-4.34.59-PM.jpeg\" title=\"caficon\" alt=\"CAFICON\" loading=\"lazy\" \/>\t\t\t\t\t\t\t\t\t\t\t\t\t\t\t<\/div>\n\t\t\t\t<\/div>\n\t\t\t\t<div class=\"elementor-element elementor-element-adf7997 elementor-widget elementor-widget-html\" data-id=\"adf7997\" data-element_type=\"widget\" data-widget_type=\"html.default\">\n\t\t\t\t<div class=\"elementor-widget-container\">\n\t\t\t\t\t<h4 style=\"text-align: center;\"><span style=\"color: #ff6600;\">L.I. Jose Antonio Cenobio Ramirez<\/span><\/h4>\t\t\t\t<\/div>\n\t\t\t\t<\/div>\n\t\t\t\t\t<\/div>\n\t\t<\/div>\n\t\t\t\t<div class=\"elementor-column elementor-col-50 elementor-top-column elementor-element elementor-element-9437a05\" data-id=\"9437a05\" data-element_type=\"column\">\n\t\t\t<div class=\"elementor-widget-wrap elementor-element-populated\">\n\t\t\t\t\t\t<div class=\"elementor-element elementor-element-e13849b elementor-widget elementor-widget-spacer\" data-id=\"e13849b\" data-element_type=\"widget\" data-widget_type=\"spacer.default\">\n\t\t\t\t<div class=\"elementor-widget-container\">\n\t\t\t\t\t\t\t<div class=\"elementor-spacer\">\n\t\t\t<div class=\"elementor-spacer-inner\"><\/div>\n\t\t<\/div>\n\t\t\t\t\t\t<\/div>\n\t\t\t\t<\/div>\n\t\t\t\t<div class=\"elementor-element elementor-element-12b146c elementor-widget elementor-widget-heading\" data-id=\"12b146c\" data-element_type=\"widget\" data-widget_type=\"heading.default\">\n\t\t\t\t<div class=\"elementor-widget-container\">\n\t\t\t\t\t<h2 class=\"elementor-heading-title elementor-size-default\">CV:<\/h2>\t\t\t\t<\/div>\n\t\t\t\t<\/div>\n\t\t\t\t<div class=\"elementor-element elementor-element-f797480 elementor-hidden-desktop elementor-hidden-tablet elementor-hidden-mobile elementor-widget elementor-widget-text-editor\" data-id=\"f797480\" data-element_type=\"widget\" data-widget_type=\"text-editor.default\">\n\t\t\t\t<div class=\"elementor-widget-container\">\n\t\t\t\t\t\t\t\t\t<p><strong>\u00a0<\/strong><\/p><ul><li><strong>Contador P\u00fablico Certificado. <\/strong><\/li><li><strong>Maestr\u00eda en Contribuciones Fiscales.<\/strong><\/li><li><strong>Especializado en Impuestos. <\/strong><\/li><li><strong>Diplomado en contribuciones fiscales.<\/strong><\/li><li><strong>EXPERIENCIA PROFESIONAL<\/strong><\/li><li><strong>Socio Director Cabrera Torres y Asociados, S.C. <\/strong><\/li><li><strong>Miembro de la Comisi\u00f3n de Investigaci\u00f3n Fiscal del Colegio de Contadores P\u00fablicos de M\u00e9xico, A.C. <\/strong><\/li><li><strong>Contador P\u00fablico Certificado. <\/strong><\/li><li><strong>Docente de la Escuela Bancaria y Comercial. <\/strong><\/li><li><strong>Instructor en el Colegio Fiscal de M\u00e9xico. <\/strong><\/li><li><strong>Miembro del Pool de Fiscalistas. <\/strong><\/li><li><strong>Certificado en Disciplinas Fiscal <\/strong><\/li><li><strong>Instituto Mexicano de Contadores P\u00fablicos <\/strong><\/li><li><strong>CERTIFICADO COMO CONTADOR POR EL INSTITUTO MEXICANO DE CONTADORES P\u00daBLICOS<\/strong><\/li><li><strong>EXPERTO EN ESTRATEGIA EMPRESARIAL, PLANIFICACI\u00d3N ESTRAT\u00c9GICA<\/strong><\/li><\/ul>\t\t\t\t\t\t\t\t<\/div>\n\t\t\t\t<\/div>\n\t\t\t\t<div class=\"elementor-element elementor-element-f1f1e42 elementor-widget elementor-widget-spacer\" data-id=\"f1f1e42\" data-element_type=\"widget\" data-widget_type=\"spacer.default\">\n\t\t\t\t<div class=\"elementor-widget-container\">\n\t\t\t\t\t\t\t<div class=\"elementor-spacer\">\n\t\t\t<div class=\"elementor-spacer-inner\"><\/div>\n\t\t<\/div>\n\t\t\t\t\t\t<\/div>\n\t\t\t\t<\/div>\n\t\t\t\t\t<\/div>\n\t\t<\/div>\n\t\t\t\t\t<\/div>\n\t\t<\/section>\n\t\t\t\t<\/div>\n\t\t","protected":false},"excerpt":{"rendered":"<p>Que encontraras en el Temario Objetivo Conocer los cambios en los principales sistemas Aspel que incluyen los alcances para la emisi\u00f3n y cancelaci\u00f3n de Comprobantes Fiscales Digitales por Internet versi\u00f3n 4.0. Dirigido Temario: Introducci\u00f3n a la nueva versi\u00f3n de CFDI 4.0 en los sistemas Aspel. Principales cambios en el anexo 20. Incluyendo a CFDI 4.0 [&hellip;]<\/p>\n","protected":false},"author":1,"featured_media":0,"parent":0,"menu_order":0,"comment_status":"closed","ping_status":"closed","template":"","meta":{"footnotes":""},"class_list":["post-23975","page","type-page","status-publish","hentry"],"_links":{"self":[{"href":"https:\/\/caficon.info\/index.php\/wp-json\/wp\/v2\/pages\/23975","targetHints":{"allow":["GET"]}}],"collection":[{"href":"https:\/\/caficon.info\/index.php\/wp-json\/wp\/v2\/pages"}],"about":[{"href":"https:\/\/caficon.info\/index.php\/wp-json\/wp\/v2\/types\/page"}],"author":[{"embeddable":true,"href":"https:\/\/caficon.info\/index.php\/wp-json\/wp\/v2\/users\/1"}],"replies":[{"embeddable":true,"href":"https:\/\/caficon.info\/index.php\/wp-json\/wp\/v2\/comments?post=23975"}],"version-history":[{"count":25,"href":"https:\/\/caficon.info\/index.php\/wp-json\/wp\/v2\/pages\/23975\/revisions"}],"predecessor-version":[{"id":24029,"href":"https:\/\/caficon.info\/index.php\/wp-json\/wp\/v2\/pages\/23975\/revisions\/24029"}],"wp:attachment":[{"href":"https:\/\/caficon.info\/index.php\/wp-json\/wp\/v2\/media?parent=23975"}],"curies":[{"name":"wp","href":"https:\/\/api.w.org\/{rel}","templated":true}]}}