{"id":24125,"date":"2022-06-06T21:51:28","date_gmt":"2022-06-06T21:51:28","guid":{"rendered":"https:\/\/caficon.info\/?page_id=24125"},"modified":"2022-06-21T17:44:14","modified_gmt":"2022-06-21T17:44:14","slug":"cfdi-4-0-3","status":"publish","type":"page","link":"https:\/\/caficon.info\/index.php\/cfdi-4-0-3\/","title":{"rendered":"CFDI 4.0"},"content":{"rendered":"\t\t<div data-elementor-type=\"wp-page\" data-elementor-id=\"24125\" class=\"elementor elementor-24125\" data-elementor-post-type=\"page\">\n\t\t\t\t\t\t<section class=\"elementor-section elementor-top-section elementor-element elementor-element-1504fb1 elementor-section-boxed elementor-section-height-default elementor-section-height-default\" data-id=\"1504fb1\" data-element_type=\"section\">\n\t\t\t\t\t\t<div class=\"elementor-container elementor-column-gap-default\">\n\t\t\t\t\t<div class=\"elementor-column elementor-col-100 elementor-top-column elementor-element elementor-element-9cf8f28\" data-id=\"9cf8f28\" data-element_type=\"column\">\n\t\t\t<div class=\"elementor-widget-wrap\">\n\t\t\t\t\t\t\t<\/div>\n\t\t<\/div>\n\t\t\t\t\t<\/div>\n\t\t<\/section>\n\t\t\t\t<section class=\"elementor-section elementor-top-section elementor-element elementor-element-a79581d elementor-section-full_width elementor-section-height-default elementor-section-height-default\" data-id=\"a79581d\" data-element_type=\"section\">\n\t\t\t\t\t\t<div class=\"elementor-container elementor-column-gap-default\">\n\t\t\t\t\t<div class=\"elementor-column elementor-col-100 elementor-top-column elementor-element elementor-element-c8bcff7\" data-id=\"c8bcff7\" data-element_type=\"column\">\n\t\t\t<div class=\"elementor-widget-wrap elementor-element-populated\">\n\t\t\t\t\t\t<div class=\"elementor-element elementor-element-f487c53 elementor-widget elementor-widget-heading\" data-id=\"f487c53\" data-element_type=\"widget\" data-widget_type=\"heading.default\">\n\t\t\t\t<div class=\"elementor-widget-container\">\n\t\t\t\t\t<h2 class=\"elementor-heading-title elementor-size-default\">Que encontraras en el Temario<\/h2>\t\t\t\t<\/div>\n\t\t\t\t<\/div>\n\t\t\t\t\t<\/div>\n\t\t<\/div>\n\t\t\t\t\t<\/div>\n\t\t<\/section>\n\t\t\t\t<section class=\"elementor-section elementor-top-section elementor-element elementor-element-6215ec3 elementor-section-full_width elementor-section-height-default elementor-section-height-default\" data-id=\"6215ec3\" data-element_type=\"section\">\n\t\t\t\t\t\t<div class=\"elementor-container elementor-column-gap-default\">\n\t\t\t\t\t<div class=\"elementor-column elementor-col-25 elementor-top-column elementor-element elementor-element-79d5032\" data-id=\"79d5032\" data-element_type=\"column\">\n\t\t\t<div class=\"elementor-widget-wrap elementor-element-populated\">\n\t\t\t\t\t\t\t<\/div>\n\t\t<\/div>\n\t\t\t\t<div class=\"elementor-column elementor-col-25 elementor-top-column elementor-element elementor-element-44c3fa8\" data-id=\"44c3fa8\" data-element_type=\"column\">\n\t\t\t<div class=\"elementor-widget-wrap elementor-element-populated\">\n\t\t\t\t\t\t<div class=\"elementor-element elementor-element-7a2ca48 elementor-widget elementor-widget-text-editor\" data-id=\"7a2ca48\" data-element_type=\"widget\" data-widget_type=\"text-editor.default\">\n\t\t\t\t<div class=\"elementor-widget-container\">\n\t\t\t\t\t\t\t\t\t<p><span style=\"color: #ff6600;\"><strong>Objetivo<\/strong><\/span><\/p><p><strong style=\"color: #ff6600;\">Dirigido<\/strong><\/p>\t\t\t\t\t\t\t\t<\/div>\n\t\t\t\t<\/div>\n\t\t\t\t\t<\/div>\n\t\t<\/div>\n\t\t\t\t<div class=\"elementor-column elementor-col-25 elementor-top-column elementor-element elementor-element-8b34776\" data-id=\"8b34776\" data-element_type=\"column\">\n\t\t\t<div class=\"elementor-widget-wrap elementor-element-populated\">\n\t\t\t\t\t\t<div class=\"elementor-element elementor-element-673e772 elementor-widget elementor-widget-text-editor\" data-id=\"673e772\" data-element_type=\"widget\" data-widget_type=\"text-editor.default\">\n\t\t\t\t<div class=\"elementor-widget-container\">\n\t\t\t\t\t\t\t\t\t<h5><span style=\"color: #ff6600;\">Temario:<\/span><\/h5><p>PUNTOS ELEMENTALES DEL CFDI.<\/p><p><br \/>C\u00f3digo Fiscal De La Federaci\u00f3n.<br \/>Resoluci\u00f3n Miscel\u00e1nea Fiscal.<br \/>Infracciones y Sanciones.<br \/>\u200b<br \/>REFORMAS FISCALES EN MATERIA DE CFDI.<\/p><p><br \/>Nuevos requisitos.<br \/>Cancelaci\u00f3n CFDI.<br \/>Devoluciones, descuentos y bonificaciones.<br \/>Transici\u00f3n CFDI 3.3. Y 4.0<br \/>An\u00e1lisis de Cat\u00e1logos.<\/p>\t\t\t\t\t\t\t\t<\/div>\n\t\t\t\t<\/div>\n\t\t\t\t\t<\/div>\n\t\t<\/div>\n\t\t\t\t<div class=\"elementor-column elementor-col-25 elementor-top-column elementor-element elementor-element-e0a4441\" data-id=\"e0a4441\" data-element_type=\"column\">\n\t\t\t<div class=\"elementor-widget-wrap\">\n\t\t\t\t\t\t\t<\/div>\n\t\t<\/div>\n\t\t\t\t\t<\/div>\n\t\t<\/section>\n\t\t\t\t<section class=\"elementor-section elementor-top-section elementor-element elementor-element-22e9b0e elementor-section-full_width elementor-section-height-default elementor-section-height-default\" data-id=\"22e9b0e\" data-element_type=\"section\">\n\t\t\t\t\t\t<div class=\"elementor-container elementor-column-gap-default\">\n\t\t\t\t\t<div class=\"elementor-column elementor-col-100 elementor-top-column elementor-element elementor-element-edc908f\" data-id=\"edc908f\" data-element_type=\"column\">\n\t\t\t<div class=\"elementor-widget-wrap elementor-element-populated\">\n\t\t\t\t\t\t<div class=\"elementor-element elementor-element-55ecff3 elementor-widget elementor-widget-spacer\" data-id=\"55ecff3\" data-element_type=\"widget\" data-widget_type=\"spacer.default\">\n\t\t\t\t<div class=\"elementor-widget-container\">\n\t\t\t\t\t\t\t<div class=\"elementor-spacer\">\n\t\t\t<div class=\"elementor-spacer-inner\"><\/div>\n\t\t<\/div>\n\t\t\t\t\t\t<\/div>\n\t\t\t\t<\/div>\n\t\t\t\t<div class=\"elementor-element elementor-element-e553f0b elementor-widget elementor-widget-heading\" data-id=\"e553f0b\" data-element_type=\"widget\" data-widget_type=\"heading.default\">\n\t\t\t\t<div class=\"elementor-widget-container\">\n\t\t\t\t\t<h2 class=\"elementor-heading-title elementor-size-default\">\u00bfQuien Impartir\u00e1 este Curso?<\/h2>\t\t\t\t<\/div>\n\t\t\t\t<\/div>\n\t\t\t\t\t<\/div>\n\t\t<\/div>\n\t\t\t\t\t<\/div>\n\t\t<\/section>\n\t\t\t\t<section class=\"elementor-section elementor-top-section elementor-element elementor-element-30004ea elementor-section-full_width elementor-section-height-default elementor-section-height-default\" data-id=\"30004ea\" data-element_type=\"section\">\n\t\t\t\t\t\t<div class=\"elementor-container elementor-column-gap-default\">\n\t\t\t\t\t<div class=\"elementor-column elementor-col-50 elementor-top-column elementor-element elementor-element-b589140\" data-id=\"b589140\" data-element_type=\"column\">\n\t\t\t<div class=\"elementor-widget-wrap elementor-element-populated\">\n\t\t\t\t\t\t<div class=\"elementor-element elementor-element-f03ca6e elementor-widget elementor-widget-image\" data-id=\"f03ca6e\" data-element_type=\"widget\" data-widget_type=\"image.default\">\n\t\t\t\t<div class=\"elementor-widget-container\">\n\t\t\t\t\t\t\t\t\t\t\t\t\t\t\t<img decoding=\"async\" src=\"https:\/\/caficon.info\/wp-content\/uploads\/2022\/04\/ponentes-1.jpg\" title=\"ponentes\" alt=\"ponentes\" loading=\"lazy\" \/>\t\t\t\t\t\t\t\t\t\t\t\t\t\t\t<\/div>\n\t\t\t\t<\/div>\n\t\t\t\t<div class=\"elementor-element elementor-element-c86e111 elementor-widget elementor-widget-html\" data-id=\"c86e111\" data-element_type=\"widget\" data-widget_type=\"html.default\">\n\t\t\t\t<div class=\"elementor-widget-container\">\n\t\t\t\t\t<h4 style=\"text-align: center;\"><span style=\"color: #ff6600;\">Mtro. Mario Orlando Beltran Lopez<\/span><\/h4>\t\t\t\t<\/div>\n\t\t\t\t<\/div>\n\t\t\t\t\t<\/div>\n\t\t<\/div>\n\t\t\t\t<div class=\"elementor-column elementor-col-50 elementor-top-column elementor-element elementor-element-71316c9\" data-id=\"71316c9\" data-element_type=\"column\">\n\t\t\t<div class=\"elementor-widget-wrap elementor-element-populated\">\n\t\t\t\t\t\t<div class=\"elementor-element elementor-element-8ace846 elementor-widget elementor-widget-spacer\" data-id=\"8ace846\" data-element_type=\"widget\" data-widget_type=\"spacer.default\">\n\t\t\t\t<div class=\"elementor-widget-container\">\n\t\t\t\t\t\t\t<div class=\"elementor-spacer\">\n\t\t\t<div class=\"elementor-spacer-inner\"><\/div>\n\t\t<\/div>\n\t\t\t\t\t\t<\/div>\n\t\t\t\t<\/div>\n\t\t\t\t<div class=\"elementor-element elementor-element-28102da elementor-widget elementor-widget-heading\" data-id=\"28102da\" data-element_type=\"widget\" data-widget_type=\"heading.default\">\n\t\t\t\t<div class=\"elementor-widget-container\">\n\t\t\t\t\t<h2 class=\"elementor-heading-title elementor-size-default\">CV:<\/h2>\t\t\t\t<\/div>\n\t\t\t\t<\/div>\n\t\t\t\t<div class=\"elementor-element elementor-element-738b89a elementor-widget elementor-widget-text-editor\" data-id=\"738b89a\" data-element_type=\"widget\" data-widget_type=\"text-editor.default\">\n\t\t\t\t<div class=\"elementor-widget-container\">\n\t\t\t\t\t\t\t\t\t<ul><li>Licenciado en Contadur\u00eda P\u00fablica por la Universidad Aut\u00f3noma de Chiapas.<\/li><li>Maestro\u00a0en Estudios Fiscales por la Universidad Aut\u00f3noma de Chiapas.<\/li><li>Maestro en Administraci\u00f3n por el Instituto de Estudios Superiores de Chiapas<\/li><li>Plantel Tapachula.<\/li><li>Actualmente cursando la Licenciatura en Derecho.<\/li><li>Actualmente cursando el Doctorado en Ciencias de lo Fiscal<\/li><li>Socio Director de Consultor\u00eda Contable-Fiscal e Instituto de Capacitaci\u00f3n y Estudios Fiscales<\/li><li>Socio del Colegio de Contadores P\u00fablicos de Chiapas, A.C.<\/li><li>Expositor a nivel nacional ante diversos organismos, colegios e instituciones educativas y dependencias p\u00fablicas tales como el Servicio de Administraci\u00f3n Tributaria.<\/li><li>Agente capacitador externo ante la STPS.<\/li><li>Catedr\u00e1tico a nivel licenciatura y posgrado\u00a0en asignaturas\u00a0en materia contable y fiscal.<\/li><\/ul>\t\t\t\t\t\t\t\t<\/div>\n\t\t\t\t<\/div>\n\t\t\t\t<div class=\"elementor-element elementor-element-65dd847 elementor-widget elementor-widget-spacer\" data-id=\"65dd847\" data-element_type=\"widget\" data-widget_type=\"spacer.default\">\n\t\t\t\t<div class=\"elementor-widget-container\">\n\t\t\t\t\t\t\t<div class=\"elementor-spacer\">\n\t\t\t<div class=\"elementor-spacer-inner\"><\/div>\n\t\t<\/div>\n\t\t\t\t\t\t<\/div>\n\t\t\t\t<\/div>\n\t\t\t\t\t<\/div>\n\t\t<\/div>\n\t\t\t\t\t<\/div>\n\t\t<\/section>\n\t\t\t\t<\/div>\n\t\t","protected":false},"excerpt":{"rendered":"<p>Que encontraras en el Temario Objetivo Dirigido Temario: PUNTOS ELEMENTALES DEL CFDI. C\u00f3digo Fiscal De La Federaci\u00f3n.Resoluci\u00f3n Miscel\u00e1nea Fiscal.Infracciones y Sanciones.\u200bREFORMAS FISCALES EN MATERIA DE CFDI. Nuevos requisitos.Cancelaci\u00f3n CFDI.Devoluciones, descuentos y bonificaciones.Transici\u00f3n CFDI 3.3. Y 4.0An\u00e1lisis de Cat\u00e1logos. \u00bfQuien Impartir\u00e1 este Curso? Mtro. Mario Orlando Beltran Lopez CV: Licenciado en Contadur\u00eda P\u00fablica por la Universidad [&hellip;]<\/p>\n","protected":false},"author":1,"featured_media":0,"parent":0,"menu_order":0,"comment_status":"closed","ping_status":"closed","template":"","meta":{"footnotes":""},"class_list":["post-24125","page","type-page","status-publish","hentry"],"_links":{"self":[{"href":"https:\/\/caficon.info\/index.php\/wp-json\/wp\/v2\/pages\/24125","targetHints":{"allow":["GET"]}}],"collection":[{"href":"https:\/\/caficon.info\/index.php\/wp-json\/wp\/v2\/pages"}],"about":[{"href":"https:\/\/caficon.info\/index.php\/wp-json\/wp\/v2\/types\/page"}],"author":[{"embeddable":true,"href":"https:\/\/caficon.info\/index.php\/wp-json\/wp\/v2\/users\/1"}],"replies":[{"embeddable":true,"href":"https:\/\/caficon.info\/index.php\/wp-json\/wp\/v2\/comments?post=24125"}],"version-history":[{"count":28,"href":"https:\/\/caficon.info\/index.php\/wp-json\/wp\/v2\/pages\/24125\/revisions"}],"predecessor-version":[{"id":24356,"href":"https:\/\/caficon.info\/index.php\/wp-json\/wp\/v2\/pages\/24125\/revisions\/24356"}],"wp:attachment":[{"href":"https:\/\/caficon.info\/index.php\/wp-json\/wp\/v2\/media?parent=24125"}],"curies":[{"name":"wp","href":"https:\/\/api.w.org\/{rel}","templated":true}]}}