{"id":24727,"date":"2022-07-07T05:17:50","date_gmt":"2022-07-07T05:17:50","guid":{"rendered":"https:\/\/caficon.info\/?page_id=24727"},"modified":"2022-07-07T06:28:25","modified_gmt":"2022-07-07T06:28:25","slug":"tienda-3","status":"publish","type":"page","link":"https:\/\/caficon.info\/index.php\/tienda-3\/","title":{"rendered":"Tienda"},"content":{"rendered":"\t\t<div data-elementor-type=\"wp-page\" data-elementor-id=\"24727\" class=\"elementor elementor-24727\" data-elementor-post-type=\"page\">\n\t\t\t\t\t\t<section class=\"elementor-section elementor-top-section elementor-element elementor-element-d3368fe elementor-section-boxed elementor-section-height-default elementor-section-height-default\" data-id=\"d3368fe\" data-element_type=\"section\">\n\t\t\t\t\t\t<div class=\"elementor-container elementor-column-gap-default\">\n\t\t\t\t\t<div class=\"elementor-column elementor-col-33 elementor-top-column elementor-element elementor-element-7f1ed09\" data-id=\"7f1ed09\" data-element_type=\"column\">\n\t\t\t<div class=\"elementor-widget-wrap elementor-element-populated\">\n\t\t\t\t\t\t<div class=\"elementor-element elementor-element-c300871 elementor-widget elementor-widget-image\" data-id=\"c300871\" data-element_type=\"widget\" data-widget_type=\"image.default\">\n\t\t\t\t<div class=\"elementor-widget-container\">\n\t\t\t\t\t\t\t\t\t\t\t\t\t\t\t<img fetchpriority=\"high\" decoding=\"async\" width=\"300\" height=\"300\" src=\"https:\/\/caficon.info\/wp-content\/uploads\/2022\/07\/26-300x300.jpg\" class=\"attachment-medium size-medium wp-image-24730\" alt=\"\" srcset=\"https:\/\/caficon.info\/wp-content\/uploads\/2022\/07\/26-300x300.jpg 300w, https:\/\/caficon.info\/wp-content\/uploads\/2022\/07\/26-150x150.jpg 150w, https:\/\/caficon.info\/wp-content\/uploads\/2022\/07\/26-768x768.jpg 768w, https:\/\/caficon.info\/wp-content\/uploads\/2022\/07\/26-600x600.jpg 600w, https:\/\/caficon.info\/wp-content\/uploads\/2022\/07\/26-100x100.jpg 100w, https:\/\/caficon.info\/wp-content\/uploads\/2022\/07\/26.jpg 1000w\" sizes=\"(max-width: 300px) 100vw, 300px\" \/>\t\t\t\t\t\t\t\t\t\t\t\t\t\t\t<\/div>\n\t\t\t\t<\/div>\n\t\t\t\t<div class=\"elementor-element elementor-element-9fc7350 elementor-widget elementor-widget-text-editor\" data-id=\"9fc7350\" data-element_type=\"widget\" data-widget_type=\"text-editor.default\">\n\t\t\t\t<div class=\"elementor-widget-container\">\n\t\t\t\t\t\t\t\t\t<h1 class=\"product_title entry-title\" style=\"text-align: center;\"><span style=\"color: #000000;\">Calculadoras <\/span><\/h1><h3 class=\"product_title entry-title\" style=\"text-align: center;\"><span style=\"color: #000000;\">Contenido (1 Calculadora)<\/span><\/h3><h5 style=\"text-align: center;\"><a href=\"https:\/\/caficon.com\/index.php\/calculadoras-ecomerce\/\"><span style=\"color: #ff6600;\">ver Calculadoras Disponibles<\/span><\/a><\/h5>\t\t\t\t\t\t\t\t<\/div>\n\t\t\t\t<\/div>\n\t\t\t\t\t<\/div>\n\t\t<\/div>\n\t\t\t\t<div class=\"elementor-column elementor-col-33 elementor-top-column elementor-element elementor-element-076f91d\" data-id=\"076f91d\" data-element_type=\"column\">\n\t\t\t<div class=\"elementor-widget-wrap elementor-element-populated\">\n\t\t\t\t\t\t<div class=\"elementor-element elementor-element-76b89d6 elementor-widget elementor-widget-image\" data-id=\"76b89d6\" data-element_type=\"widget\" data-widget_type=\"image.default\">\n\t\t\t\t<div class=\"elementor-widget-container\">\n\t\t\t\t\t\t\t\t\t\t\t\t\t\t\t<img fetchpriority=\"high\" decoding=\"async\" width=\"300\" height=\"300\" src=\"https:\/\/caficon.info\/wp-content\/uploads\/2022\/07\/26-300x300.jpg\" class=\"attachment-medium size-medium wp-image-24730\" alt=\"\" srcset=\"https:\/\/caficon.info\/wp-content\/uploads\/2022\/07\/26-300x300.jpg 300w, https:\/\/caficon.info\/wp-content\/uploads\/2022\/07\/26-150x150.jpg 150w, https:\/\/caficon.info\/wp-content\/uploads\/2022\/07\/26-768x768.jpg 768w, https:\/\/caficon.info\/wp-content\/uploads\/2022\/07\/26-600x600.jpg 600w, https:\/\/caficon.info\/wp-content\/uploads\/2022\/07\/26-100x100.jpg 100w, https:\/\/caficon.info\/wp-content\/uploads\/2022\/07\/26.jpg 1000w\" sizes=\"(max-width: 300px) 100vw, 300px\" \/>\t\t\t\t\t\t\t\t\t\t\t\t\t\t\t<\/div>\n\t\t\t\t<\/div>\n\t\t\t\t<div class=\"elementor-element elementor-element-a5b66db elementor-widget elementor-widget-text-editor\" data-id=\"a5b66db\" data-element_type=\"widget\" data-widget_type=\"text-editor.default\">\n\t\t\t\t<div class=\"elementor-widget-container\">\n\t\t\t\t\t\t\t\t\t<h1 class=\"product_title entry-title\" style=\"text-align: center;\"><span style=\"color: #000000;\">Revista Quincenal<\/span><\/h1>\n<h3 class=\"product_title entry-title\" style=\"text-align: center;\"><span style=\"color: #000000;\">Contenido (1 Revista)<\/span><\/h3>\n<h5 style=\"text-align: center;\"><a href=\"https:\/\/caficon.com\/index.php\/revistas-ecomerce\/\"><span style=\"color: #ff6600;\">ver Revistas Disponibles\u00a0<\/span><\/a><\/h5>\t\t\t\t\t\t\t\t<\/div>\n\t\t\t\t<\/div>\n\t\t\t\t\t<\/div>\n\t\t<\/div>\n\t\t\t\t<div class=\"elementor-column elementor-col-33 elementor-top-column elementor-element elementor-element-0103b09\" data-id=\"0103b09\" data-element_type=\"column\">\n\t\t\t<div class=\"elementor-widget-wrap elementor-element-populated\">\n\t\t\t\t\t\t<div class=\"elementor-element elementor-element-374db17 elementor-widget elementor-widget-image\" data-id=\"374db17\" data-element_type=\"widget\" data-widget_type=\"image.default\">\n\t\t\t\t<div class=\"elementor-widget-container\">\n\t\t\t\t\t\t\t\t\t\t\t\t\t\t\t<img fetchpriority=\"high\" decoding=\"async\" width=\"300\" height=\"300\" src=\"https:\/\/caficon.info\/wp-content\/uploads\/2022\/07\/26-300x300.jpg\" class=\"attachment-medium size-medium wp-image-24730\" alt=\"\" srcset=\"https:\/\/caficon.info\/wp-content\/uploads\/2022\/07\/26-300x300.jpg 300w, https:\/\/caficon.info\/wp-content\/uploads\/2022\/07\/26-150x150.jpg 150w, https:\/\/caficon.info\/wp-content\/uploads\/2022\/07\/26-768x768.jpg 768w, https:\/\/caficon.info\/wp-content\/uploads\/2022\/07\/26-600x600.jpg 600w, https:\/\/caficon.info\/wp-content\/uploads\/2022\/07\/26-100x100.jpg 100w, https:\/\/caficon.info\/wp-content\/uploads\/2022\/07\/26.jpg 1000w\" sizes=\"(max-width: 300px) 100vw, 300px\" \/>\t\t\t\t\t\t\t\t\t\t\t\t\t\t\t<\/div>\n\t\t\t\t<\/div>\n\t\t\t\t<div class=\"elementor-element elementor-element-e4f77b2 elementor-widget elementor-widget-text-editor\" data-id=\"e4f77b2\" data-element_type=\"widget\" data-widget_type=\"text-editor.default\">\n\t\t\t\t<div class=\"elementor-widget-container\">\n\t\t\t\t\t\t\t\t\t<h1 class=\"product_title entry-title\" style=\"text-align: center;\"><span style=\"color: #000000;\">Curso Pre grabado\u00a0<\/span><\/h1>\n<h3 class=\"product_title entry-title\" style=\"text-align: center;\"><span style=\"color: #000000;\">Contenido (1 Curso)<\/span><\/h3>\n<h5 style=\"text-align: center;\"><a href=\"https:\/\/caficon.com\/index.php\/cursos-pre-grabados\/\"><span style=\"color: #ff6600;\">ver Cursos Disponibles<\/span><\/a><\/h5>\t\t\t\t\t\t\t\t<\/div>\n\t\t\t\t<\/div>\n\t\t\t\t\t<\/div>\n\t\t<\/div>\n\t\t\t\t\t<\/div>\n\t\t<\/section>\n\t\t\t\t<section class=\"elementor-section elementor-top-section elementor-element elementor-element-16b89ba elementor-section-boxed elementor-section-height-default elementor-section-height-default\" data-id=\"16b89ba\" data-element_type=\"section\">\n\t\t\t\t\t\t<div class=\"elementor-container elementor-column-gap-default\">\n\t\t\t\t\t<div class=\"elementor-column elementor-col-33 elementor-top-column elementor-element elementor-element-2d24b4c\" data-id=\"2d24b4c\" data-element_type=\"column\">\n\t\t\t<div class=\"elementor-widget-wrap elementor-element-populated\">\n\t\t\t\t\t\t<div class=\"elementor-element elementor-element-0c90806 elementor-widget elementor-widget-image\" data-id=\"0c90806\" data-element_type=\"widget\" data-widget_type=\"image.default\">\n\t\t\t\t<div class=\"elementor-widget-container\">\n\t\t\t\t\t\t\t\t\t\t\t\t\t\t\t<img fetchpriority=\"high\" decoding=\"async\" width=\"300\" height=\"300\" src=\"https:\/\/caficon.info\/wp-content\/uploads\/2022\/07\/26-300x300.jpg\" class=\"attachment-medium size-medium wp-image-24730\" alt=\"\" srcset=\"https:\/\/caficon.info\/wp-content\/uploads\/2022\/07\/26-300x300.jpg 300w, https:\/\/caficon.info\/wp-content\/uploads\/2022\/07\/26-150x150.jpg 150w, https:\/\/caficon.info\/wp-content\/uploads\/2022\/07\/26-768x768.jpg 768w, https:\/\/caficon.info\/wp-content\/uploads\/2022\/07\/26-600x600.jpg 600w, https:\/\/caficon.info\/wp-content\/uploads\/2022\/07\/26-100x100.jpg 100w, https:\/\/caficon.info\/wp-content\/uploads\/2022\/07\/26.jpg 1000w\" sizes=\"(max-width: 300px) 100vw, 300px\" \/>\t\t\t\t\t\t\t\t\t\t\t\t\t\t\t<\/div>\n\t\t\t\t<\/div>\n\t\t\t\t<div class=\"elementor-element elementor-element-d5dbe5e elementor-widget elementor-widget-text-editor\" data-id=\"d5dbe5e\" data-element_type=\"widget\" data-widget_type=\"text-editor.default\">\n\t\t\t\t<div class=\"elementor-widget-container\">\n\t\t\t\t\t\t\t\t\t<h1 class=\"product_title entry-title\" style=\"text-align: center;\"><span style=\"color: #000000;\">Software<\/span><\/h1>\n<h3 class=\"product_title entry-title\" style=\"text-align: center;\"><span style=\"color: #000000;\">\nContenido (1 Software)<\/span><\/h3>\n<h5 style=\"text-align: center;\"><a href=\"https:\/\/caficon.com\/index.php\/software-ecomerce\/\"><span style=\"color: #ff6600;\">ver Software Disponibles<\/span><\/a><\/h5>\t\t\t\t\t\t\t\t<\/div>\n\t\t\t\t<\/div>\n\t\t\t\t\t<\/div>\n\t\t<\/div>\n\t\t\t\t<div class=\"elementor-column elementor-col-33 elementor-top-column elementor-element elementor-element-60d5037\" data-id=\"60d5037\" data-element_type=\"column\">\n\t\t\t<div class=\"elementor-widget-wrap elementor-element-populated\">\n\t\t\t\t\t\t<div class=\"elementor-element elementor-element-ec2316b elementor-widget elementor-widget-image\" data-id=\"ec2316b\" data-element_type=\"widget\" data-widget_type=\"image.default\">\n\t\t\t\t<div class=\"elementor-widget-container\">\n\t\t\t\t\t\t\t\t\t\t\t\t\t\t\t<img fetchpriority=\"high\" decoding=\"async\" width=\"300\" height=\"300\" src=\"https:\/\/caficon.info\/wp-content\/uploads\/2022\/07\/26-300x300.jpg\" class=\"attachment-medium size-medium wp-image-24730\" alt=\"\" srcset=\"https:\/\/caficon.info\/wp-content\/uploads\/2022\/07\/26-300x300.jpg 300w, https:\/\/caficon.info\/wp-content\/uploads\/2022\/07\/26-150x150.jpg 150w, https:\/\/caficon.info\/wp-content\/uploads\/2022\/07\/26-768x768.jpg 768w, https:\/\/caficon.info\/wp-content\/uploads\/2022\/07\/26-600x600.jpg 600w, https:\/\/caficon.info\/wp-content\/uploads\/2022\/07\/26-100x100.jpg 100w, https:\/\/caficon.info\/wp-content\/uploads\/2022\/07\/26.jpg 1000w\" sizes=\"(max-width: 300px) 100vw, 300px\" \/>\t\t\t\t\t\t\t\t\t\t\t\t\t\t\t<\/div>\n\t\t\t\t<\/div>\n\t\t\t\t<div class=\"elementor-element elementor-element-301eaba elementor-widget elementor-widget-text-editor\" data-id=\"301eaba\" data-element_type=\"widget\" data-widget_type=\"text-editor.default\">\n\t\t\t\t<div class=\"elementor-widget-container\">\n\t\t\t\t\t\t\t\t\t<h1 class=\"product_title entry-title\" style=\"text-align: center;\"><span style=\"color: #000000;\">Curso Empresarial<\/span><\/h1>\n<h3 class=\"product_title entry-title\" style=\"text-align: center;\"><span style=\"color: #000000;\">Capacidad de 30 participantes (+IVA)<\/span><\/h3>\n<h5 style=\"text-align: center;\"><a href=\"https:\/\/caficon.com\/index.php\/producto\/curso-empresarial\/\"><span style=\"color: #ff6600;\">Solicitar\u00a0 Curso<\/span><\/a><\/h5>\t\t\t\t\t\t\t\t<\/div>\n\t\t\t\t<\/div>\n\t\t\t\t\t<\/div>\n\t\t<\/div>\n\t\t\t\t<div class=\"elementor-column elementor-col-33 elementor-top-column elementor-element elementor-element-f5f11e2\" data-id=\"f5f11e2\" data-element_type=\"column\">\n\t\t\t<div class=\"elementor-widget-wrap elementor-element-populated\">\n\t\t\t\t\t\t<div class=\"elementor-element elementor-element-1fcf63b elementor-widget elementor-widget-image\" data-id=\"1fcf63b\" data-element_type=\"widget\" data-widget_type=\"image.default\">\n\t\t\t\t<div class=\"elementor-widget-container\">\n\t\t\t\t\t\t\t\t\t\t\t\t\t\t\t<img fetchpriority=\"high\" decoding=\"async\" width=\"300\" height=\"300\" src=\"https:\/\/caficon.info\/wp-content\/uploads\/2022\/07\/26-300x300.jpg\" class=\"attachment-medium size-medium wp-image-24730\" alt=\"\" srcset=\"https:\/\/caficon.info\/wp-content\/uploads\/2022\/07\/26-300x300.jpg 300w, https:\/\/caficon.info\/wp-content\/uploads\/2022\/07\/26-150x150.jpg 150w, https:\/\/caficon.info\/wp-content\/uploads\/2022\/07\/26-768x768.jpg 768w, https:\/\/caficon.info\/wp-content\/uploads\/2022\/07\/26-600x600.jpg 600w, https:\/\/caficon.info\/wp-content\/uploads\/2022\/07\/26-100x100.jpg 100w, https:\/\/caficon.info\/wp-content\/uploads\/2022\/07\/26.jpg 1000w\" sizes=\"(max-width: 300px) 100vw, 300px\" \/>\t\t\t\t\t\t\t\t\t\t\t\t\t\t\t<\/div>\n\t\t\t\t<\/div>\n\t\t\t\t<div class=\"elementor-element elementor-element-d6dbf67 elementor-widget elementor-widget-text-editor\" data-id=\"d6dbf67\" data-element_type=\"widget\" data-widget_type=\"text-editor.default\">\n\t\t\t\t<div class=\"elementor-widget-container\">\n\t\t\t\t\t\t\t\t\t<h1 class=\"product_title entry-title\" style=\"text-align: center;\"><span style=\"color: #000000;\">Asesor\u00eda Fiscal<\/span><\/h1>\n<h3 class=\"product_title entry-title\" style=\"text-align: center;\"><span style=\"color: #000000;\">Duraci\u00f3n (Asesor\u00eda virtual 30 min)<\/span><\/h3>\n<h5 style=\"text-align: center;\"><a href=\"https:\/\/caficon.com\/index.php\/producto\/asesoria-virtual-fiscal\/\"><span style=\"color: #ff6600;\">Solicitar Asesor\u00eda<\/span><\/a><\/h5>\t\t\t\t\t\t\t\t<\/div>\n\t\t\t\t<\/div>\n\t\t\t\t\t<\/div>\n\t\t<\/div>\n\t\t\t\t\t<\/div>\n\t\t<\/section>\n\t\t\t\t<section class=\"elementor-section elementor-top-section elementor-element elementor-element-ca77788 elementor-section-boxed elementor-section-height-default elementor-section-height-default\" data-id=\"ca77788\" data-element_type=\"section\">\n\t\t\t\t\t\t<div class=\"elementor-container elementor-column-gap-default\">\n\t\t\t\t\t<div class=\"elementor-column elementor-col-33 elementor-top-column elementor-element elementor-element-d8535a9\" data-id=\"d8535a9\" data-element_type=\"column\">\n\t\t\t<div class=\"elementor-widget-wrap elementor-element-populated\">\n\t\t\t\t\t\t<div class=\"elementor-element elementor-element-4c2c2cb elementor-widget elementor-widget-image\" data-id=\"4c2c2cb\" data-element_type=\"widget\" data-widget_type=\"image.default\">\n\t\t\t\t<div class=\"elementor-widget-container\">\n\t\t\t\t\t\t\t\t\t\t\t\t\t\t\t<img fetchpriority=\"high\" decoding=\"async\" width=\"300\" height=\"300\" src=\"https:\/\/caficon.info\/wp-content\/uploads\/2022\/07\/26-300x300.jpg\" class=\"attachment-medium size-medium wp-image-24730\" alt=\"\" srcset=\"https:\/\/caficon.info\/wp-content\/uploads\/2022\/07\/26-300x300.jpg 300w, https:\/\/caficon.info\/wp-content\/uploads\/2022\/07\/26-150x150.jpg 150w, https:\/\/caficon.info\/wp-content\/uploads\/2022\/07\/26-768x768.jpg 768w, https:\/\/caficon.info\/wp-content\/uploads\/2022\/07\/26-600x600.jpg 600w, https:\/\/caficon.info\/wp-content\/uploads\/2022\/07\/26-100x100.jpg 100w, https:\/\/caficon.info\/wp-content\/uploads\/2022\/07\/26.jpg 1000w\" sizes=\"(max-width: 300px) 100vw, 300px\" \/>\t\t\t\t\t\t\t\t\t\t\t\t\t\t\t<\/div>\n\t\t\t\t<\/div>\n\t\t\t\t<div class=\"elementor-element elementor-element-1dfccd1 elementor-widget elementor-widget-text-editor\" data-id=\"1dfccd1\" data-element_type=\"widget\" data-widget_type=\"text-editor.default\">\n\t\t\t\t<div class=\"elementor-widget-container\">\n\t\t\t\t\t\t\t\t\t<h1 class=\"product_title entry-title\" style=\"text-align: center;\"><span style=\"color: #000000;\">Asesor\u00eda Legal<\/span><\/h1><h3 class=\"product_title entry-title\" style=\"text-align: center;\"><span style=\"color: #000000;\">\u00a0Duraci\u00f3n (Asesor\u00eda virtual, Civil, Penal, Familiar, etc. 30 min)<\/span><\/h3><h5 style=\"text-align: center;\"><a href=\"https:\/\/caficon.com\/index.php\/producto\/asesoria-virtual-legal\/\"><span style=\"color: #ff6600;\">Solicitar Asesor\u00eda<\/span><\/a><\/h5>\t\t\t\t\t\t\t\t<\/div>\n\t\t\t\t<\/div>\n\t\t\t\t\t<\/div>\n\t\t<\/div>\n\t\t\t\t<div class=\"elementor-column elementor-col-33 elementor-top-column elementor-element elementor-element-6e66767\" data-id=\"6e66767\" data-element_type=\"column\">\n\t\t\t<div class=\"elementor-widget-wrap elementor-element-populated\">\n\t\t\t\t\t\t<div class=\"elementor-element elementor-element-0d416cf elementor-widget elementor-widget-image\" data-id=\"0d416cf\" data-element_type=\"widget\" data-widget_type=\"image.default\">\n\t\t\t\t<div class=\"elementor-widget-container\">\n\t\t\t\t\t\t\t\t\t\t\t\t\t\t\t<img fetchpriority=\"high\" decoding=\"async\" width=\"300\" height=\"300\" src=\"https:\/\/caficon.info\/wp-content\/uploads\/2022\/07\/26-300x300.jpg\" class=\"attachment-medium size-medium wp-image-24730\" alt=\"\" srcset=\"https:\/\/caficon.info\/wp-content\/uploads\/2022\/07\/26-300x300.jpg 300w, https:\/\/caficon.info\/wp-content\/uploads\/2022\/07\/26-150x150.jpg 150w, https:\/\/caficon.info\/wp-content\/uploads\/2022\/07\/26-768x768.jpg 768w, https:\/\/caficon.info\/wp-content\/uploads\/2022\/07\/26-600x600.jpg 600w, https:\/\/caficon.info\/wp-content\/uploads\/2022\/07\/26-100x100.jpg 100w, https:\/\/caficon.info\/wp-content\/uploads\/2022\/07\/26.jpg 1000w\" sizes=\"(max-width: 300px) 100vw, 300px\" \/>\t\t\t\t\t\t\t\t\t\t\t\t\t\t\t<\/div>\n\t\t\t\t<\/div>\n\t\t\t\t<div class=\"elementor-element elementor-element-da2f937 elementor-widget elementor-widget-text-editor\" data-id=\"da2f937\" data-element_type=\"widget\" data-widget_type=\"text-editor.default\">\n\t\t\t\t<div class=\"elementor-widget-container\">\n\t\t\t\t\t\t\t\t\t<h1 class=\"product_title entry-title\" style=\"text-align: center;\"><span style=\"color: #000000;\">Asesor\u00eda Contable<\/span><\/h1><h3 class=\"product_title entry-title\" style=\"text-align: center;\"><span style=\"color: #000000;\">Duraci\u00f3n (Asesor\u00eda virtual 30 min)<\/span><\/h3><h5>\u00a0<\/h5><h5 style=\"text-align: center;\"><a href=\"https:\/\/caficon.com\/index.php\/producto\/asesoria-contable\/\"><span style=\"color: #ff6600;\">Solicitar Asesor\u00eda<\/span><\/a><\/h5>\t\t\t\t\t\t\t\t<\/div>\n\t\t\t\t<\/div>\n\t\t\t\t\t<\/div>\n\t\t<\/div>\n\t\t\t\t<div class=\"elementor-column elementor-col-33 elementor-top-column elementor-element elementor-element-381033d\" data-id=\"381033d\" data-element_type=\"column\">\n\t\t\t<div class=\"elementor-widget-wrap elementor-element-populated\">\n\t\t\t\t\t\t<div class=\"elementor-element elementor-element-7907e73 elementor-widget elementor-widget-image\" data-id=\"7907e73\" data-element_type=\"widget\" data-widget_type=\"image.default\">\n\t\t\t\t<div class=\"elementor-widget-container\">\n\t\t\t\t\t\t\t\t\t\t\t\t\t\t\t<img fetchpriority=\"high\" decoding=\"async\" width=\"300\" height=\"300\" src=\"https:\/\/caficon.info\/wp-content\/uploads\/2022\/07\/26-300x300.jpg\" class=\"attachment-medium size-medium wp-image-24730\" alt=\"\" srcset=\"https:\/\/caficon.info\/wp-content\/uploads\/2022\/07\/26-300x300.jpg 300w, https:\/\/caficon.info\/wp-content\/uploads\/2022\/07\/26-150x150.jpg 150w, https:\/\/caficon.info\/wp-content\/uploads\/2022\/07\/26-768x768.jpg 768w, https:\/\/caficon.info\/wp-content\/uploads\/2022\/07\/26-600x600.jpg 600w, https:\/\/caficon.info\/wp-content\/uploads\/2022\/07\/26-100x100.jpg 100w, https:\/\/caficon.info\/wp-content\/uploads\/2022\/07\/26.jpg 1000w\" sizes=\"(max-width: 300px) 100vw, 300px\" \/>\t\t\t\t\t\t\t\t\t\t\t\t\t\t\t<\/div>\n\t\t\t\t<\/div>\n\t\t\t\t<div class=\"elementor-element elementor-element-07c2468 elementor-widget elementor-widget-text-editor\" data-id=\"07c2468\" data-element_type=\"widget\" data-widget_type=\"text-editor.default\">\n\t\t\t\t<div class=\"elementor-widget-container\">\n\t\t\t\t\t\t\t\t\t<h1 class=\"product_title entry-title\" style=\"text-align: center;\"><span style=\"color: #000000;\">Curso en Vivo<\/span><\/h1><h3 class=\"product_title entry-title\" style=\"text-align: center;\"><span style=\"color: #000000;\">Duraci\u00f3n (Curso en Vivo 4 hrs)<\/span><\/h3><h5>\u00a0<\/h5><h5 style=\"text-align: center;\"><a href=\"https:\/\/caficon.com\/index.php\/producto\/curso-en-vivo\/\"><span style=\"color: #ff6600;\">Solicitar Curso en vivo<\/span><\/a><\/h5>\t\t\t\t\t\t\t\t<\/div>\n\t\t\t\t<\/div>\n\t\t\t\t\t<\/div>\n\t\t<\/div>\n\t\t\t\t\t<\/div>\n\t\t<\/section>\n\t\t\t\t<\/div>\n\t\t","protected":false},"excerpt":{"rendered":"<p>Calculadoras Contenido (1 Calculadora) ver Calculadoras Disponibles Revista Quincenal Contenido (1 Revista) ver Revistas Disponibles\u00a0 Curso Pre grabado\u00a0 Contenido (1 Curso) ver Cursos Disponibles Software Contenido (1 Software) ver Software Disponibles Curso Empresarial Capacidad de 30 participantes (+IVA) Solicitar\u00a0 Curso Asesor\u00eda Fiscal Duraci\u00f3n (Asesor\u00eda virtual 30 min) Solicitar Asesor\u00eda Asesor\u00eda Legal \u00a0Duraci\u00f3n (Asesor\u00eda virtual, Civil, [&hellip;]<\/p>\n","protected":false},"author":1,"featured_media":0,"parent":0,"menu_order":0,"comment_status":"closed","ping_status":"closed","template":"","meta":{"footnotes":""},"class_list":["post-24727","page","type-page","status-publish","hentry"],"_links":{"self":[{"href":"https:\/\/caficon.info\/index.php\/wp-json\/wp\/v2\/pages\/24727","targetHints":{"allow":["GET"]}}],"collection":[{"href":"https:\/\/caficon.info\/index.php\/wp-json\/wp\/v2\/pages"}],"about":[{"href":"https:\/\/caficon.info\/index.php\/wp-json\/wp\/v2\/types\/page"}],"author":[{"embeddable":true,"href":"https:\/\/caficon.info\/index.php\/wp-json\/wp\/v2\/users\/1"}],"replies":[{"embeddable":true,"href":"https:\/\/caficon.info\/index.php\/wp-json\/wp\/v2\/comments?post=24727"}],"version-history":[{"count":4,"href":"https:\/\/caficon.info\/index.php\/wp-json\/wp\/v2\/pages\/24727\/revisions"}],"predecessor-version":[{"id":24733,"href":"https:\/\/caficon.info\/index.php\/wp-json\/wp\/v2\/pages\/24727\/revisions\/24733"}],"wp:attachment":[{"href":"https:\/\/caficon.info\/index.php\/wp-json\/wp\/v2\/media?parent=24727"}],"curies":[{"name":"wp","href":"https:\/\/api.w.org\/{rel}","templated":true}]}}