{"id":24805,"date":"2022-07-08T22:09:47","date_gmt":"2022-07-08T22:09:47","guid":{"rendered":"https:\/\/caficon.info\/?page_id=24805"},"modified":"2022-07-08T22:23:01","modified_gmt":"2022-07-08T22:23:01","slug":"cursos-pre-grabados","status":"publish","type":"page","link":"https:\/\/caficon.info\/index.php\/cursos-pre-grabados\/","title":{"rendered":"Cursos Pre Grabados"},"content":{"rendered":"\t\t<div data-elementor-type=\"wp-page\" data-elementor-id=\"24805\" class=\"elementor elementor-24805\" data-elementor-post-type=\"page\">\n\t\t\t\t\t\t<section class=\"elementor-section elementor-top-section elementor-element elementor-element-c95fa48 animated-slow elementor-section-boxed elementor-section-height-default elementor-section-height-default elementor-invisible\" data-id=\"c95fa48\" data-element_type=\"section\" data-settings=\"{&quot;animation&quot;:&quot;fadeInUp&quot;}\">\n\t\t\t\t\t\t<div class=\"elementor-container elementor-column-gap-default\">\n\t\t\t\t\t<div class=\"elementor-column elementor-col-50 elementor-top-column elementor-element elementor-element-36775b6\" data-id=\"36775b6\" data-element_type=\"column\">\n\t\t\t<div class=\"elementor-widget-wrap elementor-element-populated\">\n\t\t\t\t\t\t<div class=\"elementor-element elementor-element-87de76f elementor-widget elementor-widget-spacer\" data-id=\"87de76f\" data-element_type=\"widget\" data-widget_type=\"spacer.default\">\n\t\t\t\t<div class=\"elementor-widget-container\">\n\t\t\t\t\t\t\t<div class=\"elementor-spacer\">\n\t\t\t<div class=\"elementor-spacer-inner\"><\/div>\n\t\t<\/div>\n\t\t\t\t\t\t<\/div>\n\t\t\t\t<\/div>\n\t\t\t\t<section class=\"elementor-section elementor-inner-section elementor-element elementor-element-ba5af60 elementor-section-boxed elementor-section-height-default elementor-section-height-default\" data-id=\"ba5af60\" data-element_type=\"section\">\n\t\t\t\t\t\t<div class=\"elementor-container elementor-column-gap-default\">\n\t\t\t\t\t<div class=\"elementor-column elementor-col-100 elementor-inner-column elementor-element elementor-element-9202db6\" data-id=\"9202db6\" data-element_type=\"column\">\n\t\t\t<div class=\"elementor-widget-wrap elementor-element-populated\">\n\t\t\t\t\t\t<div class=\"elementor-element elementor-element-6c51287 elementor-widget elementor-widget-text-editor\" data-id=\"6c51287\" data-element_type=\"widget\" data-widget_type=\"text-editor.default\">\n\t\t\t\t<div class=\"elementor-widget-container\">\n\t\t\t\t\t\t\t\t\t<p>1. Gu\u00eda Para el Cierre Fiscal 2018 27 de Noviembre 2018<\/p><p>2. Reforma Fiscal 2019 07 de Febrero 2019<\/p><p>3. Reforma fiscal 2019<\/p><p>4. Marco Jur\u00eddico y T\u00e9cnico de los CFDI\u00b4S 26 de Febrero 2019<\/p><p>5. Llenado de la Declaraci\u00f3n Anual para Personas Morales 12 de Marzo 2019<\/p><p>6. Resoluci\u00f3n Miscel\u00e1nea Fiscal 2019 12 de Marzo 2019<\/p><p>7. An\u00e1lisis Integral de Contribuciones Salariales N\u00f3mina Integral 19 de Marzo 2019<\/p><p>8. Declaraci\u00f3n Anual de Personas F\u00edsicas 26 de Marzo 2019<\/p><p>9. An\u00e1lisis General de la Ley Antilavado, Nuevas Disposiciones y Reglas de Regularizaci\u00f3n 09 de Abril 2019<\/p><p>10.Novedades Fiscales y Laborales del CFDI 12 de Junio 2019<\/p><p>11. Defensa Fiscal Aplicable por el Contador 19 de Junio 2019<\/p><p>12. Recomendaciones Practicas Empresariales Frente al Lavado de Dinero 06 de Agosto 2019<\/p><p>13. Contabilidad Electr\u00f3nica y An\u00e1lisis de P\u00f3lizas Auxiliares en XML 14 de Agosto 2019<\/p><p>14. Compliance Fiscal y Laboral, Nuevas Obligaciones del Empresario 29 de Agosto 2019<\/p><p>15. Taller de ISR Salarios y Asimilados en Excel<br \/>(Incluye An\u00e1lisis del CFDI\u00b4S en N\u00f3minas y su Complemento) 25 de Septiembre 2019<\/p><p>16. Expectativas de Reformas Fiscales 2020 10 de Octubre 2019<\/p><p>17. An\u00e1lisis Jur\u00eddico y Pr\u00e1ctico de las Deducciones Fiscales 24 de Octubre<\/p><p>18. Cierre Fiscal del Ejercicio 2019 para Personas Morales 13 de noviembre 2019<\/p><p>19. Cambios en el CFDI de N\u00f3mina 2020 29 de Noviembre 2019<\/p><p>20. TALLER PARA EL CIERRE LABORAL Y FISCAL DE SUELDOS Y SALARIOS 11 de Diciembre 2019<\/p><p>21. Actualizaciones al CFDI y Modificaciones al Complemento de N\u00f3mina 16 de Diciembre 2019<\/p><p>22. Reformas Fiscales y Penales 2020 18 de Diciembre 2019<\/p><p>23. REFORMA FISCAL 2020\u201d(INCLUYE DIARIO OFICIAL) 10 de Enero 2020<\/p><p>24. NOM 035 23 de Enero 2020<\/p><p>25. An\u00e1lisis Pr\u00e1ctico de la Resoluci\u00f3n Miscel\u00e1nea Fiscal 2020 05 de Febrero 2020<\/p><p>26. Declaraci\u00f3n Anual de Personas Morales 2019\u201d Con el Nuevo Formulario 12 de Febrero 2020<\/p><p>27. Este curso se podr\u00e1 visualizar en el apartado 36<\/p><p>28. CONTABILIDAD PARA NO CONTADORES 06 de marzo del 2020<\/p><p>29. Declaraci\u00f3n anual de personas f\u00edsicas 2019<\/p><p>30. DECLARACI\u00d3N ANUAL DE PERSONAS FISICAS 2019 CARDENAS<\/p><p>31. TALLER DE ACREDITAMIENTO Y DEVOLUCION DE IMPUESTOS<\/p><p>32. IMPUESTO AL VALOR AGREGADO<\/p><p>33. Contabilidad Electr\u00f3nica 2020<\/p><p>34. Finanzas Para No Financieros<\/p><p>35. Reforma Fiscal 2020<\/p><p>36. OUTSOURCING DOLOSO RETENIDO DELICTUOSO Y PELIGROSO<\/p><p>37. Los derechos del contribuyente en tiempos de pandemia<\/p><p>38. Estados de Flujo Efectivo<\/p><p>39. PLATAFORMAS DIGITALES<\/p><p>40. DISMINUCION DE PAGOS PROVISIONALES EN LA EPOCA DEL COVID 19<\/p><p>41. Prevenci\u00f3n y atenci\u00f3n de Empresas Facturadoras de Operaciones Simuladas<\/p><p>42. 1era. Parte REPERCUSIONES EMPRESARIALES<\/p><p>43. 2da Resolucion Miscelanea ALARCON<\/p><p>44. 2da. Parte REPERCUSIONES EMPRESARIALES<\/p><p>45. Pensiones, preparaci\u00f3n de la ley 73 y 97, la modalidad 40<\/p><p>46. R.I.F<\/p><p>47. Control interno<\/p><p>48. NOM35 Y SUS \u00daLTIMOS CAMBIOS 2da etapa 23 de octubre 2020<\/p><p>49. Defensa fiscal aplicable por el contador<\/p><p>50. PAQUETE ECON\u00d3MICO 2021<\/p><p>51. Efectos Empresariales de los Contratos<\/p><p>52. CUCA Y CUFIN<\/p><p>53. SEGURIDAD SOCIAL DEL IMSS, ISSSTE E ISSEMYM<\/p><p>54. Reforma Fiscal 2020-2021<\/p><p>55.Taller de Ajuste Mensual y Anual Sueldos y Salarios<\/p><p>56.Cierre Fiscal Personas Morales<\/p><p>57. Resoluci\u00f3n miscel\u00e1nea 2021<\/p><p>58. REFORMAS FISCALES 2021<\/p><p>59.REFORMA FISCAL 2020-2021 COMPLEMENTADO CON (RMF)<\/p><p>60.Aspectos Ba\u0301sicos De Seguridad Social \u201cConstructoras\u201d<\/p><p>61.Atenci\u00f3n a Cartas Invitaci\u00f3n del Sat<\/p><p>62.Declaracion Anual Personas Morales 2020<\/p><p>63.Reforma Fiscal 2021 Los riesgos de los nuevos modelos de fiscalizaci\u00f3n<\/p><p>64.Reformas laborales y de seguridad social de atenci\u00f3n urgente (subcontrataci\u00f3n, tele trabajo, reforma al sistema de pensiones con el crecimiento en cuotas a patrones)<\/p><p>65.Todo sobre CFDI en el eje de la fiscalizaci\u00f3n 2021<\/p><p>66.Atenci\u00f3n de Oficios a Cartas invitaci\u00f3n del SAT e invitaciones de vigilancia profunda<\/p><p>67.Calculadores en Excel para aplicaciones Fiscales, Financieras y laborales.<\/p><p>68.Taller para la elaboraci\u00f3n de contratos laborales (incluye servicios y obras especializadas que sustituir\u00edan a la subcontrataci\u00f3n y teletrabajo)<\/p><p>69.Taller de ajuste mensual y anual de salarios (con comentarios a la posible eliminaci\u00f3n de la subcontrataci\u00f3n)<\/p><p>70.Nomina Integral<\/p><p>71. Salir o Huir del Outsourcing<\/p><p>72.Declaracion Anual de Personas Morales 2020<\/p><p>73.Curso b\u00e1sico de Excel num.1<\/p><p>74.Declaracion anual de personas morales 2020<\/p><p>75.Auditoria interna y lavado de dinero<\/p><p>76.Taller de Cierre del ejercicio y Declaraci\u00f3n Anual Personas Morales (papeles de trabajo y llenado de formatos) Part. ll<\/p><p>77.Taller b\u00e1sico de Excel num.2<\/p><p>78.Taller Devoluci\u00f3n de IVA<\/p><p>79.Taller en Excel Intermedio l<\/p><p>80.Taller en Excel Intermedio ll<\/p><p>81.Introducci\u00f3n a las normas de informaci\u00f3n financiera<\/p><p>82.Analisis Juridico y Practico Sobre Deducciones de Personas Morales<\/p><p>83.Taller de Revisiones Electronicas Buz\u00f3n Tributario y Reformas al outsourcing<\/p><p>84.Declaraci\u00f3n Anual de Personas F\u00edsicas<\/p><p>85. Actualizaci\u00f3n de los CFDIS Para 2021 Cancelaci\u00f3n Medios Digitales<\/p><p>86. Trascendencia de los Efectos Fiscales para los Contratos<\/p><p>87. Taller de Declaraci\u00f3n Anual de Personas Fisicas 2020 1<\/p><p>88. Taller de Declaraci\u00f3n Anual de Personas F\u00edsica 2020 2<\/p><p>89. An\u00e1lisis Integral a la Reforma del Outsourcing<\/p><p>90. Devoluci\u00f3n de IVA<\/p><p>91. Personas Morales con Fines no Lucrativos Donatarias<\/p><p>92. Defensa Fiscal Aplicable por el Contador<\/p><p>93.Actualizacion de la Nomina 2021<\/p><p>94.Regimen de incorporaci\u00f3n Fiscal 2021 (RIF)<\/p><p>95.Cambios en el CFDI para 2021 uso de los Cat\u00e1logos del SAT<\/p><p>96. Pagos Provisionales ISR 2021<\/p><p>97. Actualizaci\u00f3n de la nomina 2021 (SAT, IMSS, INFONAVIT)<\/p><p>98. Tratamiento Fiscal Contable de las A.C y S.C<\/p><p>99. C\u00f3digo Fiscal de la Federaci\u00f3n<\/p><p>100. R\u00e9gimen de Seguridad Social para la Industria de la Construcci\u00f3n (SIROC)<\/p><p>101. Taller de Contabilidad Electronica con ASPEL 1<\/p><p>102. Taller de Contabilidad Electronica con ASPEL 2<\/p><p>103.El ABC de los Precios de Transferencia<\/p><p>104. Tratamiento Laboral y Fiscal de la N\u00f3mina 2021<\/p><p>105. La mejor forma de Pensionarse.<\/p><p>106. Procedimiento de cancelaci\u00f3n y restricci\u00f3n temporal del CSD. Su atenci\u00f3n y defensa.<\/p><p>107. La Mejor Forma de Pensionarse<\/p><p>108. Correcci\u00f3n y Ajustes Del CFDI De Nomina 2021<\/p><p>109. La Mejor Forma de Pensionarse (Modalidad 40)<\/p><p>110. CFDI de Translado y el Complemento de la Carta Porte<\/p><p>111. C\u00f3digo Fiscal de la Federaci\u00f3n 2<\/p><p>112. CFDI de Traslado y el Complemento de la Carta Aporte<\/p><p>113. Como Evitar una Auditoria Fiscal en su Empresa<\/p><p>114. Defensa de los Contribuyentes ante la Presunci\u00f3n de Operaciones Inexistentes<\/p><p>115. (REPSE) Registro de Prestadoras de Servicio Especializados u Obras Especializadas<\/p><p>116. CFDI de Traslado y Complemento de la Carta Porte<\/p><p>117. Raz\u00f3n de Negocios 5-A C\u00f3digo Fiscal<\/p><p>118. Derecho Fiscal para Contadores.<\/p><p>119. Responsabilidad Fiscal Penal de Socios, Accionistas y Directivos.<\/p><p>120. Taller SAT Para Principiantes.<\/p><p>121. ICSOE Nuevo Sistema Del IMSS Para Declaraciones Informativas de Subordinaci\u00f3n.<\/p><p>122. Carta porte.<\/p><p>123. Integraci\u00f3n Precisa del Salario Base de Cotizaci\u00f3n del IMSS<\/p><p>124. Planeaci\u00f3n y Estrategia Para Disminuir la Base Fiscal y Pago de Impuestos.<\/p><p>125. Eclecticismo Jur\u00eddico una Necesidad Empresarial.<\/p><p>126. El impact\u00f3 del R\u00e9gimen de Confianza para Personas F\u00edsicas y Morales.<\/p><p>127. Taller de Contratos de REPSE Actualizaci\u00f3n y Cumplimiento en Plataformas (ICSOE, SISUB, IMSS).<\/p><p>128. Principales Errores de los Contribuyentes a su Empresa.<\/p><p>129. Defraudaci\u00f3n Fiscal.<\/p><p>130. Iniciativas de Reformas Fiscales 2022.<\/p><p>131. Facturaci\u00f3n Electr\u00f3nica CONTPAQi.<\/p><p>132. Nuevas Plataformas Informativas para la Subcontrataci\u00f3n ICSOE Y SISUB.<\/p><p>133. CFDI Complemento Carta Porte 2021.<\/p><p>134. CFDI Complemento de la Carta Porte 2021.<\/p><p>135. Paquete Econ\u00f3mico 2022.<\/p><p>136. Nuevo CFDI 4.0 DIC 2021.<\/p><p>137. Transici\u00f3n del R\u00e9gimen de Incorporaci\u00f3n Fiscal al R\u00e9gimen Simplificado de Confianza.<\/p><p>138. Estrategias para Obtener la Mejor Pensi\u00f3n del IMSS Y Retiro Subcuenta del INFONAVIT.<\/p><p>139. Nomina Integral ISR, IMSS, INFONAVIT Y Contribuciones Locales.<\/p><p>140. CFDI VERSION 4 0.<\/p><p>141. CONTPAQi Nominas.<\/p><p>142. Reformas Fiscales 2022.<\/p><p>143. Resoluci\u00f3n Miscel\u00e1nea Fiscal 2022.<\/p><p>144. Actualizaci\u00f3n y Reformas para el Pago de N\u00f3minas 2022.<\/p><p>145. Nueva Versi\u00f3n CFDI 4.0.<\/p><p>146. RESICO (R\u00e9gimen Simplificado de Confianza) Personas Morales, Personas F\u00edsicas<\/p><p>147. Defensa Fiscal (Aplicable al Contador).<\/p><p>148. CFDI Complemento Carta Porte 2022.<\/p><p>149.Nueva Versi\u00f3n CFDI 4.0<\/p><p>150. Preguntas y Respuestas \u200bREPSE RESICO Y Carta APORTE\u200b.<\/p><p>151. Declaraci\u00f3n Anual de Personas Morales\u200b.<\/p><p>152. Declaraci\u00f3n Anual de Personas Morales\u200b.<\/p><p>153. Reformas Fiscales 2022\u200b.<\/p><p>154. Cuca Cufin\u200b.<\/p><p>155. Declaraci\u00f3n Anual 2021 Personas F\u00edsicas.<\/p><p>156. R\u00e9gimen de Seguridad Social para la Industria de la Construcci\u00f3n.<\/p><p>157. Procedimiento para una certera devolucion de IVA ante el SAT.<\/p><p>158. Panorama y Defensa EFOS Y EDOS 2022.<\/p><p>159. Declaraci\u00f3n Anual de Personas F\u00edsicas.<\/p><p>160. Devoluci\u00f3n de IVA.<\/p><p>161. An\u00e1lisis de Pagos Provisionales PM PF Y RESICO.<\/p><p>162. Taller Practico de la Determinacion de la PTU del Ejercicio.<\/p><p>163. Taller Pr\u00e1ctico SUA E IDSE.<\/p><p>165. CFDI 4 0.<\/p><p>166. PTU 2021.<\/p>\t\t\t\t\t\t\t\t<\/div>\n\t\t\t\t<\/div>\n\t\t\t\t\t<\/div>\n\t\t<\/div>\n\t\t\t\t\t<\/div>\n\t\t<\/section>\n\t\t\t\t\t<\/div>\n\t\t<\/div>\n\t\t\t\t<div class=\"elementor-column elementor-col-50 elementor-top-column elementor-element elementor-element-180d0df\" data-id=\"180d0df\" data-element_type=\"column\">\n\t\t\t<div class=\"elementor-widget-wrap\">\n\t\t\t\t\t\t\t<\/div>\n\t\t<\/div>\n\t\t\t\t\t<\/div>\n\t\t<\/section>\n\t\t\t\t<\/div>\n\t\t","protected":false},"excerpt":{"rendered":"<p>1. Gu\u00eda Para el Cierre Fiscal 2018 27 de Noviembre 2018 2. Reforma Fiscal 2019 07 de Febrero 2019 3. Reforma fiscal 2019 4. Marco Jur\u00eddico y T\u00e9cnico de los CFDI\u00b4S 26 de Febrero 2019 5. Llenado de la Declaraci\u00f3n Anual para Personas Morales 12 de Marzo 2019 6. Resoluci\u00f3n Miscel\u00e1nea Fiscal 2019 12 de [&hellip;]<\/p>\n","protected":false},"author":1,"featured_media":0,"parent":0,"menu_order":0,"comment_status":"closed","ping_status":"closed","template":"","meta":{"footnotes":""},"class_list":["post-24805","page","type-page","status-publish","hentry"],"_links":{"self":[{"href":"https:\/\/caficon.info\/index.php\/wp-json\/wp\/v2\/pages\/24805","targetHints":{"allow":["GET"]}}],"collection":[{"href":"https:\/\/caficon.info\/index.php\/wp-json\/wp\/v2\/pages"}],"about":[{"href":"https:\/\/caficon.info\/index.php\/wp-json\/wp\/v2\/types\/page"}],"author":[{"embeddable":true,"href":"https:\/\/caficon.info\/index.php\/wp-json\/wp\/v2\/users\/1"}],"replies":[{"embeddable":true,"href":"https:\/\/caficon.info\/index.php\/wp-json\/wp\/v2\/comments?post=24805"}],"version-history":[{"count":4,"href":"https:\/\/caficon.info\/index.php\/wp-json\/wp\/v2\/pages\/24805\/revisions"}],"predecessor-version":[{"id":24837,"href":"https:\/\/caficon.info\/index.php\/wp-json\/wp\/v2\/pages\/24805\/revisions\/24837"}],"wp:attachment":[{"href":"https:\/\/caficon.info\/index.php\/wp-json\/wp\/v2\/media?parent=24805"}],"curies":[{"name":"wp","href":"https:\/\/api.w.org\/{rel}","templated":true}]}}