{"id":25029,"date":"2022-07-14T20:30:42","date_gmt":"2022-07-14T20:30:42","guid":{"rendered":"https:\/\/caficon.info\/?page_id=25029"},"modified":"2022-07-14T20:33:11","modified_gmt":"2022-07-14T20:33:11","slug":"efectos-legales-y-fiscales-monedas-electronicas-inversiones-en-casas-de-bolsa","status":"publish","type":"page","link":"https:\/\/caficon.info\/index.php\/efectos-legales-y-fiscales-monedas-electronicas-inversiones-en-casas-de-bolsa\/","title":{"rendered":"Efectos Legales y Fiscales, Monedas Electr\u00f3nicas, Inversiones en Casas de Bolsa"},"content":{"rendered":"\t\t<div data-elementor-type=\"wp-page\" data-elementor-id=\"25029\" class=\"elementor elementor-25029\" data-elementor-post-type=\"page\">\n\t\t\t\t\t\t<section class=\"elementor-section elementor-top-section elementor-element elementor-element-53129f4 elementor-section-boxed elementor-section-height-default elementor-section-height-default\" data-id=\"53129f4\" data-element_type=\"section\">\n\t\t\t\t\t\t<div class=\"elementor-container elementor-column-gap-default\">\n\t\t\t\t\t<div class=\"elementor-column elementor-col-100 elementor-top-column elementor-element elementor-element-df9967b\" data-id=\"df9967b\" data-element_type=\"column\">\n\t\t\t<div class=\"elementor-widget-wrap\">\n\t\t\t\t\t\t\t<\/div>\n\t\t<\/div>\n\t\t\t\t\t<\/div>\n\t\t<\/section>\n\t\t\t\t<section class=\"elementor-section elementor-top-section elementor-element elementor-element-9127938 elementor-section-full_width elementor-hidden-desktop elementor-hidden-tablet elementor-hidden-mobile elementor-section-height-default elementor-section-height-default\" data-id=\"9127938\" data-element_type=\"section\">\n\t\t\t\t\t\t<div class=\"elementor-container elementor-column-gap-default\">\n\t\t\t\t\t<div class=\"elementor-column elementor-col-100 elementor-top-column elementor-element elementor-element-6585f8f\" data-id=\"6585f8f\" data-element_type=\"column\">\n\t\t\t<div class=\"elementor-widget-wrap elementor-element-populated\">\n\t\t\t\t\t\t<div class=\"elementor-element elementor-element-66cc592 elementor-widget elementor-widget-heading\" data-id=\"66cc592\" data-element_type=\"widget\" data-widget_type=\"heading.default\">\n\t\t\t\t<div class=\"elementor-widget-container\">\n\t\t\t\t\t<h2 class=\"elementor-heading-title elementor-size-default\">Que encontraras en el Temario<\/h2>\t\t\t\t<\/div>\n\t\t\t\t<\/div>\n\t\t\t\t\t<\/div>\n\t\t<\/div>\n\t\t\t\t\t<\/div>\n\t\t<\/section>\n\t\t\t\t<section class=\"elementor-section elementor-top-section elementor-element elementor-element-b31de50 elementor-section-full_width elementor-hidden-desktop elementor-hidden-tablet elementor-hidden-mobile elementor-section-height-default elementor-section-height-default\" data-id=\"b31de50\" data-element_type=\"section\">\n\t\t\t\t\t\t<div class=\"elementor-container elementor-column-gap-default\">\n\t\t\t\t\t<div class=\"elementor-column elementor-col-25 elementor-top-column elementor-element elementor-element-874d92c\" data-id=\"874d92c\" data-element_type=\"column\">\n\t\t\t<div class=\"elementor-widget-wrap elementor-element-populated\">\n\t\t\t\t\t\t\t<\/div>\n\t\t<\/div>\n\t\t\t\t<div class=\"elementor-column elementor-col-25 elementor-top-column elementor-element elementor-element-8ee7dc6\" data-id=\"8ee7dc6\" data-element_type=\"column\">\n\t\t\t<div class=\"elementor-widget-wrap elementor-element-populated\">\n\t\t\t\t\t\t<div class=\"elementor-element elementor-element-2ffa8d3 elementor-widget elementor-widget-text-editor\" data-id=\"2ffa8d3\" data-element_type=\"widget\" data-widget_type=\"text-editor.default\">\n\t\t\t\t<div class=\"elementor-widget-container\">\n\t\t\t\t\t\t\t\t\t<p><span style=\"color: #ff6600;\"><strong>Objetivo<\/strong><\/span><\/p><p><strong style=\"color: #ff6600;\">Dirigido<\/strong><\/p>\t\t\t\t\t\t\t\t<\/div>\n\t\t\t\t<\/div>\n\t\t\t\t\t<\/div>\n\t\t<\/div>\n\t\t\t\t<div class=\"elementor-column elementor-col-25 elementor-top-column elementor-element elementor-element-9c633e7\" data-id=\"9c633e7\" data-element_type=\"column\">\n\t\t\t<div class=\"elementor-widget-wrap elementor-element-populated\">\n\t\t\t\t\t\t<div class=\"elementor-element elementor-element-bb711c1 elementor-widget elementor-widget-text-editor\" data-id=\"bb711c1\" data-element_type=\"widget\" data-widget_type=\"text-editor.default\">\n\t\t\t\t<div class=\"elementor-widget-container\">\n\t\t\t\t\t\t\t\t\t<h5><span style=\"color: #ff6600;\">Temario:<\/span><\/h5><p>1. MARCO NORMATIVO<\/p><p>a. Regularizaci\u00f3n del sistema de transporte de mercanc\u00edas<\/p><p>b. Publicaciones de la autoridad fiscal<\/p><p>2. C\u00d3DIGO FISCAL DE LA FEDERACI\u00d3N<\/p><p>a. Requisitos de los comprobantes fiscales<\/p><p>b. Tipos de comprobantes<\/p><p>c. CFDI de Ingresos<\/p><p>d. CFDI de Traslado<\/p><p>e. Emisi\u00f3n electr\u00f3nica<\/p><p>f. Representaci\u00f3n Impresa<\/p><p>g. Cancelaci\u00f3n y sustituci\u00f3n de comprobantes<\/p><p>h. Esquemas de cancelaci\u00f3n y sus requisitos<\/p><p>3. RESOLUCI\u00d3N MISCEL\u00c1NEA FISCAL 2021<\/p><p>a. Reglas de emisi\u00f3n del CFDI con complemento Carta Porte<\/p><p>b. Documentos importantes<\/p><p>c. Gu\u00edas de Llenado de CFDI V.3.3<\/p><p>d. Cat\u00e1logos de los CFDI de Ingresos y Traslado<\/p><p>\u00b7 Instructivo de llenado<\/p><p>e. Fechas importes a considerar<\/p><p>4. CARTA PORTE<\/p><p>a. Requisitos de la Carta Porte<\/p><p>b. Instructivo de llenado del CFDI al que se le incorpora el<\/p><p>Complemento Carta Porte<\/p><p>c. Cat\u00e1logos del complemento de carta porte 23 cat\u00e1logos<\/p><p>d. Qui\u00e9nes est\u00e1n obligados a emitirla<\/p><p>e. Due\u00f1os<\/p><p>f. Prestadores de servicio<\/p><p>g. Auxiliares de servicio de transporte<\/p><p>h. Contribuyentes a utilizar el CFDI con Complemento Carta Porte<\/p><p>i. Medios de Transporte: Autotransporte, Tren, Avi\u00f3n, Barco.<\/p><p>j. Cat\u00e1logos a utilizar<\/p><p>5. C\u00d3MO EMITIR EL CFDI CON COMPLEMENTO CARTA PORTE<\/p><p>a. Casos pr\u00e1cticos de llenado<\/p><p>b. Cuando emitirlo<\/p><p>c. Qui\u00e9nes emiten<\/p><p>d. Due\u00f1os de Mercanc\u00edas<\/p><p>e. Prestadores de servicios de transporte<\/p><p>6. Servicio de consulta y recuperaci\u00f3n de factura del SAT<\/p><p>a. Consulta del CFDI emitido<\/p><p>b. Recuperaci\u00f3n de descargas<\/p><p>c. Servicio de cancelaci\u00f3n del CFDI<\/p><p>d. Generalidades de su esquema de cancelaci\u00f3n<\/p><p>e. Medios necesarios para efectuar la cancelaci\u00f3n<\/p><p>f. Uso del \u201cServicio de Cancelaci\u00f3n\u201d<\/p><p>g. Conciliaci\u00f3n de quejas por facturaci\u00f3n<\/p><p>7. Infracciones y sanciones por incumplimiento<\/p><p>a. Autoridades que pueden verificar mercanc\u00edas<\/p><p>b. Lugares y horarios que pueden las autoridades verificar<\/p><p>mercanc\u00edas<\/p><p>c. Documentos que se deben de contar para acreditar estancia<\/p><p>legal de mercanc\u00edas<\/p><p>d. Consecuencias por no emitir el CFDI de traslado con complemento<\/p><p>e. Multas y sanciones por no contar con el CFDI con complemento<\/p><p>carta porte<\/p><p>f. Multas por no querer emitir el CFDI<\/p><p>8. CONCLUSIONES Y RECOMENDACIONES<\/p>\t\t\t\t\t\t\t\t<\/div>\n\t\t\t\t<\/div>\n\t\t\t\t\t<\/div>\n\t\t<\/div>\n\t\t\t\t<div class=\"elementor-column elementor-col-25 elementor-top-column elementor-element elementor-element-130b686\" data-id=\"130b686\" data-element_type=\"column\">\n\t\t\t<div class=\"elementor-widget-wrap\">\n\t\t\t\t\t\t\t<\/div>\n\t\t<\/div>\n\t\t\t\t\t<\/div>\n\t\t<\/section>\n\t\t\t\t<section class=\"elementor-section elementor-top-section elementor-element elementor-element-94028a0 elementor-section-full_width elementor-section-height-default elementor-section-height-default\" data-id=\"94028a0\" data-element_type=\"section\">\n\t\t\t\t\t\t<div class=\"elementor-container elementor-column-gap-default\">\n\t\t\t\t\t<div class=\"elementor-column elementor-col-100 elementor-top-column elementor-element elementor-element-9fbd851\" data-id=\"9fbd851\" data-element_type=\"column\">\n\t\t\t<div class=\"elementor-widget-wrap elementor-element-populated\">\n\t\t\t\t\t\t<div class=\"elementor-element elementor-element-7674acf elementor-widget elementor-widget-spacer\" data-id=\"7674acf\" data-element_type=\"widget\" data-widget_type=\"spacer.default\">\n\t\t\t\t<div class=\"elementor-widget-container\">\n\t\t\t\t\t\t\t<div class=\"elementor-spacer\">\n\t\t\t<div class=\"elementor-spacer-inner\"><\/div>\n\t\t<\/div>\n\t\t\t\t\t\t<\/div>\n\t\t\t\t<\/div>\n\t\t\t\t<div class=\"elementor-element elementor-element-ac651c8 elementor-widget elementor-widget-heading\" data-id=\"ac651c8\" data-element_type=\"widget\" data-widget_type=\"heading.default\">\n\t\t\t\t<div class=\"elementor-widget-container\">\n\t\t\t\t\t<h2 class=\"elementor-heading-title elementor-size-default\">\u00bfQuien Impartir\u00e1 este Curso?<\/h2>\t\t\t\t<\/div>\n\t\t\t\t<\/div>\n\t\t\t\t\t<\/div>\n\t\t<\/div>\n\t\t\t\t\t<\/div>\n\t\t<\/section>\n\t\t\t\t<section class=\"elementor-section elementor-top-section elementor-element elementor-element-d1a148c elementor-section-full_width elementor-section-height-default elementor-section-height-default\" data-id=\"d1a148c\" data-element_type=\"section\">\n\t\t\t\t\t\t<div class=\"elementor-container elementor-column-gap-default\">\n\t\t\t\t\t<div class=\"elementor-column elementor-col-50 elementor-top-column elementor-element elementor-element-bd5f44e\" data-id=\"bd5f44e\" data-element_type=\"column\">\n\t\t\t<div class=\"elementor-widget-wrap elementor-element-populated\">\n\t\t\t\t\t\t<div class=\"elementor-element elementor-element-006ba8d elementor-widget elementor-widget-image\" data-id=\"006ba8d\" data-element_type=\"widget\" data-widget_type=\"image.default\">\n\t\t\t\t<div class=\"elementor-widget-container\">\n\t\t\t\t\t\t\t\t\t\t\t\t\t\t\t<img decoding=\"async\" src=\"https:\/\/caficon.info\/wp-content\/uploads\/2022\/01\/2.jpeg\" title=\"2\" alt=\"2\" loading=\"lazy\" \/>\t\t\t\t\t\t\t\t\t\t\t\t\t\t\t<\/div>\n\t\t\t\t<\/div>\n\t\t\t\t<div class=\"elementor-element elementor-element-c3bbdaf elementor-widget elementor-widget-html\" data-id=\"c3bbdaf\" data-element_type=\"widget\" data-widget_type=\"html.default\">\n\t\t\t\t<div class=\"elementor-widget-container\">\n\t\t\t\t\t<h4 style=\"text-align: center;\"><span style=\"color: #ff6600;\">L.N.I. Rocio Elizabeth Leyva Valdes<\/span><\/h4>\t\t\t\t<\/div>\n\t\t\t\t<\/div>\n\t\t\t\t\t<\/div>\n\t\t<\/div>\n\t\t\t\t<div class=\"elementor-column elementor-col-50 elementor-top-column elementor-element elementor-element-73d5ad6\" data-id=\"73d5ad6\" data-element_type=\"column\">\n\t\t\t<div class=\"elementor-widget-wrap elementor-element-populated\">\n\t\t\t\t\t\t<div class=\"elementor-element elementor-element-03f2616 elementor-widget elementor-widget-spacer\" data-id=\"03f2616\" data-element_type=\"widget\" data-widget_type=\"spacer.default\">\n\t\t\t\t<div class=\"elementor-widget-container\">\n\t\t\t\t\t\t\t<div class=\"elementor-spacer\">\n\t\t\t<div class=\"elementor-spacer-inner\"><\/div>\n\t\t<\/div>\n\t\t\t\t\t\t<\/div>\n\t\t\t\t<\/div>\n\t\t\t\t<div class=\"elementor-element elementor-element-cc6b8d7 elementor-widget elementor-widget-heading\" data-id=\"cc6b8d7\" data-element_type=\"widget\" data-widget_type=\"heading.default\">\n\t\t\t\t<div class=\"elementor-widget-container\">\n\t\t\t\t\t<h2 class=\"elementor-heading-title elementor-size-default\">CV:<\/h2>\t\t\t\t<\/div>\n\t\t\t\t<\/div>\n\t\t\t\t<div class=\"elementor-element elementor-element-397135e elementor-widget elementor-widget-text-editor\" data-id=\"397135e\" data-element_type=\"widget\" data-widget_type=\"text-editor.default\">\n\t\t\t\t<div class=\"elementor-widget-container\">\n\t\t\t\t\t\t\t\t\t<ul><li><strong>Contador P\u00fablico Egresada De La Universidad Aut\u00f3noma Del Estado De Morelos; Licenciada En Negocios Internacionales Por El Instituto Polit\u00e9cnico Nacional<\/strong><\/li><li><strong>Desarrollo Profesional Consultor Y Asesor En Las \u00c1reas De Contabilidad, Auditor\u00eda Y Control Interno Desde 2005 Y En Prevenci\u00f3n De Lavado De Dinero Desde 2017 En:<\/strong><\/li><li><strong>Rendon Leyva Y Asociados Socio Director De La Firma. <\/strong><\/li><li><strong>Asesores Corporativos Cafig, S.C., Socio Director De La Firma. <\/strong><\/li><li><strong>Grupo Speedee De M\u00e9xico., Asesora De La Empresa. <\/strong><\/li><li><strong>Estrategias Avanzadas S.C., Asesora De La Empresa. <\/strong><\/li><li><strong>Ainive Sofom S De Rl De CV., Asesora De La Empresa. <\/strong><\/li><li><strong>Reutter Fg M\u00e9xico, S.A. De C.V. Asesora De La Empresa. <\/strong><\/li><li><strong>Concepto M\u00f3vil Auditor Del Corporativo\u00a0 <\/strong><\/li><li><strong>Consejeros Comerciales <\/strong><\/li><li><strong>Colegio Laura Vicu\u00f1a <\/strong><\/li><li><strong>Socio Del Colegio De Contadores P\u00fablicos De Cuautla. <\/strong><\/li><li><strong>Miembro De La Comisi\u00f3n En Prevenci\u00f3n De Lavado De Dinero De La Zona Centro Del Imcp. <\/strong><\/li><li><strong>Miembro De La Comisi\u00f3n Fiscal De La Zona Centro Del Imcp. <\/strong><\/li><li><strong>Miembro De La Comisi\u00f3n Gubernamental De La Zona Centro Del Imcp<\/strong><\/li><li><strong>Conferencista En Varias Capacitadoras Del Pa\u00eds, As\u00ed Como Diferentes Colegios De Contadores<\/strong><\/li><\/ul><p><strong>\u00a0<\/strong><\/p>\t\t\t\t\t\t\t\t<\/div>\n\t\t\t\t<\/div>\n\t\t\t\t<div class=\"elementor-element elementor-element-dee5665 elementor-widget elementor-widget-spacer\" data-id=\"dee5665\" data-element_type=\"widget\" data-widget_type=\"spacer.default\">\n\t\t\t\t<div class=\"elementor-widget-container\">\n\t\t\t\t\t\t\t<div class=\"elementor-spacer\">\n\t\t\t<div class=\"elementor-spacer-inner\"><\/div>\n\t\t<\/div>\n\t\t\t\t\t\t<\/div>\n\t\t\t\t<\/div>\n\t\t\t\t\t<\/div>\n\t\t<\/div>\n\t\t\t\t\t<\/div>\n\t\t<\/section>\n\t\t\t\t<\/div>\n\t\t","protected":false},"excerpt":{"rendered":"<p>Que encontraras en el Temario Objetivo Dirigido Temario: 1. MARCO NORMATIVO a. Regularizaci\u00f3n del sistema de transporte de mercanc\u00edas b. Publicaciones de la autoridad fiscal 2. C\u00d3DIGO FISCAL DE LA FEDERACI\u00d3N a. Requisitos de los comprobantes fiscales b. Tipos de comprobantes c. CFDI de Ingresos d. CFDI de Traslado e. Emisi\u00f3n electr\u00f3nica f. Representaci\u00f3n Impresa [&hellip;]<\/p>\n","protected":false},"author":1,"featured_media":0,"parent":0,"menu_order":0,"comment_status":"closed","ping_status":"closed","template":"","meta":{"footnotes":""},"class_list":["post-25029","page","type-page","status-publish","hentry"],"_links":{"self":[{"href":"https:\/\/caficon.info\/index.php\/wp-json\/wp\/v2\/pages\/25029","targetHints":{"allow":["GET"]}}],"collection":[{"href":"https:\/\/caficon.info\/index.php\/wp-json\/wp\/v2\/pages"}],"about":[{"href":"https:\/\/caficon.info\/index.php\/wp-json\/wp\/v2\/types\/page"}],"author":[{"embeddable":true,"href":"https:\/\/caficon.info\/index.php\/wp-json\/wp\/v2\/users\/1"}],"replies":[{"embeddable":true,"href":"https:\/\/caficon.info\/index.php\/wp-json\/wp\/v2\/comments?post=25029"}],"version-history":[{"count":4,"href":"https:\/\/caficon.info\/index.php\/wp-json\/wp\/v2\/pages\/25029\/revisions"}],"predecessor-version":[{"id":25033,"href":"https:\/\/caficon.info\/index.php\/wp-json\/wp\/v2\/pages\/25029\/revisions\/25033"}],"wp:attachment":[{"href":"https:\/\/caficon.info\/index.php\/wp-json\/wp\/v2\/media?parent=25029"}],"curies":[{"name":"wp","href":"https:\/\/api.w.org\/{rel}","templated":true}]}}