{"id":25359,"date":"2022-08-16T21:25:30","date_gmt":"2022-08-16T21:25:30","guid":{"rendered":"https:\/\/caficon.info\/?page_id=25359"},"modified":"2022-08-16T21:30:30","modified_gmt":"2022-08-16T21:30:30","slug":"arturo-trujillo-rayon","status":"publish","type":"page","link":"https:\/\/caficon.info\/index.php\/arturo-trujillo-rayon\/","title":{"rendered":"Arturo Trujillo Rayon"},"content":{"rendered":"\t\t<div data-elementor-type=\"wp-page\" data-elementor-id=\"25359\" class=\"elementor elementor-25359\" data-elementor-post-type=\"page\">\n\t\t\t\t\t\t<section class=\"elementor-section elementor-top-section elementor-element elementor-element-e0f42ae elementor-section-boxed elementor-section-height-default elementor-section-height-default\" data-id=\"e0f42ae\" data-element_type=\"section\">\n\t\t\t\t\t\t<div class=\"elementor-container elementor-column-gap-default\">\n\t\t\t\t\t<div class=\"elementor-column elementor-col-50 elementor-top-column elementor-element elementor-element-b4f1e6d\" data-id=\"b4f1e6d\" data-element_type=\"column\">\n\t\t\t<div class=\"elementor-widget-wrap elementor-element-populated\">\n\t\t\t\t\t\t<div class=\"elementor-element elementor-element-9dc9ad9 elementor-widget elementor-widget-image\" data-id=\"9dc9ad9\" data-element_type=\"widget\" data-widget_type=\"image.default\">\n\t\t\t\t<div class=\"elementor-widget-container\">\n\t\t\t\t\t\t\t\t\t\t\t\t\t\t\t<img fetchpriority=\"high\" decoding=\"async\" width=\"225\" height=\"300\" src=\"https:\/\/caficon.info\/wp-content\/uploads\/2022\/08\/ARTURO-TRUJILLO-RAYON-225x300.jpeg\" class=\"attachment-medium size-medium wp-image-25361\" alt=\"\" srcset=\"https:\/\/caficon.info\/wp-content\/uploads\/2022\/08\/ARTURO-TRUJILLO-RAYON-225x300.jpeg 225w, https:\/\/caficon.info\/wp-content\/uploads\/2022\/08\/ARTURO-TRUJILLO-RAYON-768x1024.jpeg 768w, https:\/\/caficon.info\/wp-content\/uploads\/2022\/08\/ARTURO-TRUJILLO-RAYON-600x800.jpeg 600w, https:\/\/caficon.info\/wp-content\/uploads\/2022\/08\/ARTURO-TRUJILLO-RAYON.jpeg 960w\" sizes=\"(max-width: 225px) 100vw, 225px\" \/>\t\t\t\t\t\t\t\t\t\t\t\t\t\t\t<\/div>\n\t\t\t\t<\/div>\n\t\t\t\t<section class=\"elementor-section elementor-inner-section elementor-element elementor-element-6e6ef48 elementor-section-boxed elementor-section-height-default elementor-section-height-default\" data-id=\"6e6ef48\" data-element_type=\"section\">\n\t\t\t\t\t\t<div class=\"elementor-container elementor-column-gap-default\">\n\t\t\t\t\t<div class=\"elementor-column elementor-col-33 elementor-inner-column elementor-element elementor-element-0e1aabf\" data-id=\"0e1aabf\" data-element_type=\"column\">\n\t\t\t<div class=\"elementor-widget-wrap\">\n\t\t\t\t\t\t\t<\/div>\n\t\t<\/div>\n\t\t\t\t<div class=\"elementor-column elementor-col-33 elementor-inner-column elementor-element elementor-element-df53497\" data-id=\"df53497\" data-element_type=\"column\">\n\t\t\t<div class=\"elementor-widget-wrap elementor-element-populated\">\n\t\t\t\t\t\t<div class=\"elementor-element elementor-element-07194ba elementor-widget-divider--view-line_icon elementor-view-default elementor-widget-divider--element-align-center elementor-widget elementor-widget-divider\" data-id=\"07194ba\" data-element_type=\"widget\" data-widget_type=\"divider.default\">\n\t\t\t\t<div class=\"elementor-widget-container\">\n\t\t\t\t\t\t\t<div class=\"elementor-divider\">\n\t\t\t<span class=\"elementor-divider-separator\">\n\t\t\t\t\t\t\t<div class=\"elementor-icon elementor-divider__element\">\n\t\t\t\t\t<i aria-hidden=\"true\" class=\"far fa-building\"><\/i><\/div>\n\t\t\t\t\t\t<\/span>\n\t\t<\/div>\n\t\t\t\t\t\t<\/div>\n\t\t\t\t<\/div>\n\t\t\t\t\t<\/div>\n\t\t<\/div>\n\t\t\t\t<div class=\"elementor-column elementor-col-33 elementor-inner-column elementor-element elementor-element-1e05dd8\" data-id=\"1e05dd8\" data-element_type=\"column\">\n\t\t\t<div class=\"elementor-widget-wrap\">\n\t\t\t\t\t\t\t<\/div>\n\t\t<\/div>\n\t\t\t\t\t<\/div>\n\t\t<\/section>\n\t\t\t\t<div class=\"elementor-element elementor-element-cb76b9a elementor-widget elementor-widget-heading\" data-id=\"cb76b9a\" data-element_type=\"widget\" data-widget_type=\"heading.default\">\n\t\t\t\t<div class=\"elementor-widget-container\">\n\t\t\t\t\t<h2 class=\"elementor-heading-title elementor-size-default\">Arturo Trujillo Rayon<\/h2>\t\t\t\t<\/div>\n\t\t\t\t<\/div>\n\t\t\t\t<div class=\"elementor-element elementor-element-475ee12 elementor-icon-list--layout-traditional elementor-list-item-link-full_width elementor-widget elementor-widget-icon-list\" data-id=\"475ee12\" data-element_type=\"widget\" data-widget_type=\"icon-list.default\">\n\t\t\t\t<div class=\"elementor-widget-container\">\n\t\t\t\t\t\t\t<ul class=\"elementor-icon-list-items\">\n\t\t\t\t\t\t\t<li class=\"elementor-icon-list-item\">\n\t\t\t\t\t\t\t\t\t\t\t<span class=\"elementor-icon-list-icon\">\n\t\t\t\t\t\t\t<i aria-hidden=\"true\" class=\"fas fa-certificate\"><\/i>\t\t\t\t\t\t<\/span>\n\t\t\t\t\t\t\t\t\t\t<span class=\"elementor-icon-list-text\">C\u00e9dula profesional: xxxxxx<\/span>\n\t\t\t\t\t\t\t\t\t<\/li>\n\t\t\t\t\t\t\t\t<li class=\"elementor-icon-list-item\">\n\t\t\t\t\t\t\t\t\t\t\t<a href=\"https:\/\/caficon.info\/wp-content\/Ram\u00f3n-Cereceda-Avila.docx\">\n\n\t\t\t\t\t\t\t\t\t\t\t\t<span class=\"elementor-icon-list-icon\">\n\t\t\t\t\t\t\t<i aria-hidden=\"true\" class=\"fas fa-file-pdf\"><\/i>\t\t\t\t\t\t<\/span>\n\t\t\t\t\t\t\t\t\t\t<span class=\"elementor-icon-list-text\">CV<\/span>\n\t\t\t\t\t\t\t\t\t\t\t<\/a>\n\t\t\t\t\t\t\t\t\t<\/li>\n\t\t\t\t\t\t<\/ul>\n\t\t\t\t\t\t<\/div>\n\t\t\t\t<\/div>\n\t\t\t\t\t<\/div>\n\t\t<\/div>\n\t\t\t\t<div class=\"elementor-column elementor-col-50 elementor-top-column elementor-element elementor-element-331c2f7\" data-id=\"331c2f7\" data-element_type=\"column\">\n\t\t\t<div class=\"elementor-widget-wrap elementor-element-populated\">\n\t\t\t\t\t\t<div class=\"elementor-element elementor-element-7788320 elementor-widget elementor-widget-heading\" data-id=\"7788320\" data-element_type=\"widget\" data-widget_type=\"heading.default\">\n\t\t\t\t<div class=\"elementor-widget-container\">\n\t\t\t\t\t<h2 class=\"elementor-heading-title elementor-size-default\">Educaci\u00f3n y formaci\u00f3n<\/h2>\t\t\t\t<\/div>\n\t\t\t\t<\/div>\n\t\t\t\t<div class=\"elementor-element elementor-element-f671c56 elementor-widget elementor-widget-text-editor\" data-id=\"f671c56\" data-element_type=\"widget\" data-widget_type=\"text-editor.default\">\n\t\t\t\t<div class=\"elementor-widget-container\">\n\t\t\t\t\t\t\t\t\t<ul><li><p>DATOS PERSONALES<\/p><p>\u00a0<\/p><table><tbody><tr><td width=\"212\"><p>NOMBRE:<\/p><\/td><td colspan=\"2\" width=\"322\"><p>ARTURO TRUJILLO RAYON<\/p><\/td><td width=\"47\"><p>\u00a0<\/p><\/td><\/tr><tr><td width=\"212\"><p>PROFESI\u00d3N:<\/p><\/td><td colspan=\"2\" width=\"322\"><p>LICENCIADO EN DERECHO<\/p><\/td><td width=\"47\"><p>\u00a0<\/p><\/td><\/tr><tr><td colspan=\"2\" width=\"215\"><p>UNIVERSIDAD:<\/p><p>\u00a0<\/p><p>\u00a0<\/p><p>\u00a0<\/p><p>\u00a0<\/p><p>\u00a0<\/p><p>\u00a0<\/p><p>UNIVERSIDAD:<\/p><p>\u00a0<\/p><p>\u00a0<\/p><p>\u00a0<\/p><p>\u00a0<\/p><p>\u00a0<\/p><p>\u00a0<\/p><p>\u00a0<\/p><p>MAESTRIA:<\/p><\/td><td colspan=\"2\" width=\"367\"><p>UNIVERSIDAD AMERICANA DE MORELOS<\/p><p>CALLE EJIDO COL. TABACHINES ACAPANTZINGO CUERNAVACA MOR.2013 \u2013 2016<\/p><p><strong>LICENCIADO EN DERECHO TITULO Y CEDULA PROFESIONAL<\/strong><\/p><p>\u00a0<\/p><p>TECNOL\u00d3GICO UNIVERSITARIO TOLUCA.<\/p><p>CALLE RUTA DE LA INDEPENDENCIA, TOLUCA DE LERMA, MEX.<\/p><p><strong>LICENCIADO EN PEDAGOG\u00cdA. TITULO CEDULA EN TR\u00c1MITE.<\/strong><\/p><p>\u00a0<\/p><p>\u00a0<\/p><p>MAESTRIA EN DERECHO PENAL Y JUICIOS ADVERSARIALES EN LA UNIVERSIDAD LATINA, MAYO 2017 A SEPTIEMBRE 2019.<\/p><p><strong>T\u00cdTULO EN TRAMITE. CERTIFICADO DE TERMINO<\/strong>.<\/p><\/td><\/tr><\/tbody><\/table><\/li><\/ul>\t\t\t\t\t\t\t\t<\/div>\n\t\t\t\t<\/div>\n\t\t\t\t\t<\/div>\n\t\t<\/div>\n\t\t\t\t\t<\/div>\n\t\t<\/section>\n\t\t\t\t<\/div>\n\t\t","protected":false},"excerpt":{"rendered":"<p>Arturo Trujillo Rayon C\u00e9dula profesional: xxxxxx CV Educaci\u00f3n y formaci\u00f3n DATOS PERSONALES \u00a0 NOMBRE: ARTURO TRUJILLO RAYON \u00a0 PROFESI\u00d3N: LICENCIADO EN DERECHO \u00a0 UNIVERSIDAD: \u00a0 \u00a0 \u00a0 \u00a0 \u00a0 \u00a0 UNIVERSIDAD: \u00a0 \u00a0 \u00a0 \u00a0 \u00a0 \u00a0 \u00a0 MAESTRIA: UNIVERSIDAD AMERICANA DE MORELOS CALLE EJIDO COL. TABACHINES ACAPANTZINGO CUERNAVACA MOR.2013 \u2013 2016 LICENCIADO EN DERECHO [&hellip;]<\/p>\n","protected":false},"author":1,"featured_media":0,"parent":0,"menu_order":0,"comment_status":"closed","ping_status":"closed","template":"elementor_header_footer","meta":{"footnotes":""},"class_list":["post-25359","page","type-page","status-publish","hentry"],"_links":{"self":[{"href":"https:\/\/caficon.info\/index.php\/wp-json\/wp\/v2\/pages\/25359","targetHints":{"allow":["GET"]}}],"collection":[{"href":"https:\/\/caficon.info\/index.php\/wp-json\/wp\/v2\/pages"}],"about":[{"href":"https:\/\/caficon.info\/index.php\/wp-json\/wp\/v2\/types\/page"}],"author":[{"embeddable":true,"href":"https:\/\/caficon.info\/index.php\/wp-json\/wp\/v2\/users\/1"}],"replies":[{"embeddable":true,"href":"https:\/\/caficon.info\/index.php\/wp-json\/wp\/v2\/comments?post=25359"}],"version-history":[{"count":7,"href":"https:\/\/caficon.info\/index.php\/wp-json\/wp\/v2\/pages\/25359\/revisions"}],"predecessor-version":[{"id":25375,"href":"https:\/\/caficon.info\/index.php\/wp-json\/wp\/v2\/pages\/25359\/revisions\/25375"}],"wp:attachment":[{"href":"https:\/\/caficon.info\/index.php\/wp-json\/wp\/v2\/media?parent=25359"}],"curies":[{"name":"wp","href":"https:\/\/api.w.org\/{rel}","templated":true}]}}