{"id":25405,"date":"2022-08-16T22:28:34","date_gmt":"2022-08-16T22:28:34","guid":{"rendered":"https:\/\/caficon.info\/?page_id=25405"},"modified":"2022-08-30T21:13:45","modified_gmt":"2022-08-30T21:13:45","slug":"efectos-fiscales-y-contables-de-las-plataformas-tecnologicas-digitales-2022","status":"publish","type":"page","link":"https:\/\/caficon.info\/index.php\/efectos-fiscales-y-contables-de-las-plataformas-tecnologicas-digitales-2022\/","title":{"rendered":"Efectos Fiscales y Contables de las Plataformas Tecnologicas Digitales 2022"},"content":{"rendered":"\t\t<div data-elementor-type=\"wp-page\" data-elementor-id=\"25405\" class=\"elementor elementor-25405\" data-elementor-post-type=\"page\">\n\t\t\t\t\t\t<section class=\"elementor-section elementor-top-section elementor-element elementor-element-27382ef elementor-section-full_width elementor-section-height-default elementor-section-height-default\" data-id=\"27382ef\" data-element_type=\"section\">\n\t\t\t\t\t\t<div class=\"elementor-container elementor-column-gap-default\">\n\t\t\t\t\t<div class=\"elementor-column elementor-col-100 elementor-top-column elementor-element elementor-element-1990980\" data-id=\"1990980\" data-element_type=\"column\">\n\t\t\t<div class=\"elementor-widget-wrap elementor-element-populated\">\n\t\t\t\t\t\t<div class=\"elementor-element elementor-element-b83d8f0 elementor-widget elementor-widget-heading\" data-id=\"b83d8f0\" data-element_type=\"widget\" data-widget_type=\"heading.default\">\n\t\t\t\t<div class=\"elementor-widget-container\">\n\t\t\t\t\t<h2 class=\"elementor-heading-title elementor-size-default\">Que encontraras en el Temario<\/h2>\t\t\t\t<\/div>\n\t\t\t\t<\/div>\n\t\t\t\t\t<\/div>\n\t\t<\/div>\n\t\t\t\t\t<\/div>\n\t\t<\/section>\n\t\t\t\t<section class=\"elementor-section elementor-top-section elementor-element elementor-element-88ac907 elementor-section-full_width elementor-section-height-default elementor-section-height-default\" data-id=\"88ac907\" data-element_type=\"section\">\n\t\t\t\t\t\t<div class=\"elementor-container elementor-column-gap-default\">\n\t\t\t\t\t<div class=\"elementor-column elementor-col-25 elementor-top-column elementor-element elementor-element-b8c5547\" data-id=\"b8c5547\" data-element_type=\"column\">\n\t\t\t<div class=\"elementor-widget-wrap elementor-element-populated\">\n\t\t\t\t\t\t\t<\/div>\n\t\t<\/div>\n\t\t\t\t<div class=\"elementor-column elementor-col-25 elementor-top-column elementor-element elementor-element-7626d0b\" data-id=\"7626d0b\" data-element_type=\"column\">\n\t\t\t<div class=\"elementor-widget-wrap elementor-element-populated\">\n\t\t\t\t\t\t<div class=\"elementor-element elementor-element-b6e7cca elementor-widget elementor-widget-text-editor\" data-id=\"b6e7cca\" data-element_type=\"widget\" data-widget_type=\"text-editor.default\">\n\t\t\t\t<div class=\"elementor-widget-container\">\n\t\t\t\t\t\t\t\t\t<p><span style=\"color: #ff6600;\"><strong>Objetivo<\/strong><\/span><\/p><p>Que se pueda entender en primer lugar el origen del comercio electr\u00f3nico, conocer lo que significa, c\u00f3mo es que se integra y c\u00f3mo es que forma parte de nuestro d\u00eda a d\u00eda; por otra parte, se explica el gran paso que dio nuestro pa\u00eds al integrar las plataformas digitales al cobro de los impuestos y finalmente como se har\u00e1 esta recaudaci\u00f3n. Conocer\u00e1s de los nuevos cambios que hay con respecto a la regulaci\u00f3n de las plataformas digitales en este 2022<\/p><p><span style=\"color: #ff6600;\"><strong>Dirigido<br \/><\/strong><\/span><\/p>\t\t\t\t\t\t\t\t<\/div>\n\t\t\t\t<\/div>\n\t\t\t\t\t<\/div>\n\t\t<\/div>\n\t\t\t\t<div class=\"elementor-column elementor-col-25 elementor-top-column elementor-element elementor-element-c328ae0\" data-id=\"c328ae0\" data-element_type=\"column\">\n\t\t\t<div class=\"elementor-widget-wrap elementor-element-populated\">\n\t\t\t\t\t\t<div class=\"elementor-element elementor-element-89ab9ff elementor-widget elementor-widget-text-editor\" data-id=\"89ab9ff\" data-element_type=\"widget\" data-widget_type=\"text-editor.default\">\n\t\t\t\t<div class=\"elementor-widget-container\">\n\t\t\t\t\t\t\t\t\t<h5><span style=\"color: #ff6600;\">Temario:<\/span><\/h5><p>1.1 COMERCIO ELECTRONICO Y PLATAFORMAS ELECTR\u00d3NICAS<br \/>a. Comercio digital y electr\u00f3nico<br \/>b. Qu\u00e9 debe entenderse como plataforma tecnol\u00f3gica o digital<br \/>c. Caracter\u00edsticas que identifican a las plataformas tecnol\u00f3gicas &#8211; digitales<br \/>d. Identificando los participantes que participan en una operaci\u00f3n de car\u00e1cter electr\u00f3nico-digital<br \/>1.2 ACTIVIDADES EMPRESARIALES APLICABLES <br \/>a. RIF, RESICO y Plataformas tecnol\u00f3gicas-digitales<br \/>b. Prestaci\u00f3n de servicios de transporte de bienes y pasajeros y caracter\u00edsticas<br \/>c. Servicio de hospedaje y caracter\u00edsticas<br \/>d. Enajenaci\u00f3n de Bienes y caracter\u00edsticas<br \/>1.3 Impuesto sobre la Renta y Reglas de Resoluci\u00f3n Miscel\u00e1nea Fiscal aplicables<br \/>a. Ingresos acumulables<br \/>b. Deducciones autorizadas<br \/>c. Retenci\u00f3n como pago provisional y Retenci\u00f3n Definitiva<br \/>d. Pagos provisionales y\/o definitivos<br \/>1.4 Impuesto al Valor Agregado y Reglas de Resoluci\u00f3n Miscel\u00e1nea Fiscal aplicables<br \/>a. Actos afectos a IVA<br \/>b. Obligaciones fiscales de los participantes en las operaciones electr\u00f3nico-fiscales<br \/>c. Pago definitivo de IVA, \u00bfqui\u00e9n lo presenta?<br \/>1.5 C\u00f3digo Fiscal de la Federaci\u00f3n<br \/>a. Inscripci\u00f3n al RFC, modificaci\u00f3n de obligaciones y actualizaci\u00f3n de actividades econ\u00f3micas<br \/>b. Emisi\u00f3n de CFDI<br \/>i. Emisi\u00f3n individual de CFDI (versi\u00f3n 3.3 y 4.0)<br \/>ii. Emisi\u00f3n de CFDI p\u00fablico en general<br \/>c. Infracciones y sanciones<br \/>d. Contabilidad electr\u00f3nica <br \/>1.6 Casos pr\u00e1cticos en hojas de c\u00e1lculo<br \/>a. Prestaci\u00f3n de servicios de transporte de bienes y pasajeros y caracter\u00edsticas<br \/>b. Servicio de hospedaje y caracter\u00edsticas<br \/>c. Enajenaci\u00f3n de Bienes y caracter\u00edsticas<br \/>1.7 Otras recomendaciones<br \/>a. Empleadores o patrones<br \/>b. Otros ingresos por otras actividades<br \/>c. Abandono del r\u00e9gimen<br \/>d. Delito de defraudaci\u00f3n fiscal<\/p>\t\t\t\t\t\t\t\t<\/div>\n\t\t\t\t<\/div>\n\t\t\t\t\t<\/div>\n\t\t<\/div>\n\t\t\t\t<div class=\"elementor-column elementor-col-25 elementor-top-column elementor-element elementor-element-8e24158\" data-id=\"8e24158\" data-element_type=\"column\">\n\t\t\t<div class=\"elementor-widget-wrap\">\n\t\t\t\t\t\t\t<\/div>\n\t\t<\/div>\n\t\t\t\t\t<\/div>\n\t\t<\/section>\n\t\t\t\t<section class=\"elementor-section elementor-top-section elementor-element elementor-element-f3d9d83 elementor-section-full_width elementor-section-height-default elementor-section-height-default\" data-id=\"f3d9d83\" data-element_type=\"section\">\n\t\t\t\t\t\t<div class=\"elementor-container elementor-column-gap-default\">\n\t\t\t\t\t<div class=\"elementor-column elementor-col-100 elementor-top-column elementor-element elementor-element-ad45dc7\" data-id=\"ad45dc7\" data-element_type=\"column\">\n\t\t\t<div class=\"elementor-widget-wrap elementor-element-populated\">\n\t\t\t\t\t\t<div class=\"elementor-element elementor-element-e873af6 elementor-widget elementor-widget-spacer\" data-id=\"e873af6\" data-element_type=\"widget\" data-widget_type=\"spacer.default\">\n\t\t\t\t<div class=\"elementor-widget-container\">\n\t\t\t\t\t\t\t<div class=\"elementor-spacer\">\n\t\t\t<div class=\"elementor-spacer-inner\"><\/div>\n\t\t<\/div>\n\t\t\t\t\t\t<\/div>\n\t\t\t\t<\/div>\n\t\t\t\t<div class=\"elementor-element elementor-element-daaba93 elementor-widget elementor-widget-heading\" data-id=\"daaba93\" data-element_type=\"widget\" data-widget_type=\"heading.default\">\n\t\t\t\t<div class=\"elementor-widget-container\">\n\t\t\t\t\t<h2 class=\"elementor-heading-title elementor-size-default\">\u00bfQuien Impartir\u00e1 este Curso?<\/h2>\t\t\t\t<\/div>\n\t\t\t\t<\/div>\n\t\t\t\t\t<\/div>\n\t\t<\/div>\n\t\t\t\t\t<\/div>\n\t\t<\/section>\n\t\t\t\t<section class=\"elementor-section elementor-top-section elementor-element elementor-element-a39fde6 elementor-section-full_width elementor-section-height-default elementor-section-height-default\" data-id=\"a39fde6\" data-element_type=\"section\">\n\t\t\t\t\t\t<div class=\"elementor-container elementor-column-gap-default\">\n\t\t\t\t\t<div class=\"elementor-column elementor-col-50 elementor-top-column elementor-element elementor-element-18aef1e\" data-id=\"18aef1e\" data-element_type=\"column\">\n\t\t\t<div class=\"elementor-widget-wrap elementor-element-populated\">\n\t\t\t\t\t\t<div class=\"elementor-element elementor-element-c59a4ef elementor-widget elementor-widget-image\" data-id=\"c59a4ef\" data-element_type=\"widget\" data-widget_type=\"image.default\">\n\t\t\t\t<div class=\"elementor-widget-container\">\n\t\t\t\t\t\t\t\t\t\t\t\t\t\t\t<img decoding=\"async\" src=\"https:\/\/caficon.info\/wp-content\/uploads\/2022\/03\/3-819x1024-2.jpg\" title=\"3-819&#215;1024\" alt=\"3-819x1024\" loading=\"lazy\" \/>\t\t\t\t\t\t\t\t\t\t\t\t\t\t\t<\/div>\n\t\t\t\t<\/div>\n\t\t\t\t<div class=\"elementor-element elementor-element-d50f061 elementor-widget elementor-widget-html\" data-id=\"d50f061\" data-element_type=\"widget\" data-widget_type=\"html.default\">\n\t\t\t\t<div class=\"elementor-widget-container\">\n\t\t\t\t\t<h4 style=\"text-align: center;\"><span style=\"color: #ff6600;\">C.P. Ruben Torres  Benitez<\/span><\/h4>\t\t\t\t<\/div>\n\t\t\t\t<\/div>\n\t\t\t\t\t<\/div>\n\t\t<\/div>\n\t\t\t\t<div class=\"elementor-column elementor-col-50 elementor-top-column elementor-element elementor-element-c13aefa\" data-id=\"c13aefa\" data-element_type=\"column\">\n\t\t\t<div class=\"elementor-widget-wrap elementor-element-populated\">\n\t\t\t\t\t\t<div class=\"elementor-element elementor-element-5a90a09 elementor-widget elementor-widget-spacer\" data-id=\"5a90a09\" data-element_type=\"widget\" data-widget_type=\"spacer.default\">\n\t\t\t\t<div class=\"elementor-widget-container\">\n\t\t\t\t\t\t\t<div class=\"elementor-spacer\">\n\t\t\t<div class=\"elementor-spacer-inner\"><\/div>\n\t\t<\/div>\n\t\t\t\t\t\t<\/div>\n\t\t\t\t<\/div>\n\t\t\t\t<div class=\"elementor-element elementor-element-401705b elementor-widget elementor-widget-heading\" data-id=\"401705b\" data-element_type=\"widget\" data-widget_type=\"heading.default\">\n\t\t\t\t<div class=\"elementor-widget-container\">\n\t\t\t\t\t<h2 class=\"elementor-heading-title elementor-size-default\">CV:<\/h2>\t\t\t\t<\/div>\n\t\t\t\t<\/div>\n\t\t\t\t<div class=\"elementor-element elementor-element-6625d2f elementor-widget elementor-widget-text-editor\" data-id=\"6625d2f\" data-element_type=\"widget\" data-widget_type=\"text-editor.default\">\n\t\t\t\t<div class=\"elementor-widget-container\">\n\t\t\t\t\t\t\t\t\t<p>DESEMPE\u00d1O PROFESIONAL INDEPENDIENTE<br \/>(Julio 2003 a la fecha) Asesor\u00eda independiente a diversas empresas privadas en<br \/>materia contable, fiscal, administrativa e inform\u00e1tica, en diversas<br \/>organizaciones como: (agencias de publicidad, centros escolares, empresas<br \/>comercializadoras, importadoras, empresas de recursos humanos, sindicatos, y<br \/>personas fisicas con distintas actividades), entre las que se pueden citar:<br \/>Asociaci\u00f3n Nacional de Abarroteros de M\u00e9xico SC<br \/>Grupo SANMAR SA de CV<br \/>INDUSTRIA ENVASADORA DE QUER\u00c9TARO SA DE CV (Coca Cola Quer\u00e9taro)<br \/>LICONSA<br \/>Sindicato Mexicano de Electricistas<br \/>Comisi\u00f3n Federal de Electricidad<br \/>Luz y Fuerza del Centro<br \/>RVG IMAGES, S.A. de C.V. (FILIAL DE GETTY IMAGES)<br \/>Cuchiller\u00eda Toledo, S.A. de C.V.<br \/>Starlight, S.A. de C.V.<br \/>Almacenadora Accel , S.A.<br \/>Capital Logistics, S.A. de C.V.<br \/>MOMATT, S.A. DE C.V.<br \/>Calzado Sandak, SA DE CV, etc.<br \/>DIVERSAS PERSONAS F\u00cdSICAS, DEL GIRO DE AUTOTRANSPORTE, COMERCIO,<br \/>SERVICIOS, Y ACTORES<\/p><p>Despacho Ra\u00fal Am\u00e9zquita y Asoc. S.C.<br \/>Contadores P\u00fablicos Consultores en Impuestos<br \/>Septiembre de 1993 a MARZO 2015<br \/>en el \u00c1rea de Inform\u00e1tica Fiscal y Automatizaci\u00f3n de procesos<\/p>\t\t\t\t\t\t\t\t<\/div>\n\t\t\t\t<\/div>\n\t\t\t\t<div class=\"elementor-element elementor-element-114ed06 elementor-widget elementor-widget-spacer\" data-id=\"114ed06\" data-element_type=\"widget\" data-widget_type=\"spacer.default\">\n\t\t\t\t<div class=\"elementor-widget-container\">\n\t\t\t\t\t\t\t<div class=\"elementor-spacer\">\n\t\t\t<div class=\"elementor-spacer-inner\"><\/div>\n\t\t<\/div>\n\t\t\t\t\t\t<\/div>\n\t\t\t\t<\/div>\n\t\t\t\t\t<\/div>\n\t\t<\/div>\n\t\t\t\t\t<\/div>\n\t\t<\/section>\n\t\t\t\t<\/div>\n\t\t","protected":false},"excerpt":{"rendered":"<p>Que encontraras en el Temario Objetivo Que se pueda entender en primer lugar el origen del comercio electr\u00f3nico, conocer lo que significa, c\u00f3mo es que se integra y c\u00f3mo es que forma parte de nuestro d\u00eda a d\u00eda; por otra parte, se explica el gran paso que dio nuestro pa\u00eds al integrar las plataformas digitales [&hellip;]<\/p>\n","protected":false},"author":1,"featured_media":0,"parent":0,"menu_order":0,"comment_status":"closed","ping_status":"closed","template":"","meta":{"footnotes":""},"class_list":["post-25405","page","type-page","status-publish","hentry"],"_links":{"self":[{"href":"https:\/\/caficon.info\/index.php\/wp-json\/wp\/v2\/pages\/25405","targetHints":{"allow":["GET"]}}],"collection":[{"href":"https:\/\/caficon.info\/index.php\/wp-json\/wp\/v2\/pages"}],"about":[{"href":"https:\/\/caficon.info\/index.php\/wp-json\/wp\/v2\/types\/page"}],"author":[{"embeddable":true,"href":"https:\/\/caficon.info\/index.php\/wp-json\/wp\/v2\/users\/1"}],"replies":[{"embeddable":true,"href":"https:\/\/caficon.info\/index.php\/wp-json\/wp\/v2\/comments?post=25405"}],"version-history":[{"count":7,"href":"https:\/\/caficon.info\/index.php\/wp-json\/wp\/v2\/pages\/25405\/revisions"}],"predecessor-version":[{"id":25737,"href":"https:\/\/caficon.info\/index.php\/wp-json\/wp\/v2\/pages\/25405\/revisions\/25737"}],"wp:attachment":[{"href":"https:\/\/caficon.info\/index.php\/wp-json\/wp\/v2\/media?parent=25405"}],"curies":[{"name":"wp","href":"https:\/\/api.w.org\/{rel}","templated":true}]}}