{"id":25424,"date":"2022-08-17T08:01:25","date_gmt":"2022-08-17T08:01:25","guid":{"rendered":"https:\/\/caficon.info\/?page_id=25424"},"modified":"2022-08-17T08:19:00","modified_gmt":"2022-08-17T08:19:00","slug":"pablo-adrian-espinoza-caballero","status":"publish","type":"page","link":"https:\/\/caficon.info\/index.php\/pablo-adrian-espinoza-caballero\/","title":{"rendered":"Pablo Adri\u00e1n Espinoza Caballero"},"content":{"rendered":"\t\t<div data-elementor-type=\"wp-page\" data-elementor-id=\"25424\" class=\"elementor elementor-25424\" data-elementor-post-type=\"page\">\n\t\t\t\t\t\t<section class=\"elementor-section elementor-top-section elementor-element elementor-element-13ae22e elementor-section-boxed elementor-section-height-default elementor-section-height-default\" data-id=\"13ae22e\" data-element_type=\"section\">\n\t\t\t\t\t\t<div class=\"elementor-container elementor-column-gap-default\">\n\t\t\t\t\t<div class=\"elementor-column elementor-col-50 elementor-top-column elementor-element elementor-element-e0be0c8\" data-id=\"e0be0c8\" data-element_type=\"column\">\n\t\t\t<div class=\"elementor-widget-wrap elementor-element-populated\">\n\t\t\t\t\t\t<div class=\"elementor-element elementor-element-6c8aef3 elementor-widget elementor-widget-image\" data-id=\"6c8aef3\" data-element_type=\"widget\" data-widget_type=\"image.default\">\n\t\t\t\t<div class=\"elementor-widget-container\">\n\t\t\t\t\t\t\t\t\t\t\t\t\t\t\t<img fetchpriority=\"high\" decoding=\"async\" width=\"171\" height=\"300\" src=\"https:\/\/caficon.info\/wp-content\/uploads\/2022\/08\/Espinoza-Caballero-Pablo-Adrian-171x300.jpg\" class=\"attachment-medium size-medium wp-image-25431\" alt=\"\" srcset=\"https:\/\/caficon.info\/wp-content\/uploads\/2022\/08\/Espinoza-Caballero-Pablo-Adrian-171x300.jpg 171w, https:\/\/caficon.info\/wp-content\/uploads\/2022\/08\/Espinoza-Caballero-Pablo-Adrian.jpg 253w\" sizes=\"(max-width: 171px) 100vw, 171px\" \/>\t\t\t\t\t\t\t\t\t\t\t\t\t\t\t<\/div>\n\t\t\t\t<\/div>\n\t\t\t\t<section class=\"elementor-section elementor-inner-section elementor-element elementor-element-f46aa8f elementor-section-boxed elementor-section-height-default elementor-section-height-default\" data-id=\"f46aa8f\" data-element_type=\"section\">\n\t\t\t\t\t\t<div class=\"elementor-container elementor-column-gap-default\">\n\t\t\t\t\t<div class=\"elementor-column elementor-col-33 elementor-inner-column elementor-element elementor-element-5137cb9\" data-id=\"5137cb9\" data-element_type=\"column\">\n\t\t\t<div class=\"elementor-widget-wrap\">\n\t\t\t\t\t\t\t<\/div>\n\t\t<\/div>\n\t\t\t\t<div class=\"elementor-column elementor-col-33 elementor-inner-column elementor-element elementor-element-6085f38\" data-id=\"6085f38\" data-element_type=\"column\">\n\t\t\t<div class=\"elementor-widget-wrap elementor-element-populated\">\n\t\t\t\t\t\t<div class=\"elementor-element elementor-element-61db6aa elementor-widget-divider--view-line_icon elementor-view-default elementor-widget-divider--element-align-center elementor-widget elementor-widget-divider\" data-id=\"61db6aa\" data-element_type=\"widget\" data-widget_type=\"divider.default\">\n\t\t\t\t<div class=\"elementor-widget-container\">\n\t\t\t\t\t\t\t<div class=\"elementor-divider\">\n\t\t\t<span class=\"elementor-divider-separator\">\n\t\t\t\t\t\t\t<div class=\"elementor-icon elementor-divider__element\">\n\t\t\t\t\t<i aria-hidden=\"true\" class=\"far fa-building\"><\/i><\/div>\n\t\t\t\t\t\t<\/span>\n\t\t<\/div>\n\t\t\t\t\t\t<\/div>\n\t\t\t\t<\/div>\n\t\t\t\t\t<\/div>\n\t\t<\/div>\n\t\t\t\t<div class=\"elementor-column elementor-col-33 elementor-inner-column elementor-element elementor-element-fb9adbf\" data-id=\"fb9adbf\" data-element_type=\"column\">\n\t\t\t<div class=\"elementor-widget-wrap\">\n\t\t\t\t\t\t\t<\/div>\n\t\t<\/div>\n\t\t\t\t\t<\/div>\n\t\t<\/section>\n\t\t\t\t<div class=\"elementor-element elementor-element-60fe7df elementor-widget elementor-widget-heading\" data-id=\"60fe7df\" data-element_type=\"widget\" data-widget_type=\"heading.default\">\n\t\t\t\t<div class=\"elementor-widget-container\">\n\t\t\t\t\t<h2 class=\"elementor-heading-title elementor-size-default\">Pablo Adri\u00e1n Espinoza Caballero.<\/h2>\t\t\t\t<\/div>\n\t\t\t\t<\/div>\n\t\t\t\t<div class=\"elementor-element elementor-element-2d224d6 elementor-icon-list--layout-traditional elementor-list-item-link-full_width elementor-widget elementor-widget-icon-list\" data-id=\"2d224d6\" data-element_type=\"widget\" data-widget_type=\"icon-list.default\">\n\t\t\t\t<div class=\"elementor-widget-container\">\n\t\t\t\t\t\t\t<ul class=\"elementor-icon-list-items\">\n\t\t\t\t\t\t\t<li class=\"elementor-icon-list-item\">\n\t\t\t\t\t\t\t\t\t\t\t<span class=\"elementor-icon-list-icon\">\n\t\t\t\t\t\t\t<i aria-hidden=\"true\" class=\"fas fa-certificate\"><\/i>\t\t\t\t\t\t<\/span>\n\t\t\t\t\t\t\t\t\t\t<span class=\"elementor-icon-list-text\">C\u00e9dula profesional: xxxxxx<\/span>\n\t\t\t\t\t\t\t\t\t<\/li>\n\t\t\t\t\t\t\t\t<li class=\"elementor-icon-list-item\">\n\t\t\t\t\t\t\t\t\t\t\t<a href=\"https:\/\/caficon.info\/wp-content\/Ram\u00f3n-Cereceda-Avila.docx\">\n\n\t\t\t\t\t\t\t\t\t\t\t\t<span class=\"elementor-icon-list-icon\">\n\t\t\t\t\t\t\t<i aria-hidden=\"true\" class=\"fas fa-file-pdf\"><\/i>\t\t\t\t\t\t<\/span>\n\t\t\t\t\t\t\t\t\t\t<span class=\"elementor-icon-list-text\">CV<\/span>\n\t\t\t\t\t\t\t\t\t\t\t<\/a>\n\t\t\t\t\t\t\t\t\t<\/li>\n\t\t\t\t\t\t<\/ul>\n\t\t\t\t\t\t<\/div>\n\t\t\t\t<\/div>\n\t\t\t\t\t<\/div>\n\t\t<\/div>\n\t\t\t\t<div class=\"elementor-column elementor-col-50 elementor-top-column elementor-element elementor-element-8f76e78\" data-id=\"8f76e78\" data-element_type=\"column\">\n\t\t\t<div class=\"elementor-widget-wrap elementor-element-populated\">\n\t\t\t\t\t\t<div class=\"elementor-element elementor-element-bacb483 elementor-widget elementor-widget-heading\" data-id=\"bacb483\" data-element_type=\"widget\" data-widget_type=\"heading.default\">\n\t\t\t\t<div class=\"elementor-widget-container\">\n\t\t\t\t\t<h2 class=\"elementor-heading-title elementor-size-default\">Educaci\u00f3n y formaci\u00f3n<\/h2>\t\t\t\t<\/div>\n\t\t\t\t<\/div>\n\t\t\t\t<div class=\"elementor-element elementor-element-80a04f6 elementor-widget elementor-widget-text-editor\" data-id=\"80a04f6\" data-element_type=\"widget\" data-widget_type=\"text-editor.default\">\n\t\t\t\t<div class=\"elementor-widget-container\">\n\t\t\t\t\t\t\t\t\t<p><strong>ESCOLARIDAD<\/strong><\/p><p><strong>\u00a0<\/strong><\/p><table><tbody><tr><td width=\"151\"><p><strong>Grado Acad\u00e9mico<\/strong><\/p><\/td><td width=\"170\"><p><strong>Nombre la Instituci\u00f3n o Escuela<\/strong><\/p><\/td><td width=\"123\"><p><strong>\u00c1rea de Concentraci\u00f3n<\/strong><\/p><\/td><td width=\"142\"><p><strong>Fechas de T\u00e9rmino<\/strong><\/p><\/td><\/tr><tr><td width=\"151\"><p><strong>\u00a0<\/strong><\/p><p>Licenciatura en Derecho<\/p><\/td><td width=\"170\"><p>Universidad Aut\u00f3noma Metropolitana. Unidad Azcapotzalco (UAM-A).<\/p><\/td><td width=\"123\"><p>R\u00e9gimen de la Administraci\u00f3n y Finanzas<\/p><p>P\u00fablicas<\/p><\/td><td width=\"142\"><p>Con T\u00edtulo y c\u00e9dula profesional.<\/p><\/td><\/tr><tr><td width=\"151\"><p>Especialidad<\/p><\/td><td width=\"170\"><p>Instituto Nacional de Desarrollo Jur\u00eddico A.C.<\/p><\/td><td width=\"123\"><p><strong>\u00a0<\/strong><\/p><p>Derecho Fiscal<\/p><\/td><td width=\"142\"><p>Con t\u00edtulo y C\u00e9dula Profesional<\/p><\/td><\/tr><\/tbody><\/table><p><strong>\u00a0<\/strong><\/p><p><strong>\u00a0<\/strong><\/p><p><strong>EXPERIENCIA<\/strong> <strong>ACAD\u00c9MICA<\/strong><\/p><p><strong>\u00a0<\/strong><\/p><table><tbody><tr><td width=\"216\"><p><strong>Nombre del curso Impartido<\/strong><\/p><\/td><td width=\"161\"><p><strong>Fecha<\/strong><\/p><\/td><td width=\"236\"><p><strong>Instituci\u00f3n Educativa<\/strong><\/p><\/td><\/tr><tr><td width=\"216\"><p><strong>\u00a0<\/strong><\/p><p>\u201cJuicios Orales de Juicio Oral Civil y Mercantil\u201d<\/p><\/td><td width=\"161\"><p><strong>\u00a0<\/strong><\/p><p>15 de marzo al 05 de<\/p><p>abril de 2014.<\/p><\/td><td width=\"236\"><p><strong>\u00a0<\/strong><\/p><p>Instituto Nacional de Desarrollo Jur\u00eddico A.C.<\/p><\/td><\/tr><\/tbody><\/table><p><strong>\u00a0<\/strong><\/p><p><strong>\u00a0<\/strong><\/p><table style=\"height: 104px;\" width=\"222\"><tbody><tr><td width=\"767\">\u00a0<\/td><\/tr><tr><td>\u00a0<\/td><td>\u00a0<\/td><\/tr><\/tbody><\/table><p>\u00a0<\/p><table><tbody><tr><td width=\"12\"><p>\u00a0<\/p><\/td><td colspan=\"4\" width=\"684\"><p>\u00a0<\/p><\/td><td rowspan=\"8\" width=\"43\"><p>\u00a0<\/p><\/td><td rowspan=\"8\" width=\"4\"><p>\u00a0<\/p><\/td><\/tr><tr><td colspan=\"2\" rowspan=\"7\" width=\"84\"><p>\u00a0<\/p><\/td><td width=\"215\"><p>\u201cJuicio Oral Civil\u201d<\/p><\/td><td width=\"161\"><p>12 al 26 de mayo de<\/p><p>2014.<\/p><\/td><td width=\"236\"><p>Instituto Nacional de Desarrollo Jur\u00eddico A.C.<\/p><\/td><\/tr><tr><td width=\"215\"><p>\u201cCl\u00ednica de Derecho Fiscal\u201d<\/p><\/td><td width=\"161\"><p>12 de junio al 03 de<\/p><p>julio de 2014.<\/p><\/td><td width=\"236\"><p>Instituto Nacional de Desarrollo Jur\u00eddico A.C.<\/p><\/td><\/tr><tr><td width=\"215\"><p>\u201cPr\u00e1ctica Forense de Procesal Familiar\u201d<\/p><\/td><td width=\"161\"><p>12 al 26 de junio de<\/p><p>2014<\/p><\/td><td width=\"236\"><p>Instituto Nacional de Desarrollo Jur\u00eddico A.C.<\/p><\/td><\/tr><tr><td width=\"215\"><p>\u201cJuicios Orales en Materia Civil y Mercantil\u201d<\/p><\/td><td width=\"161\"><p>07 al 21 de agosto de<\/p><p>2014<\/p><\/td><td width=\"236\"><p>Instituto Nacional de Desarrollo Jur\u00eddico A.C.<\/p><\/td><\/tr><tr><td width=\"215\"><p>\u201cJuicio Oral Civil\u201d<\/p><\/td><td width=\"161\"><p>20 de agosto al 03 de<\/p><p>septiembre de 2014<\/p><\/td><td width=\"236\"><p>Instituto Nacional de Desarrollo Jur\u00eddico A.C.<\/p><\/td><\/tr><tr><td width=\"215\"><p>\u201cJuicio Oral en Materia Familiar\u201d<\/p><\/td><td width=\"161\"><p>18 de septiembre al 09 de octubre de 2014<\/p><\/td><td width=\"236\"><p>Instituto Nacional de Desarrollo Jur\u00eddico A.C.<\/p><\/td><\/tr><tr><td width=\"215\"><p>\u201cSeminario en l\u00ednea: ABC DEL DERECHO IVIL Y FAMILIAR\u201d<\/p><p>Tema: Controversia de Arrendamiento<\/p><\/td><td width=\"161\"><p>23 de enero de 2022<\/p><\/td><td width=\"236\"><p>Instituto de Capacitaci\u00f3n Virtual<\/p><\/td><\/tr><\/tbody><\/table>\t\t\t\t\t\t\t\t<\/div>\n\t\t\t\t<\/div>\n\t\t\t\t\t<\/div>\n\t\t<\/div>\n\t\t\t\t\t<\/div>\n\t\t<\/section>\n\t\t\t\t<\/div>\n\t\t","protected":false},"excerpt":{"rendered":"<p>Pablo Adri\u00e1n Espinoza Caballero. C\u00e9dula profesional: xxxxxx CV Educaci\u00f3n y formaci\u00f3n ESCOLARIDAD \u00a0 Grado Acad\u00e9mico Nombre la Instituci\u00f3n o Escuela \u00c1rea de Concentraci\u00f3n Fechas de T\u00e9rmino \u00a0 Licenciatura en Derecho Universidad Aut\u00f3noma Metropolitana. Unidad Azcapotzalco (UAM-A). R\u00e9gimen de la Administraci\u00f3n y Finanzas P\u00fablicas Con T\u00edtulo y c\u00e9dula profesional. Especialidad Instituto Nacional de Desarrollo Jur\u00eddico A.C. [&hellip;]<\/p>\n","protected":false},"author":1,"featured_media":0,"parent":0,"menu_order":0,"comment_status":"closed","ping_status":"closed","template":"","meta":{"footnotes":""},"class_list":["post-25424","page","type-page","status-publish","hentry"],"_links":{"self":[{"href":"https:\/\/caficon.info\/index.php\/wp-json\/wp\/v2\/pages\/25424","targetHints":{"allow":["GET"]}}],"collection":[{"href":"https:\/\/caficon.info\/index.php\/wp-json\/wp\/v2\/pages"}],"about":[{"href":"https:\/\/caficon.info\/index.php\/wp-json\/wp\/v2\/types\/page"}],"author":[{"embeddable":true,"href":"https:\/\/caficon.info\/index.php\/wp-json\/wp\/v2\/users\/1"}],"replies":[{"embeddable":true,"href":"https:\/\/caficon.info\/index.php\/wp-json\/wp\/v2\/comments?post=25424"}],"version-history":[{"count":4,"href":"https:\/\/caficon.info\/index.php\/wp-json\/wp\/v2\/pages\/25424\/revisions"}],"predecessor-version":[{"id":25437,"href":"https:\/\/caficon.info\/index.php\/wp-json\/wp\/v2\/pages\/25424\/revisions\/25437"}],"wp:attachment":[{"href":"https:\/\/caficon.info\/index.php\/wp-json\/wp\/v2\/media?parent=25424"}],"curies":[{"name":"wp","href":"https:\/\/api.w.org\/{rel}","templated":true}]}}