{"id":25448,"date":"2022-08-17T22:04:09","date_gmt":"2022-08-17T22:04:09","guid":{"rendered":"https:\/\/caficon.info\/?page_id=25448"},"modified":"2022-09-09T16:28:04","modified_gmt":"2022-09-09T16:28:04","slug":"efectos-legales-y-fiscales-monedas-electronicas-inversiones-en-casas-de-bolsa-2","status":"publish","type":"page","link":"https:\/\/caficon.info\/index.php\/efectos-legales-y-fiscales-monedas-electronicas-inversiones-en-casas-de-bolsa-2\/","title":{"rendered":"Efectos Legales y Fiscales, Monedas Electr\u00f3nicas, Inversiones en Casas de Bolsa"},"content":{"rendered":"\t\t<div data-elementor-type=\"wp-page\" data-elementor-id=\"25448\" class=\"elementor elementor-25448\" data-elementor-post-type=\"page\">\n\t\t\t\t\t\t<section class=\"elementor-section elementor-top-section elementor-element elementor-element-d99ee6e elementor-section-full_width elementor-section-height-default elementor-section-height-default\" data-id=\"d99ee6e\" data-element_type=\"section\">\n\t\t\t\t\t\t<div class=\"elementor-container elementor-column-gap-default\">\n\t\t\t\t\t<div class=\"elementor-column elementor-col-100 elementor-top-column elementor-element elementor-element-3c5273d\" data-id=\"3c5273d\" data-element_type=\"column\">\n\t\t\t<div class=\"elementor-widget-wrap elementor-element-populated\">\n\t\t\t\t\t\t<div class=\"elementor-element elementor-element-a23d528 elementor-widget elementor-widget-heading\" data-id=\"a23d528\" data-element_type=\"widget\" data-widget_type=\"heading.default\">\n\t\t\t\t<div class=\"elementor-widget-container\">\n\t\t\t\t\t<h2 class=\"elementor-heading-title elementor-size-default\">Que encontraras en el Temario<\/h2>\t\t\t\t<\/div>\n\t\t\t\t<\/div>\n\t\t\t\t\t<\/div>\n\t\t<\/div>\n\t\t\t\t\t<\/div>\n\t\t<\/section>\n\t\t\t\t<section class=\"elementor-section elementor-top-section elementor-element elementor-element-f7dacd6 elementor-section-full_width elementor-section-height-default elementor-section-height-default\" data-id=\"f7dacd6\" data-element_type=\"section\">\n\t\t\t\t\t\t<div class=\"elementor-container elementor-column-gap-default\">\n\t\t\t\t\t<div class=\"elementor-column elementor-col-25 elementor-top-column elementor-element elementor-element-5aae609\" data-id=\"5aae609\" data-element_type=\"column\">\n\t\t\t<div class=\"elementor-widget-wrap elementor-element-populated\">\n\t\t\t\t\t\t\t<\/div>\n\t\t<\/div>\n\t\t\t\t<div class=\"elementor-column elementor-col-25 elementor-top-column elementor-element elementor-element-ed291ee\" data-id=\"ed291ee\" data-element_type=\"column\">\n\t\t\t<div class=\"elementor-widget-wrap elementor-element-populated\">\n\t\t\t\t\t\t<div class=\"elementor-element elementor-element-f899a1a elementor-widget elementor-widget-text-editor\" data-id=\"f899a1a\" data-element_type=\"widget\" data-widget_type=\"text-editor.default\">\n\t\t\t\t<div class=\"elementor-widget-container\">\n\t\t\t\t\t\t\t\t\t<p><span style=\"color: #ff6600;\"><strong>Objetivo<\/strong><\/span><\/p><p>Que el participante conozca sobre las regulaciones, fundamentos, marco legal y contable del uso de las criptomonedas.<\/p><p><strong style=\"color: #ff6600;\">Dirigido<\/strong><\/p><p>\u00a0<\/p>\t\t\t\t\t\t\t\t<\/div>\n\t\t\t\t<\/div>\n\t\t\t\t\t<\/div>\n\t\t<\/div>\n\t\t\t\t<div class=\"elementor-column elementor-col-25 elementor-top-column elementor-element elementor-element-e56733e\" data-id=\"e56733e\" data-element_type=\"column\">\n\t\t\t<div class=\"elementor-widget-wrap elementor-element-populated\">\n\t\t\t\t\t\t<div class=\"elementor-element elementor-element-47c8ceb elementor-widget elementor-widget-text-editor\" data-id=\"47c8ceb\" data-element_type=\"widget\" data-widget_type=\"text-editor.default\">\n\t\t\t\t<div class=\"elementor-widget-container\">\n\t\t\t\t\t\t\t\t\t<h5><span style=\"color: #ff6600;\">Temario:<\/span><\/h5><p>-Que son las criptomonedas<\/p><p>-Que es la Ley Fintech<\/p><p>-Organismos reguladores<\/p><p>-Incidencia del uso de criptomonedas en materia de ISR.<\/p><p>-Incidencia del uso de criptomonedas en materia de IVA.<\/p><p>-Aplicaci\u00f3n correcta en materia contabl<\/p><p>-Regulaci\u00f3n en materia de Prevenci\u00f3n de lavado de dinero.<\/p>\t\t\t\t\t\t\t\t<\/div>\n\t\t\t\t<\/div>\n\t\t\t\t\t<\/div>\n\t\t<\/div>\n\t\t\t\t<div class=\"elementor-column elementor-col-25 elementor-top-column elementor-element elementor-element-078d654\" data-id=\"078d654\" data-element_type=\"column\">\n\t\t\t<div class=\"elementor-widget-wrap\">\n\t\t\t\t\t\t\t<\/div>\n\t\t<\/div>\n\t\t\t\t\t<\/div>\n\t\t<\/section>\n\t\t\t\t<section class=\"elementor-section elementor-top-section elementor-element elementor-element-6dce8f0 elementor-section-full_width elementor-section-height-default elementor-section-height-default\" data-id=\"6dce8f0\" data-element_type=\"section\">\n\t\t\t\t\t\t<div class=\"elementor-container elementor-column-gap-default\">\n\t\t\t\t\t<div class=\"elementor-column elementor-col-100 elementor-top-column elementor-element elementor-element-d99c14b\" data-id=\"d99c14b\" data-element_type=\"column\">\n\t\t\t<div class=\"elementor-widget-wrap elementor-element-populated\">\n\t\t\t\t\t\t<div class=\"elementor-element elementor-element-36236f0 elementor-widget elementor-widget-spacer\" data-id=\"36236f0\" data-element_type=\"widget\" data-widget_type=\"spacer.default\">\n\t\t\t\t<div class=\"elementor-widget-container\">\n\t\t\t\t\t\t\t<div class=\"elementor-spacer\">\n\t\t\t<div class=\"elementor-spacer-inner\"><\/div>\n\t\t<\/div>\n\t\t\t\t\t\t<\/div>\n\t\t\t\t<\/div>\n\t\t\t\t<div class=\"elementor-element elementor-element-ba6886a elementor-widget elementor-widget-heading\" data-id=\"ba6886a\" data-element_type=\"widget\" data-widget_type=\"heading.default\">\n\t\t\t\t<div class=\"elementor-widget-container\">\n\t\t\t\t\t<h2 class=\"elementor-heading-title elementor-size-default\">\u00bfQuien Impartir\u00e1 este Curso?<\/h2>\t\t\t\t<\/div>\n\t\t\t\t<\/div>\n\t\t\t\t\t<\/div>\n\t\t<\/div>\n\t\t\t\t\t<\/div>\n\t\t<\/section>\n\t\t\t\t<section class=\"elementor-section elementor-top-section elementor-element elementor-element-35f2441 elementor-section-full_width elementor-section-height-default elementor-section-height-default\" data-id=\"35f2441\" data-element_type=\"section\">\n\t\t\t\t\t\t<div class=\"elementor-container elementor-column-gap-default\">\n\t\t\t\t\t<div class=\"elementor-column elementor-col-50 elementor-top-column elementor-element elementor-element-5e82edd\" data-id=\"5e82edd\" data-element_type=\"column\">\n\t\t\t<div class=\"elementor-widget-wrap elementor-element-populated\">\n\t\t\t\t\t\t<div class=\"elementor-element elementor-element-0ccb34c elementor-widget elementor-widget-image\" data-id=\"0ccb34c\" data-element_type=\"widget\" data-widget_type=\"image.default\">\n\t\t\t\t<div class=\"elementor-widget-container\">\n\t\t\t\t\t\t\t\t\t\t\t\t\t\t\t<img decoding=\"async\" src=\"https:\/\/caficon.info\/wp-content\/uploads\/2022\/01\/2.jpeg\" title=\"2\" alt=\"2\" loading=\"lazy\" \/>\t\t\t\t\t\t\t\t\t\t\t\t\t\t\t<\/div>\n\t\t\t\t<\/div>\n\t\t\t\t<div class=\"elementor-element elementor-element-0c22b0b elementor-widget elementor-widget-html\" data-id=\"0c22b0b\" data-element_type=\"widget\" data-widget_type=\"html.default\">\n\t\t\t\t<div class=\"elementor-widget-container\">\n\t\t\t\t\t<h4 style=\"text-align: center;\"><span style=\"color: #ff6600;\">L.N.I. Rocio Elizabeth Leyva Valdez<\/span><\/h4>\t\t\t\t<\/div>\n\t\t\t\t<\/div>\n\t\t\t\t\t<\/div>\n\t\t<\/div>\n\t\t\t\t<div class=\"elementor-column elementor-col-50 elementor-top-column elementor-element elementor-element-91b7bb2\" data-id=\"91b7bb2\" data-element_type=\"column\">\n\t\t\t<div class=\"elementor-widget-wrap elementor-element-populated\">\n\t\t\t\t\t\t<div class=\"elementor-element elementor-element-515d119 elementor-widget elementor-widget-spacer\" data-id=\"515d119\" data-element_type=\"widget\" data-widget_type=\"spacer.default\">\n\t\t\t\t<div class=\"elementor-widget-container\">\n\t\t\t\t\t\t\t<div class=\"elementor-spacer\">\n\t\t\t<div class=\"elementor-spacer-inner\"><\/div>\n\t\t<\/div>\n\t\t\t\t\t\t<\/div>\n\t\t\t\t<\/div>\n\t\t\t\t<div class=\"elementor-element elementor-element-105275a elementor-widget elementor-widget-heading\" data-id=\"105275a\" data-element_type=\"widget\" data-widget_type=\"heading.default\">\n\t\t\t\t<div class=\"elementor-widget-container\">\n\t\t\t\t\t<h2 class=\"elementor-heading-title elementor-size-default\">CV:<\/h2>\t\t\t\t<\/div>\n\t\t\t\t<\/div>\n\t\t\t\t<div class=\"elementor-element elementor-element-e57c4f4 elementor-widget elementor-widget-text-editor\" data-id=\"e57c4f4\" data-element_type=\"widget\" data-widget_type=\"text-editor.default\">\n\t\t\t\t<div class=\"elementor-widget-container\">\n\t\t\t\t\t\t\t\t\t<ul><li><strong>Contador P\u00fablico Egresada De La Universidad Aut\u00f3noma Del Estado De Morelos; Licenciada En Negocios Internacionales Por El Instituto Polit\u00e9cnico Nacional<\/strong><\/li><li><strong>Desarrollo Profesional Consultor Y Asesor En Las \u00c1reas De Contabilidad, Auditor\u00eda Y Control Interno Desde 2005 Y En Prevenci\u00f3n De Lavado De Dinero Desde 2017 En:<\/strong><\/li><li><strong>Rendon Leyva Y Asociados Socio Director De La Firma. <\/strong><\/li><li><strong>Asesores Corporativos Cafig, S.C., Socio Director De La Firma. <\/strong><\/li><li><strong>Grupo Speedee De M\u00e9xico., Asesora De La Empresa. <\/strong><\/li><li><strong>Estrategias Avanzadas S.C., Asesora De La Empresa. <\/strong><\/li><li><strong>Ainive Sofom S De Rl De CV., Asesora De La Empresa. <\/strong><\/li><li><strong>Reutter Fg M\u00e9xico, S.A. De C.V. Asesora De La Empresa. <\/strong><\/li><li><strong>Concepto M\u00f3vil Auditor Del Corporativo\u00a0 <\/strong><\/li><li><strong>Consejeros Comerciales <\/strong><\/li><li><strong>Colegio Laura Vicu\u00f1a <\/strong><\/li><li><strong>Socio Del Colegio De Contadores P\u00fablicos De Cuautla. <\/strong><\/li><li><strong>Miembro De La Comisi\u00f3n En Prevenci\u00f3n De Lavado De Dinero De La Zona Centro Del Imcp. <\/strong><\/li><li><strong>Miembro De La Comisi\u00f3n Fiscal De La Zona Centro Del Imcp. <\/strong><\/li><li><strong>Miembro De La Comisi\u00f3n Gubernamental De La Zona Centro Del Imcp<\/strong><\/li><li><strong>Conferencista En Varias Capacitadoras Del Pa\u00eds, As\u00ed Como Diferentes Colegios De Contadores<\/strong><\/li><\/ul><p><strong>\u00a0<\/strong><\/p>\t\t\t\t\t\t\t\t<\/div>\n\t\t\t\t<\/div>\n\t\t\t\t<div class=\"elementor-element elementor-element-9b306cd elementor-widget elementor-widget-spacer\" data-id=\"9b306cd\" data-element_type=\"widget\" data-widget_type=\"spacer.default\">\n\t\t\t\t<div class=\"elementor-widget-container\">\n\t\t\t\t\t\t\t<div class=\"elementor-spacer\">\n\t\t\t<div class=\"elementor-spacer-inner\"><\/div>\n\t\t<\/div>\n\t\t\t\t\t\t<\/div>\n\t\t\t\t<\/div>\n\t\t\t\t\t<\/div>\n\t\t<\/div>\n\t\t\t\t\t<\/div>\n\t\t<\/section>\n\t\t\t\t<\/div>\n\t\t","protected":false},"excerpt":{"rendered":"<p>Que encontraras en el Temario Objetivo Que el participante conozca sobre las regulaciones, fundamentos, marco legal y contable del uso de las criptomonedas. Dirigido \u00a0 Temario: -Que son las criptomonedas -Que es la Ley Fintech -Organismos reguladores -Incidencia del uso de criptomonedas en materia de ISR. -Incidencia del uso de criptomonedas en materia de IVA. [&hellip;]<\/p>\n","protected":false},"author":1,"featured_media":0,"parent":0,"menu_order":0,"comment_status":"closed","ping_status":"closed","template":"","meta":{"footnotes":""},"class_list":["post-25448","page","type-page","status-publish","hentry"],"_links":{"self":[{"href":"https:\/\/caficon.info\/index.php\/wp-json\/wp\/v2\/pages\/25448","targetHints":{"allow":["GET"]}}],"collection":[{"href":"https:\/\/caficon.info\/index.php\/wp-json\/wp\/v2\/pages"}],"about":[{"href":"https:\/\/caficon.info\/index.php\/wp-json\/wp\/v2\/types\/page"}],"author":[{"embeddable":true,"href":"https:\/\/caficon.info\/index.php\/wp-json\/wp\/v2\/users\/1"}],"replies":[{"embeddable":true,"href":"https:\/\/caficon.info\/index.php\/wp-json\/wp\/v2\/comments?post=25448"}],"version-history":[{"count":16,"href":"https:\/\/caficon.info\/index.php\/wp-json\/wp\/v2\/pages\/25448\/revisions"}],"predecessor-version":[{"id":26034,"href":"https:\/\/caficon.info\/index.php\/wp-json\/wp\/v2\/pages\/25448\/revisions\/26034"}],"wp:attachment":[{"href":"https:\/\/caficon.info\/index.php\/wp-json\/wp\/v2\/media?parent=25448"}],"curies":[{"name":"wp","href":"https:\/\/api.w.org\/{rel}","templated":true}]}}