{"id":26166,"date":"2022-09-21T14:25:25","date_gmt":"2022-09-21T14:25:25","guid":{"rendered":"https:\/\/caficon.info\/?page_id=26166"},"modified":"2022-09-21T14:28:56","modified_gmt":"2022-09-21T14:28:56","slug":"reduccion-de-multas-fiscales-2022-incluye-los-ultimos-cambios-de-rmf","status":"publish","type":"page","link":"https:\/\/caficon.info\/index.php\/reduccion-de-multas-fiscales-2022-incluye-los-ultimos-cambios-de-rmf\/","title":{"rendered":"Reduccion de Multas Fiscales 2022 (Incluye los Ultimos Cambios de RMF)"},"content":{"rendered":"\t\t<div data-elementor-type=\"wp-page\" data-elementor-id=\"26166\" class=\"elementor elementor-26166\" data-elementor-post-type=\"page\">\n\t\t\t\t\t\t<section class=\"elementor-section elementor-top-section elementor-element elementor-element-a75c4bb elementor-section-boxed elementor-section-height-default elementor-section-height-default\" data-id=\"a75c4bb\" data-element_type=\"section\">\n\t\t\t\t\t\t<div class=\"elementor-container elementor-column-gap-default\">\n\t\t\t\t\t<div class=\"elementor-column elementor-col-100 elementor-top-column elementor-element elementor-element-458898a\" data-id=\"458898a\" data-element_type=\"column\">\n\t\t\t<div class=\"elementor-widget-wrap\">\n\t\t\t\t\t\t\t<\/div>\n\t\t<\/div>\n\t\t\t\t\t<\/div>\n\t\t<\/section>\n\t\t\t\t<section class=\"elementor-section elementor-top-section elementor-element elementor-element-5f3c192 elementor-section-full_width elementor-hidden-desktop elementor-hidden-tablet elementor-hidden-mobile elementor-section-height-default elementor-section-height-default\" data-id=\"5f3c192\" data-element_type=\"section\">\n\t\t\t\t\t\t<div class=\"elementor-container elementor-column-gap-default\">\n\t\t\t\t\t<div class=\"elementor-column elementor-col-100 elementor-top-column elementor-element elementor-element-6994f17\" data-id=\"6994f17\" data-element_type=\"column\">\n\t\t\t<div class=\"elementor-widget-wrap elementor-element-populated\">\n\t\t\t\t\t\t<div class=\"elementor-element elementor-element-31c98c0 elementor-widget elementor-widget-heading\" data-id=\"31c98c0\" data-element_type=\"widget\" data-widget_type=\"heading.default\">\n\t\t\t\t<div class=\"elementor-widget-container\">\n\t\t\t\t\t<h2 class=\"elementor-heading-title elementor-size-default\">Que encontraras en el Temario<\/h2>\t\t\t\t<\/div>\n\t\t\t\t<\/div>\n\t\t\t\t\t<\/div>\n\t\t<\/div>\n\t\t\t\t\t<\/div>\n\t\t<\/section>\n\t\t\t\t<section class=\"elementor-section elementor-top-section elementor-element elementor-element-e8f3ff9 elementor-section-full_width elementor-hidden-desktop elementor-hidden-tablet elementor-hidden-mobile elementor-section-height-default elementor-section-height-default\" data-id=\"e8f3ff9\" data-element_type=\"section\">\n\t\t\t\t\t\t<div class=\"elementor-container elementor-column-gap-default\">\n\t\t\t\t\t<div class=\"elementor-column elementor-col-25 elementor-top-column elementor-element elementor-element-a87294a\" data-id=\"a87294a\" data-element_type=\"column\">\n\t\t\t<div class=\"elementor-widget-wrap elementor-element-populated\">\n\t\t\t\t\t\t\t<\/div>\n\t\t<\/div>\n\t\t\t\t<div class=\"elementor-column elementor-col-25 elementor-top-column elementor-element elementor-element-5969b0d\" data-id=\"5969b0d\" data-element_type=\"column\">\n\t\t\t<div class=\"elementor-widget-wrap elementor-element-populated\">\n\t\t\t\t\t\t<div class=\"elementor-element elementor-element-8a7c4a9 elementor-widget elementor-widget-text-editor\" data-id=\"8a7c4a9\" data-element_type=\"widget\" data-widget_type=\"text-editor.default\">\n\t\t\t\t<div class=\"elementor-widget-container\">\n\t\t\t\t\t\t\t\t\t<p><span style=\"color: #ff6600;\"><strong>Dirigido<\/strong><\/span><\/p><p><span style=\"color: #ff6600;\"><strong>Objetivo<\/strong><\/span><\/p><p>\u00a0<\/p>\t\t\t\t\t\t\t\t<\/div>\n\t\t\t\t<\/div>\n\t\t\t\t\t<\/div>\n\t\t<\/div>\n\t\t\t\t<div class=\"elementor-column elementor-col-25 elementor-top-column elementor-element elementor-element-41ba072\" data-id=\"41ba072\" data-element_type=\"column\">\n\t\t\t<div class=\"elementor-widget-wrap elementor-element-populated\">\n\t\t\t\t\t\t<div class=\"elementor-element elementor-element-571f4d3 elementor-widget elementor-widget-text-editor\" data-id=\"571f4d3\" data-element_type=\"widget\" data-widget_type=\"text-editor.default\">\n\t\t\t\t<div class=\"elementor-widget-container\">\n\t\t\t\t\t\t\t\t\t<h5><span style=\"color: #ff6600;\">Temario:<\/span><\/h5><h5><strong style=\"font-size: 16px;\">Introducci\u00f3n<\/strong><\/h5><ul><li><strong> Avances tecnol\u00f3gicos al servicio del SAT<\/strong><\/li><\/ul><p>o\u00a0\u00a0 El buz\u00f3n tributario<\/p><p>o\u00a0\u00a0 Informaci\u00f3n de los contribuyentes que la autoridad ya tiene en su poder<\/p><p>o\u00a0\u00a0 La revisi\u00f3n electr\u00f3nica<\/p><p>o\u00a0\u00a0 Tareas que debe desarrollar el contador p\u00fablico.<\/p><ul><li>Autocorrecci\u00f3n fiscal<\/li><li>Presentaci\u00f3n de la DIOT<\/li><li>Contabilidad electr\u00f3nica\u00a0<\/li><li>Invitaciones masivas SAT por incongruencia de lo declarado vs lo timbrado\u00a0<\/li><li>Visor de comprobante de n\u00f3minas\u00a0<\/li><\/ul><p>\u00a0<\/p><ul><li><strong>Contabilidad electr\u00f3nica<\/strong><\/li><\/ul><p>o\u00a0\u00a0 Que es la contabilidad electr\u00f3nica<\/p><p>o\u00a0\u00a0 Obligaci\u00f3n de llevar contabilidad electr\u00f3nica<\/p><p>o\u00a0\u00a0 Plazos para su presentaci\u00f3n<\/p><p>o\u00a0\u00a0 Caracter\u00edsticas de la Balanza de Comprobaci\u00f3n<\/p><p>o\u00a0\u00a0 Estructura del Archivo de P\u00f3lizas<\/p><p>o\u00a0\u00a0 Estructura del Archivo de Auxiliar de Folios y Auxiliar de Cuentas<\/p><p>o\u00a0\u00a0 Implementaci\u00f3n del Cat\u00e1logo de cuentas, Balanza de Comprobaci\u00f3n<\/p><p>y Auxiliar de folios desde una herramienta externa del sistema contable<\/p><p>\u00a0<\/p><ul><li><strong>Revisi\u00f3n y env\u00edo<\/strong><\/li><\/ul><p>o\u00a0\u00a0 Cat\u00e1logo de cuentas vs. Balanza de comprobaci\u00f3n<\/p><p>o\u00a0\u00a0 Auxiliar de folios vs. CFDI<\/p><p>o\u00a0\u00a0 Balanza de comprobaci\u00f3n vs CFDI<\/p><p>o\u00a0\u00a0 Validaci\u00f3n en la p\u00e1gina del SAT<\/p><p>o\u00a0\u00a0 Env\u00edo de la Contabilidad Electr\u00f3nica<\/p><p>\u00a0<\/p><ul><li><strong>CFDI\u00b4S<\/strong><\/li><\/ul><p>o\u00a0\u00a0 Tipo de comprobantes fiscales<\/p><p>o\u00a0\u00a0 Requisitos de los comprobantes fiscales<\/p><p>o\u00a0\u00a0 Caracter\u00edsticas esenciales para el llenado de los comprobantes,<\/p><p>anexo 20 RMF 2022<\/p><p>\u00a0<\/p><ul><li><strong>Conciliaci\u00f3n de los CFDI <\/strong><\/li><\/ul><p>o\u00a0\u00a0 Fechas de descargas por tipo de comprobante<\/p><p>o\u00a0\u00a0 Cifras de control<\/p><p>o\u00a0\u00a0 Conciliaci\u00f3n ERP repositorio SAT<\/p><ul><li>Papeles de trabajo de CFDI ingresos y pagos<\/li><\/ul><p>\u00a0<\/p><ul><li><strong>Revisi\u00f3n de la emisi\u00f3n de CDFIS<\/strong><\/li><li>Emisi\u00f3n de recibos de ingresos\u00a0<\/li><li>Emisi\u00f3n de recibos de n\u00f3mina<\/li><li>Emisi\u00f3n de recibos de asimilables\u00a0<\/li><\/ul><p>\u00a0<\/p><ul><li><strong>Triangulaci\u00f3n de Informaci\u00f3n contable, informaci\u00f3n declarada y XML emitidos<\/strong><\/li><\/ul><p>o\u00a0\u00a0 Revisi\u00f3n de ingresos contables vs XML<\/p><p>o\u00a0\u00a0 Revisi\u00f3n de egresos contables, XML y presentaci\u00f3n de pago provisional<\/p><p>o\u00a0\u00a0 Revisi\u00f3n de los ingresos gravados y exentos y su porcentaje de deducci\u00f3n<\/p><p>o\u00a0\u00a0 Revisi\u00f3n de ISR retenido por salarios pagado, XML y visor de nomina<\/p><p>o\u00a0\u00a0 Revisi\u00f3n del registro de n\u00f3mina en contabilidad, XML y visor de n\u00f3mina<\/p><p>o\u00a0\u00a0 Revisi\u00f3n de XML con retenci\u00f3n de arrendamiento, fletes, servicios<\/p><p>profesionales de personas f\u00edsicas vs pago<\/p><p>\u00a0<\/p><ul><li><strong>Fiscalizaci\u00f3n electr\u00f3nica del SAT <\/strong><\/li><li>Invitaciones del SAT\u00a0<\/li><li>Requerimientos SAT\u00a0<\/li><\/ul><p>\u00a0<\/p><ul><li><strong>EFOS Y EDOS<\/strong><\/li><\/ul><p>o\u00a0\u00a0 Qu\u00e9 son los EFOS<\/p><p>o\u00a0\u00a0 Qu\u00e9 es la lista negra del SAT<\/p><p>o\u00a0\u00a0 Cada cu\u00e1ndo se actualizan los listados<\/p><p>o\u00a0\u00a0 Qui\u00e9nes se encuentran en la lista negra<\/p><p>\u00a0<\/p><ul><li><strong>Portal para el llenado de declaraciones de pagos provisionales<\/strong><\/li><\/ul><p>o\u00a0\u00a0 Puntos esenciales para la elaboraci\u00f3n de papel de trabajo para el llenado<\/p><ul><li>An\u00e1lisis de Precarga de CFDIS<\/li><\/ul><p>\u00a0<\/p><ul><li><strong>Otros Papeles de Trabajo\u00a0<\/strong><\/li><li>An\u00e1lisis del Ajuste Anual por Inflaci\u00f3n\u00a0<\/li><li>Papel de trabajo de Perdidas fiscales\u00a0<\/li><li>Papel de trabajo de Acreditamientos<\/li><li>Carga batch DIOT<\/li><\/ul><p>\u00a0<\/p><ul><li style=\"list-style-type: none;\"><ul><li><strong>Conclusiones y recomendaciones <\/strong><\/li><\/ul><\/li><\/ul>\t\t\t\t\t\t\t\t<\/div>\n\t\t\t\t<\/div>\n\t\t\t\t\t<\/div>\n\t\t<\/div>\n\t\t\t\t<div class=\"elementor-column elementor-col-25 elementor-top-column elementor-element elementor-element-c77c4fa\" data-id=\"c77c4fa\" data-element_type=\"column\">\n\t\t\t<div class=\"elementor-widget-wrap\">\n\t\t\t\t\t\t\t<\/div>\n\t\t<\/div>\n\t\t\t\t\t<\/div>\n\t\t<\/section>\n\t\t\t\t<section class=\"elementor-section elementor-top-section elementor-element elementor-element-12907af elementor-section-full_width elementor-section-height-default elementor-section-height-default\" data-id=\"12907af\" data-element_type=\"section\">\n\t\t\t\t\t\t<div class=\"elementor-container elementor-column-gap-default\">\n\t\t\t\t\t<div class=\"elementor-column elementor-col-100 elementor-top-column elementor-element elementor-element-441191f\" data-id=\"441191f\" data-element_type=\"column\">\n\t\t\t<div class=\"elementor-widget-wrap elementor-element-populated\">\n\t\t\t\t\t\t<div class=\"elementor-element elementor-element-c041132 elementor-widget elementor-widget-spacer\" data-id=\"c041132\" data-element_type=\"widget\" data-widget_type=\"spacer.default\">\n\t\t\t\t<div class=\"elementor-widget-container\">\n\t\t\t\t\t\t\t<div class=\"elementor-spacer\">\n\t\t\t<div class=\"elementor-spacer-inner\"><\/div>\n\t\t<\/div>\n\t\t\t\t\t\t<\/div>\n\t\t\t\t<\/div>\n\t\t\t\t<div class=\"elementor-element elementor-element-6ca67bd elementor-widget elementor-widget-heading\" data-id=\"6ca67bd\" data-element_type=\"widget\" data-widget_type=\"heading.default\">\n\t\t\t\t<div class=\"elementor-widget-container\">\n\t\t\t\t\t<h2 class=\"elementor-heading-title elementor-size-default\">\u00bfQuien Impartir\u00e1 este Curso?<\/h2>\t\t\t\t<\/div>\n\t\t\t\t<\/div>\n\t\t\t\t\t<\/div>\n\t\t<\/div>\n\t\t\t\t\t<\/div>\n\t\t<\/section>\n\t\t\t\t<section class=\"elementor-section elementor-top-section elementor-element elementor-element-b0fc585 elementor-section-full_width elementor-section-height-default elementor-section-height-default\" data-id=\"b0fc585\" data-element_type=\"section\">\n\t\t\t\t\t\t<div class=\"elementor-container elementor-column-gap-default\">\n\t\t\t\t\t<div class=\"elementor-column elementor-col-50 elementor-top-column elementor-element elementor-element-69411e5\" data-id=\"69411e5\" data-element_type=\"column\">\n\t\t\t<div class=\"elementor-widget-wrap elementor-element-populated\">\n\t\t\t\t\t\t<div class=\"elementor-element elementor-element-62dcf17 elementor-widget elementor-widget-image\" data-id=\"62dcf17\" data-element_type=\"widget\" data-widget_type=\"image.default\">\n\t\t\t\t<div class=\"elementor-widget-container\">\n\t\t\t\t\t\t\t\t\t\t\t\t\t\t\t<img decoding=\"async\" src=\"https:\/\/caficon.info\/wp-content\/uploads\/2022\/04\/ponentes-1.jpg\" title=\"ponentes\" alt=\"ponentes\" loading=\"lazy\" \/>\t\t\t\t\t\t\t\t\t\t\t\t\t\t\t<\/div>\n\t\t\t\t<\/div>\n\t\t\t\t<div class=\"elementor-element elementor-element-b68e897 elementor-widget elementor-widget-html\" data-id=\"b68e897\" data-element_type=\"widget\" data-widget_type=\"html.default\">\n\t\t\t\t<div class=\"elementor-widget-container\">\n\t\t\t\t\t<h4 style=\"text-align: center;\"><span style=\"color: #ff6600;\">Mtro. Mario Orlando Beltran Lopez<\/span><\/h4>\t\t\t\t<\/div>\n\t\t\t\t<\/div>\n\t\t\t\t\t<\/div>\n\t\t<\/div>\n\t\t\t\t<div class=\"elementor-column elementor-col-50 elementor-top-column elementor-element elementor-element-5155f90\" data-id=\"5155f90\" data-element_type=\"column\">\n\t\t\t<div class=\"elementor-widget-wrap elementor-element-populated\">\n\t\t\t\t\t\t<div class=\"elementor-element elementor-element-ce8c965 elementor-widget elementor-widget-spacer\" data-id=\"ce8c965\" data-element_type=\"widget\" data-widget_type=\"spacer.default\">\n\t\t\t\t<div class=\"elementor-widget-container\">\n\t\t\t\t\t\t\t<div class=\"elementor-spacer\">\n\t\t\t<div class=\"elementor-spacer-inner\"><\/div>\n\t\t<\/div>\n\t\t\t\t\t\t<\/div>\n\t\t\t\t<\/div>\n\t\t\t\t<div class=\"elementor-element elementor-element-27c02d7 elementor-widget elementor-widget-heading\" data-id=\"27c02d7\" data-element_type=\"widget\" data-widget_type=\"heading.default\">\n\t\t\t\t<div class=\"elementor-widget-container\">\n\t\t\t\t\t<h2 class=\"elementor-heading-title elementor-size-default\">CV:<\/h2>\t\t\t\t<\/div>\n\t\t\t\t<\/div>\n\t\t\t\t<div class=\"elementor-element elementor-element-4fecb14 elementor-widget elementor-widget-text-editor\" data-id=\"4fecb14\" data-element_type=\"widget\" data-widget_type=\"text-editor.default\">\n\t\t\t\t<div class=\"elementor-widget-container\">\n\t\t\t\t\t\t\t\t\t<ul><li>Licenciado en Contadur\u00eda P\u00fablica por la Universidad Aut\u00f3noma de Chiapas.<\/li><li>Maestro\u00a0en Estudios Fiscales por la Universidad Aut\u00f3noma de Chiapas.<\/li><li>Maestro en Administraci\u00f3n por el Instituto de Estudios Superiores de Chiapas<\/li><li>Plantel Tapachula.<\/li><li>Actualmente cursando la Licenciatura en Derecho.<\/li><li>Actualmente cursando el Doctorado en Ciencias de lo Fiscal<\/li><li>Socio Director de Consultor\u00eda Contable-Fiscal e Instituto de Capacitaci\u00f3n y Estudios Fiscales<\/li><li>Socio del Colegio de Contadores P\u00fablicos de Chiapas, A.C.<\/li><li>Expositor a nivel nacional ante diversos organismos, colegios e instituciones educativas y dependencias p\u00fablicas tales como el Servicio de Administraci\u00f3n Tributaria.<\/li><li>Agente capacitador externo ante la STPS.<\/li><li>Catedr\u00e1tico a nivel licenciatura y posgrado\u00a0en asignaturas\u00a0en materia contable y fiscal.<\/li><\/ul>\t\t\t\t\t\t\t\t<\/div>\n\t\t\t\t<\/div>\n\t\t\t\t<div class=\"elementor-element elementor-element-e0d9431 elementor-widget elementor-widget-spacer\" data-id=\"e0d9431\" data-element_type=\"widget\" data-widget_type=\"spacer.default\">\n\t\t\t\t<div class=\"elementor-widget-container\">\n\t\t\t\t\t\t\t<div class=\"elementor-spacer\">\n\t\t\t<div class=\"elementor-spacer-inner\"><\/div>\n\t\t<\/div>\n\t\t\t\t\t\t<\/div>\n\t\t\t\t<\/div>\n\t\t\t\t\t<\/div>\n\t\t<\/div>\n\t\t\t\t\t<\/div>\n\t\t<\/section>\n\t\t\t\t<\/div>\n\t\t","protected":false},"excerpt":{"rendered":"<p>Que encontraras en el Temario Dirigido Objetivo \u00a0 Temario: Introducci\u00f3n Avances tecnol\u00f3gicos al servicio del SAT o\u00a0\u00a0 El buz\u00f3n tributario o\u00a0\u00a0 Informaci\u00f3n de los contribuyentes que la autoridad ya tiene en su poder o\u00a0\u00a0 La revisi\u00f3n electr\u00f3nica o\u00a0\u00a0 Tareas que debe desarrollar el contador p\u00fablico. Autocorrecci\u00f3n fiscal Presentaci\u00f3n de la DIOT Contabilidad electr\u00f3nica\u00a0 Invitaciones masivas [&hellip;]<\/p>\n","protected":false},"author":1,"featured_media":0,"parent":0,"menu_order":0,"comment_status":"closed","ping_status":"closed","template":"","meta":{"footnotes":""},"class_list":["post-26166","page","type-page","status-publish","hentry"],"_links":{"self":[{"href":"https:\/\/caficon.info\/index.php\/wp-json\/wp\/v2\/pages\/26166","targetHints":{"allow":["GET"]}}],"collection":[{"href":"https:\/\/caficon.info\/index.php\/wp-json\/wp\/v2\/pages"}],"about":[{"href":"https:\/\/caficon.info\/index.php\/wp-json\/wp\/v2\/types\/page"}],"author":[{"embeddable":true,"href":"https:\/\/caficon.info\/index.php\/wp-json\/wp\/v2\/users\/1"}],"replies":[{"embeddable":true,"href":"https:\/\/caficon.info\/index.php\/wp-json\/wp\/v2\/comments?post=26166"}],"version-history":[{"count":7,"href":"https:\/\/caficon.info\/index.php\/wp-json\/wp\/v2\/pages\/26166\/revisions"}],"predecessor-version":[{"id":26173,"href":"https:\/\/caficon.info\/index.php\/wp-json\/wp\/v2\/pages\/26166\/revisions\/26173"}],"wp:attachment":[{"href":"https:\/\/caficon.info\/index.php\/wp-json\/wp\/v2\/media?parent=26166"}],"curies":[{"name":"wp","href":"https:\/\/api.w.org\/{rel}","templated":true}]}}