{"id":27385,"date":"2022-12-14T21:34:34","date_gmt":"2022-12-14T21:34:34","guid":{"rendered":"https:\/\/caficon.info\/?page_id=27385"},"modified":"2022-12-20T19:18:47","modified_gmt":"2022-12-20T19:18:47","slug":"conciliacion-de-informacion-fiscal-para-evitar-diferencias-ante-el-sat","status":"publish","type":"page","link":"https:\/\/caficon.info\/index.php\/conciliacion-de-informacion-fiscal-para-evitar-diferencias-ante-el-sat\/","title":{"rendered":"Conciliacion de INFORMACION FISCAL para evitar Diferencias ante el SAT"},"content":{"rendered":"\t\t<div data-elementor-type=\"wp-page\" data-elementor-id=\"27385\" class=\"elementor elementor-27385\" data-elementor-post-type=\"page\">\n\t\t\t\t\t\t<section class=\"elementor-section elementor-top-section elementor-element elementor-element-7b01134 elementor-section-boxed elementor-section-height-default elementor-section-height-default\" data-id=\"7b01134\" data-element_type=\"section\">\n\t\t\t\t\t\t<div class=\"elementor-container elementor-column-gap-default\">\n\t\t\t\t\t<div class=\"elementor-column elementor-col-100 elementor-top-column elementor-element elementor-element-f6767d9\" data-id=\"f6767d9\" data-element_type=\"column\">\n\t\t\t<div class=\"elementor-widget-wrap\">\n\t\t\t\t\t\t\t<\/div>\n\t\t<\/div>\n\t\t\t\t\t<\/div>\n\t\t<\/section>\n\t\t\t\t<section class=\"elementor-section elementor-top-section elementor-element elementor-element-d795101 elementor-section-full_width elementor-section-height-default elementor-section-height-default\" data-id=\"d795101\" data-element_type=\"section\">\n\t\t\t\t\t\t<div class=\"elementor-container elementor-column-gap-default\">\n\t\t\t\t\t<div class=\"elementor-column elementor-col-100 elementor-top-column elementor-element elementor-element-30f3ad9\" data-id=\"30f3ad9\" data-element_type=\"column\">\n\t\t\t<div class=\"elementor-widget-wrap elementor-element-populated\">\n\t\t\t\t\t\t<div class=\"elementor-element elementor-element-0e5cb7d elementor-widget elementor-widget-heading\" data-id=\"0e5cb7d\" data-element_type=\"widget\" data-widget_type=\"heading.default\">\n\t\t\t\t<div class=\"elementor-widget-container\">\n\t\t\t\t\t<h2 class=\"elementor-heading-title elementor-size-default\">Que encontraras en el Temario<\/h2>\t\t\t\t<\/div>\n\t\t\t\t<\/div>\n\t\t\t\t\t<\/div>\n\t\t<\/div>\n\t\t\t\t\t<\/div>\n\t\t<\/section>\n\t\t\t\t<section class=\"elementor-section elementor-top-section elementor-element elementor-element-309bcf1 elementor-section-full_width elementor-section-height-default elementor-section-height-default\" data-id=\"309bcf1\" data-element_type=\"section\">\n\t\t\t\t\t\t<div class=\"elementor-container elementor-column-gap-default\">\n\t\t\t\t\t<div class=\"elementor-column elementor-col-25 elementor-top-column elementor-element elementor-element-cb8a889\" data-id=\"cb8a889\" data-element_type=\"column\">\n\t\t\t<div class=\"elementor-widget-wrap elementor-element-populated\">\n\t\t\t\t\t\t\t<\/div>\n\t\t<\/div>\n\t\t\t\t<div class=\"elementor-column elementor-col-25 elementor-top-column elementor-element elementor-element-af6f306\" data-id=\"af6f306\" data-element_type=\"column\">\n\t\t\t<div class=\"elementor-widget-wrap elementor-element-populated\">\n\t\t\t\t\t\t<div class=\"elementor-element elementor-element-c370a87 elementor-widget elementor-widget-text-editor\" data-id=\"c370a87\" data-element_type=\"widget\" data-widget_type=\"text-editor.default\">\n\t\t\t\t<div class=\"elementor-widget-container\">\n\t\t\t\t\t\t\t\t\t<p><span style=\"color: #ff6600;\"><strong>Dirigido<\/strong><\/span><\/p><p><span style=\"color: #ff6600;\"><strong>Objetivo<\/strong><\/span><\/p><p>\u00a0<\/p>\t\t\t\t\t\t\t\t<\/div>\n\t\t\t\t<\/div>\n\t\t\t\t\t<\/div>\n\t\t<\/div>\n\t\t\t\t<div class=\"elementor-column elementor-col-25 elementor-top-column elementor-element elementor-element-7185223\" data-id=\"7185223\" data-element_type=\"column\">\n\t\t\t<div class=\"elementor-widget-wrap elementor-element-populated\">\n\t\t\t\t\t\t<div class=\"elementor-element elementor-element-d4f692c elementor-widget elementor-widget-text-editor\" data-id=\"d4f692c\" data-element_type=\"widget\" data-widget_type=\"text-editor.default\">\n\t\t\t\t<div class=\"elementor-widget-container\">\n\t\t\t\t\t\t\t\t\t<h5><span style=\"color: #ff6600;\">Temario:<\/span><\/h5><ul><li><strong> Avances tecnol\u00f3gicos al servicio del SAT<\/strong><\/li><\/ul><p>o\u00a0\u00a0 El buz\u00f3n tributario<\/p><p>o\u00a0\u00a0 Informaci\u00f3n de los contribuyentes que la autoridad ya tiene en su poder<\/p><p>o\u00a0\u00a0 La revisi\u00f3n electr\u00f3nica<\/p><p>o\u00a0\u00a0 Tareas que debe desarrollar el contador p\u00fablico.<\/p><ul><li>Autocorrecci\u00f3n fiscal<\/li><li>Presentaci\u00f3n de la DIOT<\/li><li>Contabilidad electr\u00f3nica\u00a0<\/li><li>Invitaciones masivas SAT por incongruencia de lo declarado vs lo timbrado\u00a0<\/li><li>Visor de comprobante de n\u00f3minas\u00a0<\/li><\/ul><p>\u00a0<\/p><ul><li><strong>Contabilidad electr\u00f3nica<\/strong><\/li><\/ul><p>o\u00a0\u00a0 Que es la contabilidad electr\u00f3nica<\/p><p>o\u00a0\u00a0 Obligaci\u00f3n de llevar contabilidad electr\u00f3nica<\/p><p>o\u00a0\u00a0 Plazos para su presentaci\u00f3n<\/p><p>o\u00a0\u00a0 Caracter\u00edsticas de la Balanza de Comprobaci\u00f3n<\/p><p>o\u00a0\u00a0 Estructura del Archivo de P\u00f3lizas<\/p><p>o\u00a0\u00a0 Estructura del Archivo de Auxiliar de Folios y Auxiliar de Cuentas<\/p><p>o\u00a0\u00a0 Implementaci\u00f3n del Cat\u00e1logo de cuentas, Balanza de Comprobaci\u00f3n<\/p><p>y Auxiliar de folios desde una herramienta externa del sistema contable<\/p><p>\u00a0<\/p><ul><li><strong>Revisi\u00f3n y env\u00edo<\/strong><\/li><\/ul><p>o\u00a0\u00a0 Cat\u00e1logo de cuentas vs. Balanza de comprobaci\u00f3n<\/p><p>o\u00a0\u00a0 Auxiliar de folios vs. CFDI<\/p><p>o\u00a0\u00a0 Balanza de comprobaci\u00f3n vs CFDI<\/p><p>o\u00a0\u00a0 Validaci\u00f3n en la p\u00e1gina del SAT<\/p><p>o\u00a0\u00a0 Env\u00edo de la Contabilidad Electr\u00f3nica<\/p><p>\u00a0<\/p><ul><li><strong>CFDI\u00b4S<\/strong><\/li><\/ul><p>o\u00a0\u00a0 Tipo de comprobantes fiscales<\/p><p>o\u00a0\u00a0 Requisitos de los comprobantes fiscales<\/p><p>o\u00a0\u00a0 Caracter\u00edsticas esenciales para el llenado de los comprobantes,<\/p><p>anexo 20 RMF 2022<\/p><p>\u00a0<\/p><ul><li><strong>Conciliaci\u00f3n de los CFDI <\/strong><\/li><\/ul><p>o\u00a0\u00a0 Fechas de descargas por tipo de comprobante<\/p><p>o\u00a0\u00a0 Cifras de control<\/p><p>o\u00a0\u00a0 Conciliaci\u00f3n ERP repositorio SAT<\/p><ul><li>Papeles de trabajo de CFDI ingresos y pagos<\/li><\/ul><p>\u00a0<\/p><ul><li><strong>Revisi\u00f3n de la emisi\u00f3n de CDFIS<\/strong><\/li><li>Emisi\u00f3n de recibos de ingresos\u00a0<\/li><li>Emisi\u00f3n de recibos de n\u00f3mina<\/li><li>Emisi\u00f3n de recibos de asimilables\u00a0<\/li><\/ul><p>\u00a0<\/p><ul><li><strong>Triangulaci\u00f3n de Informaci\u00f3n contable, informaci\u00f3n declarada y XML emitidos<\/strong><\/li><\/ul><p>o\u00a0\u00a0 Revisi\u00f3n de ingresos contables vs XML<\/p><p>o\u00a0\u00a0 Revisi\u00f3n de egresos contables, XML y presentaci\u00f3n de pago provisional<\/p><p>o\u00a0\u00a0 Revisi\u00f3n de los ingresos gravados y exentos y su porcentaje de deducci\u00f3n<\/p><p>o\u00a0\u00a0 Revisi\u00f3n de ISR retenido por salarios pagado, XML y visor de nomina<\/p><p>o\u00a0\u00a0 Revisi\u00f3n del registro de n\u00f3mina en contabilidad, XML y visor de n\u00f3mina<\/p><p>o\u00a0\u00a0 Revisi\u00f3n de XML con retenci\u00f3n de arrendamiento, fletes, servicios<\/p><p>profesionales de personas f\u00edsicas vs pago<\/p><p>\u00a0<\/p><ul><li><strong>Fiscalizaci\u00f3n electr\u00f3nica del SAT <\/strong><\/li><li>Invitaciones del SAT\u00a0<\/li><li>Requerimientos SAT\u00a0<\/li><\/ul><p>\u00a0<\/p><ul><li><strong>EFOS Y EDOS<\/strong><\/li><\/ul><p>o\u00a0\u00a0 Qu\u00e9 son los EFOS<\/p><p>o\u00a0\u00a0 Qu\u00e9 es la lista negra del SAT<\/p><p>o\u00a0\u00a0 Cada cu\u00e1ndo se actualizan los listados<\/p><p>o\u00a0\u00a0 Qui\u00e9nes se encuentran en la lista negra<\/p><p>\u00a0<\/p><ul><li><strong>Portal para el llenado de declaraciones de pagos provisionales<\/strong><\/li><\/ul><p>o\u00a0\u00a0 Puntos esenciales para la elaboraci\u00f3n de papel de trabajo para el llenado<\/p><ul><li>An\u00e1lisis de Precarga de CFDIS<\/li><\/ul><p>\u00a0<\/p><ul><li><strong>Otros Papeles de Trabajo\u00a0<\/strong><\/li><li>An\u00e1lisis del Ajuste Anual por Inflaci\u00f3n\u00a0<\/li><li>Papel de trabajo de Perdidas fiscales\u00a0<\/li><li>Papel de trabajo de Acreditamientos<\/li><li>Carga batch DIOT<\/li><\/ul><p>\u00a0<\/p><ul><li><strong>Conclusiones y recomendaciones <\/strong><\/li><\/ul>\t\t\t\t\t\t\t\t<\/div>\n\t\t\t\t<\/div>\n\t\t\t\t\t<\/div>\n\t\t<\/div>\n\t\t\t\t<div class=\"elementor-column elementor-col-25 elementor-top-column elementor-element elementor-element-3082232\" data-id=\"3082232\" data-element_type=\"column\">\n\t\t\t<div class=\"elementor-widget-wrap\">\n\t\t\t\t\t\t\t<\/div>\n\t\t<\/div>\n\t\t\t\t\t<\/div>\n\t\t<\/section>\n\t\t\t\t<section class=\"elementor-section elementor-top-section elementor-element elementor-element-6f20c01 elementor-section-full_width elementor-section-height-default elementor-section-height-default\" data-id=\"6f20c01\" data-element_type=\"section\">\n\t\t\t\t\t\t<div class=\"elementor-container elementor-column-gap-default\">\n\t\t\t\t\t<div class=\"elementor-column elementor-col-100 elementor-top-column elementor-element elementor-element-8683b17\" data-id=\"8683b17\" data-element_type=\"column\">\n\t\t\t<div class=\"elementor-widget-wrap elementor-element-populated\">\n\t\t\t\t\t\t<div class=\"elementor-element elementor-element-74f8a93 elementor-widget elementor-widget-spacer\" data-id=\"74f8a93\" data-element_type=\"widget\" data-widget_type=\"spacer.default\">\n\t\t\t\t<div class=\"elementor-widget-container\">\n\t\t\t\t\t\t\t<div class=\"elementor-spacer\">\n\t\t\t<div class=\"elementor-spacer-inner\"><\/div>\n\t\t<\/div>\n\t\t\t\t\t\t<\/div>\n\t\t\t\t<\/div>\n\t\t\t\t<div class=\"elementor-element elementor-element-6e611f3 elementor-widget elementor-widget-heading\" data-id=\"6e611f3\" data-element_type=\"widget\" data-widget_type=\"heading.default\">\n\t\t\t\t<div class=\"elementor-widget-container\">\n\t\t\t\t\t<h2 class=\"elementor-heading-title elementor-size-default\">\u00bfQuien Impartir\u00e1 este Curso?<\/h2>\t\t\t\t<\/div>\n\t\t\t\t<\/div>\n\t\t\t\t\t<\/div>\n\t\t<\/div>\n\t\t\t\t\t<\/div>\n\t\t<\/section>\n\t\t\t\t<section class=\"elementor-section elementor-top-section elementor-element elementor-element-dc08e06 elementor-section-full_width elementor-section-height-default elementor-section-height-default\" data-id=\"dc08e06\" data-element_type=\"section\">\n\t\t\t\t\t\t<div class=\"elementor-container elementor-column-gap-default\">\n\t\t\t\t\t<div class=\"elementor-column elementor-col-50 elementor-top-column elementor-element elementor-element-ca8c572\" data-id=\"ca8c572\" data-element_type=\"column\">\n\t\t\t<div class=\"elementor-widget-wrap elementor-element-populated\">\n\t\t\t\t\t\t<div class=\"elementor-element elementor-element-c4db69a elementor-widget elementor-widget-image\" data-id=\"c4db69a\" data-element_type=\"widget\" data-widget_type=\"image.default\">\n\t\t\t\t<div class=\"elementor-widget-container\">\n\t\t\t\t\t\t\t\t\t\t\t\t\t\t\t<img decoding=\"async\" src=\"https:\/\/caficon.info\/wp-content\/uploads\/2022\/01\/5.jpeg\" title=\"5\" alt=\"5\" loading=\"lazy\" \/>\t\t\t\t\t\t\t\t\t\t\t\t\t\t\t<\/div>\n\t\t\t\t<\/div>\n\t\t\t\t<div class=\"elementor-element elementor-element-d709e3b elementor-widget elementor-widget-html\" data-id=\"d709e3b\" data-element_type=\"widget\" data-widget_type=\"html.default\">\n\t\t\t\t<div class=\"elementor-widget-container\">\n\t\t\t\t\t<h4 style=\"text-align: center;\"><span style=\"color: #ff6600;\">C.P.M.A.E.,M.F. Jesus Miguel Alarcon Diaz<\/span><\/h4>\t\t\t\t<\/div>\n\t\t\t\t<\/div>\n\t\t\t\t\t<\/div>\n\t\t<\/div>\n\t\t\t\t<div class=\"elementor-column elementor-col-50 elementor-top-column elementor-element elementor-element-401ac2a\" data-id=\"401ac2a\" data-element_type=\"column\">\n\t\t\t<div class=\"elementor-widget-wrap elementor-element-populated\">\n\t\t\t\t\t\t<div class=\"elementor-element elementor-element-cd2acab elementor-widget elementor-widget-spacer\" data-id=\"cd2acab\" data-element_type=\"widget\" data-widget_type=\"spacer.default\">\n\t\t\t\t<div class=\"elementor-widget-container\">\n\t\t\t\t\t\t\t<div class=\"elementor-spacer\">\n\t\t\t<div class=\"elementor-spacer-inner\"><\/div>\n\t\t<\/div>\n\t\t\t\t\t\t<\/div>\n\t\t\t\t<\/div>\n\t\t\t\t<div class=\"elementor-element elementor-element-c10b989 elementor-widget elementor-widget-heading\" data-id=\"c10b989\" data-element_type=\"widget\" data-widget_type=\"heading.default\">\n\t\t\t\t<div class=\"elementor-widget-container\">\n\t\t\t\t\t<h2 class=\"elementor-heading-title elementor-size-default\">CV:<\/h2>\t\t\t\t<\/div>\n\t\t\t\t<\/div>\n\t\t\t\t<div class=\"elementor-element elementor-element-d124c8a elementor-hidden-desktop elementor-hidden-tablet elementor-hidden-mobile elementor-widget elementor-widget-text-editor\" data-id=\"d124c8a\" data-element_type=\"widget\" data-widget_type=\"text-editor.default\">\n\t\t\t\t<div class=\"elementor-widget-container\">\n\t\t\t\t\t\t\t\t\t<p><strong>Coordinadora de RRHH con m\u00e1s de 10 a\u00f1os de experiencia principalmente en capacitaci\u00f3n y desarrollo organizacional. Mis principales objetivos radican en fomentar la capacidad de integraci\u00f3n y colaboraci\u00f3n entre los miembros de la organizaci\u00f3n, identificar y atender oportunamente las necesidades tanto de los colaboradores como de la instituci\u00f3n, adem\u00e1s de, evaluar el desempe\u00f1o y contribuir con su desarrollo en pro de la mejora continua. <\/strong><\/p><p><strong>EXPERIENCIA <\/strong><\/p><p><strong>INSTITUTO MEXICANO DE CONTADORES P\u00daBLICOS, A.C<\/strong><\/p><p><strong>\u00a0Coordinadora de Talento Humano (julio 2013-actual) <\/strong><\/p><p><strong>RECLUTAMIENTO Y SELECCI\u00d3N <\/strong><\/p><p><strong>Dise\u00f1o de las estrategias de reclutamiento y selecci\u00f3n a partir del perfil de puestos y objetivos institucionales. Entrevista por competencias y assessment center <\/strong><\/p><p><strong>DESARROLLO ORGANIZACIONAL <\/strong><\/p><p><strong>Elaboraci\u00f3n de perfil de puestos por competencias, valuaci\u00f3n del rendimiento laboral (diagn\u00f3stico, retroalimentaci\u00f3n, evaluaci\u00f3n, intervenci\u00f3n y seguimiento). Analizar, evaluar y establecer las pol\u00edticas, procesos y procedimientos propios del \u00e1rea de RRHH y coadyuvar en la implementaci\u00f3n de procesos y procedimientos de otras \u00e1reas, as\u00ed como, las funciones y objetivos de todos los puestos que integran la estructura administrativa de la instituci\u00f3n. Modelo de competencias alineado a la filosof\u00eda organizacional. <\/strong><\/p><p><strong>EVALUACI\u00d3N DE DESEMPE\u00d1O <\/strong><\/p><p><strong>An\u00e1lisis y evaluaci\u00f3n de desempe\u00f1o de acuerdo con lo establecido en el manual organizacional y plan estrat\u00e9gico. <\/strong><\/p><p><strong>GESTI\u00d3N DEL TALENTO <\/strong><\/p><p><strong>\u00a0<\/strong><\/p><p><strong>Retenci\u00f3n y desarrollo del \u00abtop talent\u00bb (plan de carrera) Convenios con Instituciones educativas para posicionar a la instituci\u00f3n como referente de desarrollo profesional en t\u00e9rminos de pr\u00e1cticas profesionales, servicio social y\/o estad\u00edas universitarias <\/strong><\/p>\t\t\t\t\t\t\t\t<\/div>\n\t\t\t\t<\/div>\n\t\t\t\t<div class=\"elementor-element elementor-element-d3fa9b3 elementor-widget elementor-widget-spacer\" data-id=\"d3fa9b3\" data-element_type=\"widget\" data-widget_type=\"spacer.default\">\n\t\t\t\t<div class=\"elementor-widget-container\">\n\t\t\t\t\t\t\t<div class=\"elementor-spacer\">\n\t\t\t<div class=\"elementor-spacer-inner\"><\/div>\n\t\t<\/div>\n\t\t\t\t\t\t<\/div>\n\t\t\t\t<\/div>\n\t\t\t\t\t<\/div>\n\t\t<\/div>\n\t\t\t\t\t<\/div>\n\t\t<\/section>\n\t\t\t\t<\/div>\n\t\t","protected":false},"excerpt":{"rendered":"<p>Que encontraras en el Temario Dirigido Objetivo \u00a0 Temario: Avances tecnol\u00f3gicos al servicio del SAT o\u00a0\u00a0 El buz\u00f3n tributario o\u00a0\u00a0 Informaci\u00f3n de los contribuyentes que la autoridad ya tiene en su poder o\u00a0\u00a0 La revisi\u00f3n electr\u00f3nica o\u00a0\u00a0 Tareas que debe desarrollar el contador p\u00fablico. Autocorrecci\u00f3n fiscal Presentaci\u00f3n de la DIOT Contabilidad electr\u00f3nica\u00a0 Invitaciones masivas SAT [&hellip;]<\/p>\n","protected":false},"author":1,"featured_media":0,"parent":0,"menu_order":0,"comment_status":"closed","ping_status":"closed","template":"","meta":{"footnotes":""},"class_list":["post-27385","page","type-page","status-publish","hentry"],"_links":{"self":[{"href":"https:\/\/caficon.info\/index.php\/wp-json\/wp\/v2\/pages\/27385","targetHints":{"allow":["GET"]}}],"collection":[{"href":"https:\/\/caficon.info\/index.php\/wp-json\/wp\/v2\/pages"}],"about":[{"href":"https:\/\/caficon.info\/index.php\/wp-json\/wp\/v2\/types\/page"}],"author":[{"embeddable":true,"href":"https:\/\/caficon.info\/index.php\/wp-json\/wp\/v2\/users\/1"}],"replies":[{"embeddable":true,"href":"https:\/\/caficon.info\/index.php\/wp-json\/wp\/v2\/comments?post=27385"}],"version-history":[{"count":10,"href":"https:\/\/caficon.info\/index.php\/wp-json\/wp\/v2\/pages\/27385\/revisions"}],"predecessor-version":[{"id":27462,"href":"https:\/\/caficon.info\/index.php\/wp-json\/wp\/v2\/pages\/27385\/revisions\/27462"}],"wp:attachment":[{"href":"https:\/\/caficon.info\/index.php\/wp-json\/wp\/v2\/media?parent=27385"}],"curies":[{"name":"wp","href":"https:\/\/api.w.org\/{rel}","templated":true}]}}