{"id":27721,"date":"2023-01-04T21:01:43","date_gmt":"2023-01-04T21:01:43","guid":{"rendered":"https:\/\/caficon.info\/?page_id=27721"},"modified":"2023-01-04T21:10:52","modified_gmt":"2023-01-04T21:10:52","slug":"matriz","status":"publish","type":"page","link":"https:\/\/caficon.info\/index.php\/matriz\/","title":{"rendered":"Matriz"},"content":{"rendered":"\t\t<div data-elementor-type=\"wp-page\" data-elementor-id=\"27721\" class=\"elementor elementor-27721\" data-elementor-post-type=\"page\">\n\t\t\t\t\t\t<section class=\"elementor-section elementor-top-section elementor-element elementor-element-2cfcbeb elementor-section-boxed elementor-section-height-default elementor-section-height-default\" data-id=\"2cfcbeb\" data-element_type=\"section\">\n\t\t\t\t\t\t<div class=\"elementor-container elementor-column-gap-default\">\n\t\t\t\t\t<div class=\"elementor-column elementor-col-50 elementor-top-column elementor-element elementor-element-454ca2a\" data-id=\"454ca2a\" data-element_type=\"column\">\n\t\t\t<div class=\"elementor-widget-wrap elementor-element-populated\">\n\t\t\t\t\t\t<div class=\"elementor-element elementor-element-c905b3c elementor-widget elementor-widget-image\" data-id=\"c905b3c\" data-element_type=\"widget\" data-widget_type=\"image.default\">\n\t\t\t\t<div class=\"elementor-widget-container\">\n\t\t\t\t\t\t\t\t\t\t\t\t\t\t\t<img decoding=\"async\" width=\"298\" height=\"85\" src=\"https:\/\/caficon.info\/wp-content\/uploads\/2022\/01\/cropped-cropped-cropped-Sin-ti\u0301tulo.png\" class=\"attachment-large size-large wp-image-17860\" alt=\"\" \/>\t\t\t\t\t\t\t\t\t\t\t\t\t\t\t<\/div>\n\t\t\t\t<\/div>\n\t\t\t\t\t<\/div>\n\t\t<\/div>\n\t\t\t\t<div class=\"elementor-column elementor-col-50 elementor-top-column elementor-element elementor-element-6b9c8e0\" data-id=\"6b9c8e0\" data-element_type=\"column\">\n\t\t\t<div class=\"elementor-widget-wrap elementor-element-populated\">\n\t\t\t\t\t\t<div class=\"elementor-element elementor-element-c4b9ebf elementor-widget elementor-widget-heading\" data-id=\"c4b9ebf\" data-element_type=\"widget\" data-widget_type=\"heading.default\">\n\t\t\t\t<div class=\"elementor-widget-container\">\n\t\t\t\t\t<h2 class=\"elementor-heading-title elementor-size-default\">Sucursal Matriz<\/h2>\t\t\t\t<\/div>\n\t\t\t\t<\/div>\n\t\t\t\t<div class=\"elementor-element elementor-element-6176cb8 elementor-widget elementor-widget-text-editor\" data-id=\"6176cb8\" data-element_type=\"widget\" data-widget_type=\"text-editor.default\">\n\t\t\t\t<div class=\"elementor-widget-container\">\n\t\t\t\t\t\t\t\t\t<p><strong>Direcci\u00f3n General. Monica Hernandez.<\/strong><\/p><p>55-71-58-70-01<\/p><p><strong>Ejecutivas: <\/strong><br \/><br \/><strong>Arletd Valerio.<\/strong><br \/>5571552436<\/p><p><strong>Elizabeth Gonzalez<\/strong><br \/>5571551367<\/p><p><strong>Fr\u00edda Zuley<\/strong><br \/>5571553514<\/p><p><strong>Laura Alc\u00e1ntara<\/strong><br \/>5571608354<\/p><p><strong>Fabiola Hernandez<\/strong><br \/>5571607427<\/p>\t\t\t\t\t\t\t\t<\/div>\n\t\t\t\t<\/div>\n\t\t\t\t<div class=\"elementor-element elementor-element-bdeaff0 elementor-widget elementor-widget-spacer\" data-id=\"bdeaff0\" data-element_type=\"widget\" data-widget_type=\"spacer.default\">\n\t\t\t\t<div class=\"elementor-widget-container\">\n\t\t\t\t\t\t\t<div class=\"elementor-spacer\">\n\t\t\t<div class=\"elementor-spacer-inner\"><\/div>\n\t\t<\/div>\n\t\t\t\t\t\t<\/div>\n\t\t\t\t<\/div>\n\t\t\t\t<div class=\"elementor-element elementor-element-5a401ad elementor-widget elementor-widget-spacer\" data-id=\"5a401ad\" data-element_type=\"widget\" data-widget_type=\"spacer.default\">\n\t\t\t\t<div class=\"elementor-widget-container\">\n\t\t\t\t\t\t\t<div class=\"elementor-spacer\">\n\t\t\t<div class=\"elementor-spacer-inner\"><\/div>\n\t\t<\/div>\n\t\t\t\t\t\t<\/div>\n\t\t\t\t<\/div>\n\t\t\t\t\t<\/div>\n\t\t<\/div>\n\t\t\t\t\t<\/div>\n\t\t<\/section>\n\t\t\t\t<\/div>\n\t\t","protected":false},"excerpt":{"rendered":"<p>Sucursal Matriz Direcci\u00f3n General. Monica Hernandez. 55-71-58-70-01 Ejecutivas: Arletd Valerio.5571552436 Elizabeth Gonzalez5571551367 Fr\u00edda Zuley5571553514 Laura Alc\u00e1ntara5571608354 Fabiola Hernandez5571607427<\/p>\n","protected":false},"author":1,"featured_media":0,"parent":0,"menu_order":0,"comment_status":"closed","ping_status":"closed","template":"","meta":{"footnotes":""},"class_list":["post-27721","page","type-page","status-publish","hentry"],"_links":{"self":[{"href":"https:\/\/caficon.info\/index.php\/wp-json\/wp\/v2\/pages\/27721","targetHints":{"allow":["GET"]}}],"collection":[{"href":"https:\/\/caficon.info\/index.php\/wp-json\/wp\/v2\/pages"}],"about":[{"href":"https:\/\/caficon.info\/index.php\/wp-json\/wp\/v2\/types\/page"}],"author":[{"embeddable":true,"href":"https:\/\/caficon.info\/index.php\/wp-json\/wp\/v2\/users\/1"}],"replies":[{"embeddable":true,"href":"https:\/\/caficon.info\/index.php\/wp-json\/wp\/v2\/comments?post=27721"}],"version-history":[{"count":4,"href":"https:\/\/caficon.info\/index.php\/wp-json\/wp\/v2\/pages\/27721\/revisions"}],"predecessor-version":[{"id":27730,"href":"https:\/\/caficon.info\/index.php\/wp-json\/wp\/v2\/pages\/27721\/revisions\/27730"}],"wp:attachment":[{"href":"https:\/\/caficon.info\/index.php\/wp-json\/wp\/v2\/media?parent=27721"}],"curies":[{"name":"wp","href":"https:\/\/api.w.org\/{rel}","templated":true}]}}