{"id":28196,"date":"2023-01-24T21:18:42","date_gmt":"2023-01-24T21:18:42","guid":{"rendered":"https:\/\/caficon.info\/?page_id=28196"},"modified":"2023-01-24T21:24:44","modified_gmt":"2023-01-24T21:24:44","slug":"nom-035-riesgos-psicosociales-diagnostico-organizacional-y-proceso-de-implementacion-para-su-cumplimiento-2","status":"publish","type":"page","link":"https:\/\/caficon.info\/index.php\/nom-035-riesgos-psicosociales-diagnostico-organizacional-y-proceso-de-implementacion-para-su-cumplimiento-2\/","title":{"rendered":"NOM-035 Riesgos Psicosociales (Diagnostico Organizacional y Proceso de Implementacion para su Cumplimiento)"},"content":{"rendered":"\t\t<div data-elementor-type=\"wp-page\" data-elementor-id=\"28196\" class=\"elementor elementor-28196\" data-elementor-post-type=\"page\">\n\t\t\t\t\t\t<section class=\"elementor-section elementor-top-section elementor-element elementor-element-bed184e elementor-section-boxed elementor-section-height-default elementor-section-height-default\" data-id=\"bed184e\" data-element_type=\"section\">\n\t\t\t\t\t\t<div class=\"elementor-container elementor-column-gap-default\">\n\t\t\t\t\t<div class=\"elementor-column elementor-col-100 elementor-top-column elementor-element elementor-element-3c9f16b\" data-id=\"3c9f16b\" data-element_type=\"column\">\n\t\t\t<div class=\"elementor-widget-wrap\">\n\t\t\t\t\t\t\t<\/div>\n\t\t<\/div>\n\t\t\t\t\t<\/div>\n\t\t<\/section>\n\t\t\t\t<section class=\"elementor-section elementor-top-section elementor-element elementor-element-7dfd2de elementor-section-full_width elementor-section-height-default elementor-section-height-default\" data-id=\"7dfd2de\" data-element_type=\"section\">\n\t\t\t\t\t\t<div class=\"elementor-container elementor-column-gap-default\">\n\t\t\t\t\t<div class=\"elementor-column elementor-col-100 elementor-top-column elementor-element elementor-element-9ff82ea\" data-id=\"9ff82ea\" data-element_type=\"column\">\n\t\t\t<div class=\"elementor-widget-wrap elementor-element-populated\">\n\t\t\t\t\t\t<div class=\"elementor-element elementor-element-068377c elementor-widget elementor-widget-heading\" data-id=\"068377c\" data-element_type=\"widget\" data-widget_type=\"heading.default\">\n\t\t\t\t<div class=\"elementor-widget-container\">\n\t\t\t\t\t<h2 class=\"elementor-heading-title elementor-size-default\">Que encontraras en el Temario<\/h2>\t\t\t\t<\/div>\n\t\t\t\t<\/div>\n\t\t\t\t\t<\/div>\n\t\t<\/div>\n\t\t\t\t\t<\/div>\n\t\t<\/section>\n\t\t\t\t<section class=\"elementor-section elementor-top-section elementor-element elementor-element-091d202 elementor-section-full_width elementor-section-height-default elementor-section-height-default\" data-id=\"091d202\" data-element_type=\"section\">\n\t\t\t\t\t\t<div class=\"elementor-container elementor-column-gap-default\">\n\t\t\t\t\t<div class=\"elementor-column elementor-col-25 elementor-top-column elementor-element elementor-element-0abf1c3\" data-id=\"0abf1c3\" data-element_type=\"column\">\n\t\t\t<div class=\"elementor-widget-wrap elementor-element-populated\">\n\t\t\t\t\t\t\t<\/div>\n\t\t<\/div>\n\t\t\t\t<div class=\"elementor-column elementor-col-25 elementor-top-column elementor-element elementor-element-82c6819\" data-id=\"82c6819\" data-element_type=\"column\">\n\t\t\t<div class=\"elementor-widget-wrap elementor-element-populated\">\n\t\t\t\t\t\t<div class=\"elementor-element elementor-element-5ea13f3 elementor-widget elementor-widget-text-editor\" data-id=\"5ea13f3\" data-element_type=\"widget\" data-widget_type=\"text-editor.default\">\n\t\t\t\t<div class=\"elementor-widget-container\">\n\t\t\t\t\t\t\t\t\t<p><span style=\"color: #ff6600;\"><strong>Dirigido<\/strong><\/span><\/p><p><strong style=\"color: #ff6600;\">Objetivo<\/strong><\/p><p>\u2022 Concientizar al participante sobre la importancia de la aplicaci\u00f3n de la norma, as\u00ed como de<br \/>las sanciones establecidas por la misma ante distintos escenarios de incumplimiento.<br \/>\u2022 Conocer los elementos a considerar para la evaluaci\u00f3n y acreditaci\u00f3n de la norma.<br \/>\u2022 Establecer los elementos para identificar, analizar y prevenir los factores de riesgo<br \/>psicosocial para promover una cultura organizacional saludable.<\/p>\t\t\t\t\t\t\t\t<\/div>\n\t\t\t\t<\/div>\n\t\t\t\t\t<\/div>\n\t\t<\/div>\n\t\t\t\t<div class=\"elementor-column elementor-col-25 elementor-top-column elementor-element elementor-element-6138b37\" data-id=\"6138b37\" data-element_type=\"column\">\n\t\t\t<div class=\"elementor-widget-wrap elementor-element-populated\">\n\t\t\t\t\t\t<div class=\"elementor-element elementor-element-50a71cd elementor-widget elementor-widget-text-editor\" data-id=\"50a71cd\" data-element_type=\"widget\" data-widget_type=\"text-editor.default\">\n\t\t\t\t<div class=\"elementor-widget-container\">\n\t\t\t\t\t\t\t\t\t<h5><span style=\"color: #ff6600;\">Temario:<\/span><\/h5><p>1. NOM035 Riesgos Psicosociales<br \/>a. Antecedentes<br \/>b. Caracter\u00edsticas e Implicaciones<br \/>c. Problem\u00e1tica actual de las organizaciones de trabajo<br \/>d. Estr\u00e9s y productividad<br \/>2. Pol\u00edtica de prevenci\u00f3n<br \/>a. Elaboraci\u00f3n<br \/>b. Difusi\u00f3n<br \/>3. Acontecimientos traum\u00e1ticos severos y su impacto en los trabajadores y la productividad<br \/>a. Identificaci\u00f3n, Calificaci\u00f3n, Canalizaci\u00f3n y Seguimiento<br \/>4. Factores de riesgo psicosocial<br \/>a. Identificaci\u00f3n, Calificaci\u00f3n, An\u00e1lisis e interpretaci\u00f3n y Determinaci\u00f3n del nivel de<br \/>riesgo<br \/>5. Evaluaci\u00f3n del entorno organizacional<br \/>a. Identificaci\u00f3n, Calificaci\u00f3n, An\u00e1lisis e interpretaci\u00f3n y Determinaci\u00f3n del nivel de<br \/>riesgo<br \/>6. Medidas de prevenci\u00f3n y control<br \/>7. Estrategia de comunicaci\u00f3n<br \/>8. Evidencias\u00a0Integraci\u00f3n<\/p>\t\t\t\t\t\t\t\t<\/div>\n\t\t\t\t<\/div>\n\t\t\t\t\t<\/div>\n\t\t<\/div>\n\t\t\t\t<div class=\"elementor-column elementor-col-25 elementor-top-column elementor-element elementor-element-f80b279\" data-id=\"f80b279\" data-element_type=\"column\">\n\t\t\t<div class=\"elementor-widget-wrap\">\n\t\t\t\t\t\t\t<\/div>\n\t\t<\/div>\n\t\t\t\t\t<\/div>\n\t\t<\/section>\n\t\t\t\t<section class=\"elementor-section elementor-top-section elementor-element elementor-element-3b7e63f elementor-section-full_width elementor-section-height-default elementor-section-height-default\" data-id=\"3b7e63f\" data-element_type=\"section\">\n\t\t\t\t\t\t<div class=\"elementor-container elementor-column-gap-default\">\n\t\t\t\t\t<div class=\"elementor-column elementor-col-100 elementor-top-column elementor-element elementor-element-e0d4d7c\" data-id=\"e0d4d7c\" data-element_type=\"column\">\n\t\t\t<div class=\"elementor-widget-wrap elementor-element-populated\">\n\t\t\t\t\t\t<div class=\"elementor-element elementor-element-25db65f elementor-widget elementor-widget-spacer\" data-id=\"25db65f\" data-element_type=\"widget\" data-widget_type=\"spacer.default\">\n\t\t\t\t<div class=\"elementor-widget-container\">\n\t\t\t\t\t\t\t<div class=\"elementor-spacer\">\n\t\t\t<div class=\"elementor-spacer-inner\"><\/div>\n\t\t<\/div>\n\t\t\t\t\t\t<\/div>\n\t\t\t\t<\/div>\n\t\t\t\t<div class=\"elementor-element elementor-element-25c105c elementor-widget elementor-widget-heading\" data-id=\"25c105c\" data-element_type=\"widget\" data-widget_type=\"heading.default\">\n\t\t\t\t<div class=\"elementor-widget-container\">\n\t\t\t\t\t<h2 class=\"elementor-heading-title elementor-size-default\">\u00bfQuien Impartir\u00e1 este Curso?<\/h2>\t\t\t\t<\/div>\n\t\t\t\t<\/div>\n\t\t\t\t\t<\/div>\n\t\t<\/div>\n\t\t\t\t\t<\/div>\n\t\t<\/section>\n\t\t\t\t<section class=\"elementor-section elementor-top-section elementor-element elementor-element-9fdbdee elementor-section-full_width elementor-section-height-default elementor-section-height-default\" data-id=\"9fdbdee\" data-element_type=\"section\">\n\t\t\t\t\t\t<div class=\"elementor-container elementor-column-gap-default\">\n\t\t\t\t\t<div class=\"elementor-column elementor-col-50 elementor-top-column elementor-element elementor-element-965a9f8\" data-id=\"965a9f8\" data-element_type=\"column\">\n\t\t\t<div class=\"elementor-widget-wrap elementor-element-populated\">\n\t\t\t\t\t\t<div class=\"elementor-element elementor-element-df7db1a elementor-widget elementor-widget-image\" data-id=\"df7db1a\" data-element_type=\"widget\" data-widget_type=\"image.default\">\n\t\t\t\t<div class=\"elementor-widget-container\">\n\t\t\t\t\t\t\t\t\t\t\t\t\t\t\t<img decoding=\"async\" src=\"https:\/\/caficon.info\/wp-content\/uploads\/2022\/10\/caficon.jpg\" title=\"caficon\" alt=\"caficon\" loading=\"lazy\" \/>\t\t\t\t\t\t\t\t\t\t\t\t\t\t\t<\/div>\n\t\t\t\t<\/div>\n\t\t\t\t<div class=\"elementor-element elementor-element-cbf0670 elementor-widget elementor-widget-html\" data-id=\"cbf0670\" data-element_type=\"widget\" data-widget_type=\"html.default\">\n\t\t\t\t<div class=\"elementor-widget-container\">\n\t\t\t\t\t<h4 style=\"text-align: center;\"><span style=\"color: #ff6600;\">Lic. Beatriz Rios<\/span><\/h4>\t\t\t\t<\/div>\n\t\t\t\t<\/div>\n\t\t\t\t\t<\/div>\n\t\t<\/div>\n\t\t\t\t<div class=\"elementor-column elementor-col-50 elementor-top-column elementor-element elementor-element-5082be8\" data-id=\"5082be8\" data-element_type=\"column\">\n\t\t\t<div class=\"elementor-widget-wrap elementor-element-populated\">\n\t\t\t\t\t\t<div class=\"elementor-element elementor-element-97c5441 elementor-widget elementor-widget-spacer\" data-id=\"97c5441\" data-element_type=\"widget\" data-widget_type=\"spacer.default\">\n\t\t\t\t<div class=\"elementor-widget-container\">\n\t\t\t\t\t\t\t<div class=\"elementor-spacer\">\n\t\t\t<div class=\"elementor-spacer-inner\"><\/div>\n\t\t<\/div>\n\t\t\t\t\t\t<\/div>\n\t\t\t\t<\/div>\n\t\t\t\t<div class=\"elementor-element elementor-element-d217862 elementor-widget elementor-widget-heading\" data-id=\"d217862\" data-element_type=\"widget\" data-widget_type=\"heading.default\">\n\t\t\t\t<div class=\"elementor-widget-container\">\n\t\t\t\t\t<h2 class=\"elementor-heading-title elementor-size-default\">CV:<\/h2>\t\t\t\t<\/div>\n\t\t\t\t<\/div>\n\t\t\t\t<div class=\"elementor-element elementor-element-150824a elementor-hidden-desktop elementor-hidden-tablet elementor-hidden-mobile elementor-widget elementor-widget-text-editor\" data-id=\"150824a\" data-element_type=\"widget\" data-widget_type=\"text-editor.default\">\n\t\t\t\t<div class=\"elementor-widget-container\">\n\t\t\t\t\t\t\t\t\t<p><strong>Coordinadora de RRHH con m\u00e1s de 10 a\u00f1os de experiencia principalmente en capacitaci\u00f3n y desarrollo organizacional. Mis principales objetivos radican en fomentar la capacidad de integraci\u00f3n y colaboraci\u00f3n entre los miembros de la organizaci\u00f3n, identificar y atender oportunamente las necesidades tanto de los colaboradores como de la instituci\u00f3n, adem\u00e1s de, evaluar el desempe\u00f1o y contribuir con su desarrollo en pro de la mejora continua. <\/strong><\/p><p><strong>EXPERIENCIA <\/strong><\/p><p><strong>INSTITUTO MEXICANO DE CONTADORES P\u00daBLICOS, A.C<\/strong><\/p><p><strong>\u00a0Coordinadora de Talento Humano (julio 2013-actual) <\/strong><\/p><p><strong>RECLUTAMIENTO Y SELECCI\u00d3N <\/strong><\/p><p><strong>Dise\u00f1o de las estrategias de reclutamiento y selecci\u00f3n a partir del perfil de puestos y objetivos institucionales. Entrevista por competencias y assessment center <\/strong><\/p><p><strong>DESARROLLO ORGANIZACIONAL <\/strong><\/p><p><strong>Elaboraci\u00f3n de perfil de puestos por competencias, valuaci\u00f3n del rendimiento laboral (diagn\u00f3stico, retroalimentaci\u00f3n, evaluaci\u00f3n, intervenci\u00f3n y seguimiento). Analizar, evaluar y establecer las pol\u00edticas, procesos y procedimientos propios del \u00e1rea de RRHH y coadyuvar en la implementaci\u00f3n de procesos y procedimientos de otras \u00e1reas, as\u00ed como, las funciones y objetivos de todos los puestos que integran la estructura administrativa de la instituci\u00f3n. Modelo de competencias alineado a la filosof\u00eda organizacional. <\/strong><\/p><p><strong>EVALUACI\u00d3N DE DESEMPE\u00d1O <\/strong><\/p><p><strong>An\u00e1lisis y evaluaci\u00f3n de desempe\u00f1o de acuerdo con lo establecido en el manual organizacional y plan estrat\u00e9gico. <\/strong><\/p><p><strong>GESTI\u00d3N DEL TALENTO <\/strong><\/p><p><strong>\u00a0<\/strong><\/p><p><strong>Retenci\u00f3n y desarrollo del \u00abtop talent\u00bb (plan de carrera) Convenios con Instituciones educativas para posicionar a la instituci\u00f3n como referente de desarrollo profesional en t\u00e9rminos de pr\u00e1cticas profesionales, servicio social y\/o estad\u00edas universitarias <\/strong><\/p>\t\t\t\t\t\t\t\t<\/div>\n\t\t\t\t<\/div>\n\t\t\t\t<div class=\"elementor-element elementor-element-82095e8 elementor-widget elementor-widget-spacer\" data-id=\"82095e8\" data-element_type=\"widget\" data-widget_type=\"spacer.default\">\n\t\t\t\t<div class=\"elementor-widget-container\">\n\t\t\t\t\t\t\t<div class=\"elementor-spacer\">\n\t\t\t<div class=\"elementor-spacer-inner\"><\/div>\n\t\t<\/div>\n\t\t\t\t\t\t<\/div>\n\t\t\t\t<\/div>\n\t\t\t\t\t<\/div>\n\t\t<\/div>\n\t\t\t\t\t<\/div>\n\t\t<\/section>\n\t\t\t\t<\/div>\n\t\t","protected":false},"excerpt":{"rendered":"<p>Que encontraras en el Temario Dirigido Objetivo \u2022 Concientizar al participante sobre la importancia de la aplicaci\u00f3n de la norma, as\u00ed como delas sanciones establecidas por la misma ante distintos escenarios de incumplimiento.\u2022 Conocer los elementos a considerar para la evaluaci\u00f3n y acreditaci\u00f3n de la norma.\u2022 Establecer los elementos para identificar, analizar y prevenir los [&hellip;]<\/p>\n","protected":false},"author":1,"featured_media":0,"parent":0,"menu_order":0,"comment_status":"closed","ping_status":"closed","template":"","meta":{"footnotes":""},"class_list":["post-28196","page","type-page","status-publish","hentry"],"_links":{"self":[{"href":"https:\/\/caficon.info\/index.php\/wp-json\/wp\/v2\/pages\/28196","targetHints":{"allow":["GET"]}}],"collection":[{"href":"https:\/\/caficon.info\/index.php\/wp-json\/wp\/v2\/pages"}],"about":[{"href":"https:\/\/caficon.info\/index.php\/wp-json\/wp\/v2\/types\/page"}],"author":[{"embeddable":true,"href":"https:\/\/caficon.info\/index.php\/wp-json\/wp\/v2\/users\/1"}],"replies":[{"embeddable":true,"href":"https:\/\/caficon.info\/index.php\/wp-json\/wp\/v2\/comments?post=28196"}],"version-history":[{"count":7,"href":"https:\/\/caficon.info\/index.php\/wp-json\/wp\/v2\/pages\/28196\/revisions"}],"predecessor-version":[{"id":28206,"href":"https:\/\/caficon.info\/index.php\/wp-json\/wp\/v2\/pages\/28196\/revisions\/28206"}],"wp:attachment":[{"href":"https:\/\/caficon.info\/index.php\/wp-json\/wp\/v2\/media?parent=28196"}],"curies":[{"name":"wp","href":"https:\/\/api.w.org\/{rel}","templated":true}]}}