{"id":28511,"date":"2023-02-08T21:56:30","date_gmt":"2023-02-08T21:56:30","guid":{"rendered":"https:\/\/caficon.info\/?page_id=28511"},"modified":"2023-04-11T22:19:48","modified_gmt":"2023-04-11T22:19:48","slug":"calendario-4","status":"publish","type":"page","link":"https:\/\/caficon.info\/index.php\/calendario-4\/","title":{"rendered":"Calendario 4"},"content":{"rendered":"\t\t<div data-elementor-type=\"wp-page\" data-elementor-id=\"28511\" class=\"elementor elementor-28511\" data-elementor-post-type=\"page\">\n\t\t\t\t\t\t<section class=\"elementor-section elementor-top-section elementor-element elementor-element-6a40a97 elementor-section-boxed elementor-section-height-default elementor-section-height-default\" data-id=\"6a40a97\" data-element_type=\"section\">\n\t\t\t\t\t\t<div class=\"elementor-container elementor-column-gap-default\">\n\t\t\t\t\t<div class=\"elementor-column elementor-col-50 elementor-top-column elementor-element elementor-element-bff4a82\" data-id=\"bff4a82\" data-element_type=\"column\">\n\t\t\t<div class=\"elementor-widget-wrap elementor-element-populated\">\n\t\t\t\t\t\t<div class=\"elementor-element elementor-element-1e4da39 elementor-invisible elementor-widget elementor-widget-image\" data-id=\"1e4da39\" data-element_type=\"widget\" data-settings=\"{&quot;_animation&quot;:&quot;bounceInLeft&quot;}\" data-widget_type=\"image.default\">\n\t\t\t\t<div class=\"elementor-widget-container\">\n\t\t\t\t\t\t\t\t\t\t\t\t\t\t\t<img fetchpriority=\"high\" decoding=\"async\" width=\"800\" height=\"800\" src=\"https:\/\/caficon.info\/wp-content\/uploads\/2023\/04\/Abril-6-1024x1024.png\" class=\"attachment-large size-large wp-image-30037\" alt=\"\" srcset=\"https:\/\/caficon.info\/wp-content\/uploads\/2023\/04\/Abril-6-1024x1024.png 1024w, https:\/\/caficon.info\/wp-content\/uploads\/2023\/04\/Abril-6-300x300.png 300w, https:\/\/caficon.info\/wp-content\/uploads\/2023\/04\/Abril-6-150x150.png 150w, https:\/\/caficon.info\/wp-content\/uploads\/2023\/04\/Abril-6-768x768.png 768w, https:\/\/caficon.info\/wp-content\/uploads\/2023\/04\/Abril-6-600x600.png 600w, https:\/\/caficon.info\/wp-content\/uploads\/2023\/04\/Abril-6-100x100.png 100w, https:\/\/caficon.info\/wp-content\/uploads\/2023\/04\/Abril-6.png 1100w\" sizes=\"(max-width: 800px) 100vw, 800px\" \/>\t\t\t\t\t\t\t\t\t\t\t\t\t\t\t<\/div>\n\t\t\t\t<\/div>\n\t\t\t\t\t<\/div>\n\t\t<\/div>\n\t\t\t\t<div class=\"elementor-column elementor-col-50 elementor-top-column elementor-element elementor-element-0c5a2f5 elementor-invisible\" data-id=\"0c5a2f5\" data-element_type=\"column\" data-settings=\"{&quot;animation&quot;:&quot;bounceInRight&quot;}\">\n\t\t\t<div class=\"elementor-widget-wrap elementor-element-populated\">\n\t\t\t\t\t\t<div class=\"elementor-element elementor-element-9f638d1 elementor-widget elementor-widget-heading\" data-id=\"9f638d1\" data-element_type=\"widget\" data-widget_type=\"heading.default\">\n\t\t\t\t<div class=\"elementor-widget-container\">\n\t\t\t\t\t<h2 class=\"elementor-heading-title elementor-size-default\">Inspecciones Laborales (Obseraciones de Cumplimiento y como Atender la Visita de las Autoridades) ponente. Beatriz Rios<\/h2>\t\t\t\t<\/div>\n\t\t\t\t<\/div>\n\t\t\t\t<div class=\"elementor-element elementor-element-8a96583 elementor-widget elementor-widget-spacer\" data-id=\"8a96583\" data-element_type=\"widget\" data-widget_type=\"spacer.default\">\n\t\t\t\t<div class=\"elementor-widget-container\">\n\t\t\t\t\t\t\t<div class=\"elementor-spacer\">\n\t\t\t<div class=\"elementor-spacer-inner\"><\/div>\n\t\t<\/div>\n\t\t\t\t\t\t<\/div>\n\t\t\t\t<\/div>\n\t\t\t\t<div class=\"elementor-element elementor-element-da37539 elementor-widget elementor-widget-text-editor\" data-id=\"da37539\" data-element_type=\"widget\" data-widget_type=\"text-editor.default\">\n\t\t\t\t<div class=\"elementor-widget-container\">\n\t\t\t\t\t\t\t\t\t<p><span style=\"color: #000000;\">Ponente:<\/span><\/p><p style=\"text-align: center;\">Lic. Beatriz Rios<\/p>\t\t\t\t\t\t\t\t<\/div>\n\t\t\t\t<\/div>\n\t\t\t\t<div class=\"elementor-element elementor-element-0761c4a elementor-widget elementor-widget-text-editor\" data-id=\"0761c4a\" data-element_type=\"widget\" data-widget_type=\"text-editor.default\">\n\t\t\t\t<div class=\"elementor-widget-container\">\n\t\t\t\t\t\t\t\t\t<p><span style=\"color: #000000;\">Fecha:<\/span><\/p><p style=\"text-align: center;\">21\/04\/2023<\/p>\t\t\t\t\t\t\t\t<\/div>\n\t\t\t\t<\/div>\n\t\t\t\t\t<\/div>\n\t\t<\/div>\n\t\t\t\t\t<\/div>\n\t\t<\/section>\n\t\t\t\t<section class=\"elementor-section elementor-top-section elementor-element elementor-element-fb7064c elementor-hidden-desktop elementor-hidden-tablet elementor-hidden-mobile elementor-section-boxed elementor-section-height-default elementor-section-height-default\" data-id=\"fb7064c\" data-element_type=\"section\">\n\t\t\t\t\t\t<div class=\"elementor-container elementor-column-gap-default\">\n\t\t\t\t\t<div class=\"elementor-column elementor-col-100 elementor-top-column elementor-element elementor-element-7166af6\" data-id=\"7166af6\" data-element_type=\"column\">\n\t\t\t<div class=\"elementor-widget-wrap elementor-element-populated\">\n\t\t\t\t\t\t<div class=\"elementor-element elementor-element-2d93bf4 elementor-invisible elementor-widget elementor-widget-heading\" data-id=\"2d93bf4\" data-element_type=\"widget\" data-settings=\"{&quot;_animation&quot;:&quot;slideInDown&quot;}\" data-widget_type=\"heading.default\">\n\t\t\t\t<div class=\"elementor-widget-container\">\n\t\t\t\t\t<h2 class=\"elementor-heading-title elementor-size-default\">Temario:<\/h2>\t\t\t\t<\/div>\n\t\t\t\t<\/div>\n\t\t\t\t\t<\/div>\n\t\t<\/div>\n\t\t\t\t\t<\/div>\n\t\t<\/section>\n\t\t\t\t<section class=\"elementor-section elementor-top-section elementor-element elementor-element-cf1740d elementor-hidden-desktop elementor-hidden-tablet elementor-hidden-mobile elementor-section-boxed elementor-section-height-default elementor-section-height-default elementor-invisible\" data-id=\"cf1740d\" data-element_type=\"section\" data-settings=\"{&quot;animation&quot;:&quot;slideInDown&quot;}\">\n\t\t\t\t\t\t<div class=\"elementor-container elementor-column-gap-default\">\n\t\t\t\t\t<div class=\"elementor-column elementor-col-50 elementor-top-column elementor-element elementor-element-34cfd35\" data-id=\"34cfd35\" data-element_type=\"column\">\n\t\t\t<div class=\"elementor-widget-wrap elementor-element-populated\">\n\t\t\t\t\t\t<div class=\"elementor-element elementor-element-9061c6d elementor-widget elementor-widget-text-editor\" data-id=\"9061c6d\" data-element_type=\"widget\" data-widget_type=\"text-editor.default\">\n\t\t\t\t<div class=\"elementor-widget-container\">\n\t\t\t\t\t\t\t\t\t<ol><li>NOM035 Riesgos Psicosociales<br \/>Antecedentes<br \/>b. Caracter\u00edsticas e Implicaciones<br \/>c. Problem\u00e1tica actual de las organizaciones de trabajo<br \/>d. Estr\u00e9s y productividad<br \/>2. Pol\u00edtica de prevenci\u00f3n<br \/>a. Elaboraci\u00f3n<br \/>b. Difusi\u00f3n<br \/>3. Acontecimientos traum\u00e1ticos severos y su impacto en los trabajadores y la productividad<br \/>a. Identificaci\u00f3n, Calificaci\u00f3n, Canalizaci\u00f3n y Seguimiento<br \/>4. Factores de riesgo psicosocial<br \/>a. Identificaci\u00f3n, Calificaci\u00f3n, An\u00e1lisis e interpretaci\u00f3n y Determinaci\u00f3n del nivel de<br \/>riesgo<br \/>5. Evaluaci\u00f3n del entorno organizacional<br \/>a. Identificaci\u00f3n, Calificaci\u00f3n, An\u00e1lisis e interpretaci\u00f3n y Determinaci\u00f3n del nivel de<br \/>riesgo<br \/>6. Medidas de prevenci\u00f3n y control<br \/>7. Estrategia de comunicaci\u00f3n<br \/>8. Evidencias\u00a0Integraci\u00f3n<\/li><\/ol>\t\t\t\t\t\t\t\t<\/div>\n\t\t\t\t<\/div>\n\t\t\t\t\t<\/div>\n\t\t<\/div>\n\t\t\t\t<div class=\"elementor-column elementor-col-50 elementor-top-column elementor-element elementor-element-cb2e36d\" data-id=\"cb2e36d\" data-element_type=\"column\">\n\t\t\t<div class=\"elementor-widget-wrap\">\n\t\t\t\t\t\t\t<\/div>\n\t\t<\/div>\n\t\t\t\t\t<\/div>\n\t\t<\/section>\n\t\t\t\t<section class=\"elementor-section elementor-top-section elementor-element elementor-element-da25ad8 elementor-section-boxed elementor-section-height-default elementor-section-height-default\" data-id=\"da25ad8\" data-element_type=\"section\">\n\t\t\t\t\t\t<div class=\"elementor-container elementor-column-gap-default\">\n\t\t\t\t\t<div class=\"elementor-column elementor-col-100 elementor-top-column elementor-element elementor-element-553d04d\" data-id=\"553d04d\" data-element_type=\"column\">\n\t\t\t<div class=\"elementor-widget-wrap\">\n\t\t\t\t\t\t\t<\/div>\n\t\t<\/div>\n\t\t\t\t\t<\/div>\n\t\t<\/section>\n\t\t\t\t<section class=\"elementor-section elementor-top-section elementor-element elementor-element-b5fb9d4 elementor-section-boxed elementor-section-height-default elementor-section-height-default\" data-id=\"b5fb9d4\" data-element_type=\"section\">\n\t\t\t\t\t\t<div class=\"elementor-container elementor-column-gap-default\">\n\t\t\t\t\t<div class=\"elementor-column elementor-col-100 elementor-top-column elementor-element elementor-element-0ca2409\" data-id=\"0ca2409\" data-element_type=\"column\">\n\t\t\t<div class=\"elementor-widget-wrap elementor-element-populated\">\n\t\t\t\t\t\t<div class=\"elementor-element elementor-element-efd4a0a elementor-invisible elementor-widget elementor-widget-heading\" data-id=\"efd4a0a\" data-element_type=\"widget\" data-settings=\"{&quot;_animation&quot;:&quot;slideInDown&quot;}\" data-widget_type=\"heading.default\">\n\t\t\t\t<div class=\"elementor-widget-container\">\n\t\t\t\t\t<h2 class=\"elementor-heading-title elementor-size-default\">Temario:<\/h2>\t\t\t\t<\/div>\n\t\t\t\t<\/div>\n\t\t\t\t\t<\/div>\n\t\t<\/div>\n\t\t\t\t\t<\/div>\n\t\t<\/section>\n\t\t\t\t<section class=\"elementor-section elementor-top-section elementor-element elementor-element-0df9b6b elementor-section-boxed elementor-section-height-default elementor-section-height-default elementor-invisible\" data-id=\"0df9b6b\" data-element_type=\"section\" data-settings=\"{&quot;animation&quot;:&quot;slideInDown&quot;}\">\n\t\t\t\t\t\t<div class=\"elementor-container elementor-column-gap-default\">\n\t\t\t\t\t<div class=\"elementor-column elementor-col-50 elementor-top-column elementor-element elementor-element-1813cd5\" data-id=\"1813cd5\" data-element_type=\"column\">\n\t\t\t<div class=\"elementor-widget-wrap elementor-element-populated\">\n\t\t\t\t\t\t<div class=\"elementor-element elementor-element-bbf5935 elementor-widget elementor-widget-text-editor\" data-id=\"bbf5935\" data-element_type=\"widget\" data-widget_type=\"text-editor.default\">\n\t\t\t\t<div class=\"elementor-widget-container\">\n\t\t\t\t\t\t\t\t\t<p><strong>Objetivo:<\/strong><\/p><p>Conocer los elementos que se deben tener en cuenta para hacer frente a una visita de las<br \/>autoridades del trabajo, as\u00ed como analizar las facultades de cada autoridad, las obligaciones que<br \/>cada una de las Leyes establecen a los patrones, as\u00ed como las consecuencias de no observarlas.<\/p>\t\t\t\t\t\t\t\t<\/div>\n\t\t\t\t<\/div>\n\t\t\t\t\t<\/div>\n\t\t<\/div>\n\t\t\t\t<div class=\"elementor-column elementor-col-50 elementor-top-column elementor-element elementor-element-ca3f6ad\" data-id=\"ca3f6ad\" data-element_type=\"column\">\n\t\t\t<div class=\"elementor-widget-wrap elementor-element-populated\">\n\t\t\t\t\t\t<div class=\"elementor-element elementor-element-dd2a3d5 elementor-widget elementor-widget-text-editor\" data-id=\"dd2a3d5\" data-element_type=\"widget\" data-widget_type=\"text-editor.default\">\n\t\t\t\t<div class=\"elementor-widget-container\">\n\t\t\t\t\t\t\t\t\t<p>1. Facultades de la Secretar\u00eda del Trabajo como autoridad competente al trabajo<br \/>2. Obligaciones de los patrones<br \/>3. Inspecciones Laborales<br \/>a. La notificaci\u00f3n<br \/>b. Fundamentos<br \/>c. El inspector del trabajo<br \/>d. Condiciones de trabajo<br \/>e. El censo<br \/>f. Reglamento de Inspecci\u00f3n<br \/>4. Documentos indispensables<br \/>5. Norma oficiales mexicanas<br \/>6. Multas\u00a0y\u00a0sanciones<\/p>\t\t\t\t\t\t\t\t<\/div>\n\t\t\t\t<\/div>\n\t\t\t\t\t<\/div>\n\t\t<\/div>\n\t\t\t\t\t<\/div>\n\t\t<\/section>\n\t\t\t\t<\/div>\n\t\t","protected":false},"excerpt":{"rendered":"<p>Inspecciones Laborales (Obseraciones de Cumplimiento y como Atender la Visita de las Autoridades) ponente. Beatriz Rios Ponente: Lic. Beatriz Rios Fecha: 21\/04\/2023 Temario: NOM035 Riesgos PsicosocialesAntecedentesb. Caracter\u00edsticas e Implicacionesc. Problem\u00e1tica actual de las organizaciones de trabajod. Estr\u00e9s y productividad2. Pol\u00edtica de prevenci\u00f3na. Elaboraci\u00f3nb. Difusi\u00f3n3. Acontecimientos traum\u00e1ticos severos y su impacto en los trabajadores y la [&hellip;]<\/p>\n","protected":false},"author":1,"featured_media":0,"parent":0,"menu_order":0,"comment_status":"closed","ping_status":"closed","template":"","meta":{"footnotes":""},"class_list":["post-28511","page","type-page","status-publish","hentry"],"_links":{"self":[{"href":"https:\/\/caficon.info\/index.php\/wp-json\/wp\/v2\/pages\/28511","targetHints":{"allow":["GET"]}}],"collection":[{"href":"https:\/\/caficon.info\/index.php\/wp-json\/wp\/v2\/pages"}],"about":[{"href":"https:\/\/caficon.info\/index.php\/wp-json\/wp\/v2\/types\/page"}],"author":[{"embeddable":true,"href":"https:\/\/caficon.info\/index.php\/wp-json\/wp\/v2\/users\/1"}],"replies":[{"embeddable":true,"href":"https:\/\/caficon.info\/index.php\/wp-json\/wp\/v2\/comments?post=28511"}],"version-history":[{"count":19,"href":"https:\/\/caficon.info\/index.php\/wp-json\/wp\/v2\/pages\/28511\/revisions"}],"predecessor-version":[{"id":30051,"href":"https:\/\/caficon.info\/index.php\/wp-json\/wp\/v2\/pages\/28511\/revisions\/30051"}],"wp:attachment":[{"href":"https:\/\/caficon.info\/index.php\/wp-json\/wp\/v2\/media?parent=28511"}],"curies":[{"name":"wp","href":"https:\/\/api.w.org\/{rel}","templated":true}]}}