{"id":29317,"date":"2023-03-13T21:08:50","date_gmt":"2023-03-13T21:08:50","guid":{"rendered":"https:\/\/caficon.info\/?page_id=29317"},"modified":"2023-03-13T22:22:05","modified_gmt":"2023-03-13T22:22:05","slug":"calendario-12","status":"publish","type":"page","link":"https:\/\/caficon.info\/index.php\/calendario-12\/","title":{"rendered":"Calendario 12"},"content":{"rendered":"\t\t<div data-elementor-type=\"wp-page\" data-elementor-id=\"29317\" class=\"elementor elementor-29317\" data-elementor-post-type=\"page\">\n\t\t\t\t\t\t<section class=\"elementor-section elementor-top-section elementor-element elementor-element-112006a elementor-section-boxed elementor-section-height-default elementor-section-height-default\" data-id=\"112006a\" data-element_type=\"section\">\n\t\t\t\t\t\t<div class=\"elementor-container elementor-column-gap-default\">\n\t\t\t\t\t<div class=\"elementor-column elementor-col-50 elementor-top-column elementor-element elementor-element-e4a9c43\" data-id=\"e4a9c43\" data-element_type=\"column\">\n\t\t\t<div class=\"elementor-widget-wrap elementor-element-populated\">\n\t\t\t\t\t\t<div class=\"elementor-element elementor-element-24b237a elementor-invisible elementor-widget elementor-widget-image\" data-id=\"24b237a\" data-element_type=\"widget\" data-settings=\"{&quot;_animation&quot;:&quot;bounceInLeft&quot;}\" data-widget_type=\"image.default\">\n\t\t\t\t<div class=\"elementor-widget-container\">\n\t\t\t\t\t\t\t\t\t\t\t\t\t\t\t<img fetchpriority=\"high\" decoding=\"async\" width=\"800\" height=\"800\" src=\"https:\/\/caficon.info\/wp-content\/uploads\/2023\/03\/CALENDARIO-CAFICON-NUEVO-1024x1024.png\" class=\"attachment-large size-large wp-image-29315\" alt=\"\" srcset=\"https:\/\/caficon.info\/wp-content\/uploads\/2023\/03\/CALENDARIO-CAFICON-NUEVO-1024x1024.png 1024w, https:\/\/caficon.info\/wp-content\/uploads\/2023\/03\/CALENDARIO-CAFICON-NUEVO-300x300.png 300w, https:\/\/caficon.info\/wp-content\/uploads\/2023\/03\/CALENDARIO-CAFICON-NUEVO-150x150.png 150w, https:\/\/caficon.info\/wp-content\/uploads\/2023\/03\/CALENDARIO-CAFICON-NUEVO-768x768.png 768w, https:\/\/caficon.info\/wp-content\/uploads\/2023\/03\/CALENDARIO-CAFICON-NUEVO-600x600.png 600w, https:\/\/caficon.info\/wp-content\/uploads\/2023\/03\/CALENDARIO-CAFICON-NUEVO-100x100.png 100w, https:\/\/caficon.info\/wp-content\/uploads\/2023\/03\/CALENDARIO-CAFICON-NUEVO.png 1100w\" sizes=\"(max-width: 800px) 100vw, 800px\" \/>\t\t\t\t\t\t\t\t\t\t\t\t\t\t\t<\/div>\n\t\t\t\t<\/div>\n\t\t\t\t\t<\/div>\n\t\t<\/div>\n\t\t\t\t<div class=\"elementor-column elementor-col-50 elementor-top-column elementor-element elementor-element-5297572 elementor-invisible\" data-id=\"5297572\" data-element_type=\"column\" data-settings=\"{&quot;animation&quot;:&quot;bounceInRight&quot;}\">\n\t\t\t<div class=\"elementor-widget-wrap elementor-element-populated\">\n\t\t\t\t\t\t<div class=\"elementor-element elementor-element-53115a4 elementor-widget elementor-widget-heading\" data-id=\"53115a4\" data-element_type=\"widget\" data-widget_type=\"heading.default\">\n\t\t\t\t<div class=\"elementor-widget-container\">\n\t\t\t\t\t<h2 class=\"elementor-heading-title elementor-size-default\">NOMINAS 2023\nCFDI 4.0, REFORMA LABORAL, SAT, ISR,\n IMSS E INFONAVIT\n(Incluye Reforma a las vacaciones, salarios m\u00ednimos e incremento \na las cuotas patronales)\n<\/h2>\t\t\t\t<\/div>\n\t\t\t\t<\/div>\n\t\t\t\t<div class=\"elementor-element elementor-element-d6dfcda elementor-widget elementor-widget-spacer\" data-id=\"d6dfcda\" data-element_type=\"widget\" data-widget_type=\"spacer.default\">\n\t\t\t\t<div class=\"elementor-widget-container\">\n\t\t\t\t\t\t\t<div class=\"elementor-spacer\">\n\t\t\t<div class=\"elementor-spacer-inner\"><\/div>\n\t\t<\/div>\n\t\t\t\t\t\t<\/div>\n\t\t\t\t<\/div>\n\t\t\t\t<div class=\"elementor-element elementor-element-ea7ce0d elementor-widget elementor-widget-text-editor\" data-id=\"ea7ce0d\" data-element_type=\"widget\" data-widget_type=\"text-editor.default\">\n\t\t\t\t<div class=\"elementor-widget-container\">\n\t\t\t\t\t\t\t\t\t<p><span style=\"color: #000000;\">Ponente:<\/span><\/p><p style=\"text-align: center;\">Miguel alarcon\u00a0Diaz<\/p>\t\t\t\t\t\t\t\t<\/div>\n\t\t\t\t<\/div>\n\t\t\t\t<div class=\"elementor-element elementor-element-19a71c4 elementor-widget elementor-widget-text-editor\" data-id=\"19a71c4\" data-element_type=\"widget\" data-widget_type=\"text-editor.default\">\n\t\t\t\t<div class=\"elementor-widget-container\">\n\t\t\t\t\t\t\t\t\t<p><span style=\"color: #000000;\">Fecha:<\/span><\/p><p style=\"text-align: center;\">17\/03\/2023<\/p>\t\t\t\t\t\t\t\t<\/div>\n\t\t\t\t<\/div>\n\t\t\t\t\t<\/div>\n\t\t<\/div>\n\t\t\t\t\t<\/div>\n\t\t<\/section>\n\t\t\t\t<section class=\"elementor-section elementor-top-section elementor-element elementor-element-6a0ff2e elementor-section-boxed elementor-section-height-default elementor-section-height-default\" data-id=\"6a0ff2e\" data-element_type=\"section\">\n\t\t\t\t\t\t<div class=\"elementor-container elementor-column-gap-default\">\n\t\t\t\t\t<div class=\"elementor-column elementor-col-100 elementor-top-column elementor-element elementor-element-c522ec0\" data-id=\"c522ec0\" data-element_type=\"column\">\n\t\t\t<div class=\"elementor-widget-wrap elementor-element-populated\">\n\t\t\t\t\t\t<div class=\"elementor-element elementor-element-bf5bec2 elementor-invisible elementor-widget elementor-widget-heading\" data-id=\"bf5bec2\" data-element_type=\"widget\" data-settings=\"{&quot;_animation&quot;:&quot;slideInDown&quot;}\" data-widget_type=\"heading.default\">\n\t\t\t\t<div class=\"elementor-widget-container\">\n\t\t\t\t\t<h2 class=\"elementor-heading-title elementor-size-default\">Temario:<\/h2>\t\t\t\t<\/div>\n\t\t\t\t<\/div>\n\t\t\t\t\t<\/div>\n\t\t<\/div>\n\t\t\t\t\t<\/div>\n\t\t<\/section>\n\t\t\t\t<section class=\"elementor-section elementor-top-section elementor-element elementor-element-da3f8c0 elementor-section-boxed elementor-section-height-default elementor-section-height-default elementor-invisible\" data-id=\"da3f8c0\" data-element_type=\"section\" data-settings=\"{&quot;animation&quot;:&quot;slideInDown&quot;}\">\n\t\t\t\t\t\t<div class=\"elementor-container elementor-column-gap-default\">\n\t\t\t\t\t<div class=\"elementor-column elementor-col-100 elementor-top-column elementor-element elementor-element-ab18282\" data-id=\"ab18282\" data-element_type=\"column\">\n\t\t\t<div class=\"elementor-widget-wrap elementor-element-populated\">\n\t\t\t\t\t\t<div class=\"elementor-element elementor-element-c2cd4b6 elementor-widget elementor-widget-text-editor\" data-id=\"c2cd4b6\" data-element_type=\"widget\" data-widget_type=\"text-editor.default\">\n\t\t\t\t<div class=\"elementor-widget-container\">\n\t\t\t\t\t\t\t\t\t<ul><li><strong>REFORMAS A LA LEY FEDERAL DEL TRABAJO<\/strong><\/li><li><strong>Cuadro comparativo<\/strong><\/li><li><strong>Vigencia y aplicaci\u00f3n (Art\u00edculos transitorios)<\/strong><\/li><li><strong>Repercusi\u00f3n para los patrones<\/strong><\/li><\/ul><p>o\u00a0\u00a0\u00a0 Modificaci\u00f3n del contrato<\/p><p>o\u00a0\u00a0\u00a0 Salario diario integrado para el pago de indemnizaciones<\/p><ul><li><strong>C\u00e1lculo de vacaciones<\/strong><\/li><\/ul><p>o\u00a0\u00a0\u00a0 Beneficio<\/p><p>o\u00a0\u00a0\u00a0 Definici\u00f3n<\/p><p>o\u00a0\u00a0\u00a0 Marco jur\u00eddico<\/p><p>o\u00a0\u00a0\u00a0 Calculo<\/p><p>o\u00a0\u00a0\u00a0 Vacaciones proporcionales<\/p><p>o\u00a0\u00a0\u00a0 Factor de integraci\u00f3n<\/p><p>o\u00a0\u00a0\u00a0 Calculo para IMSS<\/p><p>o\u00a0\u00a0\u00a0 Calculo para ISR<\/p><ul><li><strong>C\u00e1lculo de la prima vacacional<\/strong><\/li><\/ul><p>o\u00a0\u00a0\u00a0 Definici\u00f3n<\/p><p>o\u00a0\u00a0\u00a0 Calculo<\/p><p>o\u00a0\u00a0\u00a0 Marco jur\u00eddico<\/p><p>o\u00a0\u00a0\u00a0 Calculo para IMSS<\/p><p>o\u00a0\u00a0\u00a0 Calculo para ISR<\/p><ul><li><strong>Proceso modificaci\u00f3n SBC<\/strong><\/li><li><strong>Salario M\u00ednimo y Unidad de Medida de Actualizaci\u00f3n para 2023<\/strong><\/li><li><strong>Finiquitos y liquidaciones<\/strong><\/li><\/ul><ul><li><strong>NOMINAS 2023<\/strong><\/li><li><strong>Introducci\u00f3n<\/strong><\/li><\/ul><p>o\u00a0\u00a0\u00a0 \u00a0Pagos provisionales a cuenta del ISR anual<\/p><p>o\u00a0\u00a0\u00a0 \u00a0Requisitos para deducir salarios e ingresos asimilables en el ISR<\/p><ul><li><strong>Obligaciones de los trabajadores y asimilables<\/strong><\/li><\/ul><p>o\u00a0\u00a0\u00a0 Datos para ser inscrito en el RFC<\/p><p>o\u00a0\u00a0\u00a0 Solicitar constancia de remuneraciones y retenciones<\/p><p>o\u00a0\u00a0\u00a0 Presentar declaraci\u00f3n anual<\/p><p>o\u00a0\u00a0\u00a0 Comunicado de prestaci\u00f3n de servicios a otro patr\u00f3n<\/p><ul><li><strong>Obligaciones del empleador<\/strong><\/li><\/ul><p>o\u00a0\u00a0\u00a0 Efectuar la retenci\u00f3n y entero del ISR<\/p><p>o\u00a0\u00a0\u00a0 Calcular el ISR anual<\/p><p>o\u00a0\u00a0\u00a0 Proporcionar constancias<\/p><p>o\u00a0\u00a0\u00a0 Solicitar constancias, cerciorarse de la inscripci\u00f3n al RFC y solicitar comunicado de la prestaci\u00f3n de servicios a otro empleador<\/p><p>o\u00a0\u00a0\u00a0 Presentar declaraci\u00f3n informativa<\/p><p>o\u00a0\u00a0\u00a0 Solicitar RFC o datos para inscribir al trabajador o asimilable<\/p><ul><li><strong>Ingresos de trabajadores e ingresos que se asimilan a salarios<\/strong><\/li><\/ul><p>o\u00a0\u00a0\u00a0 Ingresos de trabajadores<\/p><p>o\u00a0\u00a0\u00a0 Ingresos que se asimilan a salarios<\/p><p>o\u00a0\u00a0\u00a0 Ingresos en cr\u00e9dito por salarios y asimilables<\/p><ul><li><strong>Ingresos exentos<\/strong><\/li><li><strong>Obligaci\u00f3n, procedimiento y situaciones que pueden presentarse al efectuar el c\u00e1lculo del ISR anual<\/strong><\/li><\/ul><p>o\u00a0\u00a0\u00a0 Obligaci\u00f3n de efectuar el c\u00e1lculo del ISR anual<\/p><p>o\u00a0\u00a0\u00a0 Procedimiento para efectuar el c\u00e1lculo del ISR anual<\/p><p>o\u00a0\u00a0\u00a0 Saldo a cargo del trabajador o asimilable<\/p><p>o\u00a0\u00a0\u00a0 Saldo a favor del trabajador o asimilable<\/p><p>o\u00a0\u00a0\u00a0 Solicitud de devoluci\u00f3n del saldo a favor, por parte del trabajador o asimilable<\/p><p>o\u00a0\u00a0\u00a0 Compensaci\u00f3n de saldos a favor contra retenciones de ISR de otros trabajadores o asimilables<\/p><ul><li><strong>El subsidio para el empleo en el c\u00e1lculo del ISR anual<\/strong><\/li><li><strong>Cambio en las Tarifas aplicables para 2023.<\/strong><\/li><li><strong>C\u00e1lculo opcional del ISR del aguinaldo, prima vacacional y dominical y PTU<\/strong><\/li><\/ul><p>o\u00a0\u00a0\u00a0 Retenci\u00f3n opcional por gratificaciones, primas y PTU<\/p><ul><li><strong>LEY DEL IMPUESTO SOBRE LA RENTA<\/strong><\/li><li><strong>Implicaciones entorno a la Ley del Impuesto Sobre la Renta<\/strong><\/li><\/ul><p>o\u00a0\u00a0\u00a0 Para el patr\u00f3n<\/p><p>o\u00a0\u00a0\u00a0 Para el trabajador<\/p><p>o\u00a0\u00a0\u00a0 Incremento en recaudaci\u00f3n<\/p><ul><li><strong>Base Gravable e Ingreso exento: c\u00e1lculo y presentaci\u00f3n<\/strong><\/li><li><strong>Recibos de n\u00f3minas<\/strong><\/li><li><strong>No deducibilidad del Ingreso Exento<\/strong><\/li><\/ul><ul><li><strong>CFDI 4.0<\/strong><\/li><\/ul><ul><li><strong>IMSS e INFONAVIT<\/strong><\/li><li><strong>Introducci\u00f3n<\/strong><\/li><li><strong>marco legal<\/strong><\/li><li><strong>Actualizaci\u00f3n tablas de Cesant\u00eda y Vejez<\/strong><\/li><li><strong>Repercusi\u00f3n en materia de aportaciones de Seguridad Social<\/strong><\/li><\/ul><p>o\u00a0\u00a0\u00a0 Para el patr\u00f3n<\/p><ul><li>Avisos modificatorios por incremento en el SDI<\/li><li>Mayor carga social (IMSS e INFONAVIT)<\/li><\/ul><p>o\u00a0\u00a0\u00a0 Para el trabajador<\/p><ul><li>Incremento de aportaciones RCV<\/li><li><strong>Integraci\u00f3n del Salario<\/strong><\/li><li><strong>C\u00e1lculo de Cuotas obrero patronales (IMSS-INFONAVIT)<\/strong><\/li><li><strong>Riesgo de Trabajo e Informativa Anual<\/strong><\/li><li><strong>Pagos Referenciados, Opini\u00f3n del cumplimiento<\/strong><\/li><\/ul><ul><li><strong>CONTRIBUCIONES LOCALES<\/strong><\/li><li><strong>Impacto en el impuesto sobre n\u00f3minas<\/strong><\/li><li><strong>Impuesto Sobre Erogaciones <\/strong><\/li><li><strong>Impuesto Sobre N\u00f3mina en la Outsourcing<\/strong><\/li><\/ul><ul><li><strong>CASOS PR\u00c1CTICOS Y EJEMPLOS<\/strong><\/li><\/ul>\t\t\t\t\t\t\t\t<\/div>\n\t\t\t\t<\/div>\n\t\t\t\t\t<\/div>\n\t\t<\/div>\n\t\t\t\t\t<\/div>\n\t\t<\/section>\n\t\t\t\t<\/div>\n\t\t","protected":false},"excerpt":{"rendered":"<p>NOMINAS 2023 CFDI 4.0, REFORMA LABORAL, SAT, ISR, IMSS E INFONAVIT (Incluye Reforma a las vacaciones, salarios m\u00ednimos e incremento a las cuotas patronales) Ponente: Miguel alarcon\u00a0Diaz Fecha: 17\/03\/2023 Temario: REFORMAS A LA LEY FEDERAL DEL TRABAJO Cuadro comparativo Vigencia y aplicaci\u00f3n (Art\u00edculos transitorios) Repercusi\u00f3n para los patrones o\u00a0\u00a0\u00a0 Modificaci\u00f3n del contrato o\u00a0\u00a0\u00a0 Salario diario [&hellip;]<\/p>\n","protected":false},"author":1,"featured_media":0,"parent":0,"menu_order":0,"comment_status":"closed","ping_status":"closed","template":"","meta":{"footnotes":""},"class_list":["post-29317","page","type-page","status-publish","hentry"],"_links":{"self":[{"href":"https:\/\/caficon.info\/index.php\/wp-json\/wp\/v2\/pages\/29317","targetHints":{"allow":["GET"]}}],"collection":[{"href":"https:\/\/caficon.info\/index.php\/wp-json\/wp\/v2\/pages"}],"about":[{"href":"https:\/\/caficon.info\/index.php\/wp-json\/wp\/v2\/types\/page"}],"author":[{"embeddable":true,"href":"https:\/\/caficon.info\/index.php\/wp-json\/wp\/v2\/users\/1"}],"replies":[{"embeddable":true,"href":"https:\/\/caficon.info\/index.php\/wp-json\/wp\/v2\/comments?post=29317"}],"version-history":[{"count":4,"href":"https:\/\/caficon.info\/index.php\/wp-json\/wp\/v2\/pages\/29317\/revisions"}],"predecessor-version":[{"id":29324,"href":"https:\/\/caficon.info\/index.php\/wp-json\/wp\/v2\/pages\/29317\/revisions\/29324"}],"wp:attachment":[{"href":"https:\/\/caficon.info\/index.php\/wp-json\/wp\/v2\/media?parent=29317"}],"curies":[{"name":"wp","href":"https:\/\/api.w.org\/{rel}","templated":true}]}}