{"id":35166,"date":"2024-01-04T18:14:16","date_gmt":"2024-01-04T18:14:16","guid":{"rendered":"https:\/\/caficon.info\/?page_id=35166"},"modified":"2024-04-24T17:17:37","modified_gmt":"2024-04-24T17:17:37","slug":"actualizacion-fiscal-y-contable-2023","status":"publish","type":"page","link":"https:\/\/caficon.info\/index.php\/actualizacion-fiscal-y-contable-2023\/","title":{"rendered":"Actualizaci\u00f3n Fiscal y Contable 2023"},"content":{"rendered":"\t\t<div data-elementor-type=\"wp-page\" data-elementor-id=\"35166\" class=\"elementor elementor-35166\" data-elementor-post-type=\"page\">\n\t\t\t\t\t\t<section class=\"elementor-section elementor-top-section elementor-element elementor-element-517a309 animated-slow elementor-section-boxed elementor-section-height-default elementor-section-height-default elementor-invisible\" data-id=\"517a309\" data-element_type=\"section\" data-settings=\"{&quot;animation&quot;:&quot;fadeInUp&quot;,&quot;background_background&quot;:&quot;classic&quot;}\">\n\t\t\t\t\t\t<div class=\"elementor-container elementor-column-gap-default\">\n\t\t\t\t\t<div class=\"elementor-column elementor-col-100 elementor-top-column elementor-element elementor-element-2014fd0\" data-id=\"2014fd0\" data-element_type=\"column\">\n\t\t\t<div class=\"elementor-widget-wrap elementor-element-populated\">\n\t\t\t\t\t\t<div class=\"elementor-element elementor-element-73cda57 elementor-widget elementor-widget-spacer\" data-id=\"73cda57\" data-element_type=\"widget\" data-widget_type=\"spacer.default\">\n\t\t\t\t<div class=\"elementor-widget-container\">\n\t\t\t\t\t\t\t<div class=\"elementor-spacer\">\n\t\t\t<div class=\"elementor-spacer-inner\"><\/div>\n\t\t<\/div>\n\t\t\t\t\t\t<\/div>\n\t\t\t\t<\/div>\n\t\t\t\t<section class=\"elementor-section elementor-inner-section elementor-element elementor-element-8c96a5f elementor-section-boxed elementor-section-height-default elementor-section-height-default\" data-id=\"8c96a5f\" data-element_type=\"section\">\n\t\t\t\t\t\t<div class=\"elementor-container elementor-column-gap-default\">\n\t\t\t\t\t<div class=\"elementor-column elementor-col-100 elementor-inner-column elementor-element elementor-element-ddd1f8e\" data-id=\"ddd1f8e\" data-element_type=\"column\">\n\t\t\t<div class=\"elementor-widget-wrap elementor-element-populated\">\n\t\t\t\t\t\t<div class=\"elementor-element elementor-element-fa488f5 elementor-widget elementor-widget-heading\" data-id=\"fa488f5\" data-element_type=\"widget\" data-widget_type=\"heading.default\">\n\t\t\t\t<div class=\"elementor-widget-container\">\n\t\t\t\t\t<h2 class=\"elementor-heading-title elementor-size-default\">Enlaces<\/h2>\t\t\t\t<\/div>\n\t\t\t\t<\/div>\n\t\t\t\t<div class=\"elementor-element elementor-element-75d628a elementor-widget-divider--view-line elementor-widget elementor-widget-divider\" data-id=\"75d628a\" data-element_type=\"widget\" data-widget_type=\"divider.default\">\n\t\t\t\t<div class=\"elementor-widget-container\">\n\t\t\t\t\t\t\t<div class=\"elementor-divider\">\n\t\t\t<span class=\"elementor-divider-separator\">\n\t\t\t\t\t\t<\/span>\n\t\t<\/div>\n\t\t\t\t\t\t<\/div>\n\t\t\t\t<\/div>\n\t\t\t\t\t<\/div>\n\t\t<\/div>\n\t\t\t\t\t<\/div>\n\t\t<\/section>\n\t\t\t\t\t<\/div>\n\t\t<\/div>\n\t\t\t\t\t<\/div>\n\t\t<\/section>\n\t\t\t\t<section class=\"elementor-section elementor-top-section elementor-element elementor-element-fd0a292 elementor-section-boxed elementor-section-height-default elementor-section-height-default elementor-invisible\" data-id=\"fd0a292\" data-element_type=\"section\" data-settings=\"{&quot;animation&quot;:&quot;fadeInUp&quot;}\">\n\t\t\t\t\t\t<div class=\"elementor-container elementor-column-gap-default\">\n\t\t\t\t\t<div class=\"elementor-column elementor-col-100 elementor-top-column elementor-element elementor-element-a9d3869\" data-id=\"a9d3869\" data-element_type=\"column\">\n\t\t\t<div class=\"elementor-widget-wrap elementor-element-populated\">\n\t\t\t\t\t\t<div class=\"elementor-element elementor-element-5dba7a8 elementor-widget elementor-widget-spacer\" data-id=\"5dba7a8\" data-element_type=\"widget\" data-widget_type=\"spacer.default\">\n\t\t\t\t<div class=\"elementor-widget-container\">\n\t\t\t\t\t\t\t<div class=\"elementor-spacer\">\n\t\t\t<div class=\"elementor-spacer-inner\"><\/div>\n\t\t<\/div>\n\t\t\t\t\t\t<\/div>\n\t\t\t\t<\/div>\n\t\t\t\t<div class=\"elementor-element elementor-element-c9a1d36 elementor-widget elementor-widget-text-editor\" data-id=\"c9a1d36\" data-element_type=\"widget\" data-widget_type=\"text-editor.default\">\n\t\t\t\t<div class=\"elementor-widget-container\">\n\t\t\t\t\t\t\t\t\t<p><a href=\"https:\/\/caficon.info\/index.php\/consideraciones-para-el-cierre-contable-y-fiscal-de-personas-morales\/\">199. Consideraciones Para el Cierre Contable y Fiscal de Personas Morales.<\/a><\/p><p><a href=\"https:\/\/caficon.info\/index.php\/consideraciones-para-el-cierre-contable-y-fiscal-de-personas-morales-ii\/\">200. Consideraciones para el Cierre Contable y Fiscal de Personas Morales II.<\/a><\/p><p><a href=\"https:\/\/caficon.info\/index.php\/consideraciones-para-el-cierre-de-personas-fisicas\/\">201. Consideraciones para el Cierre de Personas F\u00edsicas.<\/a><\/p><p><a href=\"https:\/\/caficon.info\/index.php\/conciliacion-de-informacion-fiscal-para-evitar-diferencias-ante-el-sat-2\/\">202. Conciliaci\u00f3n de INFORMACI\u00d3N FISCAL para evitar Diferencias ante el SAT.<\/a><\/p><p><a href=\"https:\/\/caficon.info\/index.php\/ultimas-reformas-para-2023\/\">203. \u00daltimas reformas para 2023.<\/a><\/p><p><a href=\"https:\/\/caficon.info\/index.php\/principales-actualizaciones-para-2023-y-su-implementacion-practica-2\/\">204. Principales Actualizaciones para 2023 y su Implementacion\u00a0Practica.<\/a><\/p><p><a href=\"https:\/\/caficon.info\/index.php\/reformas-2023-fiscales-laborales-y-de-seguridad-social\/\">205. Reformas 2023 Fiscales, Laborales y de Seguridad Social.<\/a><\/p><p><a href=\"https:\/\/caficon.info\/index.php\/reformas-2023-fiscales-laborales-y-de-seguridad-social-2\/\">206. Reformas 2023 Fiscales, Laborales y de Seguridad Social.<\/a><\/p><p><a href=\"https:\/\/caficon.info\/index.php\/actualizacion-de-la-nomina-2023\/\">207. Actualizaci\u00f3n de la N\u00f3mina 2023.<\/a><\/p><p><a href=\"https:\/\/caficon.info\/index.php\/sueldos-y-salarios-ajuste-anual\/\">208. Sueldos y Salarios Ajuste Anual.<\/a><\/p><p><a href=\"https:\/\/caficon.info\/index.php\/actualizacion-a-la-nomina-2023\/\">209. Actualizaci\u00f3n a la N\u00f3mina 2023.<\/a><\/p><p><a href=\"https:\/\/caficon.info\/index.php\/actualizaciones-a-la-nomina-2023-sat-imss-e-infonavit-y-reforma-laboral\/\">210. Actualizaciones a la N\u00f3mina 2023, SAT, IMSS e Infonavit y Reforma Laboral.<\/a><\/p><p><a href=\"https:\/\/caficon.info\/index.php\/declaracion-anual-resico-personas-fisicas-y-morales\/\">211. Declaraci\u00f3n anual ReSICO Personas F\u00edsicas y Morales.<\/a><\/p><p><a href=\"https:\/\/caficon.info\/index.php\/declaracion-anual-personas-morales-con-estados-financieros\/\">212. Declaraci\u00f3n\u00a0Anual Personas Morales con Estados Financieros.<\/a><\/p><p><a href=\"https:\/\/caficon.info\/index.php\/resico-personas-fisicas-y-morales-declaracion-con-el-nuevo-formato\/\">213. RESICO Personas F\u00edsicas y Morales Declaraci\u00f3n con el nuevo Formato.<\/a><\/p><p><a href=\"https:\/\/caficon.info\/index.php\/implicacion-empresarial-de-la-reforma-laboral-2023-vacaciones-dignas\/\">214. Implicacion Empresarial de la Reforma Laboral 2023 (Vacaciones Dignas).<\/a><\/p><p><a href=\"https:\/\/caficon.info\/index.php\/taller-declaracion-anual-personas-morales-con-cedulas-de-trabajo\/\">215. Taller Declaraci\u00f3n Anual Personas Morales (Con C\u00e9dulas de Trabajo).<\/a><\/p><p><a href=\"https:\/\/caficon.info\/index.php\/taller-de-imss-sua-sipare-idse\/\">216. Taller de IMSS &#8211; SUA, SIPARE\u00a0IDSE.<\/a><\/p><p><a href=\"https:\/\/caficon.info\/index.php\/timbrado-cfdi-4-0-facturacion-y-nomina-contpaqi-2023\/\">217. Timbrado CFDI 4.0 Facturacion y Nomina Contpaqi\u00a02023.<\/a><\/p><p><a href=\"https:\/\/caficon.info\/index.php\/timbrado-cfdi-4-0-facturacion-comercial-y-nominas-aspel\/\">218. Timbrado CFDI 4.0 Facturaci\u00f3n, Comercial y Nominas\u00a0aspel.<\/a><\/p><p><a href=\"https:\/\/caficon.info\/index.php\/timbrado-cfdi-4-0-facturacion-comercial-y-nominas-aspel\/\">219. Procedimiento de una Certera Devolucion del IVA.}<\/a><\/p><p><a href=\"https:\/\/caficon.info\/index.php\/nominas-2023-cfdi-4-0-reforma-laboral-sat-isr-imss-e-infonavit\/\">220. Nominas 2023, CFDI 4.0, Reforma laboral, SAT, ISR, IMSS, e INFONAVIT.<\/a><\/p><p><a href=\"https:\/\/caficon.info\/index.php\/el-correcto-llenado-del-cfdi-4-0-sus-implicaciones-economicas-y-fiscales\/\">221. El Correcto llenado del CFDI 4.0 sus Implicaciones Econ\u00f3micas y fiscales.<\/a><\/p><p><a href=\"https:\/\/caficon.info\/index.php\/declaracion-anual-p-fisicas-morales-y-cfdi-4-0-preguntas-y-respuestas\/\">222. Declaraci\u00f3n Anual P. F\u00edsicas &#8211; Morales, y CFDI 4.0 Preguntas y Respuestas.<\/a><\/p><p><a href=\"https:\/\/caficon.info\/index.php\/declaracion-anual-personas-fisicas-con-formulas-de-excel\/\">223. Declaraci\u00f3n Anual Personas F\u00edsicas ( Con Formulas\u00a0de\u00a0Excel\u00a0).<\/a><\/p><p><a href=\"https:\/\/caficon.info\/index.php\/declaracion-anual-personas-morales-2022-practico\/\">224. Declaraci\u00f3n Anual Personas Morales 2022( Pr\u00e1ctico ).<\/a><\/p><p><a href=\"https:\/\/caficon.info\/index.php\/repse-sisub-e-icsoe-subcontratacion-de-personal-plataformas\/\">225. REPSE, SISUB E ICSOE,: Cumplimiento de Obligaciones Fiscales y Laborales<\/a><\/p><p><a href=\"https:\/\/caficon.info\/index.php\/declaracion-anual-de-personas-fisicas-2022\/\">226. Declaraci\u00f3n Anual de Personas F\u00edsicas 2022.<\/a><\/p><p><a href=\"https:\/\/caficon.info\/index.php\/taller-de-llenado-cfdi-4-0-con-las-nuevas-reglas-de-la-rmf\/\">227. Taller de llenado CFDI 4.0 ( Con las Nuevas reglas\u00a0de\u00a0la\u00a0RMF).<\/a><\/p><p><a href=\"https:\/\/caficon.info\/index.php\/declaracion-anual-personas-fisicas-4\/\">228. DECLARACION ANUAL PERSONAS FISICAS<\/a><\/p><p><a href=\"https:\/\/caficon.info\/index.php\/participacion-de-los-trabajadores-en-las-utilidades-de-las-empresas-ptu-2023-platica\/\">229. PARTICIPACI\u00d3N DE LOS TRABAJADORES EN LAS UTILIDADES DE LAS EMPRESAS PTU 2023 (Platica)<\/a><\/p><p><a href=\"https:\/\/caficon.info\/index.php\/taller-practico-de-la-determinacion-de-la-ptu-del-ejercicio-2023\/\">230. TALLER PR\u00c1CTICO DE LA DETERMINACI\u00d3N DE LA PTU DEL EJERCICIO 2023<\/a><\/p><p><a href=\"https:\/\/caficon.info\/index.php\/contabilidad-electronica-2\/\">231. Contabilidad Electr\u00f3nica<\/a><\/p><p><a href=\"https:\/\/caficon.info\/index.php\/fiscal-para-no-fiscalistas\/\">232. Fiscal para no Fiscalistas.<\/a><\/p><p><a href=\"https:\/\/caficon.info\/index.php\/taller-practico-de-la-determinacion-de-la-ptu-del-ejercicio-2023-2\">233. Taller Pr\u00e1ctico de la Determinaci\u00f3n de la PTU del Ejercicio 2023.<\/a><\/p><p><a href=\"https:\/\/caficon.info\/index.php\/contratos-laborales-liquidaciones-y-finiquitos-al-personal\/\"><span style=\"text-decoration: underline;\">234. Contratos Laborales, Liquidaciones y Finiquitos al Personal.<\/span><\/a><\/p><p><a href=\"https:\/\/caficon.info\/index.php\/devolucion-de-saldos-a-favor-del-iva\">235. Devoluci\u00f3n de Saldos a Favor del IVA<\/a><\/p><p><a href=\"https:\/\/caficon.info\/index.php\/estados-de-flujo-efectivo-2\/\">236. Estados de Flujo Efectivo.<\/a><\/p><p><a href=\"https:\/\/caficon.info\/index.php\/cruce-de-informacion-fiscal-cfdi-contabilidad-electronica-declaraciones-etc\/\">237. Cruce de Informaci\u00f3n Fiscal (CFDI Contabilidad Electr\u00f3nica Declaraciones etc).<\/a><\/p><p><a href=\"https:\/\/caficon.info\/index.php\/taller-de-iva-devolucion-de-saldos-a-favor-y-pagos-de-lo-indebido\">238. Taller de IVA devoluci\u00f3n de saldos a favor y pagos de lo indebido.<\/a><\/p><p><a href=\"https:\/\/caficon.info\/index.php\/estado-de-situacion-financiera-en-excel\">239. Estado de Situaci\u00f3n Financiera en Excel.\u00a0<\/a><\/p><p><a href=\"https:\/\/caficon.info\/index.php\/generalidades-del-estado-de-resultado-integral\">240. Generalidades del Estado de Resultado Integral.<\/a><\/p><p><a href=\"https:\/\/caficon.info\/index.php\/estado-de-cambios-en-el-capital-contable-en-excel\/\">241. Estado de Cambios en el Capital Contable en Excel.<\/a><\/p><p><a href=\"https:\/\/caficon.info\/index.php\/cfdi-carta-porte-transportes-nuevo-formulario\/\">242. CFDI CARTA PORTE (Transportes , Nuevo formulario).<\/a><\/p><p><a href=\"https:\/\/caficon.info\/index.php\/modalidad-10-incorporacion-de-trabajadores-independientes\">243. Modalidad 10 incorporacion de trabajadores independientes.<\/a><\/p><p><a href=\"https:\/\/caficon.com\/index.php\/elaboracion-de-estados-financieros-2023\/\">244. Elaboraci\u00f3n de estados financieros 2023.<\/a><\/p><p><a href=\"https:\/\/caficon.info\/index.php\/articulos-del-cff-que-pueden-aplicar-en-pro-del-contribuyente-2023\/\">245. Analisis del Codigo Fiscal de la Federacion CFF.<\/a><\/p><p><a href=\"https:\/\/caficon.info\/index.php\/pagos-provisionales-resico-2023\/\">246. Pagos Provisionales RESICO 2023.<\/a><\/p><p><a href=\"https:\/\/caficon.info\/index.php\/nifs-aplicables-a-los-estados-financieros\/\">247. NIFS Aplicables a los Estados Financieros.<\/a><\/p><p><a href=\"https:\/\/caficon.info\/index.php\/prevision-social-1ra-parte\/\">248. Prevision Social 1ra Parte.\u00a0<\/a><\/p><p><a href=\"https:\/\/caficon.info\/index.php\/plataformas-digitales-su-regimen-fiscal\/\">249. Plataformas Digitales su Regimen Fiscal.<\/a><\/p><p><a href=\"https:\/\/caficon.info\/index.php\/analizando-la-mejor-forma-de-pensionarse\">250. Analizando la Mejor Forma de Pensionarse.<\/a><\/p><p><a href=\"https:\/\/caficon.info\/index.php\/prevision-social-parte-2da-parte\">251. Prevision Social parte 2da Parte.<\/a><\/p><p><a href=\"https:\/\/caficon.info\/index.php\/analizando-la-mejor-opcion-para-pensionarte-ante-el-imss\/\">252. Analizando la Mejor Opcion para Pensionarte Ante el IMSS.<\/a><\/p><p><a href=\"https:\/\/caficon.info\/index.php\/declaraciones-informativas-icsoe-y-sisub-servicios-especializados-imss-e-infonavit\/\">253. Declaraciones Informativas ICSOE y SISUB, Servicios Especializados IMSS e INFONAVIT.<\/a><\/p><p><a href=\"https:\/\/caficon.info\/index.php\/inteligencia-artificial-en-la-fiscalizacion-del-sat\/\">254. Inteligencia Artificial en la Fiscalizaci\u00f3n del SAT.<\/a><\/p>\t\t\t\t\t\t\t\t<\/div>\n\t\t\t\t<\/div>\n\t\t\t\t\t<\/div>\n\t\t<\/div>\n\t\t\t\t\t<\/div>\n\t\t<\/section>\n\t\t\t\t<\/div>\n\t\t","protected":false},"excerpt":{"rendered":"<p>Enlaces 199. Consideraciones Para el Cierre Contable y Fiscal de Personas Morales. 200. Consideraciones para el Cierre Contable y Fiscal de Personas Morales II. 201. Consideraciones para el Cierre de Personas F\u00edsicas. 202. Conciliaci\u00f3n de INFORMACI\u00d3N FISCAL para evitar Diferencias ante el SAT. 203. \u00daltimas reformas para 2023. 204. Principales Actualizaciones para 2023 y su [&hellip;]<\/p>\n","protected":false},"author":1,"featured_media":0,"parent":0,"menu_order":0,"comment_status":"closed","ping_status":"closed","template":"elementor_header_footer","meta":{"footnotes":""},"class_list":["post-35166","page","type-page","status-publish","hentry"],"_links":{"self":[{"href":"https:\/\/caficon.info\/index.php\/wp-json\/wp\/v2\/pages\/35166","targetHints":{"allow":["GET"]}}],"collection":[{"href":"https:\/\/caficon.info\/index.php\/wp-json\/wp\/v2\/pages"}],"about":[{"href":"https:\/\/caficon.info\/index.php\/wp-json\/wp\/v2\/types\/page"}],"author":[{"embeddable":true,"href":"https:\/\/caficon.info\/index.php\/wp-json\/wp\/v2\/users\/1"}],"replies":[{"embeddable":true,"href":"https:\/\/caficon.info\/index.php\/wp-json\/wp\/v2\/comments?post=35166"}],"version-history":[{"count":10,"href":"https:\/\/caficon.info\/index.php\/wp-json\/wp\/v2\/pages\/35166\/revisions"}],"predecessor-version":[{"id":36958,"href":"https:\/\/caficon.info\/index.php\/wp-json\/wp\/v2\/pages\/35166\/revisions\/36958"}],"wp:attachment":[{"href":"https:\/\/caficon.info\/index.php\/wp-json\/wp\/v2\/media?parent=35166"}],"curies":[{"name":"wp","href":"https:\/\/api.w.org\/{rel}","templated":true}]}}